{"id":3217,"date":"2024-12-09T11:46:12","date_gmt":"2024-12-09T11:46:12","guid":{"rendered":"https:\/\/supportarmsystem.com\/urun\/sas-050-410\/"},"modified":"2024-12-11T18:24:24","modified_gmt":"2024-12-11T18:24:24","slug":"sas-050-410","status":"publish","type":"product","link":"https:\/\/supportarmsystem.com\/pl\/urun\/sas-050-410\/","title":{"rendered":"SAS.050.410"},"content":{"rendered":"\t\t<div data-elementor-type=\"product-post\" data-elementor-id=\"3217\" class=\"elementor elementor-3217 elementor-1461\" data-elementor-post-type=\"product\">\n\t\t\t\t<div class=\"elementor-element elementor-element-413bf13c e-con-full e-flex e-con e-parent\" data-id=\"413bf13c\" data-element_type=\"container\">\n\t\t\t\t<div class=\"elementor-element elementor-element-45251282 elementor-widget elementor-widget-heading\" data-id=\"45251282\" data-element_type=\"widget\" data-widget_type=\"heading.default\">\n\t\t\t\t<div class=\"elementor-widget-container\">\n\t\t\t\t\t<h4 class=\"elementor-heading-title elementor-size-default\">\u015acienny Modu\u0142 Umo\u017cliwiaj\u0105cy Pionowe Wyj\u015bcie 315\u00b0<\/h4>\t\t\t\t<\/div>\n\t\t\t\t<\/div>\n\t\t\t\t<div class=\"elementor-element elementor-element-121bef2f elementor-widget elementor-widget-text-editor\" data-id=\"121bef2f\" data-element_type=\"widget\" data-widget_type=\"text-editor.default\">\n\t\t\t\t<div class=\"elementor-widget-container\">\n\t\t\t\t\t\t\t\t\t<p>SAS050.410 \u015acienny Modu\u0142 Umo\u017cliwiaj\u0105cy Pionowe Wyj\u015bcie 315\u00b0 zosta\u0142 specjalnie zaprojektowany do zastosowa\u0144, w kt\u00f3rych po\u0142\u0105czenie z pod\u0142o\u017cem nie jest mo\u017cliwe, a konieczne jest nawi\u0105zanie po\u0142\u0105czenia na \u015bcianie lub maszynie. Umo\u017cliwia pionowe umiejscowienie ramienia wspornika, odpowiadaj\u0105c na specyficzne ograniczenia przestrzenne. Ten modu\u0142 jest starannie zaprojektowany, aby obs\u0142ugiwa\u0107 konfiguracje o ma\u0142ym obci\u0105\u017ceniu, oferuj\u0105c jednocze\u015bnie imponuj\u0105c\u0105 zdolno\u015b\u0107 obrotu o 315\u00b0.<\/p>\n\t\t\t\t\t\t\t\t<\/div>\n\t\t\t\t<\/div>\n\t\t<div class=\"elementor-element elementor-element-52d7c9a2 e-flex e-con-boxed e-con e-child\" data-id=\"52d7c9a2\" data-element_type=\"container\">\n\t\t\t\t\t<div class=\"e-con-inner\">\n\t\t<div class=\"elementor-element elementor-element-7569411c e-con-full e-flex e-con e-child\" data-id=\"7569411c\" data-element_type=\"container\">\n\t\t<div class=\"elementor-element elementor-element-19e8e439 e-con-full e-flex e-con e-child\" data-id=\"19e8e439\" data-element_type=\"container\" data-settings=\"{&quot;background_background&quot;:&quot;classic&quot;}\">\n\t\t<div class=\"elementor-element elementor-element-91722d2 e-con-full e-flex e-con e-child\" data-id=\"91722d2\" data-element_type=\"container\">\n\t\t\t\t<div class=\"elementor-element elementor-element-47f97310 elementor-widget elementor-widget-heading\" data-id=\"47f97310\" data-element_type=\"widget\" data-widget_type=\"heading.default\">\n\t\t\t\t<div class=\"elementor-widget-container\">\n\t\t\t\t\t<p class=\"elementor-heading-title elementor-size-default\">Kod Produktu<\/p>\t\t\t\t<\/div>\n\t\t\t\t<\/div>\n\t\t\t\t<\/div>\n\t\t<div class=\"elementor-element elementor-element-718cdc41 e-con-full e-flex e-con e-child\" data-id=\"718cdc41\" data-element_type=\"container\">\n\t\t\t\t<div class=\"elementor-element elementor-element-e369a6a elementor-widget elementor-widget-heading\" data-id=\"e369a6a\" data-element_type=\"widget\" data-widget_type=\"heading.default\">\n\t\t\t\t<div class=\"elementor-widget-container\">\n\t\t\t\t\t<p class=\"elementor-heading-title elementor-size-default\">Opis<\/p>\t\t\t\t<\/div>\n\t\t\t\t<\/div>\n\t\t\t\t<\/div>\n\t\t<div class=\"elementor-element elementor-element-6f791f97 e-con-full e-flex e-con e-child\" data-id=\"6f791f97\" data-element_type=\"container\">\n\t\t\t\t<\/div>\n\t\t\t\t<\/div>\n\t\t<div class=\"elementor-element elementor-element-6c9597a5 e-con-full e-flex e-con e-child\" data-id=\"6c9597a5\" data-element_type=\"container\" data-settings=\"{&quot;background_background&quot;:&quot;classic&quot;}\">\n\t\t<div class=\"elementor-element elementor-element-6b20e331 e-con-full e-flex e-con e-child\" data-id=\"6b20e331\" data-element_type=\"container\" data-settings=\"{&quot;background_background&quot;:&quot;classic&quot;}\">\n\t\t\t\t<div class=\"elementor-element elementor-element-2217ce95 elementor-widget elementor-widget-heading\" data-id=\"2217ce95\" data-element_type=\"widget\" data-widget_type=\"heading.default\">\n\t\t\t\t<div class=\"elementor-widget-container\">\n\t\t\t\t\t<p class=\"elementor-heading-title elementor-size-default\">SAS050.410\t<\/p>\t\t\t\t<\/div>\n\t\t\t\t<\/div>\n\t\t\t\t<\/div>\n\t\t<div class=\"elementor-element elementor-element-25b0d990 e-con-full e-flex e-con e-child\" data-id=\"25b0d990\" data-element_type=\"container\" data-settings=\"{&quot;background_background&quot;:&quot;classic&quot;}\">\n\t\t\t\t<div class=\"elementor-element elementor-element-69238bf6 elementor-widget elementor-widget-heading\" data-id=\"69238bf6\" data-element_type=\"widget\" data-widget_type=\"heading.default\">\n\t\t\t\t<div class=\"elementor-widget-container\">\n\t\t\t\t\t<p class=\"elementor-heading-title elementor-size-default\">\u015acienny Modu\u0142 Umo\u017cliwiaj\u0105cy Pionowe Wyj\u015bcie 315\u00b0<\/p>\t\t\t\t<\/div>\n\t\t\t\t<\/div>\n\t\t\t\t<\/div>\n\t\t<div class=\"elementor-element elementor-element-b05f50a e-con-full e-flex e-con e-child\" data-id=\"b05f50a\" data-element_type=\"container\">\n\t\t\t\t<\/div>\n\t\t\t\t<\/div>\n\t\t\t\t<\/div>\n\t\t<div class=\"elementor-element elementor-element-785fab31 e-con-full e-flex e-con e-child\" data-id=\"785fab31\" data-element_type=\"container\">\n\t\t<div class=\"elementor-element elementor-element-9610be e-con-full e-flex e-con e-child\" data-id=\"9610be\" data-element_type=\"container\" data-settings=\"{&quot;background_background&quot;:&quot;classic&quot;}\">\n\t\t<div class=\"elementor-element elementor-element-7296b7b2 e-con-full e-flex e-con e-child\" data-id=\"7296b7b2\" data-element_type=\"container\">\n\t\t\t\t<div class=\"elementor-element elementor-element-3be76a3b elementor-widget elementor-widget-heading\" data-id=\"3be76a3b\" data-element_type=\"widget\" data-widget_type=\"heading.default\">\n\t\t\t\t<div class=\"elementor-widget-container\">\n\t\t\t\t\t<p class=\"elementor-heading-title elementor-size-default\">Waga(gr)<\/p>\t\t\t\t<\/div>\n\t\t\t\t<\/div>\n\t\t\t\t<\/div>\n\t\t<div class=\"elementor-element elementor-element-3fb8ad64 e-con-full e-flex e-con e-child\" data-id=\"3fb8ad64\" data-element_type=\"container\">\n\t\t\t\t<div class=\"elementor-element elementor-element-2e050233 elementor-widget elementor-widget-heading\" data-id=\"2e050233\" data-element_type=\"widget\" data-widget_type=\"heading.default\">\n\t\t\t\t<div class=\"elementor-widget-container\">\n\t\t\t\t\t<p class=\"elementor-heading-title elementor-size-default\">Kod RAL<\/p>\t\t\t\t<\/div>\n\t\t\t\t<\/div>\n\t\t\t\t<\/div>\n\t\t<div class=\"elementor-element elementor-element-4f071322 e-con-full e-flex e-con e-child\" data-id=\"4f071322\" data-element_type=\"container\">\n\t\t\t\t<div class=\"elementor-element elementor-element-61e888f8 elementor-widget elementor-widget-heading\" data-id=\"61e888f8\" data-element_type=\"widget\" data-widget_type=\"heading.default\">\n\t\t\t\t<div class=\"elementor-widget-container\">\n\t\t\t\t\t<p class=\"elementor-heading-title elementor-size-default\">Wymiary Opakowania<\/p>\t\t\t\t<\/div>\n\t\t\t\t<\/div>\n\t\t\t\t<\/div>\n\t\t\t\t<\/div>\n\t\t<div class=\"elementor-element elementor-element-350cb758 e-con-full e-flex e-con e-child\" data-id=\"350cb758\" data-element_type=\"container\" data-settings=\"{&quot;background_background&quot;:&quot;classic&quot;}\">\n\t\t<div class=\"elementor-element elementor-element-67642a33 e-con-full e-flex e-con e-child\" data-id=\"67642a33\" data-element_type=\"container\" data-settings=\"{&quot;background_background&quot;:&quot;classic&quot;}\">\n\t\t\t\t<div class=\"elementor-element elementor-element-762b4467 elementor-widget elementor-widget-heading\" data-id=\"762b4467\" data-element_type=\"widget\" data-widget_type=\"heading.default\">\n\t\t\t\t<div class=\"elementor-widget-container\">\n\t\t\t\t\t<p class=\"elementor-heading-title elementor-size-default\">1890<\/p>\t\t\t\t<\/div>\n\t\t\t\t<\/div>\n\t\t\t\t<\/div>\n\t\t<div class=\"elementor-element elementor-element-6f879a3a e-con-full e-flex e-con e-child\" data-id=\"6f879a3a\" data-element_type=\"container\" data-settings=\"{&quot;background_background&quot;:&quot;classic&quot;}\">\n\t\t\t\t<div class=\"elementor-element elementor-element-5a7d8df8 elementor-widget elementor-widget-heading\" data-id=\"5a7d8df8\" data-element_type=\"widget\" data-widget_type=\"heading.default\">\n\t\t\t\t<div class=\"elementor-widget-container\">\n\t\t\t\t\t<p class=\"elementor-heading-title elementor-size-default\">7035<\/p>\t\t\t\t<\/div>\n\t\t\t\t<\/div>\n\t\t\t\t<\/div>\n\t\t<div class=\"elementor-element elementor-element-552e3a53 e-con-full e-flex e-con e-child\" data-id=\"552e3a53\" data-element_type=\"container\">\n\t\t\t\t<div class=\"elementor-element elementor-element-3428acb1 elementor-widget elementor-widget-heading\" data-id=\"3428acb1\" data-element_type=\"widget\" data-widget_type=\"heading.default\">\n\t\t\t\t<div class=\"elementor-widget-container\">\n\t\t\t\t\t<p class=\"elementor-heading-title elementor-size-default\">140x120x180<\/p>\t\t\t\t<\/div>\n\t\t\t\t<\/div>\n\t\t\t\t<\/div>\n\t\t\t\t<\/div>\n\t\t\t\t<\/div>\n\t\t\t\t\t<\/div>\n\t\t\t\t<\/div>\n\t\t\t\t<\/div>\n\t\t\t\t<\/div>\n\t\t","protected":false},"excerpt":{"rendered":"<p>\u015acienny Modu\u0142 Umo\u017cliwiaj\u0105cy Pionowe Wyj\u015bcie 315\u00b0 SAS050.410 \u015acienny Modu\u0142 Umo\u017cliwiaj\u0105cy Pionowe Wyj\u015bcie 315\u00b0 zosta\u0142 specjalnie zaprojektowany do zastosowa\u0144, w kt\u00f3rych po\u0142\u0105czenie z pod\u0142o\u017cem nie jest mo\u017cliwe, a konieczne jest nawi\u0105zanie po\u0142\u0105czenia na \u015bcianie lub maszynie. Umo\u017cliwia pionowe umiejscowienie ramienia wspornika, odpowiadaj\u0105c na specyficzne ograniczenia przestrzenne. Ten modu\u0142 jest starannie zaprojektowany, aby obs\u0142ugiwa\u0107 konfiguracje o ma\u0142ym [&hellip;]<\/p>\n","protected":false},"featured_media":1467,"template":"","meta":[],"product_brand":[],"product_cat":[100,108],"product_tag":[],"class_list":{"0":"post-3217","1":"product","2":"type-product","3":"status-publish","4":"has-post-thumbnail","6":"product_cat-sas-130-systemy-ramienia-nosnego","7":"product_cat-systemy-ramienia-nosnego","9":"first","10":"instock","11":"shipping-taxable","12":"product-type-simple"},"_links":{"self":[{"href":"https:\/\/supportarmsystem.com\/pl\/wp-json\/wp\/v2\/product\/3217","targetHints":{"allow":["GET"]}}],"collection":[{"href":"https:\/\/supportarmsystem.com\/pl\/wp-json\/wp\/v2\/product"}],"about":[{"href":"https:\/\/supportarmsystem.com\/pl\/wp-json\/wp\/v2\/types\/product"}],"version-history":[{"count":1,"href":"https:\/\/supportarmsystem.com\/pl\/wp-json\/wp\/v2\/product\/3217\/revisions"}],"predecessor-version":[{"id":3218,"href":"https:\/\/supportarmsystem.com\/pl\/wp-json\/wp\/v2\/product\/3217\/revisions\/3218"}],"wp:featuredmedia":[{"embeddable":true,"href":"https:\/\/supportarmsystem.com\/pl\/wp-json\/wp\/v2\/media\/1467"}],"wp:attachment":[{"href":"https:\/\/supportarmsystem.com\/pl\/wp-json\/wp\/v2\/media?parent=3217"}],"wp:term":[{"taxonomy":"product_brand","embeddable":true,"href":"https:\/\/supportarmsystem.com\/pl\/wp-json\/wp\/v2\/product_brand?post=3217"},{"taxonomy":"product_cat","embeddable":true,"href":"https:\/\/supportarmsystem.com\/pl\/wp-json\/wp\/v2\/product_cat?post=3217"},{"taxonomy":"product_tag","embeddable":true,"href":"https:\/\/supportarmsystem.com\/pl\/wp-json\/wp\/v2\/product_tag?post=3217"}],"curies":[{"name":"wp","href":"https:\/\/api.w.org\/{rel}","templated":true}]}}