{"id":3193,"date":"2024-12-09T12:52:17","date_gmt":"2024-12-09T12:52:17","guid":{"rendered":"https:\/\/supportarmsystem.com\/urun\/sas-130-075\/"},"modified":"2024-12-11T18:21:03","modified_gmt":"2024-12-11T18:21:03","slug":"sas-130-075","status":"publish","type":"product","link":"https:\/\/supportarmsystem.com\/pl\/urun\/sas-130-075\/","title":{"rendered":"SAS.130.075"},"content":{"rendered":"\t\t<div data-elementor-type=\"product-post\" data-elementor-id=\"3193\" class=\"elementor elementor-3193 elementor-1666\" data-elementor-post-type=\"product\">\n\t\t\t\t<div class=\"elementor-element elementor-element-67226a33 e-con-full e-flex e-con e-parent\" data-id=\"67226a33\" data-element_type=\"container\">\n\t\t\t\t<div class=\"elementor-element elementor-element-e8a93ba elementor-widget elementor-widget-heading\" data-id=\"e8a93ba\" data-element_type=\"widget\" data-widget_type=\"heading.default\">\n\t\t\t\t<div class=\"elementor-widget-container\">\n\t\t\t\t\t<h4 class=\"elementor-heading-title elementor-size-default\">SAS130 PROF\u0130L-750 MM<\/h4>\t\t\t\t<\/div>\n\t\t\t\t<\/div>\n\t\t\t\t<div class=\"elementor-element elementor-element-21b80eb2 elementor-widget elementor-widget-text-editor\" data-id=\"21b80eb2\" data-element_type=\"widget\" data-widget_type=\"text-editor.default\">\n\t\t\t\t<div class=\"elementor-widget-container\">\n\t\t\t\t\t\t\t\t\t<p>System wspornik\u00f3w SAS130 zosta\u0142 starannie zaprojektowany, aby zapewni\u0107 solidne wsparcie dla paneli steruj\u0105cych o znacznej wadze i du\u017cych wymiarach. Ich trwa\u0142a struktura sprawia, \u017ce s\u0105 idealne do zastosowa\u0144 z d\u0142ugimi ramionami. Co wi\u0119cej, zewn\u0119trzna forma tych uchwyt\u00f3w emanuje eleganck\u0105 i nowoczesn\u0105 estetyk\u0105, doskonale uzupe\u0142niaj\u0105c inne modu\u0142y, z kt\u00f3rymi wsp\u00f3\u0142pracuj\u0105. Oferuj\u0105c modu\u0142owe rozwi\u0105zanie w po\u0142\u0105czeniu z nowoczesnym designem, seria SAS130 zapewnia szeroki zakres opcji konfiguracji w r\u00f3\u017cnych seriach. Z d\u0142ugo\u015bci\u0105 profilu wynosz\u0105c\u0105 1 metr, te uchwyty maj\u0105 no\u015bno\u015b\u0107 wynosz\u0105c\u0105 130 kg. Standardow\u0105 opcj\u0105 kolorystyczn\u0105 jest RAL 7035, a ich w\u0142a\u015bciwo\u015bci uszczelniaj\u0105ce zapewniaj\u0105 optymaln\u0105 wydajno\u015b\u0107.<\/p>\n\t\t\t\t\t\t\t\t<\/div>\n\t\t\t\t<\/div>\n\t\t<div class=\"elementor-element elementor-element-2bd6074d e-flex e-con-boxed e-con e-child\" data-id=\"2bd6074d\" data-element_type=\"container\">\n\t\t\t\t\t<div class=\"e-con-inner\">\n\t\t<div class=\"elementor-element elementor-element-308e5836 e-con-full e-flex e-con e-child\" data-id=\"308e5836\" data-element_type=\"container\">\n\t\t<div class=\"elementor-element elementor-element-788a33a5 e-con-full e-flex e-con e-child\" data-id=\"788a33a5\" data-element_type=\"container\" data-settings=\"{&quot;background_background&quot;:&quot;classic&quot;}\">\n\t\t<div class=\"elementor-element elementor-element-60b72b9c e-con-full e-flex e-con e-child\" data-id=\"60b72b9c\" data-element_type=\"container\">\n\t\t\t\t<div class=\"elementor-element elementor-element-7f6d8aa8 elementor-widget elementor-widget-heading\" data-id=\"7f6d8aa8\" data-element_type=\"widget\" data-widget_type=\"heading.default\">\n\t\t\t\t<div class=\"elementor-widget-container\">\n\t\t\t\t\t<p class=\"elementor-heading-title elementor-size-default\">Kod Produktu<\/p>\t\t\t\t<\/div>\n\t\t\t\t<\/div>\n\t\t\t\t<\/div>\n\t\t<div class=\"elementor-element elementor-element-17ada015 e-con-full e-flex e-con e-child\" data-id=\"17ada015\" data-element_type=\"container\">\n\t\t\t\t<div class=\"elementor-element elementor-element-715905f0 elementor-widget elementor-widget-heading\" data-id=\"715905f0\" data-element_type=\"widget\" data-widget_type=\"heading.default\">\n\t\t\t\t<div class=\"elementor-widget-container\">\n\t\t\t\t\t<p class=\"elementor-heading-title elementor-size-default\">Opis<\/p>\t\t\t\t<\/div>\n\t\t\t\t<\/div>\n\t\t\t\t<\/div>\n\t\t<div class=\"elementor-element elementor-element-1585f20e e-con-full e-flex e-con e-child\" data-id=\"1585f20e\" data-element_type=\"container\">\n\t\t\t\t<div class=\"elementor-element elementor-element-340634e1 elementor-widget elementor-widget-heading\" data-id=\"340634e1\" data-element_type=\"widget\" data-widget_type=\"heading.default\">\n\t\t\t\t<div class=\"elementor-widget-container\">\n\t\t\t\t\t<p class=\"elementor-heading-title elementor-size-default\">D\u0142ugo\u015b\u0107(mm)\t<\/p>\t\t\t\t<\/div>\n\t\t\t\t<\/div>\n\t\t\t\t<\/div>\n\t\t\t\t<\/div>\n\t\t<div class=\"elementor-element elementor-element-213e7731 e-con-full e-flex e-con e-child\" data-id=\"213e7731\" data-element_type=\"container\" data-settings=\"{&quot;background_background&quot;:&quot;classic&quot;}\">\n\t\t<div class=\"elementor-element elementor-element-1b569b50 e-con-full e-flex e-con e-child\" data-id=\"1b569b50\" data-element_type=\"container\" data-settings=\"{&quot;background_background&quot;:&quot;classic&quot;}\">\n\t\t\t\t<div class=\"elementor-element elementor-element-4012d539 elementor-widget elementor-widget-heading\" data-id=\"4012d539\" data-element_type=\"widget\" data-widget_type=\"heading.default\">\n\t\t\t\t<div class=\"elementor-widget-container\">\n\t\t\t\t\t<p class=\"elementor-heading-title elementor-size-default\">SAS.130.075<\/p>\t\t\t\t<\/div>\n\t\t\t\t<\/div>\n\t\t\t\t<\/div>\n\t\t<div class=\"elementor-element elementor-element-4a98519b e-con-full e-flex e-con e-child\" data-id=\"4a98519b\" data-element_type=\"container\" data-settings=\"{&quot;background_background&quot;:&quot;classic&quot;}\">\n\t\t\t\t<div class=\"elementor-element elementor-element-4e3a8153 elementor-widget elementor-widget-heading\" data-id=\"4e3a8153\" data-element_type=\"widget\" data-widget_type=\"heading.default\">\n\t\t\t\t<div class=\"elementor-widget-container\">\n\t\t\t\t\t<p class=\"elementor-heading-title elementor-size-default\">130 Profil Ramienia Wspornika 750 mm\t<\/p>\t\t\t\t<\/div>\n\t\t\t\t<\/div>\n\t\t\t\t<\/div>\n\t\t<div class=\"elementor-element elementor-element-1e946357 e-con-full e-flex e-con e-child\" data-id=\"1e946357\" data-element_type=\"container\">\n\t\t\t\t<div class=\"elementor-element elementor-element-c1660f elementor-widget elementor-widget-heading\" data-id=\"c1660f\" data-element_type=\"widget\" data-widget_type=\"heading.default\">\n\t\t\t\t<div class=\"elementor-widget-container\">\n\t\t\t\t\t<p class=\"elementor-heading-title elementor-size-default\">750<\/p>\t\t\t\t<\/div>\n\t\t\t\t<\/div>\n\t\t\t\t<\/div>\n\t\t\t\t<\/div>\n\t\t\t\t<\/div>\n\t\t<div class=\"elementor-element elementor-element-8341035 e-con-full e-flex e-con e-child\" data-id=\"8341035\" data-element_type=\"container\">\n\t\t<div class=\"elementor-element elementor-element-62475ef5 e-con-full e-flex e-con e-child\" data-id=\"62475ef5\" data-element_type=\"container\" data-settings=\"{&quot;background_background&quot;:&quot;classic&quot;}\">\n\t\t<div class=\"elementor-element elementor-element-16da09e5 e-con-full e-flex e-con e-child\" data-id=\"16da09e5\" data-element_type=\"container\">\n\t\t\t\t<div class=\"elementor-element elementor-element-44e05061 elementor-widget elementor-widget-heading\" data-id=\"44e05061\" data-element_type=\"widget\" data-widget_type=\"heading.default\">\n\t\t\t\t<div class=\"elementor-widget-container\">\n\t\t\t\t\t<p class=\"elementor-heading-title elementor-size-default\">Waga(gr)<\/p>\t\t\t\t<\/div>\n\t\t\t\t<\/div>\n\t\t\t\t<\/div>\n\t\t<div class=\"elementor-element elementor-element-72c7bb6b e-con-full e-flex e-con e-child\" data-id=\"72c7bb6b\" data-element_type=\"container\">\n\t\t\t\t<div class=\"elementor-element elementor-element-4ae6de13 elementor-widget elementor-widget-heading\" data-id=\"4ae6de13\" data-element_type=\"widget\" data-widget_type=\"heading.default\">\n\t\t\t\t<div class=\"elementor-widget-container\">\n\t\t\t\t\t<p class=\"elementor-heading-title elementor-size-default\">Kod RAL<\/p>\t\t\t\t<\/div>\n\t\t\t\t<\/div>\n\t\t\t\t<\/div>\n\t\t<div class=\"elementor-element elementor-element-494cbe6b e-con-full e-flex e-con e-child\" data-id=\"494cbe6b\" data-element_type=\"container\">\n\t\t\t\t<div class=\"elementor-element elementor-element-3983d99a elementor-widget elementor-widget-heading\" data-id=\"3983d99a\" data-element_type=\"widget\" data-widget_type=\"heading.default\">\n\t\t\t\t<div class=\"elementor-widget-container\">\n\t\t\t\t\t<p class=\"elementor-heading-title elementor-size-default\">Wymiary Opakowania<\/p>\t\t\t\t<\/div>\n\t\t\t\t<\/div>\n\t\t\t\t<\/div>\n\t\t\t\t<\/div>\n\t\t<div class=\"elementor-element elementor-element-1f9d337d e-con-full e-flex e-con e-child\" data-id=\"1f9d337d\" data-element_type=\"container\" data-settings=\"{&quot;background_background&quot;:&quot;classic&quot;}\">\n\t\t<div class=\"elementor-element elementor-element-57b7f14e e-con-full e-flex e-con e-child\" data-id=\"57b7f14e\" data-element_type=\"container\" data-settings=\"{&quot;background_background&quot;:&quot;classic&quot;}\">\n\t\t\t\t<div class=\"elementor-element elementor-element-2b1a2e22 elementor-widget elementor-widget-heading\" data-id=\"2b1a2e22\" data-element_type=\"widget\" data-widget_type=\"heading.default\">\n\t\t\t\t<div class=\"elementor-widget-container\">\n\t\t\t\t\t<p class=\"elementor-heading-title elementor-size-default\">4500\t<\/p>\t\t\t\t<\/div>\n\t\t\t\t<\/div>\n\t\t\t\t<\/div>\n\t\t<div class=\"elementor-element elementor-element-139c6162 e-con-full e-flex e-con e-child\" data-id=\"139c6162\" data-element_type=\"container\" data-settings=\"{&quot;background_background&quot;:&quot;classic&quot;}\">\n\t\t\t\t<div class=\"elementor-element elementor-element-601438be elementor-widget elementor-widget-heading\" data-id=\"601438be\" data-element_type=\"widget\" data-widget_type=\"heading.default\">\n\t\t\t\t<div class=\"elementor-widget-container\">\n\t\t\t\t\t<p class=\"elementor-heading-title elementor-size-default\">7035<\/p>\t\t\t\t<\/div>\n\t\t\t\t<\/div>\n\t\t\t\t<\/div>\n\t\t<div class=\"elementor-element elementor-element-2bea07cf e-con-full e-flex e-con e-child\" data-id=\"2bea07cf\" data-element_type=\"container\">\n\t\t\t\t<div class=\"elementor-element elementor-element-5d7464fe elementor-widget elementor-widget-heading\" data-id=\"5d7464fe\" data-element_type=\"widget\" data-widget_type=\"heading.default\">\n\t\t\t\t<div class=\"elementor-widget-container\">\n\t\t\t\t\t<p class=\"elementor-heading-title elementor-size-default\">90x130x770<\/p>\t\t\t\t<\/div>\n\t\t\t\t<\/div>\n\t\t\t\t<\/div>\n\t\t\t\t<\/div>\n\t\t\t\t<\/div>\n\t\t\t\t\t<\/div>\n\t\t\t\t<\/div>\n\t\t\t\t<\/div>\n\t\t\t\t<\/div>\n\t\t","protected":false},"excerpt":{"rendered":"<p>SAS130 PROF\u0130L-750 MM System wspornik\u00f3w SAS130 zosta\u0142 starannie zaprojektowany, aby zapewni\u0107 solidne wsparcie dla paneli steruj\u0105cych o znacznej wadze i du\u017cych wymiarach. Ich trwa\u0142a struktura sprawia, \u017ce s\u0105 idealne do zastosowa\u0144 z d\u0142ugimi ramionami. Co wi\u0119cej, zewn\u0119trzna forma tych uchwyt\u00f3w emanuje eleganck\u0105 i nowoczesn\u0105 estetyk\u0105, doskonale uzupe\u0142niaj\u0105c inne modu\u0142y, z kt\u00f3rymi wsp\u00f3\u0142pracuj\u0105. Oferuj\u0105c modu\u0142owe rozwi\u0105zanie [&hellip;]<\/p>\n","protected":false},"featured_media":1652,"template":"","meta":[],"product_brand":[],"product_cat":[77,100],"product_tag":[],"class_list":{"0":"post-3193","1":"product","2":"type-product","3":"status-publish","4":"has-post-thumbnail","6":"product_cat-sas-130-pl","7":"product_cat-sas-130-systemy-ramienia-nosnego","9":"first","10":"instock","11":"shipping-taxable","12":"product-type-simple"},"_links":{"self":[{"href":"https:\/\/supportarmsystem.com\/pl\/wp-json\/wp\/v2\/product\/3193","targetHints":{"allow":["GET"]}}],"collection":[{"href":"https:\/\/supportarmsystem.com\/pl\/wp-json\/wp\/v2\/product"}],"about":[{"href":"https:\/\/supportarmsystem.com\/pl\/wp-json\/wp\/v2\/types\/product"}],"version-history":[{"count":1,"href":"https:\/\/supportarmsystem.com\/pl\/wp-json\/wp\/v2\/product\/3193\/revisions"}],"predecessor-version":[{"id":3194,"href":"https:\/\/supportarmsystem.com\/pl\/wp-json\/wp\/v2\/product\/3193\/revisions\/3194"}],"wp:featuredmedia":[{"embeddable":true,"href":"https:\/\/supportarmsystem.com\/pl\/wp-json\/wp\/v2\/media\/1652"}],"wp:attachment":[{"href":"https:\/\/supportarmsystem.com\/pl\/wp-json\/wp\/v2\/media?parent=3193"}],"wp:term":[{"taxonomy":"product_brand","embeddable":true,"href":"https:\/\/supportarmsystem.com\/pl\/wp-json\/wp\/v2\/product_brand?post=3193"},{"taxonomy":"product_cat","embeddable":true,"href":"https:\/\/supportarmsystem.com\/pl\/wp-json\/wp\/v2\/product_cat?post=3193"},{"taxonomy":"product_tag","embeddable":true,"href":"https:\/\/supportarmsystem.com\/pl\/wp-json\/wp\/v2\/product_tag?post=3193"}],"curies":[{"name":"wp","href":"https:\/\/api.w.org\/{rel}","templated":true}]}}