{"id":3183,"date":"2024-12-09T12:58:41","date_gmt":"2024-12-09T12:58:41","guid":{"rendered":"https:\/\/supportarmsystem.com\/urun\/sas-130-175\/"},"modified":"2024-12-11T18:20:33","modified_gmt":"2024-12-11T18:20:33","slug":"sas-130-175","status":"publish","type":"product","link":"https:\/\/supportarmsystem.com\/pl\/urun\/sas-130-175\/","title":{"rendered":"SAS.130.175"},"content":{"rendered":"\t\t<div data-elementor-type=\"product-post\" data-elementor-id=\"3183\" class=\"elementor elementor-3183 elementor-1690\" data-elementor-post-type=\"product\">\n\t\t\t\t<div class=\"elementor-element elementor-element-31b3cc4c e-con-full e-flex e-con e-parent\" data-id=\"31b3cc4c\" data-element_type=\"container\">\n\t\t\t\t<div class=\"elementor-element elementor-element-4e3dcbf6 elementor-widget elementor-widget-heading\" data-id=\"4e3dcbf6\" data-element_type=\"widget\" data-widget_type=\"heading.default\">\n\t\t\t\t<div class=\"elementor-widget-container\">\n\t\t\t\t\t<h4 class=\"elementor-heading-title elementor-size-default\">SAS130 PROF\u0130L-1750 MM<\/h4>\t\t\t\t<\/div>\n\t\t\t\t<\/div>\n\t\t\t\t<div class=\"elementor-element elementor-element-3cd2d62f elementor-widget elementor-widget-text-editor\" data-id=\"3cd2d62f\" data-element_type=\"widget\" data-widget_type=\"text-editor.default\">\n\t\t\t\t<div class=\"elementor-widget-container\">\n\t\t\t\t\t\t\t\t\t<p>System wspornik\u00f3w SAS130 zosta\u0142 starannie zaprojektowany, aby zapewni\u0107 solidne wsparcie dla paneli steruj\u0105cych o znacznej wadze i du\u017cych wymiarach. Ich trwa\u0142a struktura sprawia, \u017ce s\u0105 idealne do zastosowa\u0144 z d\u0142ugimi ramionami. Co wi\u0119cej, zewn\u0119trzna forma tych uchwyt\u00f3w emanuje eleganck\u0105 i nowoczesn\u0105 estetyk\u0105, doskonale uzupe\u0142niaj\u0105c inne modu\u0142y, z kt\u00f3rymi wsp\u00f3\u0142pracuj\u0105. Oferuj\u0105c modu\u0142owe rozwi\u0105zanie w po\u0142\u0105czeniu z nowoczesnym designem, seria SAS130 zapewnia szeroki zakres opcji konfiguracji w r\u00f3\u017cnych seriach. Z d\u0142ugo\u015bci\u0105 profilu wynosz\u0105c\u0105 1 metr, te uchwyty maj\u0105 no\u015bno\u015b\u0107 wynosz\u0105c\u0105 130 kg. Standardow\u0105 opcj\u0105 kolorystyczn\u0105 jest RAL 7035, a ich w\u0142a\u015bciwo\u015bci uszczelniaj\u0105ce zapewniaj\u0105 optymaln\u0105 wydajno\u015b\u0107.<\/p>\n\t\t\t\t\t\t\t\t<\/div>\n\t\t\t\t<\/div>\n\t\t<div class=\"elementor-element elementor-element-2685d82a e-flex e-con-boxed e-con e-child\" data-id=\"2685d82a\" data-element_type=\"container\">\n\t\t\t\t\t<div class=\"e-con-inner\">\n\t\t<div class=\"elementor-element elementor-element-206fbd1d e-con-full e-flex e-con e-child\" data-id=\"206fbd1d\" data-element_type=\"container\">\n\t\t<div class=\"elementor-element elementor-element-7f70be1e e-con-full e-flex e-con e-child\" data-id=\"7f70be1e\" data-element_type=\"container\" data-settings=\"{&quot;background_background&quot;:&quot;classic&quot;}\">\n\t\t<div class=\"elementor-element elementor-element-67cca533 e-con-full e-flex e-con e-child\" data-id=\"67cca533\" data-element_type=\"container\">\n\t\t\t\t<div class=\"elementor-element elementor-element-51b9e167 elementor-widget elementor-widget-heading\" data-id=\"51b9e167\" data-element_type=\"widget\" data-widget_type=\"heading.default\">\n\t\t\t\t<div class=\"elementor-widget-container\">\n\t\t\t\t\t<p class=\"elementor-heading-title elementor-size-default\">Kod Produktu<\/p>\t\t\t\t<\/div>\n\t\t\t\t<\/div>\n\t\t\t\t<\/div>\n\t\t<div class=\"elementor-element elementor-element-74151b77 e-con-full e-flex e-con e-child\" data-id=\"74151b77\" data-element_type=\"container\">\n\t\t\t\t<div class=\"elementor-element elementor-element-7b6453a0 elementor-widget elementor-widget-heading\" data-id=\"7b6453a0\" data-element_type=\"widget\" data-widget_type=\"heading.default\">\n\t\t\t\t<div class=\"elementor-widget-container\">\n\t\t\t\t\t<p class=\"elementor-heading-title elementor-size-default\">Opis<\/p>\t\t\t\t<\/div>\n\t\t\t\t<\/div>\n\t\t\t\t<\/div>\n\t\t<div class=\"elementor-element elementor-element-9927f97 e-con-full e-flex e-con e-child\" data-id=\"9927f97\" data-element_type=\"container\">\n\t\t\t\t<div class=\"elementor-element elementor-element-4f02a7be elementor-widget elementor-widget-heading\" data-id=\"4f02a7be\" data-element_type=\"widget\" data-widget_type=\"heading.default\">\n\t\t\t\t<div class=\"elementor-widget-container\">\n\t\t\t\t\t<p class=\"elementor-heading-title elementor-size-default\">D\u0142ugo\u015b\u0107(mm)\t<\/p>\t\t\t\t<\/div>\n\t\t\t\t<\/div>\n\t\t\t\t<\/div>\n\t\t\t\t<\/div>\n\t\t<div class=\"elementor-element elementor-element-79a4572b e-con-full e-flex e-con e-child\" data-id=\"79a4572b\" data-element_type=\"container\" data-settings=\"{&quot;background_background&quot;:&quot;classic&quot;}\">\n\t\t<div class=\"elementor-element elementor-element-7a5bf3f6 e-con-full e-flex e-con e-child\" data-id=\"7a5bf3f6\" data-element_type=\"container\" data-settings=\"{&quot;background_background&quot;:&quot;classic&quot;}\">\n\t\t\t\t<div class=\"elementor-element elementor-element-6d48f68 elementor-widget elementor-widget-heading\" data-id=\"6d48f68\" data-element_type=\"widget\" data-widget_type=\"heading.default\">\n\t\t\t\t<div class=\"elementor-widget-container\">\n\t\t\t\t\t<p class=\"elementor-heading-title elementor-size-default\">SAS.130.175<\/p>\t\t\t\t<\/div>\n\t\t\t\t<\/div>\n\t\t\t\t<\/div>\n\t\t<div class=\"elementor-element elementor-element-2a2a3d9 e-con-full e-flex e-con e-child\" data-id=\"2a2a3d9\" data-element_type=\"container\" data-settings=\"{&quot;background_background&quot;:&quot;classic&quot;}\">\n\t\t\t\t<div class=\"elementor-element elementor-element-18d967ca elementor-widget elementor-widget-heading\" data-id=\"18d967ca\" data-element_type=\"widget\" data-widget_type=\"heading.default\">\n\t\t\t\t<div class=\"elementor-widget-container\">\n\t\t\t\t\t<p class=\"elementor-heading-title elementor-size-default\">130 Profil Ramienia Wspornika 1750 mm\t<\/p>\t\t\t\t<\/div>\n\t\t\t\t<\/div>\n\t\t\t\t<\/div>\n\t\t<div class=\"elementor-element elementor-element-564926b8 e-con-full e-flex e-con e-child\" data-id=\"564926b8\" data-element_type=\"container\">\n\t\t\t\t<div class=\"elementor-element elementor-element-2306b3ba elementor-widget elementor-widget-heading\" data-id=\"2306b3ba\" data-element_type=\"widget\" data-widget_type=\"heading.default\">\n\t\t\t\t<div class=\"elementor-widget-container\">\n\t\t\t\t\t<p class=\"elementor-heading-title elementor-size-default\">1750\t<\/p>\t\t\t\t<\/div>\n\t\t\t\t<\/div>\n\t\t\t\t<\/div>\n\t\t\t\t<\/div>\n\t\t\t\t<\/div>\n\t\t<div class=\"elementor-element elementor-element-4cd1e281 e-con-full e-flex e-con e-child\" data-id=\"4cd1e281\" data-element_type=\"container\">\n\t\t<div class=\"elementor-element elementor-element-4865a402 e-con-full e-flex e-con e-child\" data-id=\"4865a402\" data-element_type=\"container\" data-settings=\"{&quot;background_background&quot;:&quot;classic&quot;}\">\n\t\t<div class=\"elementor-element elementor-element-1cfbd0e9 e-con-full e-flex e-con e-child\" data-id=\"1cfbd0e9\" data-element_type=\"container\">\n\t\t\t\t<div class=\"elementor-element elementor-element-21eb112c elementor-widget elementor-widget-heading\" data-id=\"21eb112c\" data-element_type=\"widget\" data-widget_type=\"heading.default\">\n\t\t\t\t<div class=\"elementor-widget-container\">\n\t\t\t\t\t<p class=\"elementor-heading-title elementor-size-default\">Waga(gr)<\/p>\t\t\t\t<\/div>\n\t\t\t\t<\/div>\n\t\t\t\t<\/div>\n\t\t<div class=\"elementor-element elementor-element-58c4dabf e-con-full e-flex e-con e-child\" data-id=\"58c4dabf\" data-element_type=\"container\">\n\t\t\t\t<div class=\"elementor-element elementor-element-7d92f887 elementor-widget elementor-widget-heading\" data-id=\"7d92f887\" data-element_type=\"widget\" data-widget_type=\"heading.default\">\n\t\t\t\t<div class=\"elementor-widget-container\">\n\t\t\t\t\t<p class=\"elementor-heading-title elementor-size-default\">Kod RAL<\/p>\t\t\t\t<\/div>\n\t\t\t\t<\/div>\n\t\t\t\t<\/div>\n\t\t<div class=\"elementor-element elementor-element-a324bf0 e-con-full e-flex e-con e-child\" data-id=\"a324bf0\" data-element_type=\"container\">\n\t\t\t\t<div class=\"elementor-element elementor-element-22578e5a elementor-widget elementor-widget-heading\" data-id=\"22578e5a\" data-element_type=\"widget\" data-widget_type=\"heading.default\">\n\t\t\t\t<div class=\"elementor-widget-container\">\n\t\t\t\t\t<p class=\"elementor-heading-title elementor-size-default\">Wymiary Opakowania<\/p>\t\t\t\t<\/div>\n\t\t\t\t<\/div>\n\t\t\t\t<\/div>\n\t\t\t\t<\/div>\n\t\t<div class=\"elementor-element elementor-element-6769079e e-con-full e-flex e-con e-child\" data-id=\"6769079e\" data-element_type=\"container\" data-settings=\"{&quot;background_background&quot;:&quot;classic&quot;}\">\n\t\t<div class=\"elementor-element elementor-element-105b1836 e-con-full e-flex e-con e-child\" data-id=\"105b1836\" data-element_type=\"container\" data-settings=\"{&quot;background_background&quot;:&quot;classic&quot;}\">\n\t\t\t\t<div class=\"elementor-element elementor-element-6bb535e2 elementor-widget elementor-widget-heading\" data-id=\"6bb535e2\" data-element_type=\"widget\" data-widget_type=\"heading.default\">\n\t\t\t\t<div class=\"elementor-widget-container\">\n\t\t\t\t\t<p class=\"elementor-heading-title elementor-size-default\">10500<\/p>\t\t\t\t<\/div>\n\t\t\t\t<\/div>\n\t\t\t\t<\/div>\n\t\t<div class=\"elementor-element elementor-element-29b7773b e-con-full e-flex e-con e-child\" data-id=\"29b7773b\" data-element_type=\"container\" data-settings=\"{&quot;background_background&quot;:&quot;classic&quot;}\">\n\t\t\t\t<div class=\"elementor-element elementor-element-57b73f30 elementor-widget elementor-widget-heading\" data-id=\"57b73f30\" data-element_type=\"widget\" data-widget_type=\"heading.default\">\n\t\t\t\t<div class=\"elementor-widget-container\">\n\t\t\t\t\t<p class=\"elementor-heading-title elementor-size-default\">7035<\/p>\t\t\t\t<\/div>\n\t\t\t\t<\/div>\n\t\t\t\t<\/div>\n\t\t<div class=\"elementor-element elementor-element-7eeb688e e-con-full e-flex e-con e-child\" data-id=\"7eeb688e\" data-element_type=\"container\">\n\t\t\t\t<div class=\"elementor-element elementor-element-7a9cd9e4 elementor-widget elementor-widget-heading\" data-id=\"7a9cd9e4\" data-element_type=\"widget\" data-widget_type=\"heading.default\">\n\t\t\t\t<div class=\"elementor-widget-container\">\n\t\t\t\t\t<p class=\"elementor-heading-title elementor-size-default\">90x130x1770<\/p>\t\t\t\t<\/div>\n\t\t\t\t<\/div>\n\t\t\t\t<\/div>\n\t\t\t\t<\/div>\n\t\t\t\t<\/div>\n\t\t\t\t\t<\/div>\n\t\t\t\t<\/div>\n\t\t\t\t<\/div>\n\t\t\t\t<\/div>\n\t\t","protected":false},"excerpt":{"rendered":"<p>SAS130 PROF\u0130L-1750 MM System wspornik\u00f3w SAS130 zosta\u0142 starannie zaprojektowany, aby zapewni\u0107 solidne wsparcie dla paneli steruj\u0105cych o znacznej wadze i du\u017cych wymiarach. Ich trwa\u0142a struktura sprawia, \u017ce s\u0105 idealne do zastosowa\u0144 z d\u0142ugimi ramionami. Co wi\u0119cej, zewn\u0119trzna forma tych uchwyt\u00f3w emanuje eleganck\u0105 i nowoczesn\u0105 estetyk\u0105, doskonale uzupe\u0142niaj\u0105c inne modu\u0142y, z kt\u00f3rymi wsp\u00f3\u0142pracuj\u0105. Oferuj\u0105c modu\u0142owe rozwi\u0105zanie [&hellip;]<\/p>\n","protected":false},"featured_media":1652,"template":"","meta":[],"product_brand":[],"product_cat":[77,100],"product_tag":[],"class_list":{"0":"post-3183","1":"product","2":"type-product","3":"status-publish","4":"has-post-thumbnail","6":"product_cat-sas-130-pl","7":"product_cat-sas-130-systemy-ramienia-nosnego","9":"first","10":"instock","11":"shipping-taxable","12":"product-type-simple"},"_links":{"self":[{"href":"https:\/\/supportarmsystem.com\/pl\/wp-json\/wp\/v2\/product\/3183","targetHints":{"allow":["GET"]}}],"collection":[{"href":"https:\/\/supportarmsystem.com\/pl\/wp-json\/wp\/v2\/product"}],"about":[{"href":"https:\/\/supportarmsystem.com\/pl\/wp-json\/wp\/v2\/types\/product"}],"version-history":[{"count":1,"href":"https:\/\/supportarmsystem.com\/pl\/wp-json\/wp\/v2\/product\/3183\/revisions"}],"predecessor-version":[{"id":3184,"href":"https:\/\/supportarmsystem.com\/pl\/wp-json\/wp\/v2\/product\/3183\/revisions\/3184"}],"wp:featuredmedia":[{"embeddable":true,"href":"https:\/\/supportarmsystem.com\/pl\/wp-json\/wp\/v2\/media\/1652"}],"wp:attachment":[{"href":"https:\/\/supportarmsystem.com\/pl\/wp-json\/wp\/v2\/media?parent=3183"}],"wp:term":[{"taxonomy":"product_brand","embeddable":true,"href":"https:\/\/supportarmsystem.com\/pl\/wp-json\/wp\/v2\/product_brand?post=3183"},{"taxonomy":"product_cat","embeddable":true,"href":"https:\/\/supportarmsystem.com\/pl\/wp-json\/wp\/v2\/product_cat?post=3183"},{"taxonomy":"product_tag","embeddable":true,"href":"https:\/\/supportarmsystem.com\/pl\/wp-json\/wp\/v2\/product_tag?post=3183"}],"curies":[{"name":"wp","href":"https:\/\/api.w.org\/{rel}","templated":true}]}}