{"id":3181,"date":"2024-12-09T13:00:10","date_gmt":"2024-12-09T13:00:10","guid":{"rendered":"https:\/\/supportarmsystem.com\/urun\/sas-130-200\/"},"modified":"2024-12-11T18:20:24","modified_gmt":"2024-12-11T18:20:24","slug":"sas-130-200","status":"publish","type":"product","link":"https:\/\/supportarmsystem.com\/pl\/urun\/sas-130-200\/","title":{"rendered":"SAS.130.200"},"content":{"rendered":"\t\t<div data-elementor-type=\"product-post\" data-elementor-id=\"3181\" class=\"elementor elementor-3181 elementor-1696\" data-elementor-post-type=\"product\">\n\t\t\t\t<div class=\"elementor-element elementor-element-11f3f287 e-con-full e-flex e-con e-parent\" data-id=\"11f3f287\" data-element_type=\"container\">\n\t\t\t\t<div class=\"elementor-element elementor-element-4c513b73 elementor-widget elementor-widget-heading\" data-id=\"4c513b73\" data-element_type=\"widget\" data-widget_type=\"heading.default\">\n\t\t\t\t<div class=\"elementor-widget-container\">\n\t\t\t\t\t<h4 class=\"elementor-heading-title elementor-size-default\">SAS130 PROF\u0130L-2000 MM<\/h4>\t\t\t\t<\/div>\n\t\t\t\t<\/div>\n\t\t\t\t<div class=\"elementor-element elementor-element-164ad174 elementor-widget elementor-widget-text-editor\" data-id=\"164ad174\" data-element_type=\"widget\" data-widget_type=\"text-editor.default\">\n\t\t\t\t<div class=\"elementor-widget-container\">\n\t\t\t\t\t\t\t\t\t<p>System wspornik\u00f3w SAS130 zosta\u0142 starannie zaprojektowany, aby zapewni\u0107 solidne wsparcie dla paneli steruj\u0105cych o znacznej wadze i du\u017cych wymiarach. Ich trwa\u0142a struktura sprawia, \u017ce s\u0105 idealne do zastosowa\u0144 z d\u0142ugimi ramionami. Co wi\u0119cej, zewn\u0119trzna forma tych uchwyt\u00f3w emanuje eleganck\u0105 i nowoczesn\u0105 estetyk\u0105, doskonale uzupe\u0142niaj\u0105c inne modu\u0142y, z kt\u00f3rymi wsp\u00f3\u0142pracuj\u0105. Oferuj\u0105c modu\u0142owe rozwi\u0105zanie w po\u0142\u0105czeniu z nowoczesnym designem, seria SAS130 zapewnia szeroki zakres opcji konfiguracji w r\u00f3\u017cnych seriach. Z d\u0142ugo\u015bci\u0105 profilu wynosz\u0105c\u0105 1 metr, te uchwyty maj\u0105 no\u015bno\u015b\u0107 wynosz\u0105c\u0105 130 kg. Standardow\u0105 opcj\u0105 kolorystyczn\u0105 jest RAL 7035, a ich w\u0142a\u015bciwo\u015bci uszczelniaj\u0105ce zapewniaj\u0105 optymaln\u0105 wydajno\u015b\u0107.<\/p>\n\t\t\t\t\t\t\t\t<\/div>\n\t\t\t\t<\/div>\n\t\t<div class=\"elementor-element elementor-element-63775955 e-flex e-con-boxed e-con e-child\" data-id=\"63775955\" data-element_type=\"container\">\n\t\t\t\t\t<div class=\"e-con-inner\">\n\t\t<div class=\"elementor-element elementor-element-56a1b7d4 e-con-full e-flex e-con e-child\" data-id=\"56a1b7d4\" data-element_type=\"container\">\n\t\t<div class=\"elementor-element elementor-element-5b8a36c e-con-full e-flex e-con e-child\" data-id=\"5b8a36c\" data-element_type=\"container\" data-settings=\"{&quot;background_background&quot;:&quot;classic&quot;}\">\n\t\t<div class=\"elementor-element elementor-element-6a0ddc2c e-con-full e-flex e-con e-child\" data-id=\"6a0ddc2c\" data-element_type=\"container\">\n\t\t\t\t<div class=\"elementor-element elementor-element-ba19c12 elementor-widget elementor-widget-heading\" data-id=\"ba19c12\" data-element_type=\"widget\" data-widget_type=\"heading.default\">\n\t\t\t\t<div class=\"elementor-widget-container\">\n\t\t\t\t\t<p class=\"elementor-heading-title elementor-size-default\">Kod Produktu<\/p>\t\t\t\t<\/div>\n\t\t\t\t<\/div>\n\t\t\t\t<\/div>\n\t\t<div class=\"elementor-element elementor-element-7e5fa0bc e-con-full e-flex e-con e-child\" data-id=\"7e5fa0bc\" data-element_type=\"container\">\n\t\t\t\t<div class=\"elementor-element elementor-element-2c97f1d3 elementor-widget elementor-widget-heading\" data-id=\"2c97f1d3\" data-element_type=\"widget\" data-widget_type=\"heading.default\">\n\t\t\t\t<div class=\"elementor-widget-container\">\n\t\t\t\t\t<p class=\"elementor-heading-title elementor-size-default\">Opis<\/p>\t\t\t\t<\/div>\n\t\t\t\t<\/div>\n\t\t\t\t<\/div>\n\t\t<div class=\"elementor-element elementor-element-44d322d7 e-con-full e-flex e-con e-child\" data-id=\"44d322d7\" data-element_type=\"container\">\n\t\t\t\t<div class=\"elementor-element elementor-element-11b2fd69 elementor-widget elementor-widget-heading\" data-id=\"11b2fd69\" data-element_type=\"widget\" data-widget_type=\"heading.default\">\n\t\t\t\t<div class=\"elementor-widget-container\">\n\t\t\t\t\t<p class=\"elementor-heading-title elementor-size-default\">D\u0142ugo\u015b\u0107(mm)\t<\/p>\t\t\t\t<\/div>\n\t\t\t\t<\/div>\n\t\t\t\t<\/div>\n\t\t\t\t<\/div>\n\t\t<div class=\"elementor-element elementor-element-209d498d e-con-full e-flex e-con e-child\" data-id=\"209d498d\" data-element_type=\"container\" data-settings=\"{&quot;background_background&quot;:&quot;classic&quot;}\">\n\t\t<div class=\"elementor-element elementor-element-5c14e72a e-con-full e-flex e-con e-child\" data-id=\"5c14e72a\" data-element_type=\"container\" data-settings=\"{&quot;background_background&quot;:&quot;classic&quot;}\">\n\t\t\t\t<div class=\"elementor-element elementor-element-46823a7e elementor-widget elementor-widget-heading\" data-id=\"46823a7e\" data-element_type=\"widget\" data-widget_type=\"heading.default\">\n\t\t\t\t<div class=\"elementor-widget-container\">\n\t\t\t\t\t<p class=\"elementor-heading-title elementor-size-default\">SAS130.200\t<\/p>\t\t\t\t<\/div>\n\t\t\t\t<\/div>\n\t\t\t\t<\/div>\n\t\t<div class=\"elementor-element elementor-element-211b8624 e-con-full e-flex e-con e-child\" data-id=\"211b8624\" data-element_type=\"container\" data-settings=\"{&quot;background_background&quot;:&quot;classic&quot;}\">\n\t\t\t\t<div class=\"elementor-element elementor-element-693a0119 elementor-widget elementor-widget-heading\" data-id=\"693a0119\" data-element_type=\"widget\" data-widget_type=\"heading.default\">\n\t\t\t\t<div class=\"elementor-widget-container\">\n\t\t\t\t\t<p class=\"elementor-heading-title elementor-size-default\">130 Profil Ramienia Wspornika 2000 mm\t<\/p>\t\t\t\t<\/div>\n\t\t\t\t<\/div>\n\t\t\t\t<\/div>\n\t\t<div class=\"elementor-element elementor-element-67acb0ba e-con-full e-flex e-con e-child\" data-id=\"67acb0ba\" data-element_type=\"container\">\n\t\t\t\t<div class=\"elementor-element elementor-element-441fc528 elementor-widget elementor-widget-heading\" data-id=\"441fc528\" data-element_type=\"widget\" data-widget_type=\"heading.default\">\n\t\t\t\t<div class=\"elementor-widget-container\">\n\t\t\t\t\t<p class=\"elementor-heading-title elementor-size-default\">2000<\/p>\t\t\t\t<\/div>\n\t\t\t\t<\/div>\n\t\t\t\t<\/div>\n\t\t\t\t<\/div>\n\t\t\t\t<\/div>\n\t\t<div class=\"elementor-element elementor-element-54e33fff e-con-full e-flex e-con e-child\" data-id=\"54e33fff\" data-element_type=\"container\">\n\t\t<div class=\"elementor-element elementor-element-1b2a08e2 e-con-full e-flex e-con e-child\" data-id=\"1b2a08e2\" data-element_type=\"container\" data-settings=\"{&quot;background_background&quot;:&quot;classic&quot;}\">\n\t\t<div class=\"elementor-element elementor-element-1436804f e-con-full e-flex e-con e-child\" data-id=\"1436804f\" data-element_type=\"container\">\n\t\t\t\t<div class=\"elementor-element elementor-element-21b24c4e elementor-widget elementor-widget-heading\" data-id=\"21b24c4e\" data-element_type=\"widget\" data-widget_type=\"heading.default\">\n\t\t\t\t<div class=\"elementor-widget-container\">\n\t\t\t\t\t<p class=\"elementor-heading-title elementor-size-default\">Waga(gr)<\/p>\t\t\t\t<\/div>\n\t\t\t\t<\/div>\n\t\t\t\t<\/div>\n\t\t<div class=\"elementor-element elementor-element-73b4dc45 e-con-full e-flex e-con e-child\" data-id=\"73b4dc45\" data-element_type=\"container\">\n\t\t\t\t<div class=\"elementor-element elementor-element-3d291f0e elementor-widget elementor-widget-heading\" data-id=\"3d291f0e\" data-element_type=\"widget\" data-widget_type=\"heading.default\">\n\t\t\t\t<div class=\"elementor-widget-container\">\n\t\t\t\t\t<p class=\"elementor-heading-title elementor-size-default\">Kod RAL<\/p>\t\t\t\t<\/div>\n\t\t\t\t<\/div>\n\t\t\t\t<\/div>\n\t\t<div class=\"elementor-element elementor-element-19471f05 e-con-full e-flex e-con e-child\" data-id=\"19471f05\" data-element_type=\"container\">\n\t\t\t\t<div class=\"elementor-element elementor-element-2bef52e2 elementor-widget elementor-widget-heading\" data-id=\"2bef52e2\" data-element_type=\"widget\" data-widget_type=\"heading.default\">\n\t\t\t\t<div class=\"elementor-widget-container\">\n\t\t\t\t\t<p class=\"elementor-heading-title elementor-size-default\">Wymiary Opakowania<\/p>\t\t\t\t<\/div>\n\t\t\t\t<\/div>\n\t\t\t\t<\/div>\n\t\t\t\t<\/div>\n\t\t<div class=\"elementor-element elementor-element-5e1e9c74 e-con-full e-flex e-con e-child\" data-id=\"5e1e9c74\" data-element_type=\"container\" data-settings=\"{&quot;background_background&quot;:&quot;classic&quot;}\">\n\t\t<div class=\"elementor-element elementor-element-56404722 e-con-full e-flex e-con e-child\" data-id=\"56404722\" data-element_type=\"container\" data-settings=\"{&quot;background_background&quot;:&quot;classic&quot;}\">\n\t\t\t\t<div class=\"elementor-element elementor-element-3d6acbcd elementor-widget elementor-widget-heading\" data-id=\"3d6acbcd\" data-element_type=\"widget\" data-widget_type=\"heading.default\">\n\t\t\t\t<div class=\"elementor-widget-container\">\n\t\t\t\t\t<p class=\"elementor-heading-title elementor-size-default\">12000\t<\/p>\t\t\t\t<\/div>\n\t\t\t\t<\/div>\n\t\t\t\t<\/div>\n\t\t<div class=\"elementor-element elementor-element-6ccab7f5 e-con-full e-flex e-con e-child\" data-id=\"6ccab7f5\" data-element_type=\"container\" data-settings=\"{&quot;background_background&quot;:&quot;classic&quot;}\">\n\t\t\t\t<div class=\"elementor-element elementor-element-2d5175d2 elementor-widget elementor-widget-heading\" data-id=\"2d5175d2\" data-element_type=\"widget\" data-widget_type=\"heading.default\">\n\t\t\t\t<div class=\"elementor-widget-container\">\n\t\t\t\t\t<p class=\"elementor-heading-title elementor-size-default\">7035<\/p>\t\t\t\t<\/div>\n\t\t\t\t<\/div>\n\t\t\t\t<\/div>\n\t\t<div class=\"elementor-element elementor-element-50e273f4 e-con-full e-flex e-con e-child\" data-id=\"50e273f4\" data-element_type=\"container\">\n\t\t\t\t<div class=\"elementor-element elementor-element-ca6a7c6 elementor-widget elementor-widget-heading\" data-id=\"ca6a7c6\" data-element_type=\"widget\" data-widget_type=\"heading.default\">\n\t\t\t\t<div class=\"elementor-widget-container\">\n\t\t\t\t\t<p class=\"elementor-heading-title elementor-size-default\">90x130x2020<\/p>\t\t\t\t<\/div>\n\t\t\t\t<\/div>\n\t\t\t\t<\/div>\n\t\t\t\t<\/div>\n\t\t\t\t<\/div>\n\t\t\t\t\t<\/div>\n\t\t\t\t<\/div>\n\t\t\t\t<\/div>\n\t\t\t\t<\/div>\n\t\t","protected":false},"excerpt":{"rendered":"<p>SAS130 PROF\u0130L-2000 MM System wspornik\u00f3w SAS130 zosta\u0142 starannie zaprojektowany, aby zapewni\u0107 solidne wsparcie dla paneli steruj\u0105cych o znacznej wadze i du\u017cych wymiarach. Ich trwa\u0142a struktura sprawia, \u017ce s\u0105 idealne do zastosowa\u0144 z d\u0142ugimi ramionami. Co wi\u0119cej, zewn\u0119trzna forma tych uchwyt\u00f3w emanuje eleganck\u0105 i nowoczesn\u0105 estetyk\u0105, doskonale uzupe\u0142niaj\u0105c inne modu\u0142y, z kt\u00f3rymi wsp\u00f3\u0142pracuj\u0105. Oferuj\u0105c modu\u0142owe rozwi\u0105zanie [&hellip;]<\/p>\n","protected":false},"featured_media":1652,"template":"","meta":[],"product_brand":[],"product_cat":[77,100],"product_tag":[],"class_list":{"0":"post-3181","1":"product","2":"type-product","3":"status-publish","4":"has-post-thumbnail","6":"product_cat-sas-130-pl","7":"product_cat-sas-130-systemy-ramienia-nosnego","9":"first","10":"instock","11":"shipping-taxable","12":"product-type-simple"},"_links":{"self":[{"href":"https:\/\/supportarmsystem.com\/pl\/wp-json\/wp\/v2\/product\/3181","targetHints":{"allow":["GET"]}}],"collection":[{"href":"https:\/\/supportarmsystem.com\/pl\/wp-json\/wp\/v2\/product"}],"about":[{"href":"https:\/\/supportarmsystem.com\/pl\/wp-json\/wp\/v2\/types\/product"}],"version-history":[{"count":1,"href":"https:\/\/supportarmsystem.com\/pl\/wp-json\/wp\/v2\/product\/3181\/revisions"}],"predecessor-version":[{"id":3182,"href":"https:\/\/supportarmsystem.com\/pl\/wp-json\/wp\/v2\/product\/3181\/revisions\/3182"}],"wp:featuredmedia":[{"embeddable":true,"href":"https:\/\/supportarmsystem.com\/pl\/wp-json\/wp\/v2\/media\/1652"}],"wp:attachment":[{"href":"https:\/\/supportarmsystem.com\/pl\/wp-json\/wp\/v2\/media?parent=3181"}],"wp:term":[{"taxonomy":"product_brand","embeddable":true,"href":"https:\/\/supportarmsystem.com\/pl\/wp-json\/wp\/v2\/product_brand?post=3181"},{"taxonomy":"product_cat","embeddable":true,"href":"https:\/\/supportarmsystem.com\/pl\/wp-json\/wp\/v2\/product_cat?post=3181"},{"taxonomy":"product_tag","embeddable":true,"href":"https:\/\/supportarmsystem.com\/pl\/wp-json\/wp\/v2\/product_tag?post=3181"}],"curies":[{"name":"wp","href":"https:\/\/api.w.org\/{rel}","templated":true}]}}