{"id":2984,"date":"2024-12-09T11:17:18","date_gmt":"2024-12-09T11:17:18","guid":{"rendered":"https:\/\/supportarmsystem.com\/urun\/sas-090-920\/"},"modified":"2024-12-11T18:27:28","modified_gmt":"2024-12-11T18:27:28","slug":"sas-090-920","status":"publish","type":"product","link":"https:\/\/supportarmsystem.com\/pl\/urun\/sas-090-920\/","title":{"rendered":"SAS-090.920"},"content":{"rendered":"\t\t<div data-elementor-type=\"product-post\" data-elementor-id=\"2984\" class=\"elementor elementor-2984 elementor-1337\" data-elementor-post-type=\"product\">\n\t\t\t\t<div class=\"elementor-element elementor-element-4d695334 e-con-full e-flex e-con e-parent\" data-id=\"4d695334\" data-element_type=\"container\">\n\t\t\t\t<div class=\"elementor-element elementor-element-7fd63576 elementor-widget elementor-widget-heading\" data-id=\"7fd63576\" data-element_type=\"widget\" data-widget_type=\"heading.default\">\n\t\t\t\t<div class=\"elementor-widget-container\">\n\t\t\t\t\t<h4 class=\"elementor-heading-title elementor-size-default\">Z\u0142\u0105cze<\/h4>\t\t\t\t<\/div>\n\t\t\t\t<\/div>\n\t\t\t\t<div class=\"elementor-element elementor-element-7a454fb9 elementor-widget elementor-widget-text-editor\" data-id=\"7a454fb9\" data-element_type=\"widget\" data-widget_type=\"text-editor.default\">\n\t\t\t\t<div class=\"elementor-widget-container\">\n\t\t\t\t\t\t\t\t\t<p>SAS090.920 Sprz\u0119g\u0142o s\u0142u\u017cy jako element \u0142\u0105cz\u0105cy mi\u0119dzy panelem operatorskim a ramieniem operatorskim. Wymiary powierzchni adaptera wynosz\u0105 100\u00d755 mm, co zapewnia wystarczaj\u0105co du\u017co miejsca na p\u0142ynny obr\u00f3t o 315\u00b0 w lewo i w prawo. Produkt ten jest zaprojektowany specjalnie do obs\u0142ugi obci\u0105\u017ce\u0144 \u015brednich i jest dobrze dopasowany do zastosowa\u0144 wymagaj\u0105cych odpowiedniego stosunku g\u0142\u0119boko\u015bci.<\/p>\n\t\t\t\t\t\t\t\t<\/div>\n\t\t\t\t<\/div>\n\t\t<div class=\"elementor-element elementor-element-112d372c e-flex e-con-boxed e-con e-child\" data-id=\"112d372c\" data-element_type=\"container\">\n\t\t\t\t\t<div class=\"e-con-inner\">\n\t\t<div class=\"elementor-element elementor-element-16d89822 e-con-full e-flex e-con e-child\" data-id=\"16d89822\" data-element_type=\"container\">\n\t\t<div class=\"elementor-element elementor-element-7ac2e926 e-con-full e-flex e-con e-child\" data-id=\"7ac2e926\" data-element_type=\"container\" data-settings=\"{&quot;background_background&quot;:&quot;classic&quot;}\">\n\t\t<div class=\"elementor-element elementor-element-6b9e510a e-con-full e-flex e-con e-child\" data-id=\"6b9e510a\" data-element_type=\"container\">\n\t\t\t\t<div class=\"elementor-element elementor-element-30702242 elementor-widget elementor-widget-heading\" data-id=\"30702242\" data-element_type=\"widget\" data-widget_type=\"heading.default\">\n\t\t\t\t<div class=\"elementor-widget-container\">\n\t\t\t\t\t<p class=\"elementor-heading-title elementor-size-default\">Kod Produktu<\/p>\t\t\t\t<\/div>\n\t\t\t\t<\/div>\n\t\t\t\t<\/div>\n\t\t<div class=\"elementor-element elementor-element-4b7de041 e-con-full e-flex e-con e-child\" data-id=\"4b7de041\" data-element_type=\"container\">\n\t\t\t\t<div class=\"elementor-element elementor-element-b5dc2a5 elementor-widget elementor-widget-heading\" data-id=\"b5dc2a5\" data-element_type=\"widget\" data-widget_type=\"heading.default\">\n\t\t\t\t<div class=\"elementor-widget-container\">\n\t\t\t\t\t<p class=\"elementor-heading-title elementor-size-default\">Opis<\/p>\t\t\t\t<\/div>\n\t\t\t\t<\/div>\n\t\t\t\t<\/div>\n\t\t<div class=\"elementor-element elementor-element-3ac5ecb3 e-con-full e-flex e-con e-child\" data-id=\"3ac5ecb3\" data-element_type=\"container\">\n\t\t\t\t<\/div>\n\t\t\t\t<\/div>\n\t\t<div class=\"elementor-element elementor-element-45efbf37 e-con-full e-flex e-con e-child\" data-id=\"45efbf37\" data-element_type=\"container\" data-settings=\"{&quot;background_background&quot;:&quot;classic&quot;}\">\n\t\t<div class=\"elementor-element elementor-element-13f0bd74 e-con-full e-flex e-con e-child\" data-id=\"13f0bd74\" data-element_type=\"container\" data-settings=\"{&quot;background_background&quot;:&quot;classic&quot;}\">\n\t\t\t\t<div class=\"elementor-element elementor-element-63d83333 elementor-widget elementor-widget-heading\" data-id=\"63d83333\" data-element_type=\"widget\" data-widget_type=\"heading.default\">\n\t\t\t\t<div class=\"elementor-widget-container\">\n\t\t\t\t\t<p class=\"elementor-heading-title elementor-size-default\">SAS-090.920<\/p>\t\t\t\t<\/div>\n\t\t\t\t<\/div>\n\t\t\t\t<\/div>\n\t\t<div class=\"elementor-element elementor-element-f2d61a7 e-con-full e-flex e-con e-child\" data-id=\"f2d61a7\" data-element_type=\"container\" data-settings=\"{&quot;background_background&quot;:&quot;classic&quot;}\">\n\t\t\t\t<div class=\"elementor-element elementor-element-ac1da3c elementor-widget elementor-widget-heading\" data-id=\"ac1da3c\" data-element_type=\"widget\" data-widget_type=\"heading.default\">\n\t\t\t\t<div class=\"elementor-widget-container\">\n\t\t\t\t\t<p class=\"elementor-heading-title elementor-size-default\">Z\u0142\u0105cze<\/p>\t\t\t\t<\/div>\n\t\t\t\t<\/div>\n\t\t\t\t<\/div>\n\t\t<div class=\"elementor-element elementor-element-45f34391 e-con-full e-flex e-con e-child\" data-id=\"45f34391\" data-element_type=\"container\">\n\t\t\t\t<\/div>\n\t\t\t\t<\/div>\n\t\t\t\t<\/div>\n\t\t<div class=\"elementor-element elementor-element-1a5a2139 e-con-full e-flex e-con e-child\" data-id=\"1a5a2139\" data-element_type=\"container\">\n\t\t<div class=\"elementor-element elementor-element-3fb42a74 e-con-full e-flex e-con e-child\" data-id=\"3fb42a74\" data-element_type=\"container\" data-settings=\"{&quot;background_background&quot;:&quot;classic&quot;}\">\n\t\t<div class=\"elementor-element elementor-element-40798a28 e-con-full e-flex e-con e-child\" data-id=\"40798a28\" data-element_type=\"container\">\n\t\t\t\t<div class=\"elementor-element elementor-element-6f4e9dbe elementor-widget elementor-widget-heading\" data-id=\"6f4e9dbe\" data-element_type=\"widget\" data-widget_type=\"heading.default\">\n\t\t\t\t<div class=\"elementor-widget-container\">\n\t\t\t\t\t<p class=\"elementor-heading-title elementor-size-default\">Waga(gr)<\/p>\t\t\t\t<\/div>\n\t\t\t\t<\/div>\n\t\t\t\t<\/div>\n\t\t<div class=\"elementor-element elementor-element-3cd8498c e-con-full e-flex e-con e-child\" data-id=\"3cd8498c\" data-element_type=\"container\">\n\t\t\t\t<div class=\"elementor-element elementor-element-75525c9 elementor-widget elementor-widget-heading\" data-id=\"75525c9\" data-element_type=\"widget\" data-widget_type=\"heading.default\">\n\t\t\t\t<div class=\"elementor-widget-container\">\n\t\t\t\t\t<p class=\"elementor-heading-title elementor-size-default\">Kod RAL<\/p>\t\t\t\t<\/div>\n\t\t\t\t<\/div>\n\t\t\t\t<\/div>\n\t\t<div class=\"elementor-element elementor-element-5fca374a e-con-full e-flex e-con e-child\" data-id=\"5fca374a\" data-element_type=\"container\">\n\t\t\t\t<div class=\"elementor-element elementor-element-1f6f50eb elementor-widget elementor-widget-heading\" data-id=\"1f6f50eb\" data-element_type=\"widget\" data-widget_type=\"heading.default\">\n\t\t\t\t<div class=\"elementor-widget-container\">\n\t\t\t\t\t<p class=\"elementor-heading-title elementor-size-default\">Wymiary Opakowania<\/p>\t\t\t\t<\/div>\n\t\t\t\t<\/div>\n\t\t\t\t<\/div>\n\t\t\t\t<\/div>\n\t\t<div class=\"elementor-element elementor-element-22972714 e-con-full e-flex e-con e-child\" data-id=\"22972714\" data-element_type=\"container\" data-settings=\"{&quot;background_background&quot;:&quot;classic&quot;}\">\n\t\t<div class=\"elementor-element elementor-element-5a731b03 e-con-full e-flex e-con e-child\" data-id=\"5a731b03\" data-element_type=\"container\" data-settings=\"{&quot;background_background&quot;:&quot;classic&quot;}\">\n\t\t\t\t<div class=\"elementor-element elementor-element-27bb4b3d elementor-widget elementor-widget-heading\" data-id=\"27bb4b3d\" data-element_type=\"widget\" data-widget_type=\"heading.default\">\n\t\t\t\t<div class=\"elementor-widget-container\">\n\t\t\t\t\t<p class=\"elementor-heading-title elementor-size-default\">840<\/p>\t\t\t\t<\/div>\n\t\t\t\t<\/div>\n\t\t\t\t<\/div>\n\t\t<div class=\"elementor-element elementor-element-1cd3abac e-con-full e-flex e-con e-child\" data-id=\"1cd3abac\" data-element_type=\"container\" data-settings=\"{&quot;background_background&quot;:&quot;classic&quot;}\">\n\t\t\t\t<div class=\"elementor-element elementor-element-d373efa elementor-widget elementor-widget-heading\" data-id=\"d373efa\" data-element_type=\"widget\" data-widget_type=\"heading.default\">\n\t\t\t\t<div class=\"elementor-widget-container\">\n\t\t\t\t\t<p class=\"elementor-heading-title elementor-size-default\">7035<\/p>\t\t\t\t<\/div>\n\t\t\t\t<\/div>\n\t\t\t\t<\/div>\n\t\t<div class=\"elementor-element elementor-element-2451e061 e-con-full e-flex e-con e-child\" data-id=\"2451e061\" data-element_type=\"container\">\n\t\t\t\t<div class=\"elementor-element elementor-element-45542f6a elementor-widget elementor-widget-heading\" data-id=\"45542f6a\" data-element_type=\"widget\" data-widget_type=\"heading.default\">\n\t\t\t\t<div class=\"elementor-widget-container\">\n\t\t\t\t\t<p class=\"elementor-heading-title elementor-size-default\">130X150X100<\/p>\t\t\t\t<\/div>\n\t\t\t\t<\/div>\n\t\t\t\t<\/div>\n\t\t\t\t<\/div>\n\t\t\t\t<\/div>\n\t\t\t\t\t<\/div>\n\t\t\t\t<\/div>\n\t\t\t\t<\/div>\n\t\t\t\t<\/div>\n\t\t","protected":false},"excerpt":{"rendered":"<p>Z\u0142\u0105cze SAS090.920 Sprz\u0119g\u0142o s\u0142u\u017cy jako element \u0142\u0105cz\u0105cy mi\u0119dzy panelem operatorskim a ramieniem operatorskim. Wymiary powierzchni adaptera wynosz\u0105 100\u00d755 mm, co zapewnia wystarczaj\u0105co du\u017co miejsca na p\u0142ynny obr\u00f3t o 315\u00b0 w lewo i w prawo. Produkt ten jest zaprojektowany specjalnie do obs\u0142ugi obci\u0105\u017ce\u0144 \u015brednich i jest dobrze dopasowany do zastosowa\u0144 wymagaj\u0105cych odpowiedniego stosunku g\u0142\u0119boko\u015bci. Kod Produktu [&hellip;]<\/p>\n","protected":false},"featured_media":1343,"template":"","meta":[],"product_brand":[],"product_cat":[101,100],"product_tag":[],"class_list":{"0":"post-2984","1":"product","2":"type-product","3":"status-publish","4":"has-post-thumbnail","6":"product_cat-sas-090-pl","7":"product_cat-sas-130-systemy-ramienia-nosnego","9":"first","10":"instock","11":"shipping-taxable","12":"product-type-simple"},"_links":{"self":[{"href":"https:\/\/supportarmsystem.com\/pl\/wp-json\/wp\/v2\/product\/2984","targetHints":{"allow":["GET"]}}],"collection":[{"href":"https:\/\/supportarmsystem.com\/pl\/wp-json\/wp\/v2\/product"}],"about":[{"href":"https:\/\/supportarmsystem.com\/pl\/wp-json\/wp\/v2\/types\/product"}],"version-history":[{"count":1,"href":"https:\/\/supportarmsystem.com\/pl\/wp-json\/wp\/v2\/product\/2984\/revisions"}],"predecessor-version":[{"id":2985,"href":"https:\/\/supportarmsystem.com\/pl\/wp-json\/wp\/v2\/product\/2984\/revisions\/2985"}],"wp:featuredmedia":[{"embeddable":true,"href":"https:\/\/supportarmsystem.com\/pl\/wp-json\/wp\/v2\/media\/1343"}],"wp:attachment":[{"href":"https:\/\/supportarmsystem.com\/pl\/wp-json\/wp\/v2\/media?parent=2984"}],"wp:term":[{"taxonomy":"product_brand","embeddable":true,"href":"https:\/\/supportarmsystem.com\/pl\/wp-json\/wp\/v2\/product_brand?post=2984"},{"taxonomy":"product_cat","embeddable":true,"href":"https:\/\/supportarmsystem.com\/pl\/wp-json\/wp\/v2\/product_cat?post=2984"},{"taxonomy":"product_tag","embeddable":true,"href":"https:\/\/supportarmsystem.com\/pl\/wp-json\/wp\/v2\/product_tag?post=2984"}],"curies":[{"name":"wp","href":"https:\/\/api.w.org\/{rel}","templated":true}]}}