{"id":2982,"date":"2024-12-09T10:39:52","date_gmt":"2024-12-09T10:39:52","guid":{"rendered":"https:\/\/supportarmsystem.com\/urun\/sas-090-900\/"},"modified":"2024-12-11T18:27:42","modified_gmt":"2024-12-11T18:27:42","slug":"sas-090-900","status":"publish","type":"product","link":"https:\/\/supportarmsystem.com\/pl\/urun\/sas-090-900\/","title":{"rendered":"SAS-090.900"},"content":{"rendered":"\t\t<div data-elementor-type=\"product-post\" data-elementor-id=\"2982\" class=\"elementor elementor-2982 elementor-1308\" data-elementor-post-type=\"product\">\n\t\t\t\t<div class=\"elementor-element elementor-element-794db92c e-con-full e-flex e-con e-parent\" data-id=\"794db92c\" data-element_type=\"container\">\n\t\t\t\t<div class=\"elementor-element elementor-element-70c7e6a4 elementor-widget elementor-widget-heading\" data-id=\"70c7e6a4\" data-element_type=\"widget\" data-widget_type=\"heading.default\">\n\t\t\t\t<div class=\"elementor-widget-container\">\n\t\t\t\t\t<h4 class=\"elementor-heading-title elementor-size-default\">Kolano 90\u00b0<\/h4>\t\t\t\t<\/div>\n\t\t\t\t<\/div>\n\t\t\t\t<div class=\"elementor-element elementor-element-3d30e6ce elementor-widget elementor-widget-text-editor\" data-id=\"3d30e6ce\" data-element_type=\"widget\" data-widget_type=\"text-editor.default\">\n\t\t\t\t<div class=\"elementor-widget-container\">\n\t\t\t\t\t\t\t\t\t<p>SAS090.900 Kolano 90\u00b0 to modu\u0142 naro\u017cny zaprojektowany do integracji profili poziomych z profilami pionowymi, tworz\u0105c w ten spos\u00f3b strukturalnie sta\u0142y komponent. Produkt ten oferuje bezproblemow\u0105 kompatybilno\u015b\u0107 z konfiguracjami obejmuj\u0105cymi znaczne odleg\u0142o\u015bci oraz panele o \u015brednich obci\u0105\u017ceniach. Zapewnia optymaln\u0105 funkcjonalno\u015b\u0107 i niezawodno\u015b\u0107 w takich zastosowaniach, bez napotkania jakichkolwiek problem\u00f3w.<\/p>\n\t\t\t\t\t\t\t\t<\/div>\n\t\t\t\t<\/div>\n\t\t<div class=\"elementor-element elementor-element-69c206e e-flex e-con-boxed e-con e-child\" data-id=\"69c206e\" data-element_type=\"container\">\n\t\t\t\t\t<div class=\"e-con-inner\">\n\t\t<div class=\"elementor-element elementor-element-255cb927 e-con-full e-flex e-con e-child\" data-id=\"255cb927\" data-element_type=\"container\">\n\t\t<div class=\"elementor-element elementor-element-6b31158b e-con-full e-flex e-con e-child\" data-id=\"6b31158b\" data-element_type=\"container\" data-settings=\"{&quot;background_background&quot;:&quot;classic&quot;}\">\n\t\t<div class=\"elementor-element elementor-element-26421460 e-con-full e-flex e-con e-child\" data-id=\"26421460\" data-element_type=\"container\">\n\t\t\t\t<div class=\"elementor-element elementor-element-579b4d61 elementor-widget elementor-widget-heading\" data-id=\"579b4d61\" data-element_type=\"widget\" data-widget_type=\"heading.default\">\n\t\t\t\t<div class=\"elementor-widget-container\">\n\t\t\t\t\t<p class=\"elementor-heading-title elementor-size-default\">Kod Produktu<\/p>\t\t\t\t<\/div>\n\t\t\t\t<\/div>\n\t\t\t\t<\/div>\n\t\t<div class=\"elementor-element elementor-element-5cdd8fe6 e-con-full e-flex e-con e-child\" data-id=\"5cdd8fe6\" data-element_type=\"container\">\n\t\t\t\t<div class=\"elementor-element elementor-element-3c9ac181 elementor-widget elementor-widget-heading\" data-id=\"3c9ac181\" data-element_type=\"widget\" data-widget_type=\"heading.default\">\n\t\t\t\t<div class=\"elementor-widget-container\">\n\t\t\t\t\t<p class=\"elementor-heading-title elementor-size-default\">Opis<\/p>\t\t\t\t<\/div>\n\t\t\t\t<\/div>\n\t\t\t\t<\/div>\n\t\t<div class=\"elementor-element elementor-element-75e1baac e-con-full e-flex e-con e-child\" data-id=\"75e1baac\" data-element_type=\"container\">\n\t\t\t\t<\/div>\n\t\t\t\t<\/div>\n\t\t<div class=\"elementor-element elementor-element-5163d55b e-con-full e-flex e-con e-child\" data-id=\"5163d55b\" data-element_type=\"container\" data-settings=\"{&quot;background_background&quot;:&quot;classic&quot;}\">\n\t\t<div class=\"elementor-element elementor-element-6e6ea940 e-con-full e-flex e-con e-child\" data-id=\"6e6ea940\" data-element_type=\"container\" data-settings=\"{&quot;background_background&quot;:&quot;classic&quot;}\">\n\t\t\t\t<div class=\"elementor-element elementor-element-53a50e7f elementor-widget elementor-widget-heading\" data-id=\"53a50e7f\" data-element_type=\"widget\" data-widget_type=\"heading.default\">\n\t\t\t\t<div class=\"elementor-widget-container\">\n\t\t\t\t\t<p class=\"elementor-heading-title elementor-size-default\">SAS090.900<\/p>\t\t\t\t<\/div>\n\t\t\t\t<\/div>\n\t\t\t\t<\/div>\n\t\t<div class=\"elementor-element elementor-element-62520269 e-con-full e-flex e-con e-child\" data-id=\"62520269\" data-element_type=\"container\" data-settings=\"{&quot;background_background&quot;:&quot;classic&quot;}\">\n\t\t\t\t<div class=\"elementor-element elementor-element-30922c85 elementor-widget elementor-widget-heading\" data-id=\"30922c85\" data-element_type=\"widget\" data-widget_type=\"heading.default\">\n\t\t\t\t<div class=\"elementor-widget-container\">\n\t\t\t\t\t<p class=\"elementor-heading-title elementor-size-default\">Kolano 90\u00b0<\/p>\t\t\t\t<\/div>\n\t\t\t\t<\/div>\n\t\t\t\t<\/div>\n\t\t<div class=\"elementor-element elementor-element-6083dec2 e-con-full e-flex e-con e-child\" data-id=\"6083dec2\" data-element_type=\"container\">\n\t\t\t\t<\/div>\n\t\t\t\t<\/div>\n\t\t\t\t<\/div>\n\t\t<div class=\"elementor-element elementor-element-7ce9cc55 e-con-full e-flex e-con e-child\" data-id=\"7ce9cc55\" data-element_type=\"container\">\n\t\t<div class=\"elementor-element elementor-element-1a3e12c4 e-con-full e-flex e-con e-child\" data-id=\"1a3e12c4\" data-element_type=\"container\" data-settings=\"{&quot;background_background&quot;:&quot;classic&quot;}\">\n\t\t<div class=\"elementor-element elementor-element-287e8822 e-con-full e-flex e-con e-child\" data-id=\"287e8822\" data-element_type=\"container\">\n\t\t\t\t<div class=\"elementor-element elementor-element-7fff8d10 elementor-widget elementor-widget-heading\" data-id=\"7fff8d10\" data-element_type=\"widget\" data-widget_type=\"heading.default\">\n\t\t\t\t<div class=\"elementor-widget-container\">\n\t\t\t\t\t<p class=\"elementor-heading-title elementor-size-default\">Waga(gr)<\/p>\t\t\t\t<\/div>\n\t\t\t\t<\/div>\n\t\t\t\t<\/div>\n\t\t<div class=\"elementor-element elementor-element-3c79ae1c e-con-full e-flex e-con e-child\" data-id=\"3c79ae1c\" data-element_type=\"container\">\n\t\t\t\t<div class=\"elementor-element elementor-element-291220b6 elementor-widget elementor-widget-heading\" data-id=\"291220b6\" data-element_type=\"widget\" data-widget_type=\"heading.default\">\n\t\t\t\t<div class=\"elementor-widget-container\">\n\t\t\t\t\t<p class=\"elementor-heading-title elementor-size-default\">Kod RAL<\/p>\t\t\t\t<\/div>\n\t\t\t\t<\/div>\n\t\t\t\t<\/div>\n\t\t<div class=\"elementor-element elementor-element-5e29a585 e-con-full e-flex e-con e-child\" data-id=\"5e29a585\" data-element_type=\"container\">\n\t\t\t\t<div class=\"elementor-element elementor-element-7a11cc57 elementor-widget elementor-widget-heading\" data-id=\"7a11cc57\" data-element_type=\"widget\" data-widget_type=\"heading.default\">\n\t\t\t\t<div class=\"elementor-widget-container\">\n\t\t\t\t\t<p class=\"elementor-heading-title elementor-size-default\">Wymiary Opakowania<\/p>\t\t\t\t<\/div>\n\t\t\t\t<\/div>\n\t\t\t\t<\/div>\n\t\t\t\t<\/div>\n\t\t<div class=\"elementor-element elementor-element-76e1fbb1 e-con-full e-flex e-con e-child\" data-id=\"76e1fbb1\" data-element_type=\"container\" data-settings=\"{&quot;background_background&quot;:&quot;classic&quot;}\">\n\t\t<div class=\"elementor-element elementor-element-14665c3b e-con-full e-flex e-con e-child\" data-id=\"14665c3b\" data-element_type=\"container\" data-settings=\"{&quot;background_background&quot;:&quot;classic&quot;}\">\n\t\t\t\t<div class=\"elementor-element elementor-element-2f92be4 elementor-widget elementor-widget-heading\" data-id=\"2f92be4\" data-element_type=\"widget\" data-widget_type=\"heading.default\">\n\t\t\t\t<div class=\"elementor-widget-container\">\n\t\t\t\t\t<p class=\"elementor-heading-title elementor-size-default\">750<\/p>\t\t\t\t<\/div>\n\t\t\t\t<\/div>\n\t\t\t\t<\/div>\n\t\t<div class=\"elementor-element elementor-element-2596e01f e-con-full e-flex e-con e-child\" data-id=\"2596e01f\" data-element_type=\"container\" data-settings=\"{&quot;background_background&quot;:&quot;classic&quot;}\">\n\t\t\t\t<div class=\"elementor-element elementor-element-3f09bdfd elementor-widget elementor-widget-heading\" data-id=\"3f09bdfd\" data-element_type=\"widget\" data-widget_type=\"heading.default\">\n\t\t\t\t<div class=\"elementor-widget-container\">\n\t\t\t\t\t<p class=\"elementor-heading-title elementor-size-default\">7035<\/p>\t\t\t\t<\/div>\n\t\t\t\t<\/div>\n\t\t\t\t<\/div>\n\t\t<div class=\"elementor-element elementor-element-5fbdcf1 e-con-full e-flex e-con e-child\" data-id=\"5fbdcf1\" data-element_type=\"container\">\n\t\t\t\t<div class=\"elementor-element elementor-element-21a1261b elementor-widget elementor-widget-heading\" data-id=\"21a1261b\" data-element_type=\"widget\" data-widget_type=\"heading.default\">\n\t\t\t\t<div class=\"elementor-widget-container\">\n\t\t\t\t\t<p class=\"elementor-heading-title elementor-size-default\">100x100x140<\/p>\t\t\t\t<\/div>\n\t\t\t\t<\/div>\n\t\t\t\t<\/div>\n\t\t\t\t<\/div>\n\t\t\t\t<\/div>\n\t\t\t\t\t<\/div>\n\t\t\t\t<\/div>\n\t\t\t\t<\/div>\n\t\t\t\t<\/div>\n\t\t","protected":false},"excerpt":{"rendered":"<p>Kolano 90\u00b0 SAS090.900 Kolano 90\u00b0 to modu\u0142 naro\u017cny zaprojektowany do integracji profili poziomych z profilami pionowymi, tworz\u0105c w ten spos\u00f3b strukturalnie sta\u0142y komponent. Produkt ten oferuje bezproblemow\u0105 kompatybilno\u015b\u0107 z konfiguracjami obejmuj\u0105cymi znaczne odleg\u0142o\u015bci oraz panele o \u015brednich obci\u0105\u017ceniach. Zapewnia optymaln\u0105 funkcjonalno\u015b\u0107 i niezawodno\u015b\u0107 w takich zastosowaniach, bez napotkania jakichkolwiek problem\u00f3w. Kod Produktu Opis SAS090.900 Kolano [&hellip;]<\/p>\n","protected":false},"featured_media":1314,"template":"","meta":[],"product_brand":[],"product_cat":[101,100],"product_tag":[],"class_list":{"0":"post-2982","1":"product","2":"type-product","3":"status-publish","4":"has-post-thumbnail","6":"product_cat-sas-090-pl","7":"product_cat-sas-130-systemy-ramienia-nosnego","9":"first","10":"instock","11":"shipping-taxable","12":"product-type-simple"},"_links":{"self":[{"href":"https:\/\/supportarmsystem.com\/pl\/wp-json\/wp\/v2\/product\/2982","targetHints":{"allow":["GET"]}}],"collection":[{"href":"https:\/\/supportarmsystem.com\/pl\/wp-json\/wp\/v2\/product"}],"about":[{"href":"https:\/\/supportarmsystem.com\/pl\/wp-json\/wp\/v2\/types\/product"}],"version-history":[{"count":1,"href":"https:\/\/supportarmsystem.com\/pl\/wp-json\/wp\/v2\/product\/2982\/revisions"}],"predecessor-version":[{"id":2983,"href":"https:\/\/supportarmsystem.com\/pl\/wp-json\/wp\/v2\/product\/2982\/revisions\/2983"}],"wp:featuredmedia":[{"embeddable":true,"href":"https:\/\/supportarmsystem.com\/pl\/wp-json\/wp\/v2\/media\/1314"}],"wp:attachment":[{"href":"https:\/\/supportarmsystem.com\/pl\/wp-json\/wp\/v2\/media?parent=2982"}],"wp:term":[{"taxonomy":"product_brand","embeddable":true,"href":"https:\/\/supportarmsystem.com\/pl\/wp-json\/wp\/v2\/product_brand?post=2982"},{"taxonomy":"product_cat","embeddable":true,"href":"https:\/\/supportarmsystem.com\/pl\/wp-json\/wp\/v2\/product_cat?post=2982"},{"taxonomy":"product_tag","embeddable":true,"href":"https:\/\/supportarmsystem.com\/pl\/wp-json\/wp\/v2\/product_tag?post=2982"}],"curies":[{"name":"wp","href":"https:\/\/api.w.org\/{rel}","templated":true}]}}