{"id":2785,"date":"2024-12-09T11:32:52","date_gmt":"2024-12-09T11:32:52","guid":{"rendered":"https:\/\/supportarmsystem.com\/urun\/sas-050-200\/"},"modified":"2024-12-11T18:25:42","modified_gmt":"2024-12-11T18:25:42","slug":"sas-050-200","status":"publish","type":"product","link":"https:\/\/supportarmsystem.com\/pl\/urun\/sas-050-200\/","title":{"rendered":"SAS.050.200"},"content":{"rendered":"\t\t<div data-elementor-type=\"product-post\" data-elementor-id=\"2785\" class=\"elementor elementor-2785 elementor-1409\" data-elementor-post-type=\"product\">\n\t\t\t\t<div class=\"elementor-element elementor-element-55245d14 e-con-full e-flex e-con e-parent\" data-id=\"55245d14\" data-element_type=\"container\">\n\t\t\t\t<div class=\"elementor-element elementor-element-5b7256ec elementor-widget elementor-widget-heading\" data-id=\"5b7256ec\" data-element_type=\"widget\" data-widget_type=\"heading.default\">\n\t\t\t\t<div class=\"elementor-widget-container\">\n\t\t\t\t\t<h4 class=\"elementor-heading-title elementor-size-default\">SAS050 PROFIL-2000 MM<\/h4>\t\t\t\t<\/div>\n\t\t\t\t<\/div>\n\t\t\t\t<div class=\"elementor-element elementor-element-138cba75 elementor-widget elementor-widget-text-editor\" data-id=\"138cba75\" data-element_type=\"widget\" data-widget_type=\"text-editor.default\">\n\t\t\t\t<div class=\"elementor-widget-container\">\n\t\t\t\t\t\t\t\t\t<p>System wspornik\u00f3w SAS50 to seria rozwi\u0105za\u0144 z kr\u00f3tkimi ramionami, przeznaczona do paneli steruj\u0105cych przenosz\u0105cych lekkie obci\u0105\u017cenia. Szeroka gama komponent\u00f3w systemu oferuje r\u00f3\u017cnorodne funkcjonalne rozwi\u0105zania, a jasnoszara farba o wodoodporno\u015bci (RAL 7035) zapewnia trwa\u0142e wyko\u0144czenie.<\/p>\n\t\t\t\t\t\t\t\t<\/div>\n\t\t\t\t<\/div>\n\t\t<div class=\"elementor-element elementor-element-6bdb88c1 e-flex e-con-boxed e-con e-child\" data-id=\"6bdb88c1\" data-element_type=\"container\">\n\t\t\t\t\t<div class=\"e-con-inner\">\n\t\t<div class=\"elementor-element elementor-element-19865e2a e-con-full e-flex e-con e-child\" data-id=\"19865e2a\" data-element_type=\"container\">\n\t\t<div class=\"elementor-element elementor-element-45c6fe27 e-con-full e-flex e-con e-child\" data-id=\"45c6fe27\" data-element_type=\"container\" data-settings=\"{&quot;background_background&quot;:&quot;classic&quot;}\">\n\t\t<div class=\"elementor-element elementor-element-3f059b6b e-con-full e-flex e-con e-child\" data-id=\"3f059b6b\" data-element_type=\"container\">\n\t\t\t\t<div class=\"elementor-element elementor-element-2b074ff7 elementor-widget elementor-widget-heading\" data-id=\"2b074ff7\" data-element_type=\"widget\" data-widget_type=\"heading.default\">\n\t\t\t\t<div class=\"elementor-widget-container\">\n\t\t\t\t\t<p class=\"elementor-heading-title elementor-size-default\">Kod Produktu<\/p>\t\t\t\t<\/div>\n\t\t\t\t<\/div>\n\t\t\t\t<\/div>\n\t\t<div class=\"elementor-element elementor-element-896e39e e-con-full e-flex e-con e-child\" data-id=\"896e39e\" data-element_type=\"container\">\n\t\t\t\t<div class=\"elementor-element elementor-element-61be7635 elementor-widget elementor-widget-heading\" data-id=\"61be7635\" data-element_type=\"widget\" data-widget_type=\"heading.default\">\n\t\t\t\t<div class=\"elementor-widget-container\">\n\t\t\t\t\t<p class=\"elementor-heading-title elementor-size-default\">Opis<\/p>\t\t\t\t<\/div>\n\t\t\t\t<\/div>\n\t\t\t\t<\/div>\n\t\t<div class=\"elementor-element elementor-element-29e94e50 e-con-full e-flex e-con e-child\" data-id=\"29e94e50\" data-element_type=\"container\">\n\t\t\t\t<div class=\"elementor-element elementor-element-5a0cc919 elementor-widget elementor-widget-heading\" data-id=\"5a0cc919\" data-element_type=\"widget\" data-widget_type=\"heading.default\">\n\t\t\t\t<div class=\"elementor-widget-container\">\n\t\t\t\t\t<p class=\"elementor-heading-title elementor-size-default\">D\u0142ugo\u015b\u0107(mm)\t<\/p>\t\t\t\t<\/div>\n\t\t\t\t<\/div>\n\t\t\t\t<\/div>\n\t\t\t\t<\/div>\n\t\t<div class=\"elementor-element elementor-element-3b4fd5bf e-con-full e-flex e-con e-child\" data-id=\"3b4fd5bf\" data-element_type=\"container\" data-settings=\"{&quot;background_background&quot;:&quot;classic&quot;}\">\n\t\t<div class=\"elementor-element elementor-element-529dfa47 e-con-full e-flex e-con e-child\" data-id=\"529dfa47\" data-element_type=\"container\" data-settings=\"{&quot;background_background&quot;:&quot;classic&quot;}\">\n\t\t\t\t<div class=\"elementor-element elementor-element-2f034a77 elementor-widget elementor-widget-heading\" data-id=\"2f034a77\" data-element_type=\"widget\" data-widget_type=\"heading.default\">\n\t\t\t\t<div class=\"elementor-widget-container\">\n\t\t\t\t\t<p class=\"elementor-heading-title elementor-size-default\">SAS050.200\t<\/p>\t\t\t\t<\/div>\n\t\t\t\t<\/div>\n\t\t\t\t<\/div>\n\t\t<div class=\"elementor-element elementor-element-71bce9b4 e-con-full e-flex e-con e-child\" data-id=\"71bce9b4\" data-element_type=\"container\" data-settings=\"{&quot;background_background&quot;:&quot;classic&quot;}\">\n\t\t\t\t<div class=\"elementor-element elementor-element-20fe9027 elementor-widget elementor-widget-heading\" data-id=\"20fe9027\" data-element_type=\"widget\" data-widget_type=\"heading.default\">\n\t\t\t\t<div class=\"elementor-widget-container\">\n\t\t\t\t\t<p class=\"elementor-heading-title elementor-size-default\">050 Profil Ramienia Wspornika 2000 mm<\/p>\t\t\t\t<\/div>\n\t\t\t\t<\/div>\n\t\t\t\t<\/div>\n\t\t<div class=\"elementor-element elementor-element-2ea3a4a5 e-con-full e-flex e-con e-child\" data-id=\"2ea3a4a5\" data-element_type=\"container\">\n\t\t\t\t<div class=\"elementor-element elementor-element-50b6f579 elementor-widget elementor-widget-heading\" data-id=\"50b6f579\" data-element_type=\"widget\" data-widget_type=\"heading.default\">\n\t\t\t\t<div class=\"elementor-widget-container\">\n\t\t\t\t\t<p class=\"elementor-heading-title elementor-size-default\">2000<\/p>\t\t\t\t<\/div>\n\t\t\t\t<\/div>\n\t\t\t\t<\/div>\n\t\t\t\t<\/div>\n\t\t\t\t<\/div>\n\t\t<div class=\"elementor-element elementor-element-5f7a2370 e-con-full e-flex e-con e-child\" data-id=\"5f7a2370\" data-element_type=\"container\">\n\t\t<div class=\"elementor-element elementor-element-25c7ce7b e-con-full e-flex e-con e-child\" data-id=\"25c7ce7b\" data-element_type=\"container\" data-settings=\"{&quot;background_background&quot;:&quot;classic&quot;}\">\n\t\t<div class=\"elementor-element elementor-element-4a28d36 e-con-full e-flex e-con e-child\" data-id=\"4a28d36\" data-element_type=\"container\">\n\t\t\t\t<div class=\"elementor-element elementor-element-5c9869c2 elementor-widget elementor-widget-heading\" data-id=\"5c9869c2\" data-element_type=\"widget\" data-widget_type=\"heading.default\">\n\t\t\t\t<div class=\"elementor-widget-container\">\n\t\t\t\t\t<p class=\"elementor-heading-title elementor-size-default\">Waga(gr)<\/p>\t\t\t\t<\/div>\n\t\t\t\t<\/div>\n\t\t\t\t<\/div>\n\t\t<div class=\"elementor-element elementor-element-333f1e0f e-con-full e-flex e-con e-child\" data-id=\"333f1e0f\" data-element_type=\"container\">\n\t\t\t\t<div class=\"elementor-element elementor-element-1b0986b1 elementor-widget elementor-widget-heading\" data-id=\"1b0986b1\" data-element_type=\"widget\" data-widget_type=\"heading.default\">\n\t\t\t\t<div class=\"elementor-widget-container\">\n\t\t\t\t\t<p class=\"elementor-heading-title elementor-size-default\">Kod RAL<\/p>\t\t\t\t<\/div>\n\t\t\t\t<\/div>\n\t\t\t\t<\/div>\n\t\t<div class=\"elementor-element elementor-element-7e0d37c4 e-con-full e-flex e-con e-child\" data-id=\"7e0d37c4\" data-element_type=\"container\">\n\t\t\t\t<div class=\"elementor-element elementor-element-4febbc72 elementor-widget elementor-widget-heading\" data-id=\"4febbc72\" data-element_type=\"widget\" data-widget_type=\"heading.default\">\n\t\t\t\t<div class=\"elementor-widget-container\">\n\t\t\t\t\t<p class=\"elementor-heading-title elementor-size-default\">Wymiary Opakowania<\/p>\t\t\t\t<\/div>\n\t\t\t\t<\/div>\n\t\t\t\t<\/div>\n\t\t\t\t<\/div>\n\t\t<div class=\"elementor-element elementor-element-308aec69 e-con-full e-flex e-con e-child\" data-id=\"308aec69\" data-element_type=\"container\" data-settings=\"{&quot;background_background&quot;:&quot;classic&quot;}\">\n\t\t<div class=\"elementor-element elementor-element-50e7661f e-con-full e-flex e-con e-child\" data-id=\"50e7661f\" data-element_type=\"container\" data-settings=\"{&quot;background_background&quot;:&quot;classic&quot;}\">\n\t\t\t\t<div class=\"elementor-element elementor-element-601b6f0b elementor-widget elementor-widget-heading\" data-id=\"601b6f0b\" data-element_type=\"widget\" data-widget_type=\"heading.default\">\n\t\t\t\t<div class=\"elementor-widget-container\">\n\t\t\t\t\t<p class=\"elementor-heading-title elementor-size-default\">5000<\/p>\t\t\t\t<\/div>\n\t\t\t\t<\/div>\n\t\t\t\t<\/div>\n\t\t<div class=\"elementor-element elementor-element-4f673eff e-con-full e-flex e-con e-child\" data-id=\"4f673eff\" data-element_type=\"container\" data-settings=\"{&quot;background_background&quot;:&quot;classic&quot;}\">\n\t\t\t\t<div class=\"elementor-element elementor-element-4ff033c1 elementor-widget elementor-widget-heading\" data-id=\"4ff033c1\" data-element_type=\"widget\" data-widget_type=\"heading.default\">\n\t\t\t\t<div class=\"elementor-widget-container\">\n\t\t\t\t\t<p class=\"elementor-heading-title elementor-size-default\">7035<\/p>\t\t\t\t<\/div>\n\t\t\t\t<\/div>\n\t\t\t\t<\/div>\n\t\t<div class=\"elementor-element elementor-element-21491b29 e-con-full e-flex e-con e-child\" data-id=\"21491b29\" data-element_type=\"container\">\n\t\t\t\t<\/div>\n\t\t\t\t<\/div>\n\t\t\t\t<\/div>\n\t\t\t\t\t<\/div>\n\t\t\t\t<\/div>\n\t\t\t\t<\/div>\n\t\t\t\t<\/div>\n\t\t","protected":false},"excerpt":{"rendered":"<p>SAS050 PROFIL-2000 MM System wspornik\u00f3w SAS50 to seria rozwi\u0105za\u0144 z kr\u00f3tkimi ramionami, przeznaczona do paneli steruj\u0105cych przenosz\u0105cych lekkie obci\u0105\u017cenia. Szeroka gama komponent\u00f3w systemu oferuje r\u00f3\u017cnorodne funkcjonalne rozwi\u0105zania, a jasnoszara farba o wodoodporno\u015bci (RAL 7035) zapewnia trwa\u0142e wyko\u0144czenie. Kod Produktu Opis D\u0142ugo\u015b\u0107(mm) SAS050.200 050 Profil Ramienia Wspornika 2000 mm 2000 Waga(gr) Kod RAL Wymiary Opakowania 5000 [&hellip;]<\/p>\n","protected":false},"featured_media":1363,"template":"","meta":[],"product_brand":[],"product_cat":[100,108],"product_tag":[],"class_list":{"0":"post-2785","1":"product","2":"type-product","3":"status-publish","4":"has-post-thumbnail","6":"product_cat-sas-130-systemy-ramienia-nosnego","7":"product_cat-systemy-ramienia-nosnego","9":"first","10":"instock","11":"shipping-taxable","12":"product-type-simple"},"_links":{"self":[{"href":"https:\/\/supportarmsystem.com\/pl\/wp-json\/wp\/v2\/product\/2785","targetHints":{"allow":["GET"]}}],"collection":[{"href":"https:\/\/supportarmsystem.com\/pl\/wp-json\/wp\/v2\/product"}],"about":[{"href":"https:\/\/supportarmsystem.com\/pl\/wp-json\/wp\/v2\/types\/product"}],"version-history":[{"count":1,"href":"https:\/\/supportarmsystem.com\/pl\/wp-json\/wp\/v2\/product\/2785\/revisions"}],"predecessor-version":[{"id":2786,"href":"https:\/\/supportarmsystem.com\/pl\/wp-json\/wp\/v2\/product\/2785\/revisions\/2786"}],"wp:featuredmedia":[{"embeddable":true,"href":"https:\/\/supportarmsystem.com\/pl\/wp-json\/wp\/v2\/media\/1363"}],"wp:attachment":[{"href":"https:\/\/supportarmsystem.com\/pl\/wp-json\/wp\/v2\/media?parent=2785"}],"wp:term":[{"taxonomy":"product_brand","embeddable":true,"href":"https:\/\/supportarmsystem.com\/pl\/wp-json\/wp\/v2\/product_brand?post=2785"},{"taxonomy":"product_cat","embeddable":true,"href":"https:\/\/supportarmsystem.com\/pl\/wp-json\/wp\/v2\/product_cat?post=2785"},{"taxonomy":"product_tag","embeddable":true,"href":"https:\/\/supportarmsystem.com\/pl\/wp-json\/wp\/v2\/product_tag?post=2785"}],"curies":[{"name":"wp","href":"https:\/\/api.w.org\/{rel}","templated":true}]}}