{"id":2727,"date":"2024-12-09T15:50:12","date_gmt":"2024-12-09T15:50:12","guid":{"rendered":"https:\/\/supportarmsystem.com\/urun\/sas-130-901\/"},"modified":"2024-12-11T18:18:05","modified_gmt":"2024-12-11T18:18:05","slug":"sas-130-901","status":"publish","type":"product","link":"https:\/\/supportarmsystem.com\/pl\/urun\/sas-130-901\/","title":{"rendered":"SAS.130.901"},"content":{"rendered":"\t\t<div data-elementor-type=\"product-post\" data-elementor-id=\"2727\" class=\"elementor elementor-2727 elementor-1864\" data-elementor-post-type=\"product\">\n\t\t\t\t<div class=\"elementor-element elementor-element-329d2d4a e-con-full e-flex e-con e-parent\" data-id=\"329d2d4a\" data-element_type=\"container\">\n\t\t\t\t<div class=\"elementor-element elementor-element-4942221 elementor-widget elementor-widget-heading\" data-id=\"4942221\" data-element_type=\"widget\" data-widget_type=\"heading.default\">\n\t\t\t\t<div class=\"elementor-widget-container\">\n\t\t\t\t\t<h4 class=\"elementor-heading-title elementor-size-default\">Obrotowe kolano 315\u00b0<\/h4>\t\t\t\t<\/div>\n\t\t\t\t<\/div>\n\t\t\t\t<div class=\"elementor-element elementor-element-6871ae8 elementor-widget elementor-widget-text-editor\" data-id=\"6871ae8\" data-element_type=\"widget\" data-widget_type=\"text-editor.default\">\n\t\t\t\t<div class=\"elementor-widget-container\">\n\t\t\t\t\t\t\t\t\t<p>SAS130.900 Obrotowe kolano 315\u00b0 to modu\u0142 naro\u017cny zaprojektowany do integracji profili poziomych z profilami pionowymi, tworz\u0105c w ten spos\u00f3b strukturalnie sta\u0142y komponent. Produkt ten oferuje bezproblemow\u0105 kompatybilno\u015b\u0107 z konfiguracjami obejmuj\u0105cymi znaczne odleg\u0142o\u015bci oraz panele o du\u017cych obci\u0105\u017ceniach. Zapewnia optymaln\u0105 funkcjonalno\u015b\u0107 i niezawodno\u015b\u0107 w takich zastosowaniach, bez napotkania jakichkolwiek problem\u00f3w.<\/p>\n\t\t\t\t\t\t\t\t<\/div>\n\t\t\t\t<\/div>\n\t\t<div class=\"elementor-element elementor-element-4d0ca212 e-flex e-con-boxed e-con e-child\" data-id=\"4d0ca212\" data-element_type=\"container\">\n\t\t\t\t\t<div class=\"e-con-inner\">\n\t\t<div class=\"elementor-element elementor-element-1814ff15 e-con-full e-flex e-con e-child\" data-id=\"1814ff15\" data-element_type=\"container\">\n\t\t<div class=\"elementor-element elementor-element-16b8d393 e-con-full e-flex e-con e-child\" data-id=\"16b8d393\" data-element_type=\"container\" data-settings=\"{&quot;background_background&quot;:&quot;classic&quot;}\">\n\t\t<div class=\"elementor-element elementor-element-1634ee24 e-con-full e-flex e-con e-child\" data-id=\"1634ee24\" data-element_type=\"container\">\n\t\t\t\t<div class=\"elementor-element elementor-element-4ae8e720 elementor-widget elementor-widget-heading\" data-id=\"4ae8e720\" data-element_type=\"widget\" data-widget_type=\"heading.default\">\n\t\t\t\t<div class=\"elementor-widget-container\">\n\t\t\t\t\t<p class=\"elementor-heading-title elementor-size-default\">Kod Produktu<\/p>\t\t\t\t<\/div>\n\t\t\t\t<\/div>\n\t\t\t\t<\/div>\n\t\t<div class=\"elementor-element elementor-element-60d72c7b e-con-full e-flex e-con e-child\" data-id=\"60d72c7b\" data-element_type=\"container\">\n\t\t\t\t<div class=\"elementor-element elementor-element-604325f2 elementor-widget elementor-widget-heading\" data-id=\"604325f2\" data-element_type=\"widget\" data-widget_type=\"heading.default\">\n\t\t\t\t<div class=\"elementor-widget-container\">\n\t\t\t\t\t<p class=\"elementor-heading-title elementor-size-default\">Opis<\/p>\t\t\t\t<\/div>\n\t\t\t\t<\/div>\n\t\t\t\t<\/div>\n\t\t<div class=\"elementor-element elementor-element-5302e74e e-con-full e-flex e-con e-child\" data-id=\"5302e74e\" data-element_type=\"container\">\n\t\t\t\t<\/div>\n\t\t\t\t<\/div>\n\t\t<div class=\"elementor-element elementor-element-74227fdc e-con-full e-flex e-con e-child\" data-id=\"74227fdc\" data-element_type=\"container\" data-settings=\"{&quot;background_background&quot;:&quot;classic&quot;}\">\n\t\t<div class=\"elementor-element elementor-element-1e2d691c e-con-full e-flex e-con e-child\" data-id=\"1e2d691c\" data-element_type=\"container\" data-settings=\"{&quot;background_background&quot;:&quot;classic&quot;}\">\n\t\t\t\t<div class=\"elementor-element elementor-element-326adc79 elementor-widget elementor-widget-heading\" data-id=\"326adc79\" data-element_type=\"widget\" data-widget_type=\"heading.default\">\n\t\t\t\t<div class=\"elementor-widget-container\">\n\t\t\t\t\t<p class=\"elementor-heading-title elementor-size-default\">SAS.130.901<\/p>\t\t\t\t<\/div>\n\t\t\t\t<\/div>\n\t\t\t\t<\/div>\n\t\t<div class=\"elementor-element elementor-element-682c1197 e-con-full e-flex e-con e-child\" data-id=\"682c1197\" data-element_type=\"container\" data-settings=\"{&quot;background_background&quot;:&quot;classic&quot;}\">\n\t\t\t\t<div class=\"elementor-element elementor-element-205a40c9 elementor-widget elementor-widget-heading\" data-id=\"205a40c9\" data-element_type=\"widget\" data-widget_type=\"heading.default\">\n\t\t\t\t<div class=\"elementor-widget-container\">\n\t\t\t\t\t<p class=\"elementor-heading-title elementor-size-default\">Obrotowe kolano 315\u00b0<\/p>\t\t\t\t<\/div>\n\t\t\t\t<\/div>\n\t\t\t\t<\/div>\n\t\t<div class=\"elementor-element elementor-element-20ac4565 e-con-full e-flex e-con e-child\" data-id=\"20ac4565\" data-element_type=\"container\">\n\t\t\t\t<\/div>\n\t\t\t\t<\/div>\n\t\t\t\t<\/div>\n\t\t<div class=\"elementor-element elementor-element-3e2dca80 e-con-full e-flex e-con e-child\" data-id=\"3e2dca80\" data-element_type=\"container\">\n\t\t<div class=\"elementor-element elementor-element-2befbe9e e-con-full e-flex e-con e-child\" data-id=\"2befbe9e\" data-element_type=\"container\" data-settings=\"{&quot;background_background&quot;:&quot;classic&quot;}\">\n\t\t<div class=\"elementor-element elementor-element-4b0e1828 e-con-full e-flex e-con e-child\" data-id=\"4b0e1828\" data-element_type=\"container\">\n\t\t\t\t<div class=\"elementor-element elementor-element-25e85e68 elementor-widget elementor-widget-heading\" data-id=\"25e85e68\" data-element_type=\"widget\" data-widget_type=\"heading.default\">\n\t\t\t\t<div class=\"elementor-widget-container\">\n\t\t\t\t\t<p class=\"elementor-heading-title elementor-size-default\">Waga(gr)<\/p>\t\t\t\t<\/div>\n\t\t\t\t<\/div>\n\t\t\t\t<\/div>\n\t\t<div class=\"elementor-element elementor-element-177b62bf e-con-full e-flex e-con e-child\" data-id=\"177b62bf\" data-element_type=\"container\">\n\t\t\t\t<div class=\"elementor-element elementor-element-5e8ed617 elementor-widget elementor-widget-heading\" data-id=\"5e8ed617\" data-element_type=\"widget\" data-widget_type=\"heading.default\">\n\t\t\t\t<div class=\"elementor-widget-container\">\n\t\t\t\t\t<p class=\"elementor-heading-title elementor-size-default\">Kod RAL<\/p>\t\t\t\t<\/div>\n\t\t\t\t<\/div>\n\t\t\t\t<\/div>\n\t\t<div class=\"elementor-element elementor-element-7363ae6 e-con-full e-flex e-con e-child\" data-id=\"7363ae6\" data-element_type=\"container\">\n\t\t\t\t<div class=\"elementor-element elementor-element-1bf630d5 elementor-widget elementor-widget-heading\" data-id=\"1bf630d5\" data-element_type=\"widget\" data-widget_type=\"heading.default\">\n\t\t\t\t<div class=\"elementor-widget-container\">\n\t\t\t\t\t<p class=\"elementor-heading-title elementor-size-default\">Wymiary Opakowania<\/p>\t\t\t\t<\/div>\n\t\t\t\t<\/div>\n\t\t\t\t<\/div>\n\t\t\t\t<\/div>\n\t\t<div class=\"elementor-element elementor-element-66359b5a e-con-full e-flex e-con e-child\" data-id=\"66359b5a\" data-element_type=\"container\" data-settings=\"{&quot;background_background&quot;:&quot;classic&quot;}\">\n\t\t<div class=\"elementor-element elementor-element-c89d786 e-con-full e-flex e-con e-child\" data-id=\"c89d786\" data-element_type=\"container\" data-settings=\"{&quot;background_background&quot;:&quot;classic&quot;}\">\n\t\t\t\t<div class=\"elementor-element elementor-element-4c2259b2 elementor-widget elementor-widget-heading\" data-id=\"4c2259b2\" data-element_type=\"widget\" data-widget_type=\"heading.default\">\n\t\t\t\t<div class=\"elementor-widget-container\">\n\t\t\t\t\t<p class=\"elementor-heading-title elementor-size-default\">1900<\/p>\t\t\t\t<\/div>\n\t\t\t\t<\/div>\n\t\t\t\t<\/div>\n\t\t<div class=\"elementor-element elementor-element-7e2c6954 e-con-full e-flex e-con e-child\" data-id=\"7e2c6954\" data-element_type=\"container\" data-settings=\"{&quot;background_background&quot;:&quot;classic&quot;}\">\n\t\t\t\t<div class=\"elementor-element elementor-element-5a4f923a elementor-widget elementor-widget-heading\" data-id=\"5a4f923a\" data-element_type=\"widget\" data-widget_type=\"heading.default\">\n\t\t\t\t<div class=\"elementor-widget-container\">\n\t\t\t\t\t<p class=\"elementor-heading-title elementor-size-default\">7035<\/p>\t\t\t\t<\/div>\n\t\t\t\t<\/div>\n\t\t\t\t<\/div>\n\t\t<div class=\"elementor-element elementor-element-4f772326 e-con-full e-flex e-con e-child\" data-id=\"4f772326\" data-element_type=\"container\">\n\t\t\t\t<div class=\"elementor-element elementor-element-1824c9bb elementor-widget elementor-widget-heading\" data-id=\"1824c9bb\" data-element_type=\"widget\" data-widget_type=\"heading.default\">\n\t\t\t\t<div class=\"elementor-widget-container\">\n\t\t\t\t\t<p class=\"elementor-heading-title elementor-size-default\">250x180x180<\/p>\t\t\t\t<\/div>\n\t\t\t\t<\/div>\n\t\t\t\t<\/div>\n\t\t\t\t<\/div>\n\t\t\t\t<\/div>\n\t\t\t\t\t<\/div>\n\t\t\t\t<\/div>\n\t\t\t\t<\/div>\n\t\t\t\t<\/div>\n\t\t","protected":false},"excerpt":{"rendered":"<p>Obrotowe kolano 315\u00b0 SAS130.900 Obrotowe kolano 315\u00b0 to modu\u0142 naro\u017cny zaprojektowany do integracji profili poziomych z profilami pionowymi, tworz\u0105c w ten spos\u00f3b strukturalnie sta\u0142y komponent. Produkt ten oferuje bezproblemow\u0105 kompatybilno\u015b\u0107 z konfiguracjami obejmuj\u0105cymi znaczne odleg\u0142o\u015bci oraz panele o du\u017cych obci\u0105\u017ceniach. Zapewnia optymaln\u0105 funkcjonalno\u015b\u0107 i niezawodno\u015b\u0107 w takich zastosowaniach, bez napotkania jakichkolwiek problem\u00f3w. Kod Produktu Opis [&hellip;]<\/p>\n","protected":false},"featured_media":1870,"template":"","meta":[],"product_brand":[],"product_cat":[77,100],"product_tag":[],"class_list":{"0":"post-2727","1":"product","2":"type-product","3":"status-publish","4":"has-post-thumbnail","6":"product_cat-sas-130-pl","7":"product_cat-sas-130-systemy-ramienia-nosnego","9":"first","10":"instock","11":"shipping-taxable","12":"product-type-simple"},"_links":{"self":[{"href":"https:\/\/supportarmsystem.com\/pl\/wp-json\/wp\/v2\/product\/2727","targetHints":{"allow":["GET"]}}],"collection":[{"href":"https:\/\/supportarmsystem.com\/pl\/wp-json\/wp\/v2\/product"}],"about":[{"href":"https:\/\/supportarmsystem.com\/pl\/wp-json\/wp\/v2\/types\/product"}],"version-history":[{"count":1,"href":"https:\/\/supportarmsystem.com\/pl\/wp-json\/wp\/v2\/product\/2727\/revisions"}],"predecessor-version":[{"id":2728,"href":"https:\/\/supportarmsystem.com\/pl\/wp-json\/wp\/v2\/product\/2727\/revisions\/2728"}],"wp:featuredmedia":[{"embeddable":true,"href":"https:\/\/supportarmsystem.com\/pl\/wp-json\/wp\/v2\/media\/1870"}],"wp:attachment":[{"href":"https:\/\/supportarmsystem.com\/pl\/wp-json\/wp\/v2\/media?parent=2727"}],"wp:term":[{"taxonomy":"product_brand","embeddable":true,"href":"https:\/\/supportarmsystem.com\/pl\/wp-json\/wp\/v2\/product_brand?post=2727"},{"taxonomy":"product_cat","embeddable":true,"href":"https:\/\/supportarmsystem.com\/pl\/wp-json\/wp\/v2\/product_cat?post=2727"},{"taxonomy":"product_tag","embeddable":true,"href":"https:\/\/supportarmsystem.com\/pl\/wp-json\/wp\/v2\/product_tag?post=2727"}],"curies":[{"name":"wp","href":"https:\/\/api.w.org\/{rel}","templated":true}]}}