{"id":2723,"date":"2024-12-09T15:47:41","date_gmt":"2024-12-09T15:47:41","guid":{"rendered":"https:\/\/supportarmsystem.com\/urun\/sas-130-900\/"},"modified":"2024-12-11T18:18:13","modified_gmt":"2024-12-11T18:18:13","slug":"sas-130-900","status":"publish","type":"product","link":"https:\/\/supportarmsystem.com\/pl\/urun\/sas-130-900\/","title":{"rendered":"SAS.130.900"},"content":{"rendered":"\t\t<div data-elementor-type=\"product-post\" data-elementor-id=\"2723\" class=\"elementor elementor-2723 elementor-1851\" data-elementor-post-type=\"product\">\n\t\t\t\t<div class=\"elementor-element elementor-element-3ea79911 e-con-full e-flex e-con e-parent\" data-id=\"3ea79911\" data-element_type=\"container\">\n\t\t\t\t<div class=\"elementor-element elementor-element-164bd93c elementor-widget elementor-widget-heading\" data-id=\"164bd93c\" data-element_type=\"widget\" data-widget_type=\"heading.default\">\n\t\t\t\t<div class=\"elementor-widget-container\">\n\t\t\t\t\t<h4 class=\"elementor-heading-title elementor-size-default\">Kolano 90\u00b0<\/h4>\t\t\t\t<\/div>\n\t\t\t\t<\/div>\n\t\t\t\t<div class=\"elementor-element elementor-element-72f860af elementor-widget elementor-widget-text-editor\" data-id=\"72f860af\" data-element_type=\"widget\" data-widget_type=\"text-editor.default\">\n\t\t\t\t<div class=\"elementor-widget-container\">\n\t\t\t\t\t\t\t\t\t<p>SAS130.900 Z\u0142\u0105cze k\u0105towe 90\u00b0 to modu\u0142 naro\u017cny zaprojektowany do integracji profili poziomych z profilami pionowymi, tworz\u0105c w ten spos\u00f3b strukturalnie sta\u0142y komponent. Produkt ten oferuje bezproblemow\u0105 kompatybilno\u015b\u0107 z konfiguracjami obejmuj\u0105cymi znaczne odleg\u0142o\u015bci oraz panele o du\u017cych obci\u0105\u017ceniach. Zapewnia optymaln\u0105 funkcjonalno\u015b\u0107 i niezawodno\u015b\u0107 w takich zastosowaniach, bez napotkania jakichkolwiek problem\u00f3w.<\/p>\n\t\t\t\t\t\t\t\t<\/div>\n\t\t\t\t<\/div>\n\t\t<div class=\"elementor-element elementor-element-7d537328 e-flex e-con-boxed e-con e-child\" data-id=\"7d537328\" data-element_type=\"container\">\n\t\t\t\t\t<div class=\"e-con-inner\">\n\t\t<div class=\"elementor-element elementor-element-5864d83f e-con-full e-flex e-con e-child\" data-id=\"5864d83f\" data-element_type=\"container\">\n\t\t<div class=\"elementor-element elementor-element-594ae803 e-con-full e-flex e-con e-child\" data-id=\"594ae803\" data-element_type=\"container\" data-settings=\"{&quot;background_background&quot;:&quot;classic&quot;}\">\n\t\t<div class=\"elementor-element elementor-element-75a7e024 e-con-full e-flex e-con e-child\" data-id=\"75a7e024\" data-element_type=\"container\">\n\t\t\t\t<div class=\"elementor-element elementor-element-218ed20f elementor-widget elementor-widget-heading\" data-id=\"218ed20f\" data-element_type=\"widget\" data-widget_type=\"heading.default\">\n\t\t\t\t<div class=\"elementor-widget-container\">\n\t\t\t\t\t<p class=\"elementor-heading-title elementor-size-default\">Kod Produktu<\/p>\t\t\t\t<\/div>\n\t\t\t\t<\/div>\n\t\t\t\t<\/div>\n\t\t<div class=\"elementor-element elementor-element-eb62c4f e-con-full e-flex e-con e-child\" data-id=\"eb62c4f\" data-element_type=\"container\">\n\t\t\t\t<div class=\"elementor-element elementor-element-765ced55 elementor-widget elementor-widget-heading\" data-id=\"765ced55\" data-element_type=\"widget\" data-widget_type=\"heading.default\">\n\t\t\t\t<div class=\"elementor-widget-container\">\n\t\t\t\t\t<p class=\"elementor-heading-title elementor-size-default\">Opis<\/p>\t\t\t\t<\/div>\n\t\t\t\t<\/div>\n\t\t\t\t<\/div>\n\t\t<div class=\"elementor-element elementor-element-57921317 e-con-full e-flex e-con e-child\" data-id=\"57921317\" data-element_type=\"container\">\n\t\t\t\t<\/div>\n\t\t\t\t<\/div>\n\t\t<div class=\"elementor-element elementor-element-78b76bb8 e-con-full e-flex e-con e-child\" data-id=\"78b76bb8\" data-element_type=\"container\" data-settings=\"{&quot;background_background&quot;:&quot;classic&quot;}\">\n\t\t<div class=\"elementor-element elementor-element-40109750 e-con-full e-flex e-con e-child\" data-id=\"40109750\" data-element_type=\"container\" data-settings=\"{&quot;background_background&quot;:&quot;classic&quot;}\">\n\t\t\t\t<div class=\"elementor-element elementor-element-224a1b9b elementor-widget elementor-widget-heading\" data-id=\"224a1b9b\" data-element_type=\"widget\" data-widget_type=\"heading.default\">\n\t\t\t\t<div class=\"elementor-widget-container\">\n\t\t\t\t\t<p class=\"elementor-heading-title elementor-size-default\">SAS.130.900<\/p>\t\t\t\t<\/div>\n\t\t\t\t<\/div>\n\t\t\t\t<\/div>\n\t\t<div class=\"elementor-element elementor-element-78592ae1 e-con-full e-flex e-con e-child\" data-id=\"78592ae1\" data-element_type=\"container\" data-settings=\"{&quot;background_background&quot;:&quot;classic&quot;}\">\n\t\t\t\t<div class=\"elementor-element elementor-element-6b504c68 elementor-widget elementor-widget-heading\" data-id=\"6b504c68\" data-element_type=\"widget\" data-widget_type=\"heading.default\">\n\t\t\t\t<div class=\"elementor-widget-container\">\n\t\t\t\t\t<p class=\"elementor-heading-title elementor-size-default\">Kolano 90\u00b0<\/p>\t\t\t\t<\/div>\n\t\t\t\t<\/div>\n\t\t\t\t<\/div>\n\t\t<div class=\"elementor-element elementor-element-6c7ff5d6 e-con-full e-flex e-con e-child\" data-id=\"6c7ff5d6\" data-element_type=\"container\">\n\t\t\t\t<\/div>\n\t\t\t\t<\/div>\n\t\t\t\t<\/div>\n\t\t<div class=\"elementor-element elementor-element-6b214ba5 e-con-full e-flex e-con e-child\" data-id=\"6b214ba5\" data-element_type=\"container\">\n\t\t<div class=\"elementor-element elementor-element-5dcffaf8 e-con-full e-flex e-con e-child\" data-id=\"5dcffaf8\" data-element_type=\"container\" data-settings=\"{&quot;background_background&quot;:&quot;classic&quot;}\">\n\t\t<div class=\"elementor-element elementor-element-10c98a80 e-con-full e-flex e-con e-child\" data-id=\"10c98a80\" data-element_type=\"container\">\n\t\t\t\t<div class=\"elementor-element elementor-element-d4219aa elementor-widget elementor-widget-heading\" data-id=\"d4219aa\" data-element_type=\"widget\" data-widget_type=\"heading.default\">\n\t\t\t\t<div class=\"elementor-widget-container\">\n\t\t\t\t\t<p class=\"elementor-heading-title elementor-size-default\">Waga(gr)<\/p>\t\t\t\t<\/div>\n\t\t\t\t<\/div>\n\t\t\t\t<\/div>\n\t\t<div class=\"elementor-element elementor-element-666ccdbd e-con-full e-flex e-con e-child\" data-id=\"666ccdbd\" data-element_type=\"container\">\n\t\t\t\t<div class=\"elementor-element elementor-element-7109f5f6 elementor-widget elementor-widget-heading\" data-id=\"7109f5f6\" data-element_type=\"widget\" data-widget_type=\"heading.default\">\n\t\t\t\t<div class=\"elementor-widget-container\">\n\t\t\t\t\t<p class=\"elementor-heading-title elementor-size-default\">Kod RAL<\/p>\t\t\t\t<\/div>\n\t\t\t\t<\/div>\n\t\t\t\t<\/div>\n\t\t<div class=\"elementor-element elementor-element-7c3325ec e-con-full e-flex e-con e-child\" data-id=\"7c3325ec\" data-element_type=\"container\">\n\t\t\t\t<div class=\"elementor-element elementor-element-535d027e elementor-widget elementor-widget-heading\" data-id=\"535d027e\" data-element_type=\"widget\" data-widget_type=\"heading.default\">\n\t\t\t\t<div class=\"elementor-widget-container\">\n\t\t\t\t\t<p class=\"elementor-heading-title elementor-size-default\">Wymiary Opakowania<\/p>\t\t\t\t<\/div>\n\t\t\t\t<\/div>\n\t\t\t\t<\/div>\n\t\t\t\t<\/div>\n\t\t<div class=\"elementor-element elementor-element-553d20b e-con-full e-flex e-con e-child\" data-id=\"553d20b\" data-element_type=\"container\" data-settings=\"{&quot;background_background&quot;:&quot;classic&quot;}\">\n\t\t<div class=\"elementor-element elementor-element-2ce0f8ae e-con-full e-flex e-con e-child\" data-id=\"2ce0f8ae\" data-element_type=\"container\" data-settings=\"{&quot;background_background&quot;:&quot;classic&quot;}\">\n\t\t\t\t<div class=\"elementor-element elementor-element-302eecfb elementor-widget elementor-widget-heading\" data-id=\"302eecfb\" data-element_type=\"widget\" data-widget_type=\"heading.default\">\n\t\t\t\t<div class=\"elementor-widget-container\">\n\t\t\t\t\t<p class=\"elementor-heading-title elementor-size-default\">1830<\/p>\t\t\t\t<\/div>\n\t\t\t\t<\/div>\n\t\t\t\t<\/div>\n\t\t<div class=\"elementor-element elementor-element-497ac4f8 e-con-full e-flex e-con e-child\" data-id=\"497ac4f8\" data-element_type=\"container\" data-settings=\"{&quot;background_background&quot;:&quot;classic&quot;}\">\n\t\t\t\t<div class=\"elementor-element elementor-element-20312b10 elementor-widget elementor-widget-heading\" data-id=\"20312b10\" data-element_type=\"widget\" data-widget_type=\"heading.default\">\n\t\t\t\t<div class=\"elementor-widget-container\">\n\t\t\t\t\t<p class=\"elementor-heading-title elementor-size-default\">7035<\/p>\t\t\t\t<\/div>\n\t\t\t\t<\/div>\n\t\t\t\t<\/div>\n\t\t<div class=\"elementor-element elementor-element-515a1d53 e-con-full e-flex e-con e-child\" data-id=\"515a1d53\" data-element_type=\"container\">\n\t\t\t\t<div class=\"elementor-element elementor-element-4d948dc9 elementor-widget elementor-widget-heading\" data-id=\"4d948dc9\" data-element_type=\"widget\" data-widget_type=\"heading.default\">\n\t\t\t\t<div class=\"elementor-widget-container\">\n\t\t\t\t\t<p class=\"elementor-heading-title elementor-size-default\">120x180x180<\/p>\t\t\t\t<\/div>\n\t\t\t\t<\/div>\n\t\t\t\t<\/div>\n\t\t\t\t<\/div>\n\t\t\t\t<\/div>\n\t\t\t\t\t<\/div>\n\t\t\t\t<\/div>\n\t\t\t\t<\/div>\n\t\t\t\t<\/div>\n\t\t","protected":false},"excerpt":{"rendered":"<p>Kolano 90\u00b0 SAS130.900 Z\u0142\u0105cze k\u0105towe 90\u00b0 to modu\u0142 naro\u017cny zaprojektowany do integracji profili poziomych z profilami pionowymi, tworz\u0105c w ten spos\u00f3b strukturalnie sta\u0142y komponent. Produkt ten oferuje bezproblemow\u0105 kompatybilno\u015b\u0107 z konfiguracjami obejmuj\u0105cymi znaczne odleg\u0142o\u015bci oraz panele o du\u017cych obci\u0105\u017ceniach. Zapewnia optymaln\u0105 funkcjonalno\u015b\u0107 i niezawodno\u015b\u0107 w takich zastosowaniach, bez napotkania jakichkolwiek problem\u00f3w. Kod Produktu Opis SAS.130.900 [&hellip;]<\/p>\n","protected":false},"featured_media":1857,"template":"","meta":[],"product_brand":[],"product_cat":[77,100],"product_tag":[],"class_list":{"0":"post-2723","1":"product","2":"type-product","3":"status-publish","4":"has-post-thumbnail","6":"product_cat-sas-130-pl","7":"product_cat-sas-130-systemy-ramienia-nosnego","9":"first","10":"instock","11":"shipping-taxable","12":"product-type-simple"},"_links":{"self":[{"href":"https:\/\/supportarmsystem.com\/pl\/wp-json\/wp\/v2\/product\/2723","targetHints":{"allow":["GET"]}}],"collection":[{"href":"https:\/\/supportarmsystem.com\/pl\/wp-json\/wp\/v2\/product"}],"about":[{"href":"https:\/\/supportarmsystem.com\/pl\/wp-json\/wp\/v2\/types\/product"}],"version-history":[{"count":1,"href":"https:\/\/supportarmsystem.com\/pl\/wp-json\/wp\/v2\/product\/2723\/revisions"}],"predecessor-version":[{"id":2724,"href":"https:\/\/supportarmsystem.com\/pl\/wp-json\/wp\/v2\/product\/2723\/revisions\/2724"}],"wp:featuredmedia":[{"embeddable":true,"href":"https:\/\/supportarmsystem.com\/pl\/wp-json\/wp\/v2\/media\/1857"}],"wp:attachment":[{"href":"https:\/\/supportarmsystem.com\/pl\/wp-json\/wp\/v2\/media?parent=2723"}],"wp:term":[{"taxonomy":"product_brand","embeddable":true,"href":"https:\/\/supportarmsystem.com\/pl\/wp-json\/wp\/v2\/product_brand?post=2723"},{"taxonomy":"product_cat","embeddable":true,"href":"https:\/\/supportarmsystem.com\/pl\/wp-json\/wp\/v2\/product_cat?post=2723"},{"taxonomy":"product_tag","embeddable":true,"href":"https:\/\/supportarmsystem.com\/pl\/wp-json\/wp\/v2\/product_tag?post=2723"}],"curies":[{"name":"wp","href":"https:\/\/api.w.org\/{rel}","templated":true}]}}