{"id":2717,"date":"2024-12-09T15:35:54","date_gmt":"2024-12-09T15:35:54","guid":{"rendered":"https:\/\/supportarmsystem.com\/urun\/sas-130-700\/"},"modified":"2024-12-11T18:19:15","modified_gmt":"2024-12-11T18:19:15","slug":"sas-130-700","status":"publish","type":"product","link":"https:\/\/supportarmsystem.com\/pl\/urun\/sas-130-700\/","title":{"rendered":"SAS.130.700"},"content":{"rendered":"\t\t<div data-elementor-type=\"product-post\" data-elementor-id=\"2717\" class=\"elementor elementor-2717 elementor-1818\" data-elementor-post-type=\"product\">\n\t\t\t\t<div class=\"elementor-element elementor-element-9a6b771 e-con-full e-flex e-con e-parent\" data-id=\"9a6b771\" data-element_type=\"container\">\n\t\t\t\t<div class=\"elementor-element elementor-element-34d08ca7 elementor-widget elementor-widget-heading\" data-id=\"34d08ca7\" data-element_type=\"widget\" data-widget_type=\"heading.default\">\n\t\t\t\t<div class=\"elementor-widget-container\">\n\t\t\t\t\t<h4 class=\"elementor-heading-title elementor-size-default\">Przegub \u015bcienny SAS130 Odga\u0142\u0119zienie poziome<\/h4>\t\t\t\t<\/div>\n\t\t\t\t<\/div>\n\t\t\t\t<div class=\"elementor-element elementor-element-19cf18a elementor-widget elementor-widget-text-editor\" data-id=\"19cf18a\" data-element_type=\"widget\" data-widget_type=\"text-editor.default\">\n\t\t\t\t<div class=\"elementor-widget-container\">\n\t\t\t\t\t\t\t\t\t<p>SAS130.700 Zawias po\u015bredni jest wyposa\u017cony w modu\u0142 po\u0142\u0105czeniowy, kt\u00f3ry umo\u017cliwia p\u00f3\u0142-niezale\u017cny ruch k\u0105towy (315\u00b0) pomi\u0119dzy dwoma zawiasami. Ten ruch jest mo\u017cliwy dzi\u0119ki punktom przeci\u0119cia dw\u00f3ch profili, kt\u00f3re s\u0105 umieszczone wzd\u0142u\u017c osi poziomej. Produkt ten, znany jako przegub, jest kluczowym elementem w konfiguracjach na d\u0142ugie odleg\u0142o\u015bci i du\u017ce obci\u0105\u017cenia ze wzgl\u0119du na swoj\u0105 sztywn\u0105 struktur\u0119. Sta\u0142 si\u0119 on niezb\u0119dnym modu\u0142em w naszej nowoczesnej linii produkt\u00f3w.<\/p>\n\t\t\t\t\t\t\t\t<\/div>\n\t\t\t\t<\/div>\n\t\t<div class=\"elementor-element elementor-element-2173457d e-flex e-con-boxed e-con e-child\" data-id=\"2173457d\" data-element_type=\"container\">\n\t\t\t\t\t<div class=\"e-con-inner\">\n\t\t<div class=\"elementor-element elementor-element-2f2e94ef e-con-full e-flex e-con e-child\" data-id=\"2f2e94ef\" data-element_type=\"container\">\n\t\t<div class=\"elementor-element elementor-element-1a542079 e-con-full e-flex e-con e-child\" data-id=\"1a542079\" data-element_type=\"container\" data-settings=\"{&quot;background_background&quot;:&quot;classic&quot;}\">\n\t\t<div class=\"elementor-element elementor-element-18ac4046 e-con-full e-flex e-con e-child\" data-id=\"18ac4046\" data-element_type=\"container\">\n\t\t\t\t<div class=\"elementor-element elementor-element-69a608d1 elementor-widget elementor-widget-heading\" data-id=\"69a608d1\" data-element_type=\"widget\" data-widget_type=\"heading.default\">\n\t\t\t\t<div class=\"elementor-widget-container\">\n\t\t\t\t\t<p class=\"elementor-heading-title elementor-size-default\">Kod Produktu<\/p>\t\t\t\t<\/div>\n\t\t\t\t<\/div>\n\t\t\t\t<\/div>\n\t\t<div class=\"elementor-element elementor-element-3268e029 e-con-full e-flex e-con e-child\" data-id=\"3268e029\" data-element_type=\"container\">\n\t\t\t\t<div class=\"elementor-element elementor-element-48b47cd2 elementor-widget elementor-widget-heading\" data-id=\"48b47cd2\" data-element_type=\"widget\" data-widget_type=\"heading.default\">\n\t\t\t\t<div class=\"elementor-widget-container\">\n\t\t\t\t\t<p class=\"elementor-heading-title elementor-size-default\">Opis<\/p>\t\t\t\t<\/div>\n\t\t\t\t<\/div>\n\t\t\t\t<\/div>\n\t\t<div class=\"elementor-element elementor-element-24fe11ef e-con-full e-flex e-con e-child\" data-id=\"24fe11ef\" data-element_type=\"container\">\n\t\t\t\t<\/div>\n\t\t\t\t<\/div>\n\t\t<div class=\"elementor-element elementor-element-4966c0fc e-con-full e-flex e-con e-child\" data-id=\"4966c0fc\" data-element_type=\"container\" data-settings=\"{&quot;background_background&quot;:&quot;classic&quot;}\">\n\t\t<div class=\"elementor-element elementor-element-3219cf99 e-con-full e-flex e-con e-child\" data-id=\"3219cf99\" data-element_type=\"container\" data-settings=\"{&quot;background_background&quot;:&quot;classic&quot;}\">\n\t\t\t\t<div class=\"elementor-element elementor-element-273165c7 elementor-widget elementor-widget-heading\" data-id=\"273165c7\" data-element_type=\"widget\" data-widget_type=\"heading.default\">\n\t\t\t\t<div class=\"elementor-widget-container\">\n\t\t\t\t\t<p class=\"elementor-heading-title elementor-size-default\">SAS.130.700<\/p>\t\t\t\t<\/div>\n\t\t\t\t<\/div>\n\t\t\t\t<\/div>\n\t\t<div class=\"elementor-element elementor-element-46bad16e e-con-full e-flex e-con e-child\" data-id=\"46bad16e\" data-element_type=\"container\" data-settings=\"{&quot;background_background&quot;:&quot;classic&quot;}\">\n\t\t\t\t<div class=\"elementor-element elementor-element-110d3137 elementor-widget elementor-widget-heading\" data-id=\"110d3137\" data-element_type=\"widget\" data-widget_type=\"heading.default\">\n\t\t\t\t<div class=\"elementor-widget-container\">\n\t\t\t\t\t<p class=\"elementor-heading-title elementor-size-default\">Przegub \u015bcienny SAS130 Odga\u0142\u0119zienie poziome<\/p>\t\t\t\t<\/div>\n\t\t\t\t<\/div>\n\t\t\t\t<\/div>\n\t\t<div class=\"elementor-element elementor-element-1138894d e-con-full e-flex e-con e-child\" data-id=\"1138894d\" data-element_type=\"container\">\n\t\t\t\t<\/div>\n\t\t\t\t<\/div>\n\t\t\t\t<\/div>\n\t\t<div class=\"elementor-element elementor-element-3e3e0958 e-con-full e-flex e-con e-child\" data-id=\"3e3e0958\" data-element_type=\"container\">\n\t\t<div class=\"elementor-element elementor-element-544a9300 e-con-full e-flex e-con e-child\" data-id=\"544a9300\" data-element_type=\"container\" data-settings=\"{&quot;background_background&quot;:&quot;classic&quot;}\">\n\t\t<div class=\"elementor-element elementor-element-368c6772 e-con-full e-flex e-con e-child\" data-id=\"368c6772\" data-element_type=\"container\">\n\t\t\t\t<div class=\"elementor-element elementor-element-302c2304 elementor-widget elementor-widget-heading\" data-id=\"302c2304\" data-element_type=\"widget\" data-widget_type=\"heading.default\">\n\t\t\t\t<div class=\"elementor-widget-container\">\n\t\t\t\t\t<p class=\"elementor-heading-title elementor-size-default\">Waga(gr)<\/p>\t\t\t\t<\/div>\n\t\t\t\t<\/div>\n\t\t\t\t<\/div>\n\t\t<div class=\"elementor-element elementor-element-455f4334 e-con-full e-flex e-con e-child\" data-id=\"455f4334\" data-element_type=\"container\">\n\t\t\t\t<div class=\"elementor-element elementor-element-379d50c0 elementor-widget elementor-widget-heading\" data-id=\"379d50c0\" data-element_type=\"widget\" data-widget_type=\"heading.default\">\n\t\t\t\t<div class=\"elementor-widget-container\">\n\t\t\t\t\t<p class=\"elementor-heading-title elementor-size-default\">Kod RAL<\/p>\t\t\t\t<\/div>\n\t\t\t\t<\/div>\n\t\t\t\t<\/div>\n\t\t<div class=\"elementor-element elementor-element-2bb3f5a2 e-con-full e-flex e-con e-child\" data-id=\"2bb3f5a2\" data-element_type=\"container\">\n\t\t\t\t<div class=\"elementor-element elementor-element-455b5f9 elementor-widget elementor-widget-heading\" data-id=\"455b5f9\" data-element_type=\"widget\" data-widget_type=\"heading.default\">\n\t\t\t\t<div class=\"elementor-widget-container\">\n\t\t\t\t\t<p class=\"elementor-heading-title elementor-size-default\">Wymiary Opakowania<\/p>\t\t\t\t<\/div>\n\t\t\t\t<\/div>\n\t\t\t\t<\/div>\n\t\t\t\t<\/div>\n\t\t<div class=\"elementor-element elementor-element-686b6555 e-con-full e-flex e-con e-child\" data-id=\"686b6555\" data-element_type=\"container\" data-settings=\"{&quot;background_background&quot;:&quot;classic&quot;}\">\n\t\t<div class=\"elementor-element elementor-element-632fb3b4 e-con-full e-flex e-con e-child\" data-id=\"632fb3b4\" data-element_type=\"container\" data-settings=\"{&quot;background_background&quot;:&quot;classic&quot;}\">\n\t\t\t\t<div class=\"elementor-element elementor-element-1961dd08 elementor-widget elementor-widget-heading\" data-id=\"1961dd08\" data-element_type=\"widget\" data-widget_type=\"heading.default\">\n\t\t\t\t<div class=\"elementor-widget-container\">\n\t\t\t\t\t<p class=\"elementor-heading-title elementor-size-default\">5900\t<\/p>\t\t\t\t<\/div>\n\t\t\t\t<\/div>\n\t\t\t\t<\/div>\n\t\t<div class=\"elementor-element elementor-element-4ca9145 e-con-full e-flex e-con e-child\" data-id=\"4ca9145\" data-element_type=\"container\" data-settings=\"{&quot;background_background&quot;:&quot;classic&quot;}\">\n\t\t\t\t<div class=\"elementor-element elementor-element-1de3552c elementor-widget elementor-widget-heading\" data-id=\"1de3552c\" data-element_type=\"widget\" data-widget_type=\"heading.default\">\n\t\t\t\t<div class=\"elementor-widget-container\">\n\t\t\t\t\t<p class=\"elementor-heading-title elementor-size-default\">7035<\/p>\t\t\t\t<\/div>\n\t\t\t\t<\/div>\n\t\t\t\t<\/div>\n\t\t<div class=\"elementor-element elementor-element-36f1311e e-con-full e-flex e-con e-child\" data-id=\"36f1311e\" data-element_type=\"container\">\n\t\t\t\t<div class=\"elementor-element elementor-element-5a3faee0 elementor-widget elementor-widget-heading\" data-id=\"5a3faee0\" data-element_type=\"widget\" data-widget_type=\"heading.default\">\n\t\t\t\t<div class=\"elementor-widget-container\">\n\t\t\t\t\t<p class=\"elementor-heading-title elementor-size-default\">200x200x370<\/p>\t\t\t\t<\/div>\n\t\t\t\t<\/div>\n\t\t\t\t<\/div>\n\t\t\t\t<\/div>\n\t\t\t\t<\/div>\n\t\t\t\t\t<\/div>\n\t\t\t\t<\/div>\n\t\t\t\t<\/div>\n\t\t\t\t<\/div>\n\t\t","protected":false},"excerpt":{"rendered":"<p>Przegub \u015bcienny SAS130 Odga\u0142\u0119zienie poziome SAS130.700 Zawias po\u015bredni jest wyposa\u017cony w modu\u0142 po\u0142\u0105czeniowy, kt\u00f3ry umo\u017cliwia p\u00f3\u0142-niezale\u017cny ruch k\u0105towy (315\u00b0) pomi\u0119dzy dwoma zawiasami. Ten ruch jest mo\u017cliwy dzi\u0119ki punktom przeci\u0119cia dw\u00f3ch profili, kt\u00f3re s\u0105 umieszczone wzd\u0142u\u017c osi poziomej. Produkt ten, znany jako przegub, jest kluczowym elementem w konfiguracjach na d\u0142ugie odleg\u0142o\u015bci i du\u017ce obci\u0105\u017cenia ze wzgl\u0119du [&hellip;]<\/p>\n","protected":false},"featured_media":1824,"template":"","meta":[],"product_brand":[],"product_cat":[77,100],"product_tag":[],"class_list":{"0":"post-2717","1":"product","2":"type-product","3":"status-publish","4":"has-post-thumbnail","6":"product_cat-sas-130-pl","7":"product_cat-sas-130-systemy-ramienia-nosnego","9":"first","10":"instock","11":"shipping-taxable","12":"product-type-simple"},"_links":{"self":[{"href":"https:\/\/supportarmsystem.com\/pl\/wp-json\/wp\/v2\/product\/2717","targetHints":{"allow":["GET"]}}],"collection":[{"href":"https:\/\/supportarmsystem.com\/pl\/wp-json\/wp\/v2\/product"}],"about":[{"href":"https:\/\/supportarmsystem.com\/pl\/wp-json\/wp\/v2\/types\/product"}],"version-history":[{"count":1,"href":"https:\/\/supportarmsystem.com\/pl\/wp-json\/wp\/v2\/product\/2717\/revisions"}],"predecessor-version":[{"id":2718,"href":"https:\/\/supportarmsystem.com\/pl\/wp-json\/wp\/v2\/product\/2717\/revisions\/2718"}],"wp:featuredmedia":[{"embeddable":true,"href":"https:\/\/supportarmsystem.com\/pl\/wp-json\/wp\/v2\/media\/1824"}],"wp:attachment":[{"href":"https:\/\/supportarmsystem.com\/pl\/wp-json\/wp\/v2\/media?parent=2717"}],"wp:term":[{"taxonomy":"product_brand","embeddable":true,"href":"https:\/\/supportarmsystem.com\/pl\/wp-json\/wp\/v2\/product_brand?post=2717"},{"taxonomy":"product_cat","embeddable":true,"href":"https:\/\/supportarmsystem.com\/pl\/wp-json\/wp\/v2\/product_cat?post=2717"},{"taxonomy":"product_tag","embeddable":true,"href":"https:\/\/supportarmsystem.com\/pl\/wp-json\/wp\/v2\/product_tag?post=2717"}],"curies":[{"name":"wp","href":"https:\/\/api.w.org\/{rel}","templated":true}]}}