{"id":2703,"date":"2024-12-09T15:25:09","date_gmt":"2024-12-09T15:25:09","guid":{"rendered":"https:\/\/supportarmsystem.com\/urun\/sas-130-500\/"},"modified":"2024-12-11T18:19:48","modified_gmt":"2024-12-11T18:19:48","slug":"sas-130-500","status":"publish","type":"product","link":"https:\/\/supportarmsystem.com\/pl\/urun\/sas-130-500\/","title":{"rendered":"SAS.130.500"},"content":{"rendered":"\t\t<div data-elementor-type=\"product-post\" data-elementor-id=\"2703\" class=\"elementor elementor-2703 elementor-1754\" data-elementor-post-type=\"product\">\n\t\t\t\t<div class=\"elementor-element elementor-element-7a7514c5 e-con-full e-flex e-con e-parent\" data-id=\"7a7514c5\" data-element_type=\"container\">\n\t\t\t\t<div class=\"elementor-element elementor-element-501ad31c elementor-widget elementor-widget-heading\" data-id=\"501ad31c\" data-element_type=\"widget\" data-widget_type=\"heading.default\">\n\t\t\t\t<div class=\"elementor-widget-container\">\n\t\t\t\t\t<h4 class=\"elementor-heading-title elementor-size-default\">Mocowanie do \u015bciany\/do pod\u0142ogi SAS 130, ma\u0142e<\/h4>\t\t\t\t<\/div>\n\t\t\t\t<\/div>\n\t\t\t\t<div class=\"elementor-element elementor-element-2ed6deed elementor-widget elementor-widget-text-editor\" data-id=\"2ed6deed\" data-element_type=\"widget\" data-widget_type=\"text-editor.default\">\n\t\t\t\t<div class=\"elementor-widget-container\">\n\t\t\t\t\t\t\t\t\t<p>SAS130.500 \u015acienny Uchwyt Monta\u017cowy oferuje bezproblemow\u0105 \u0142\u0105czno\u015b\u0107 zar\u00f3wno z powierzchniami pionowymi, jak i poziomymi. Zosta\u0142 specjalnie zaprojektowany do konfiguracji o wysokich wymaganiach dotycz\u0105cych obci\u0105\u017cenia i jest przeznaczony do montowanych po\u0142\u0105cze\u0144.<\/p>\n\t\t\t\t\t\t\t\t<\/div>\n\t\t\t\t<\/div>\n\t\t<div class=\"elementor-element elementor-element-749eb508 e-flex e-con-boxed e-con e-child\" data-id=\"749eb508\" data-element_type=\"container\">\n\t\t\t\t\t<div class=\"e-con-inner\">\n\t\t<div class=\"elementor-element elementor-element-16a053a5 e-con-full e-flex e-con e-child\" data-id=\"16a053a5\" data-element_type=\"container\">\n\t\t<div class=\"elementor-element elementor-element-7c3fddfe e-con-full e-flex e-con e-child\" data-id=\"7c3fddfe\" data-element_type=\"container\" data-settings=\"{&quot;background_background&quot;:&quot;classic&quot;}\">\n\t\t<div class=\"elementor-element elementor-element-7690f93f e-con-full e-flex e-con e-child\" data-id=\"7690f93f\" data-element_type=\"container\">\n\t\t\t\t<div class=\"elementor-element elementor-element-56d86495 elementor-widget elementor-widget-heading\" data-id=\"56d86495\" data-element_type=\"widget\" data-widget_type=\"heading.default\">\n\t\t\t\t<div class=\"elementor-widget-container\">\n\t\t\t\t\t<p class=\"elementor-heading-title elementor-size-default\">Kod Produktu<\/p>\t\t\t\t<\/div>\n\t\t\t\t<\/div>\n\t\t\t\t<\/div>\n\t\t<div class=\"elementor-element elementor-element-743ad12d e-con-full e-flex e-con e-child\" data-id=\"743ad12d\" data-element_type=\"container\">\n\t\t\t\t<div class=\"elementor-element elementor-element-37e94767 elementor-widget elementor-widget-heading\" data-id=\"37e94767\" data-element_type=\"widget\" data-widget_type=\"heading.default\">\n\t\t\t\t<div class=\"elementor-widget-container\">\n\t\t\t\t\t<p class=\"elementor-heading-title elementor-size-default\">Opis<\/p>\t\t\t\t<\/div>\n\t\t\t\t<\/div>\n\t\t\t\t<\/div>\n\t\t<div class=\"elementor-element elementor-element-1277c154 e-con-full e-flex e-con e-child\" data-id=\"1277c154\" data-element_type=\"container\">\n\t\t\t\t<\/div>\n\t\t\t\t<\/div>\n\t\t<div class=\"elementor-element elementor-element-4cba8457 e-con-full e-flex e-con e-child\" data-id=\"4cba8457\" data-element_type=\"container\" data-settings=\"{&quot;background_background&quot;:&quot;classic&quot;}\">\n\t\t<div class=\"elementor-element elementor-element-113b7f02 e-con-full e-flex e-con e-child\" data-id=\"113b7f02\" data-element_type=\"container\" data-settings=\"{&quot;background_background&quot;:&quot;classic&quot;}\">\n\t\t\t\t<div class=\"elementor-element elementor-element-346c464a elementor-widget elementor-widget-heading\" data-id=\"346c464a\" data-element_type=\"widget\" data-widget_type=\"heading.default\">\n\t\t\t\t<div class=\"elementor-widget-container\">\n\t\t\t\t\t<p class=\"elementor-heading-title elementor-size-default\">SAS.130.500<\/p>\t\t\t\t<\/div>\n\t\t\t\t<\/div>\n\t\t\t\t<\/div>\n\t\t<div class=\"elementor-element elementor-element-5abe7b84 e-con-full e-flex e-con e-child\" data-id=\"5abe7b84\" data-element_type=\"container\" data-settings=\"{&quot;background_background&quot;:&quot;classic&quot;}\">\n\t\t\t\t<div class=\"elementor-element elementor-element-4a270854 elementor-widget elementor-widget-heading\" data-id=\"4a270854\" data-element_type=\"widget\" data-widget_type=\"heading.default\">\n\t\t\t\t<div class=\"elementor-widget-container\">\n\t\t\t\t\t<p class=\"elementor-heading-title elementor-size-default\">Mocowanie do \u015bciany\/do pod\u0142ogi SAS 130, ma\u0142e<\/p>\t\t\t\t<\/div>\n\t\t\t\t<\/div>\n\t\t\t\t<\/div>\n\t\t<div class=\"elementor-element elementor-element-65584873 e-con-full e-flex e-con e-child\" data-id=\"65584873\" data-element_type=\"container\">\n\t\t\t\t<\/div>\n\t\t\t\t<\/div>\n\t\t\t\t<\/div>\n\t\t<div class=\"elementor-element elementor-element-3c1e2eab e-con-full e-flex e-con e-child\" data-id=\"3c1e2eab\" data-element_type=\"container\">\n\t\t<div class=\"elementor-element elementor-element-76f52c4 e-con-full e-flex e-con e-child\" data-id=\"76f52c4\" data-element_type=\"container\" data-settings=\"{&quot;background_background&quot;:&quot;classic&quot;}\">\n\t\t<div class=\"elementor-element elementor-element-72cd05b9 e-con-full e-flex e-con e-child\" data-id=\"72cd05b9\" data-element_type=\"container\">\n\t\t\t\t<div class=\"elementor-element elementor-element-2821cb01 elementor-widget elementor-widget-heading\" data-id=\"2821cb01\" data-element_type=\"widget\" data-widget_type=\"heading.default\">\n\t\t\t\t<div class=\"elementor-widget-container\">\n\t\t\t\t\t<p class=\"elementor-heading-title elementor-size-default\">Waga(gr)<\/p>\t\t\t\t<\/div>\n\t\t\t\t<\/div>\n\t\t\t\t<\/div>\n\t\t<div class=\"elementor-element elementor-element-70fd8db5 e-con-full e-flex e-con e-child\" data-id=\"70fd8db5\" data-element_type=\"container\">\n\t\t\t\t<div class=\"elementor-element elementor-element-198105d8 elementor-widget elementor-widget-heading\" data-id=\"198105d8\" data-element_type=\"widget\" data-widget_type=\"heading.default\">\n\t\t\t\t<div class=\"elementor-widget-container\">\n\t\t\t\t\t<p class=\"elementor-heading-title elementor-size-default\">Kod RAL<\/p>\t\t\t\t<\/div>\n\t\t\t\t<\/div>\n\t\t\t\t<\/div>\n\t\t<div class=\"elementor-element elementor-element-44be5fd3 e-con-full e-flex e-con e-child\" data-id=\"44be5fd3\" data-element_type=\"container\">\n\t\t\t\t<div class=\"elementor-element elementor-element-2c272c74 elementor-widget elementor-widget-heading\" data-id=\"2c272c74\" data-element_type=\"widget\" data-widget_type=\"heading.default\">\n\t\t\t\t<div class=\"elementor-widget-container\">\n\t\t\t\t\t<p class=\"elementor-heading-title elementor-size-default\">Wymiary Opakowania<\/p>\t\t\t\t<\/div>\n\t\t\t\t<\/div>\n\t\t\t\t<\/div>\n\t\t\t\t<\/div>\n\t\t<div class=\"elementor-element elementor-element-3a8f2728 e-con-full e-flex e-con e-child\" data-id=\"3a8f2728\" data-element_type=\"container\" data-settings=\"{&quot;background_background&quot;:&quot;classic&quot;}\">\n\t\t<div class=\"elementor-element elementor-element-3bddd2b5 e-con-full e-flex e-con e-child\" data-id=\"3bddd2b5\" data-element_type=\"container\" data-settings=\"{&quot;background_background&quot;:&quot;classic&quot;}\">\n\t\t\t\t<div class=\"elementor-element elementor-element-70783185 elementor-widget elementor-widget-heading\" data-id=\"70783185\" data-element_type=\"widget\" data-widget_type=\"heading.default\">\n\t\t\t\t<div class=\"elementor-widget-container\">\n\t\t\t\t\t<p class=\"elementor-heading-title elementor-size-default\">1000<\/p>\t\t\t\t<\/div>\n\t\t\t\t<\/div>\n\t\t\t\t<\/div>\n\t\t<div class=\"elementor-element elementor-element-2b595964 e-con-full e-flex e-con e-child\" data-id=\"2b595964\" data-element_type=\"container\" data-settings=\"{&quot;background_background&quot;:&quot;classic&quot;}\">\n\t\t\t\t<div class=\"elementor-element elementor-element-31dbf56c elementor-widget elementor-widget-heading\" data-id=\"31dbf56c\" data-element_type=\"widget\" data-widget_type=\"heading.default\">\n\t\t\t\t<div class=\"elementor-widget-container\">\n\t\t\t\t\t<p class=\"elementor-heading-title elementor-size-default\">7035<\/p>\t\t\t\t<\/div>\n\t\t\t\t<\/div>\n\t\t\t\t<\/div>\n\t\t<div class=\"elementor-element elementor-element-302a6e76 e-con-full e-flex e-con e-child\" data-id=\"302a6e76\" data-element_type=\"container\">\n\t\t\t\t<div class=\"elementor-element elementor-element-3f12e35c elementor-widget elementor-widget-heading\" data-id=\"3f12e35c\" data-element_type=\"widget\" data-widget_type=\"heading.default\">\n\t\t\t\t<div class=\"elementor-widget-container\">\n\t\t\t\t\t<p class=\"elementor-heading-title elementor-size-default\">120x50x220<\/p>\t\t\t\t<\/div>\n\t\t\t\t<\/div>\n\t\t\t\t<\/div>\n\t\t\t\t<\/div>\n\t\t\t\t<\/div>\n\t\t\t\t\t<\/div>\n\t\t\t\t<\/div>\n\t\t\t\t<\/div>\n\t\t\t\t<\/div>\n\t\t","protected":false},"excerpt":{"rendered":"<p>Mocowanie do \u015bciany\/do pod\u0142ogi SAS 130, ma\u0142e SAS130.500 \u015acienny Uchwyt Monta\u017cowy oferuje bezproblemow\u0105 \u0142\u0105czno\u015b\u0107 zar\u00f3wno z powierzchniami pionowymi, jak i poziomymi. Zosta\u0142 specjalnie zaprojektowany do konfiguracji o wysokich wymaganiach dotycz\u0105cych obci\u0105\u017cenia i jest przeznaczony do montowanych po\u0142\u0105cze\u0144. Kod Produktu Opis SAS.130.500 Mocowanie do \u015bciany\/do pod\u0142ogi SAS 130, ma\u0142e Waga(gr) Kod RAL Wymiary Opakowania 1000 7035 [&hellip;]<\/p>\n","protected":false},"featured_media":1760,"template":"","meta":[],"product_brand":[],"product_cat":[77,100],"product_tag":[],"class_list":{"0":"post-2703","1":"product","2":"type-product","3":"status-publish","4":"has-post-thumbnail","6":"product_cat-sas-130-pl","7":"product_cat-sas-130-systemy-ramienia-nosnego","9":"first","10":"instock","11":"shipping-taxable","12":"product-type-simple"},"_links":{"self":[{"href":"https:\/\/supportarmsystem.com\/pl\/wp-json\/wp\/v2\/product\/2703","targetHints":{"allow":["GET"]}}],"collection":[{"href":"https:\/\/supportarmsystem.com\/pl\/wp-json\/wp\/v2\/product"}],"about":[{"href":"https:\/\/supportarmsystem.com\/pl\/wp-json\/wp\/v2\/types\/product"}],"version-history":[{"count":1,"href":"https:\/\/supportarmsystem.com\/pl\/wp-json\/wp\/v2\/product\/2703\/revisions"}],"predecessor-version":[{"id":2704,"href":"https:\/\/supportarmsystem.com\/pl\/wp-json\/wp\/v2\/product\/2703\/revisions\/2704"}],"wp:featuredmedia":[{"embeddable":true,"href":"https:\/\/supportarmsystem.com\/pl\/wp-json\/wp\/v2\/media\/1760"}],"wp:attachment":[{"href":"https:\/\/supportarmsystem.com\/pl\/wp-json\/wp\/v2\/media?parent=2703"}],"wp:term":[{"taxonomy":"product_brand","embeddable":true,"href":"https:\/\/supportarmsystem.com\/pl\/wp-json\/wp\/v2\/product_brand?post=2703"},{"taxonomy":"product_cat","embeddable":true,"href":"https:\/\/supportarmsystem.com\/pl\/wp-json\/wp\/v2\/product_cat?post=2703"},{"taxonomy":"product_tag","embeddable":true,"href":"https:\/\/supportarmsystem.com\/pl\/wp-json\/wp\/v2\/product_tag?post=2703"}],"curies":[{"name":"wp","href":"https:\/\/api.w.org\/{rel}","templated":true}]}}