{"id":2591,"date":"2024-12-08T22:03:36","date_gmt":"2024-12-08T22:03:36","guid":{"rendered":"https:\/\/supportarmsystem.com\/urun\/sas-090-025\/"},"modified":"2024-12-11T18:32:24","modified_gmt":"2024-12-11T18:32:24","slug":"sas-090-025","status":"publish","type":"product","link":"https:\/\/supportarmsystem.com\/pl\/urun\/sas-090-025\/","title":{"rendered":"SAS-090.025"},"content":{"rendered":"\t\t<div data-elementor-type=\"product-post\" data-elementor-id=\"2591\" class=\"elementor elementor-2591 elementor-1055\" data-elementor-post-type=\"product\">\n\t\t\t\t<div class=\"elementor-element elementor-element-2ad1734b e-con-full e-flex e-con e-parent\" data-id=\"2ad1734b\" data-element_type=\"container\">\n\t\t\t\t<div class=\"elementor-element elementor-element-46eb7ea7 elementor-widget elementor-widget-heading\" data-id=\"46eb7ea7\" data-element_type=\"widget\" data-widget_type=\"heading.default\">\n\t\t\t\t<div class=\"elementor-widget-container\">\n\t\t\t\t\t<h4 class=\"elementor-heading-title elementor-size-default\">SAS090 PROFIL-250 MM<\/h4>\t\t\t\t<\/div>\n\t\t\t\t<\/div>\n\t\t\t\t<div class=\"elementor-element elementor-element-1904b58d elementor-widget elementor-widget-text-editor\" data-id=\"1904b58d\" data-element_type=\"widget\" data-widget_type=\"text-editor.default\">\n\t\t\t\t<div class=\"elementor-widget-container\">\n\t\t\t\t\t\t\t\t\t<p>Here\u2019s the translation to Polish:<\/p>\n<p>KS.050.01 Sto\u0142y kioskowe s\u0105 zaprojektowane do sytuacji, w kt\u00f3rych ramiona operatora s\u0105 niewystarczaj\u0105ce w ograniczonej przestrzeni lub gdy panel steruj\u0105cy musi by\u0107 cz\u0119sto przenoszony. Sto\u0142y kioskowe, dost\u0119pne w dw\u00f3ch modelach \u2014 zamocowanych na sta\u0142e do pod\u0142ogi oraz na k\u00f3\u0142kach \u2014 zapewniaj\u0105 odpowiedni\u0105 platform\u0119 po\u0142\u0105czeniow\u0105 dla ramion operatora. Ten produkt jest kompatybilny tylko z modu\u0142em SAS.050.500.<\/p>\n\t\t\t\t\t\t\t\t<\/div>\n\t\t\t\t<\/div>\n\t\t<div class=\"elementor-element elementor-element-52ec7cdd e-flex e-con-boxed e-con e-child\" data-id=\"52ec7cdd\" data-element_type=\"container\">\n\t\t\t\t\t<div class=\"e-con-inner\">\n\t\t<div class=\"elementor-element elementor-element-28b75ead e-con-full e-flex e-con e-child\" data-id=\"28b75ead\" data-element_type=\"container\">\n\t\t<div class=\"elementor-element elementor-element-12b7fe24 e-con-full e-flex e-con e-child\" data-id=\"12b7fe24\" data-element_type=\"container\" data-settings=\"{&quot;background_background&quot;:&quot;classic&quot;}\">\n\t\t<div class=\"elementor-element elementor-element-29ad774 e-con-full e-flex e-con e-child\" data-id=\"29ad774\" data-element_type=\"container\">\n\t\t\t\t<div class=\"elementor-element elementor-element-43230b2b elementor-widget elementor-widget-heading\" data-id=\"43230b2b\" data-element_type=\"widget\" data-widget_type=\"heading.default\">\n\t\t\t\t<div class=\"elementor-widget-container\">\n\t\t\t\t\t<p class=\"elementor-heading-title elementor-size-default\">Kod Produktu<\/p>\t\t\t\t<\/div>\n\t\t\t\t<\/div>\n\t\t\t\t<\/div>\n\t\t<div class=\"elementor-element elementor-element-676b208c e-con-full e-flex e-con e-child\" data-id=\"676b208c\" data-element_type=\"container\">\n\t\t\t\t<div class=\"elementor-element elementor-element-28e56105 elementor-widget elementor-widget-heading\" data-id=\"28e56105\" data-element_type=\"widget\" data-widget_type=\"heading.default\">\n\t\t\t\t<div class=\"elementor-widget-container\">\n\t\t\t\t\t<p class=\"elementor-heading-title elementor-size-default\">Opis<\/p>\t\t\t\t<\/div>\n\t\t\t\t<\/div>\n\t\t\t\t<\/div>\n\t\t<div class=\"elementor-element elementor-element-2eba7bcf e-con-full e-flex e-con e-child\" data-id=\"2eba7bcf\" data-element_type=\"container\">\n\t\t\t\t<div class=\"elementor-element elementor-element-a0554b0 elementor-widget elementor-widget-heading\" data-id=\"a0554b0\" data-element_type=\"widget\" data-widget_type=\"heading.default\">\n\t\t\t\t<div class=\"elementor-widget-container\">\n\t\t\t\t\t<p class=\"elementor-heading-title elementor-size-default\">D\u0142ugo\u015b\u0107(mm)\t<\/p>\t\t\t\t<\/div>\n\t\t\t\t<\/div>\n\t\t\t\t<\/div>\n\t\t\t\t<\/div>\n\t\t<div class=\"elementor-element elementor-element-eecfbd5 e-con-full e-flex e-con e-child\" data-id=\"eecfbd5\" data-element_type=\"container\" data-settings=\"{&quot;background_background&quot;:&quot;classic&quot;}\">\n\t\t<div class=\"elementor-element elementor-element-6e2d9f3b e-con-full e-flex e-con e-child\" data-id=\"6e2d9f3b\" data-element_type=\"container\" data-settings=\"{&quot;background_background&quot;:&quot;classic&quot;}\">\n\t\t\t\t<div class=\"elementor-element elementor-element-76884fa1 elementor-widget elementor-widget-heading\" data-id=\"76884fa1\" data-element_type=\"widget\" data-widget_type=\"heading.default\">\n\t\t\t\t<div class=\"elementor-widget-container\">\n\t\t\t\t\t<p class=\"elementor-heading-title elementor-size-default\">SAS-090.025<\/p>\t\t\t\t<\/div>\n\t\t\t\t<\/div>\n\t\t\t\t<\/div>\n\t\t<div class=\"elementor-element elementor-element-608bbc3e e-con-full e-flex e-con e-child\" data-id=\"608bbc3e\" data-element_type=\"container\" data-settings=\"{&quot;background_background&quot;:&quot;classic&quot;}\">\n\t\t\t\t<div class=\"elementor-element elementor-element-a7d6b54 elementor-widget elementor-widget-heading\" data-id=\"a7d6b54\" data-element_type=\"widget\" data-widget_type=\"heading.default\">\n\t\t\t\t<div class=\"elementor-widget-container\">\n\t\t\t\t\t<p class=\"elementor-heading-title elementor-size-default\">SAS090 PROFIL-250 MM<\/p>\t\t\t\t<\/div>\n\t\t\t\t<\/div>\n\t\t\t\t<\/div>\n\t\t<div class=\"elementor-element elementor-element-c6ff781 e-con-full e-flex e-con e-child\" data-id=\"c6ff781\" data-element_type=\"container\">\n\t\t\t\t<div class=\"elementor-element elementor-element-5f2ea3d6 elementor-widget elementor-widget-heading\" data-id=\"5f2ea3d6\" data-element_type=\"widget\" data-widget_type=\"heading.default\">\n\t\t\t\t<div class=\"elementor-widget-container\">\n\t\t\t\t\t<p class=\"elementor-heading-title elementor-size-default\">250<\/p>\t\t\t\t<\/div>\n\t\t\t\t<\/div>\n\t\t\t\t<\/div>\n\t\t\t\t<\/div>\n\t\t\t\t<\/div>\n\t\t<div class=\"elementor-element elementor-element-5571726d e-con-full e-flex e-con e-child\" data-id=\"5571726d\" data-element_type=\"container\">\n\t\t<div class=\"elementor-element elementor-element-19513a36 e-con-full e-flex e-con e-child\" data-id=\"19513a36\" data-element_type=\"container\" data-settings=\"{&quot;background_background&quot;:&quot;classic&quot;}\">\n\t\t<div class=\"elementor-element elementor-element-43747ba2 e-con-full e-flex e-con e-child\" data-id=\"43747ba2\" data-element_type=\"container\">\n\t\t\t\t<div class=\"elementor-element elementor-element-41f4bf6f elementor-widget elementor-widget-heading\" data-id=\"41f4bf6f\" data-element_type=\"widget\" data-widget_type=\"heading.default\">\n\t\t\t\t<div class=\"elementor-widget-container\">\n\t\t\t\t\t<p class=\"elementor-heading-title elementor-size-default\">Waga(gr)<\/p>\t\t\t\t<\/div>\n\t\t\t\t<\/div>\n\t\t\t\t<\/div>\n\t\t<div class=\"elementor-element elementor-element-18a8e5ec e-con-full e-flex e-con e-child\" data-id=\"18a8e5ec\" data-element_type=\"container\">\n\t\t\t\t<div class=\"elementor-element elementor-element-5e25ed12 elementor-widget elementor-widget-heading\" data-id=\"5e25ed12\" data-element_type=\"widget\" data-widget_type=\"heading.default\">\n\t\t\t\t<div class=\"elementor-widget-container\">\n\t\t\t\t\t<p class=\"elementor-heading-title elementor-size-default\">Kod RAL<\/p>\t\t\t\t<\/div>\n\t\t\t\t<\/div>\n\t\t\t\t<\/div>\n\t\t<div class=\"elementor-element elementor-element-52d10e8b e-con-full e-flex e-con e-child\" data-id=\"52d10e8b\" data-element_type=\"container\">\n\t\t\t\t<div class=\"elementor-element elementor-element-33fdba50 elementor-widget elementor-widget-heading\" data-id=\"33fdba50\" data-element_type=\"widget\" data-widget_type=\"heading.default\">\n\t\t\t\t<div class=\"elementor-widget-container\">\n\t\t\t\t\t<p class=\"elementor-heading-title elementor-size-default\">Wymiary Opakowania<\/p>\t\t\t\t<\/div>\n\t\t\t\t<\/div>\n\t\t\t\t<\/div>\n\t\t\t\t<\/div>\n\t\t<div class=\"elementor-element elementor-element-5e254129 e-con-full e-flex e-con e-child\" data-id=\"5e254129\" data-element_type=\"container\" data-settings=\"{&quot;background_background&quot;:&quot;classic&quot;}\">\n\t\t<div class=\"elementor-element elementor-element-2022df37 e-con-full e-flex e-con e-child\" data-id=\"2022df37\" data-element_type=\"container\" data-settings=\"{&quot;background_background&quot;:&quot;classic&quot;}\">\n\t\t\t\t<div class=\"elementor-element elementor-element-66e8b1e3 elementor-widget elementor-widget-heading\" data-id=\"66e8b1e3\" data-element_type=\"widget\" data-widget_type=\"heading.default\">\n\t\t\t\t<div class=\"elementor-widget-container\">\n\t\t\t\t\t<p class=\"elementor-heading-title elementor-size-default\">900<\/p>\t\t\t\t<\/div>\n\t\t\t\t<\/div>\n\t\t\t\t<\/div>\n\t\t<div class=\"elementor-element elementor-element-7b77b0db e-con-full e-flex e-con e-child\" data-id=\"7b77b0db\" data-element_type=\"container\" data-settings=\"{&quot;background_background&quot;:&quot;classic&quot;}\">\n\t\t\t\t<div class=\"elementor-element elementor-element-5eac1b6d elementor-widget elementor-widget-heading\" data-id=\"5eac1b6d\" data-element_type=\"widget\" data-widget_type=\"heading.default\">\n\t\t\t\t<div class=\"elementor-widget-container\">\n\t\t\t\t\t<p class=\"elementor-heading-title elementor-size-default\">7035<\/p>\t\t\t\t<\/div>\n\t\t\t\t<\/div>\n\t\t\t\t<\/div>\n\t\t<div class=\"elementor-element elementor-element-4a5c05e0 e-con-full e-flex e-con e-child\" data-id=\"4a5c05e0\" data-element_type=\"container\">\n\t\t\t\t<div class=\"elementor-element elementor-element-3d49fa04 elementor-widget elementor-widget-heading\" data-id=\"3d49fa04\" data-element_type=\"widget\" data-widget_type=\"heading.default\">\n\t\t\t\t<div class=\"elementor-widget-container\">\n\t\t\t\t\t<p class=\"elementor-heading-title elementor-size-default\">65x100x260<\/p>\t\t\t\t<\/div>\n\t\t\t\t<\/div>\n\t\t\t\t<\/div>\n\t\t\t\t<\/div>\n\t\t\t\t<\/div>\n\t\t\t\t\t<\/div>\n\t\t\t\t<\/div>\n\t\t\t\t<\/div>\n\t\t\t\t<\/div>\n\t\t","protected":false},"excerpt":{"rendered":"<p>SAS090 PROFIL-250 MM Here\u2019s the translation to Polish: KS.050.01 Sto\u0142y kioskowe s\u0105 zaprojektowane do sytuacji, w kt\u00f3rych ramiona operatora s\u0105 niewystarczaj\u0105ce w ograniczonej przestrzeni lub gdy panel steruj\u0105cy musi by\u0107 cz\u0119sto przenoszony. Sto\u0142y kioskowe, dost\u0119pne w dw\u00f3ch modelach \u2014 zamocowanych na sta\u0142e do pod\u0142ogi oraz na k\u00f3\u0142kach \u2014 zapewniaj\u0105 odpowiedni\u0105 platform\u0119 po\u0142\u0105czeniow\u0105 dla ramion operatora. [&hellip;]<\/p>\n","protected":false},"featured_media":1061,"template":"","meta":[],"product_brand":[],"product_cat":[100],"product_tag":[],"class_list":{"0":"post-2591","1":"product","2":"type-product","3":"status-publish","4":"has-post-thumbnail","6":"product_cat-sas-130-systemy-ramienia-nosnego","8":"first","9":"instock","10":"shipping-taxable","11":"product-type-simple"},"_links":{"self":[{"href":"https:\/\/supportarmsystem.com\/pl\/wp-json\/wp\/v2\/product\/2591","targetHints":{"allow":["GET"]}}],"collection":[{"href":"https:\/\/supportarmsystem.com\/pl\/wp-json\/wp\/v2\/product"}],"about":[{"href":"https:\/\/supportarmsystem.com\/pl\/wp-json\/wp\/v2\/types\/product"}],"version-history":[{"count":1,"href":"https:\/\/supportarmsystem.com\/pl\/wp-json\/wp\/v2\/product\/2591\/revisions"}],"predecessor-version":[{"id":2592,"href":"https:\/\/supportarmsystem.com\/pl\/wp-json\/wp\/v2\/product\/2591\/revisions\/2592"}],"wp:featuredmedia":[{"embeddable":true,"href":"https:\/\/supportarmsystem.com\/pl\/wp-json\/wp\/v2\/media\/1061"}],"wp:attachment":[{"href":"https:\/\/supportarmsystem.com\/pl\/wp-json\/wp\/v2\/media?parent=2591"}],"wp:term":[{"taxonomy":"product_brand","embeddable":true,"href":"https:\/\/supportarmsystem.com\/pl\/wp-json\/wp\/v2\/product_brand?post=2591"},{"taxonomy":"product_cat","embeddable":true,"href":"https:\/\/supportarmsystem.com\/pl\/wp-json\/wp\/v2\/product_cat?post=2591"},{"taxonomy":"product_tag","embeddable":true,"href":"https:\/\/supportarmsystem.com\/pl\/wp-json\/wp\/v2\/product_tag?post=2591"}],"curies":[{"name":"wp","href":"https:\/\/api.w.org\/{rel}","templated":true}]}}