{"id":2377,"date":"2024-12-09T18:42:44","date_gmt":"2024-12-09T18:42:44","guid":{"rendered":"https:\/\/supportarmsystem.com\/urun\/s-s-ergo-150\/"},"modified":"2024-12-11T18:15:43","modified_gmt":"2024-12-11T18:15:43","slug":"s-s-ergo-150","status":"publish","type":"product","link":"https:\/\/supportarmsystem.com\/pl\/urun\/s-s-ergo-150\/","title":{"rendered":"S.S.ERGO.150"},"content":{"rendered":"\t\t<div data-elementor-type=\"product-post\" data-elementor-id=\"2377\" class=\"elementor elementor-2377 elementor-2047\" data-elementor-post-type=\"product\">\n\t\t\t\t<div class=\"elementor-element elementor-element-e9d54a8 e-con-full e-flex e-con e-parent\" data-id=\"e9d54a8\" data-element_type=\"container\">\n\t\t\t\t<div class=\"elementor-element elementor-element-378efe82 elementor-widget elementor-widget-heading\" data-id=\"378efe82\" data-element_type=\"widget\" data-widget_type=\"heading.default\">\n\t\t\t\t<div class=\"elementor-widget-container\">\n\t\t\t\t\t<h4 class=\"elementor-heading-title elementor-size-default\">Panel sterowania ze stali nierdzewnej<\/h4>\t\t\t\t<\/div>\n\t\t\t\t<\/div>\n\t\t\t\t<div class=\"elementor-element elementor-element-4e5a5aec elementor-widget elementor-widget-text-editor\" data-id=\"4e5a5aec\" data-element_type=\"widget\" data-widget_type=\"text-editor.default\">\n\t\t\t\t<div class=\"elementor-widget-container\">\n\t\t\t\t\t\t\t\t\t<p><strong>Zalety<\/strong><\/p>\n<p>\u2022 Bezproblemowa instalacja komponent\u00f3w jest u\u0142atwiona<br \/>\n\u2022 Zapewnia si\u0142\u0119, trwa\u0142o\u015b\u0107 i d\u0142ugowieczno\u015b\u0107.<br \/>\n\u2022 Osi\u0105ga ochron\u0119 IP66 dzi\u0119ki wtryskiwanej uszczelce na pokrywie.<br \/>\n\u2022 Oferuje mo\u017cliwo\u015b\u0107 produkcji ze stali nierdzewnej A316L dla zwi\u0119kszonej odporno\u015bci na korozj\u0119.<br \/>\n\u2022 Umo\u017cliwia wysok\u0105 mobilno\u015b\u0107 dzi\u0119ki systemowi wsparcia ramienia.<br \/>\n\u2022 Produkcja na zam\u00f3wienie umo\u017cliwia dowolne rozmiary i konfiguracje otwor\u00f3w wymagane do instalacji komponent\u00f3w.<\/p>\n<p><strong>REGULACJE<\/strong><\/p>\n<p>\u2022 Wyprodukowano zgodnie z dyrektyw\u0105 2014\/35\/UE.<br \/>\n\u2022 Wyprodukowano zgodnie z norm\u0105 RoHS.<\/p>\n\t\t\t\t\t\t\t\t<\/div>\n\t\t\t\t<\/div>\n\t\t<div class=\"elementor-element elementor-element-24e6aa1a e-flex e-con-boxed e-con e-child\" data-id=\"24e6aa1a\" data-element_type=\"container\">\n\t\t\t\t\t<div class=\"e-con-inner\">\n\t\t<div class=\"elementor-element elementor-element-4e4b649b e-con-full e-flex e-con e-child\" data-id=\"4e4b649b\" data-element_type=\"container\">\n\t\t<div class=\"elementor-element elementor-element-6b46f821 e-con-full e-flex e-con e-child\" data-id=\"6b46f821\" data-element_type=\"container\" data-settings=\"{&quot;background_background&quot;:&quot;classic&quot;}\">\n\t\t<div class=\"elementor-element elementor-element-a03fd6e e-con-full e-flex e-con e-child\" data-id=\"a03fd6e\" data-element_type=\"container\">\n\t\t\t\t<div class=\"elementor-element elementor-element-11a8a024 elementor-widget elementor-widget-heading\" data-id=\"11a8a024\" data-element_type=\"widget\" data-widget_type=\"heading.default\">\n\t\t\t\t<div class=\"elementor-widget-container\">\n\t\t\t\t\t<p class=\"elementor-heading-title elementor-size-default\">Szeroko\u015b\u0107<\/p>\t\t\t\t<\/div>\n\t\t\t\t<\/div>\n\t\t\t\t<\/div>\n\t\t<div class=\"elementor-element elementor-element-66f0fd5b e-con-full e-flex e-con e-child\" data-id=\"66f0fd5b\" data-element_type=\"container\">\n\t\t\t\t<div class=\"elementor-element elementor-element-36ae71c3 elementor-widget elementor-widget-heading\" data-id=\"36ae71c3\" data-element_type=\"widget\" data-widget_type=\"heading.default\">\n\t\t\t\t<div class=\"elementor-widget-container\">\n\t\t\t\t\t<p class=\"elementor-heading-title elementor-size-default\">Wysoko\u015b\u0107\t<\/p>\t\t\t\t<\/div>\n\t\t\t\t<\/div>\n\t\t\t\t<\/div>\n\t\t<div class=\"elementor-element elementor-element-1347a8a4 e-con-full e-flex e-con e-child\" data-id=\"1347a8a4\" data-element_type=\"container\">\n\t\t\t\t<div class=\"elementor-element elementor-element-32adced7 elementor-widget elementor-widget-heading\" data-id=\"32adced7\" data-element_type=\"widget\" data-widget_type=\"heading.default\">\n\t\t\t\t<div class=\"elementor-widget-container\">\n\t\t\t\t\t<p class=\"elementor-heading-title elementor-size-default\">G\u0142\u0119boko\u015b\u0107<\/p>\t\t\t\t<\/div>\n\t\t\t\t<\/div>\n\t\t\t\t<\/div>\n\t\t<div class=\"elementor-element elementor-element-39df20e5 e-con-full e-flex e-con e-child\" data-id=\"39df20e5\" data-element_type=\"container\">\n\t\t\t\t<div class=\"elementor-element elementor-element-2120a10f elementor-widget elementor-widget-heading\" data-id=\"2120a10f\" data-element_type=\"widget\" data-widget_type=\"heading.default\">\n\t\t\t\t<div class=\"elementor-widget-container\">\n\t\t\t\t\t<p class=\"elementor-heading-title elementor-size-default\">Kod Produktu<\/p>\t\t\t\t<\/div>\n\t\t\t\t<\/div>\n\t\t\t\t<\/div>\n\t\t\t\t<\/div>\n\t\t<div class=\"elementor-element elementor-element-49a1cfc6 e-con-full e-flex e-con e-child\" data-id=\"49a1cfc6\" data-element_type=\"container\" data-settings=\"{&quot;background_background&quot;:&quot;classic&quot;}\">\n\t\t<div class=\"elementor-element elementor-element-3ca26528 e-con-full e-flex e-con e-child\" data-id=\"3ca26528\" data-element_type=\"container\" data-settings=\"{&quot;background_background&quot;:&quot;classic&quot;}\">\n\t\t\t\t<div class=\"elementor-element elementor-element-59b800b4 elementor-widget elementor-widget-heading\" data-id=\"59b800b4\" data-element_type=\"widget\" data-widget_type=\"heading.default\">\n\t\t\t\t<div class=\"elementor-widget-container\">\n\t\t\t\t\t<p class=\"elementor-heading-title elementor-size-default\">300<\/p>\t\t\t\t<\/div>\n\t\t\t\t<\/div>\n\t\t\t\t<\/div>\n\t\t<div class=\"elementor-element elementor-element-a99b9b4 e-con-full e-flex e-con e-child\" data-id=\"a99b9b4\" data-element_type=\"container\" data-settings=\"{&quot;background_background&quot;:&quot;classic&quot;}\">\n\t\t\t\t<div class=\"elementor-element elementor-element-5f4f6d1e elementor-widget elementor-widget-heading\" data-id=\"5f4f6d1e\" data-element_type=\"widget\" data-widget_type=\"heading.default\">\n\t\t\t\t<div class=\"elementor-widget-container\">\n\t\t\t\t\t<p class=\"elementor-heading-title elementor-size-default\">300<\/p>\t\t\t\t<\/div>\n\t\t\t\t<\/div>\n\t\t\t\t<\/div>\n\t\t<div class=\"elementor-element elementor-element-3542fdb6 e-con-full e-flex e-con e-child\" data-id=\"3542fdb6\" data-element_type=\"container\" data-settings=\"{&quot;background_background&quot;:&quot;classic&quot;}\">\n\t\t\t\t<div class=\"elementor-element elementor-element-38519bb9 elementor-widget elementor-widget-heading\" data-id=\"38519bb9\" data-element_type=\"widget\" data-widget_type=\"heading.default\">\n\t\t\t\t<div class=\"elementor-widget-container\">\n\t\t\t\t\t<p class=\"elementor-heading-title elementor-size-default\">150<\/p>\t\t\t\t<\/div>\n\t\t\t\t<\/div>\n\t\t\t\t<\/div>\n\t\t<div class=\"elementor-element elementor-element-5a0e5a7d e-con-full e-flex e-con e-child\" data-id=\"5a0e5a7d\" data-element_type=\"container\">\n\t\t\t\t<div class=\"elementor-element elementor-element-7c81381e elementor-widget elementor-widget-heading\" data-id=\"7c81381e\" data-element_type=\"widget\" data-widget_type=\"heading.default\">\n\t\t\t\t<div class=\"elementor-widget-container\">\n\t\t\t\t\t<p class=\"elementor-heading-title elementor-size-default\">SS.ERGO.3030<\/p>\t\t\t\t<\/div>\n\t\t\t\t<\/div>\n\t\t\t\t<\/div>\n\t\t\t\t<\/div>\n\t\t<div class=\"elementor-element elementor-element-c8e4910 e-con-full e-flex e-con e-child\" data-id=\"c8e4910\" data-element_type=\"container\" data-settings=\"{&quot;background_background&quot;:&quot;classic&quot;}\">\n\t\t<div class=\"elementor-element elementor-element-6dc8819 e-con-full e-flex e-con e-child\" data-id=\"6dc8819\" data-element_type=\"container\" data-settings=\"{&quot;background_background&quot;:&quot;classic&quot;}\">\n\t\t\t\t<div class=\"elementor-element elementor-element-e64df88 elementor-widget elementor-widget-heading\" data-id=\"e64df88\" data-element_type=\"widget\" data-widget_type=\"heading.default\">\n\t\t\t\t<div class=\"elementor-widget-container\">\n\t\t\t\t\t<p class=\"elementor-heading-title elementor-size-default\">300<\/p>\t\t\t\t<\/div>\n\t\t\t\t<\/div>\n\t\t\t\t<\/div>\n\t\t<div class=\"elementor-element elementor-element-06ca211 e-con-full e-flex e-con e-child\" data-id=\"06ca211\" data-element_type=\"container\" data-settings=\"{&quot;background_background&quot;:&quot;classic&quot;}\">\n\t\t\t\t<div class=\"elementor-element elementor-element-6a5cbd1 elementor-widget elementor-widget-heading\" data-id=\"6a5cbd1\" data-element_type=\"widget\" data-widget_type=\"heading.default\">\n\t\t\t\t<div class=\"elementor-widget-container\">\n\t\t\t\t\t<p class=\"elementor-heading-title elementor-size-default\">400<\/p>\t\t\t\t<\/div>\n\t\t\t\t<\/div>\n\t\t\t\t<\/div>\n\t\t<div class=\"elementor-element elementor-element-d462237 e-con-full e-flex e-con e-child\" data-id=\"d462237\" data-element_type=\"container\" data-settings=\"{&quot;background_background&quot;:&quot;classic&quot;}\">\n\t\t\t\t<div class=\"elementor-element elementor-element-18964b4 elementor-widget elementor-widget-heading\" data-id=\"18964b4\" data-element_type=\"widget\" data-widget_type=\"heading.default\">\n\t\t\t\t<div class=\"elementor-widget-container\">\n\t\t\t\t\t<p class=\"elementor-heading-title elementor-size-default\">150<\/p>\t\t\t\t<\/div>\n\t\t\t\t<\/div>\n\t\t\t\t<\/div>\n\t\t<div class=\"elementor-element elementor-element-dd00542 e-con-full e-flex e-con e-child\" data-id=\"dd00542\" data-element_type=\"container\">\n\t\t\t\t<div class=\"elementor-element elementor-element-2626c3c elementor-widget elementor-widget-heading\" data-id=\"2626c3c\" data-element_type=\"widget\" data-widget_type=\"heading.default\">\n\t\t\t\t<div class=\"elementor-widget-container\">\n\t\t\t\t\t<p class=\"elementor-heading-title elementor-size-default\">SS.ERGO.3040<\/p>\t\t\t\t<\/div>\n\t\t\t\t<\/div>\n\t\t\t\t<\/div>\n\t\t\t\t<\/div>\n\t\t<div class=\"elementor-element elementor-element-47292a9 e-con-full e-flex e-con e-child\" data-id=\"47292a9\" data-element_type=\"container\" data-settings=\"{&quot;background_background&quot;:&quot;classic&quot;}\">\n\t\t<div class=\"elementor-element elementor-element-2dd9ec8 e-con-full e-flex e-con e-child\" data-id=\"2dd9ec8\" data-element_type=\"container\" data-settings=\"{&quot;background_background&quot;:&quot;classic&quot;}\">\n\t\t\t\t<div class=\"elementor-element elementor-element-6413481 elementor-widget elementor-widget-heading\" data-id=\"6413481\" data-element_type=\"widget\" data-widget_type=\"heading.default\">\n\t\t\t\t<div class=\"elementor-widget-container\">\n\t\t\t\t\t<p class=\"elementor-heading-title elementor-size-default\">400<\/p>\t\t\t\t<\/div>\n\t\t\t\t<\/div>\n\t\t\t\t<\/div>\n\t\t<div class=\"elementor-element elementor-element-d089333 e-con-full e-flex e-con e-child\" data-id=\"d089333\" data-element_type=\"container\" data-settings=\"{&quot;background_background&quot;:&quot;classic&quot;}\">\n\t\t\t\t<div class=\"elementor-element elementor-element-f0949a8 elementor-widget elementor-widget-heading\" data-id=\"f0949a8\" data-element_type=\"widget\" data-widget_type=\"heading.default\">\n\t\t\t\t<div class=\"elementor-widget-container\">\n\t\t\t\t\t<p class=\"elementor-heading-title elementor-size-default\">400<\/p>\t\t\t\t<\/div>\n\t\t\t\t<\/div>\n\t\t\t\t<\/div>\n\t\t<div class=\"elementor-element elementor-element-013e004 e-con-full e-flex e-con e-child\" data-id=\"013e004\" data-element_type=\"container\" data-settings=\"{&quot;background_background&quot;:&quot;classic&quot;}\">\n\t\t\t\t<div class=\"elementor-element elementor-element-1c8827d elementor-widget elementor-widget-heading\" data-id=\"1c8827d\" data-element_type=\"widget\" data-widget_type=\"heading.default\">\n\t\t\t\t<div class=\"elementor-widget-container\">\n\t\t\t\t\t<p class=\"elementor-heading-title elementor-size-default\">150<\/p>\t\t\t\t<\/div>\n\t\t\t\t<\/div>\n\t\t\t\t<\/div>\n\t\t<div class=\"elementor-element elementor-element-4300c0b e-con-full e-flex e-con e-child\" data-id=\"4300c0b\" data-element_type=\"container\">\n\t\t\t\t<div class=\"elementor-element elementor-element-6222507 elementor-widget elementor-widget-heading\" data-id=\"6222507\" data-element_type=\"widget\" data-widget_type=\"heading.default\">\n\t\t\t\t<div class=\"elementor-widget-container\">\n\t\t\t\t\t<p class=\"elementor-heading-title elementor-size-default\">SS.ERGO.4040<\/p>\t\t\t\t<\/div>\n\t\t\t\t<\/div>\n\t\t\t\t<\/div>\n\t\t\t\t<\/div>\n\t\t<div class=\"elementor-element elementor-element-1780b42 e-con-full e-flex e-con e-child\" data-id=\"1780b42\" data-element_type=\"container\" data-settings=\"{&quot;background_background&quot;:&quot;classic&quot;}\">\n\t\t<div class=\"elementor-element elementor-element-c654bb6 e-con-full e-flex e-con e-child\" data-id=\"c654bb6\" data-element_type=\"container\" data-settings=\"{&quot;background_background&quot;:&quot;classic&quot;}\">\n\t\t\t\t<div class=\"elementor-element elementor-element-2abf45f elementor-widget elementor-widget-heading\" data-id=\"2abf45f\" data-element_type=\"widget\" data-widget_type=\"heading.default\">\n\t\t\t\t<div class=\"elementor-widget-container\">\n\t\t\t\t\t<p class=\"elementor-heading-title elementor-size-default\">400<\/p>\t\t\t\t<\/div>\n\t\t\t\t<\/div>\n\t\t\t\t<\/div>\n\t\t<div class=\"elementor-element elementor-element-b174e4b e-con-full e-flex e-con e-child\" data-id=\"b174e4b\" data-element_type=\"container\" data-settings=\"{&quot;background_background&quot;:&quot;classic&quot;}\">\n\t\t\t\t<div class=\"elementor-element elementor-element-9da3993 elementor-widget elementor-widget-heading\" data-id=\"9da3993\" data-element_type=\"widget\" data-widget_type=\"heading.default\">\n\t\t\t\t<div class=\"elementor-widget-container\">\n\t\t\t\t\t<p class=\"elementor-heading-title elementor-size-default\">500<\/p>\t\t\t\t<\/div>\n\t\t\t\t<\/div>\n\t\t\t\t<\/div>\n\t\t<div class=\"elementor-element elementor-element-212a42a e-con-full e-flex e-con e-child\" data-id=\"212a42a\" data-element_type=\"container\" data-settings=\"{&quot;background_background&quot;:&quot;classic&quot;}\">\n\t\t\t\t<div class=\"elementor-element elementor-element-8c48ba6 elementor-widget elementor-widget-heading\" data-id=\"8c48ba6\" data-element_type=\"widget\" data-widget_type=\"heading.default\">\n\t\t\t\t<div class=\"elementor-widget-container\">\n\t\t\t\t\t<p class=\"elementor-heading-title elementor-size-default\">150<\/p>\t\t\t\t<\/div>\n\t\t\t\t<\/div>\n\t\t\t\t<\/div>\n\t\t<div class=\"elementor-element elementor-element-42106fd e-con-full e-flex e-con e-child\" data-id=\"42106fd\" data-element_type=\"container\">\n\t\t\t\t<div class=\"elementor-element elementor-element-1bec61a elementor-widget elementor-widget-heading\" data-id=\"1bec61a\" data-element_type=\"widget\" data-widget_type=\"heading.default\">\n\t\t\t\t<div class=\"elementor-widget-container\">\n\t\t\t\t\t<p class=\"elementor-heading-title elementor-size-default\">SS.ERGO.4050<\/p>\t\t\t\t<\/div>\n\t\t\t\t<\/div>\n\t\t\t\t<\/div>\n\t\t\t\t<\/div>\n\t\t<div class=\"elementor-element elementor-element-9390e4e e-con-full e-flex e-con e-child\" data-id=\"9390e4e\" data-element_type=\"container\" data-settings=\"{&quot;background_background&quot;:&quot;classic&quot;}\">\n\t\t<div class=\"elementor-element elementor-element-b543d9b e-con-full e-flex e-con e-child\" data-id=\"b543d9b\" data-element_type=\"container\" data-settings=\"{&quot;background_background&quot;:&quot;classic&quot;}\">\n\t\t\t\t<div class=\"elementor-element elementor-element-9d94af7 elementor-widget elementor-widget-heading\" data-id=\"9d94af7\" data-element_type=\"widget\" data-widget_type=\"heading.default\">\n\t\t\t\t<div class=\"elementor-widget-container\">\n\t\t\t\t\t<p class=\"elementor-heading-title elementor-size-default\">500<\/p>\t\t\t\t<\/div>\n\t\t\t\t<\/div>\n\t\t\t\t<\/div>\n\t\t<div class=\"elementor-element elementor-element-2d70800 e-con-full e-flex e-con e-child\" data-id=\"2d70800\" data-element_type=\"container\" data-settings=\"{&quot;background_background&quot;:&quot;classic&quot;}\">\n\t\t\t\t<div class=\"elementor-element elementor-element-514945c elementor-widget elementor-widget-heading\" data-id=\"514945c\" data-element_type=\"widget\" data-widget_type=\"heading.default\">\n\t\t\t\t<div class=\"elementor-widget-container\">\n\t\t\t\t\t<p class=\"elementor-heading-title elementor-size-default\">500<\/p>\t\t\t\t<\/div>\n\t\t\t\t<\/div>\n\t\t\t\t<\/div>\n\t\t<div class=\"elementor-element elementor-element-f4c0b31 e-con-full e-flex e-con e-child\" data-id=\"f4c0b31\" data-element_type=\"container\" data-settings=\"{&quot;background_background&quot;:&quot;classic&quot;}\">\n\t\t\t\t<div class=\"elementor-element elementor-element-e330828 elementor-widget elementor-widget-heading\" data-id=\"e330828\" data-element_type=\"widget\" data-widget_type=\"heading.default\">\n\t\t\t\t<div class=\"elementor-widget-container\">\n\t\t\t\t\t<p class=\"elementor-heading-title elementor-size-default\">150<\/p>\t\t\t\t<\/div>\n\t\t\t\t<\/div>\n\t\t\t\t<\/div>\n\t\t<div class=\"elementor-element elementor-element-a08d936 e-con-full e-flex e-con e-child\" data-id=\"a08d936\" data-element_type=\"container\">\n\t\t\t\t<div class=\"elementor-element elementor-element-13cc88a elementor-widget elementor-widget-heading\" data-id=\"13cc88a\" data-element_type=\"widget\" data-widget_type=\"heading.default\">\n\t\t\t\t<div class=\"elementor-widget-container\">\n\t\t\t\t\t<p class=\"elementor-heading-title elementor-size-default\">SS.ERGO.5050<\/p>\t\t\t\t<\/div>\n\t\t\t\t<\/div>\n\t\t\t\t<\/div>\n\t\t\t\t<\/div>\n\t\t<div class=\"elementor-element elementor-element-eaab4af e-con-full e-flex e-con e-child\" data-id=\"eaab4af\" data-element_type=\"container\" data-settings=\"{&quot;background_background&quot;:&quot;classic&quot;}\">\n\t\t<div class=\"elementor-element elementor-element-bd8b6ba e-con-full e-flex e-con e-child\" data-id=\"bd8b6ba\" data-element_type=\"container\" data-settings=\"{&quot;background_background&quot;:&quot;classic&quot;}\">\n\t\t\t\t<div class=\"elementor-element elementor-element-345880c elementor-widget elementor-widget-heading\" data-id=\"345880c\" data-element_type=\"widget\" data-widget_type=\"heading.default\">\n\t\t\t\t<div class=\"elementor-widget-container\">\n\t\t\t\t\t<p class=\"elementor-heading-title elementor-size-default\">500<\/p>\t\t\t\t<\/div>\n\t\t\t\t<\/div>\n\t\t\t\t<\/div>\n\t\t<div class=\"elementor-element elementor-element-f59fdaf e-con-full e-flex e-con e-child\" data-id=\"f59fdaf\" data-element_type=\"container\" data-settings=\"{&quot;background_background&quot;:&quot;classic&quot;}\">\n\t\t\t\t<div class=\"elementor-element elementor-element-a201c6c elementor-widget elementor-widget-heading\" data-id=\"a201c6c\" data-element_type=\"widget\" data-widget_type=\"heading.default\">\n\t\t\t\t<div class=\"elementor-widget-container\">\n\t\t\t\t\t<p class=\"elementor-heading-title elementor-size-default\">600<\/p>\t\t\t\t<\/div>\n\t\t\t\t<\/div>\n\t\t\t\t<\/div>\n\t\t<div class=\"elementor-element elementor-element-691a307 e-con-full e-flex e-con e-child\" data-id=\"691a307\" data-element_type=\"container\" data-settings=\"{&quot;background_background&quot;:&quot;classic&quot;}\">\n\t\t\t\t<div class=\"elementor-element elementor-element-3a5fe5e elementor-widget elementor-widget-heading\" data-id=\"3a5fe5e\" data-element_type=\"widget\" data-widget_type=\"heading.default\">\n\t\t\t\t<div class=\"elementor-widget-container\">\n\t\t\t\t\t<p class=\"elementor-heading-title elementor-size-default\">150<\/p>\t\t\t\t<\/div>\n\t\t\t\t<\/div>\n\t\t\t\t<\/div>\n\t\t<div class=\"elementor-element elementor-element-dcbbfd1 e-con-full e-flex e-con e-child\" data-id=\"dcbbfd1\" data-element_type=\"container\">\n\t\t\t\t<div class=\"elementor-element elementor-element-171e4de elementor-widget elementor-widget-heading\" data-id=\"171e4de\" data-element_type=\"widget\" data-widget_type=\"heading.default\">\n\t\t\t\t<div class=\"elementor-widget-container\">\n\t\t\t\t\t<p class=\"elementor-heading-title elementor-size-default\">SS.ERGO.5060<\/p>\t\t\t\t<\/div>\n\t\t\t\t<\/div>\n\t\t\t\t<\/div>\n\t\t\t\t<\/div>\n\t\t<div class=\"elementor-element elementor-element-3272ecf e-con-full e-flex e-con e-child\" data-id=\"3272ecf\" data-element_type=\"container\" data-settings=\"{&quot;background_background&quot;:&quot;classic&quot;}\">\n\t\t<div class=\"elementor-element elementor-element-6f06700 e-con-full e-flex e-con e-child\" data-id=\"6f06700\" data-element_type=\"container\" data-settings=\"{&quot;background_background&quot;:&quot;classic&quot;}\">\n\t\t\t\t<div class=\"elementor-element elementor-element-e599477 elementor-widget elementor-widget-heading\" data-id=\"e599477\" data-element_type=\"widget\" data-widget_type=\"heading.default\">\n\t\t\t\t<div class=\"elementor-widget-container\">\n\t\t\t\t\t<p class=\"elementor-heading-title elementor-size-default\">600<\/p>\t\t\t\t<\/div>\n\t\t\t\t<\/div>\n\t\t\t\t<\/div>\n\t\t<div class=\"elementor-element elementor-element-a7b5745 e-con-full e-flex e-con e-child\" data-id=\"a7b5745\" data-element_type=\"container\" data-settings=\"{&quot;background_background&quot;:&quot;classic&quot;}\">\n\t\t\t\t<div class=\"elementor-element elementor-element-3c498af elementor-widget elementor-widget-heading\" data-id=\"3c498af\" data-element_type=\"widget\" data-widget_type=\"heading.default\">\n\t\t\t\t<div class=\"elementor-widget-container\">\n\t\t\t\t\t<p class=\"elementor-heading-title elementor-size-default\">600<\/p>\t\t\t\t<\/div>\n\t\t\t\t<\/div>\n\t\t\t\t<\/div>\n\t\t<div class=\"elementor-element elementor-element-3dae094 e-con-full e-flex e-con e-child\" data-id=\"3dae094\" data-element_type=\"container\" data-settings=\"{&quot;background_background&quot;:&quot;classic&quot;}\">\n\t\t\t\t<div class=\"elementor-element elementor-element-d22b73a elementor-widget elementor-widget-heading\" data-id=\"d22b73a\" data-element_type=\"widget\" data-widget_type=\"heading.default\">\n\t\t\t\t<div class=\"elementor-widget-container\">\n\t\t\t\t\t<p class=\"elementor-heading-title elementor-size-default\">150<\/p>\t\t\t\t<\/div>\n\t\t\t\t<\/div>\n\t\t\t\t<\/div>\n\t\t<div class=\"elementor-element elementor-element-856a2ed e-con-full e-flex e-con e-child\" data-id=\"856a2ed\" data-element_type=\"container\">\n\t\t\t\t<div class=\"elementor-element elementor-element-26dc9ce elementor-widget elementor-widget-heading\" data-id=\"26dc9ce\" data-element_type=\"widget\" data-widget_type=\"heading.default\">\n\t\t\t\t<div class=\"elementor-widget-container\">\n\t\t\t\t\t<p class=\"elementor-heading-title elementor-size-default\">SS.ERGO.6060<\/p>\t\t\t\t<\/div>\n\t\t\t\t<\/div>\n\t\t\t\t<\/div>\n\t\t\t\t<\/div>\n\t\t\t\t<\/div>\n\t\t\t\t\t<\/div>\n\t\t\t\t<\/div>\n\t\t\t\t<\/div>\n\t\t\t\t<\/div>\n\t\t","protected":false},"excerpt":{"rendered":"<p>Panel sterowania ze stali nierdzewnej Zalety \u2022 Bezproblemowa instalacja komponent\u00f3w jest u\u0142atwiona \u2022 Zapewnia si\u0142\u0119, trwa\u0142o\u015b\u0107 i d\u0142ugowieczno\u015b\u0107. \u2022 Osi\u0105ga ochron\u0119 IP66 dzi\u0119ki wtryskiwanej uszczelce na pokrywie. \u2022 Oferuje mo\u017cliwo\u015b\u0107 produkcji ze stali nierdzewnej A316L dla zwi\u0119kszonej odporno\u015bci na korozj\u0119. \u2022 Umo\u017cliwia wysok\u0105 mobilno\u015b\u0107 dzi\u0119ki systemowi wsparcia ramienia. \u2022 Produkcja na zam\u00f3wienie umo\u017cliwia dowolne rozmiary [&hellip;]<\/p>\n","protected":false},"featured_media":2053,"template":"","meta":[],"product_brand":[],"product_cat":[88,89],"product_tag":[],"class_list":{"0":"post-2377","1":"product","2":"type-product","3":"status-publish","4":"has-post-thumbnail","6":"product_cat-panel-sterujacy-ze-stali-nierdzewnej","7":"product_cat-ss-ergo-150-pl","9":"first","10":"instock","11":"shipping-taxable","12":"product-type-simple"},"_links":{"self":[{"href":"https:\/\/supportarmsystem.com\/pl\/wp-json\/wp\/v2\/product\/2377","targetHints":{"allow":["GET"]}}],"collection":[{"href":"https:\/\/supportarmsystem.com\/pl\/wp-json\/wp\/v2\/product"}],"about":[{"href":"https:\/\/supportarmsystem.com\/pl\/wp-json\/wp\/v2\/types\/product"}],"version-history":[{"count":1,"href":"https:\/\/supportarmsystem.com\/pl\/wp-json\/wp\/v2\/product\/2377\/revisions"}],"predecessor-version":[{"id":2378,"href":"https:\/\/supportarmsystem.com\/pl\/wp-json\/wp\/v2\/product\/2377\/revisions\/2378"}],"wp:featuredmedia":[{"embeddable":true,"href":"https:\/\/supportarmsystem.com\/pl\/wp-json\/wp\/v2\/media\/2053"}],"wp:attachment":[{"href":"https:\/\/supportarmsystem.com\/pl\/wp-json\/wp\/v2\/media?parent=2377"}],"wp:term":[{"taxonomy":"product_brand","embeddable":true,"href":"https:\/\/supportarmsystem.com\/pl\/wp-json\/wp\/v2\/product_brand?post=2377"},{"taxonomy":"product_cat","embeddable":true,"href":"https:\/\/supportarmsystem.com\/pl\/wp-json\/wp\/v2\/product_cat?post=2377"},{"taxonomy":"product_tag","embeddable":true,"href":"https:\/\/supportarmsystem.com\/pl\/wp-json\/wp\/v2\/product_tag?post=2377"}],"curies":[{"name":"wp","href":"https:\/\/api.w.org\/{rel}","templated":true}]}}