{"id":2309,"date":"2024-12-09T17:00:28","date_gmt":"2024-12-09T17:00:28","guid":{"rendered":"https:\/\/supportarmsystem.com\/urun\/ss-501\/"},"modified":"2024-12-11T18:17:14","modified_gmt":"2024-12-11T18:17:14","slug":"ss-501","status":"publish","type":"product","link":"https:\/\/supportarmsystem.com\/pl\/urun\/ss-501\/","title":{"rendered":"SS.501"},"content":{"rendered":"\t\t<div data-elementor-type=\"product-post\" data-elementor-id=\"2309\" class=\"elementor elementor-2309 elementor-1957\" data-elementor-post-type=\"product\">\n\t\t\t\t<div class=\"elementor-element elementor-element-75a8cfac e-con-full e-flex e-con e-parent\" data-id=\"75a8cfac\" data-element_type=\"container\">\n\t\t\t\t<div class=\"elementor-element elementor-element-796016bb elementor-widget elementor-widget-heading\" data-id=\"796016bb\" data-element_type=\"widget\" data-widget_type=\"heading.default\">\n\t\t\t\t<div class=\"elementor-widget-container\">\n\t\t\t\t\t<h4 class=\"elementor-heading-title elementor-size-default\">Podstawa \u015acienna (Wbudowane \u015bruby)<\/h4>\t\t\t\t<\/div>\n\t\t\t\t<\/div>\n\t\t\t\t<div class=\"elementor-element elementor-element-56beb4b6 elementor-widget elementor-widget-text-editor\" data-id=\"56beb4b6\" data-element_type=\"widget\" data-widget_type=\"text-editor.default\">\n\t\t\t\t<div class=\"elementor-widget-container\">\n\t\t\t\t\t\t\t\t\t<p>SS.501 Podstawa \u015acienna (Wbudowane \u015bruby) oferuje bezproblemow\u0105 \u0142\u0105czno\u015b\u0107 z powierzchniami pionowymi i poziomymi. Zosta\u0142a specjalnie zaprojektowana do konfiguracji i przeznaczona do po\u0142\u0105cze\u0144 monta\u017cowych.<\/p>\n\t\t\t\t\t\t\t\t<\/div>\n\t\t\t\t<\/div>\n\t\t<div class=\"elementor-element elementor-element-4b69acfa e-flex e-con-boxed e-con e-child\" data-id=\"4b69acfa\" data-element_type=\"container\">\n\t\t\t\t\t<div class=\"e-con-inner\">\n\t\t<div class=\"elementor-element elementor-element-73e8298f e-con-full e-flex e-con e-child\" data-id=\"73e8298f\" data-element_type=\"container\">\n\t\t<div class=\"elementor-element elementor-element-34ec8ef5 e-con-full e-flex e-con e-child\" data-id=\"34ec8ef5\" data-element_type=\"container\" data-settings=\"{&quot;background_background&quot;:&quot;classic&quot;}\">\n\t\t<div class=\"elementor-element elementor-element-663fc865 e-con-full e-flex e-con e-child\" data-id=\"663fc865\" data-element_type=\"container\">\n\t\t\t\t<div class=\"elementor-element elementor-element-708a12d0 elementor-widget elementor-widget-heading\" data-id=\"708a12d0\" data-element_type=\"widget\" data-widget_type=\"heading.default\">\n\t\t\t\t<div class=\"elementor-widget-container\">\n\t\t\t\t\t<p class=\"elementor-heading-title elementor-size-default\">Kod Produktu<\/p>\t\t\t\t<\/div>\n\t\t\t\t<\/div>\n\t\t\t\t<\/div>\n\t\t<div class=\"elementor-element elementor-element-7f159095 e-con-full e-flex e-con e-child\" data-id=\"7f159095\" data-element_type=\"container\">\n\t\t\t\t<div class=\"elementor-element elementor-element-306431c6 elementor-widget elementor-widget-heading\" data-id=\"306431c6\" data-element_type=\"widget\" data-widget_type=\"heading.default\">\n\t\t\t\t<div class=\"elementor-widget-container\">\n\t\t\t\t\t<p class=\"elementor-heading-title elementor-size-default\">Opis<\/p>\t\t\t\t<\/div>\n\t\t\t\t<\/div>\n\t\t\t\t<\/div>\n\t\t<div class=\"elementor-element elementor-element-6319dfaa e-con-full e-flex e-con e-child\" data-id=\"6319dfaa\" data-element_type=\"container\">\n\t\t\t\t<div class=\"elementor-element elementor-element-15a36ed0 elementor-widget elementor-widget-heading\" data-id=\"15a36ed0\" data-element_type=\"widget\" data-widget_type=\"heading.default\">\n\t\t\t\t<div class=\"elementor-widget-container\">\n\t\t\t\t\t<p class=\"elementor-heading-title elementor-size-default\">Waga(gr)<\/p>\t\t\t\t<\/div>\n\t\t\t\t<\/div>\n\t\t\t\t<\/div>\n\t\t<div class=\"elementor-element elementor-element-ca375fc e-con-full e-flex e-con e-child\" data-id=\"ca375fc\" data-element_type=\"container\">\n\t\t\t\t<div class=\"elementor-element elementor-element-743e54cb elementor-widget elementor-widget-heading\" data-id=\"743e54cb\" data-element_type=\"widget\" data-widget_type=\"heading.default\">\n\t\t\t\t<div class=\"elementor-widget-container\">\n\t\t\t\t\t<p class=\"elementor-heading-title elementor-size-default\">Wymiary Opakowania(mm)<\/p>\t\t\t\t<\/div>\n\t\t\t\t<\/div>\n\t\t\t\t<\/div>\n\t\t\t\t<\/div>\n\t\t<div class=\"elementor-element elementor-element-5842f4c2 e-con-full e-flex e-con e-child\" data-id=\"5842f4c2\" data-element_type=\"container\" data-settings=\"{&quot;background_background&quot;:&quot;classic&quot;}\">\n\t\t<div class=\"elementor-element elementor-element-3baaf87e e-con-full e-flex e-con e-child\" data-id=\"3baaf87e\" data-element_type=\"container\" data-settings=\"{&quot;background_background&quot;:&quot;classic&quot;}\">\n\t\t\t\t<div class=\"elementor-element elementor-element-280e18bc elementor-widget elementor-widget-heading\" data-id=\"280e18bc\" data-element_type=\"widget\" data-widget_type=\"heading.default\">\n\t\t\t\t<div class=\"elementor-widget-container\">\n\t\t\t\t\t<p class=\"elementor-heading-title elementor-size-default\">SS.501<\/p>\t\t\t\t<\/div>\n\t\t\t\t<\/div>\n\t\t\t\t<\/div>\n\t\t<div class=\"elementor-element elementor-element-5541b841 e-con-full e-flex e-con e-child\" data-id=\"5541b841\" data-element_type=\"container\" data-settings=\"{&quot;background_background&quot;:&quot;classic&quot;}\">\n\t\t\t\t<div class=\"elementor-element elementor-element-1612e1a0 elementor-widget elementor-widget-heading\" data-id=\"1612e1a0\" data-element_type=\"widget\" data-widget_type=\"heading.default\">\n\t\t\t\t<div class=\"elementor-widget-container\">\n\t\t\t\t\t<p class=\"elementor-heading-title elementor-size-default\">Podstawa \u015acienna (Wbudowane \u015bruby)<\/p>\t\t\t\t<\/div>\n\t\t\t\t<\/div>\n\t\t\t\t<\/div>\n\t\t<div class=\"elementor-element elementor-element-69c69a8f e-con-full e-flex e-con e-child\" data-id=\"69c69a8f\" data-element_type=\"container\" data-settings=\"{&quot;background_background&quot;:&quot;classic&quot;}\">\n\t\t\t\t<div class=\"elementor-element elementor-element-62dd24b3 elementor-widget elementor-widget-heading\" data-id=\"62dd24b3\" data-element_type=\"widget\" data-widget_type=\"heading.default\">\n\t\t\t\t<div class=\"elementor-widget-container\">\n\t\t\t\t\t<p class=\"elementor-heading-title elementor-size-default\">1200<\/p>\t\t\t\t<\/div>\n\t\t\t\t<\/div>\n\t\t\t\t<\/div>\n\t\t<div class=\"elementor-element elementor-element-7f9ad2c0 e-con-full e-flex e-con e-child\" data-id=\"7f9ad2c0\" data-element_type=\"container\">\n\t\t\t\t<div class=\"elementor-element elementor-element-2ec302a1 elementor-widget elementor-widget-heading\" data-id=\"2ec302a1\" data-element_type=\"widget\" data-widget_type=\"heading.default\">\n\t\t\t\t<div class=\"elementor-widget-container\">\n\t\t\t\t\t<p class=\"elementor-heading-title elementor-size-default\">100x100x65<\/p>\t\t\t\t<\/div>\n\t\t\t\t<\/div>\n\t\t\t\t<\/div>\n\t\t\t\t<\/div>\n\t\t\t\t<\/div>\n\t\t\t\t\t<\/div>\n\t\t\t\t<\/div>\n\t\t\t\t<\/div>\n\t\t\t\t<\/div>\n\t\t","protected":false},"excerpt":{"rendered":"<p>Podstawa \u015acienna (Wbudowane \u015bruby) SS.501 Podstawa \u015acienna (Wbudowane \u015bruby) oferuje bezproblemow\u0105 \u0142\u0105czno\u015b\u0107 z powierzchniami pionowymi i poziomymi. Zosta\u0142a specjalnie zaprojektowana do konfiguracji i przeznaczona do po\u0142\u0105cze\u0144 monta\u017cowych. Kod Produktu Opis Waga(gr) Wymiary Opakowania(mm) SS.501 Podstawa \u015acienna (Wbudowane \u015bruby) 1200 100x100x65<\/p>\n","protected":false},"featured_media":1963,"template":"","meta":[],"product_brand":[],"product_cat":[76],"product_tag":[],"class_list":{"0":"post-2309","1":"product","2":"type-product","3":"status-publish","4":"has-post-thumbnail","6":"product_cat-system-bracci-wspierajacych-ze-stali-nierdzewnej","8":"first","9":"instock","10":"shipping-taxable","11":"product-type-simple"},"_links":{"self":[{"href":"https:\/\/supportarmsystem.com\/pl\/wp-json\/wp\/v2\/product\/2309","targetHints":{"allow":["GET"]}}],"collection":[{"href":"https:\/\/supportarmsystem.com\/pl\/wp-json\/wp\/v2\/product"}],"about":[{"href":"https:\/\/supportarmsystem.com\/pl\/wp-json\/wp\/v2\/types\/product"}],"version-history":[{"count":1,"href":"https:\/\/supportarmsystem.com\/pl\/wp-json\/wp\/v2\/product\/2309\/revisions"}],"predecessor-version":[{"id":2310,"href":"https:\/\/supportarmsystem.com\/pl\/wp-json\/wp\/v2\/product\/2309\/revisions\/2310"}],"wp:featuredmedia":[{"embeddable":true,"href":"https:\/\/supportarmsystem.com\/pl\/wp-json\/wp\/v2\/media\/1963"}],"wp:attachment":[{"href":"https:\/\/supportarmsystem.com\/pl\/wp-json\/wp\/v2\/media?parent=2309"}],"wp:term":[{"taxonomy":"product_brand","embeddable":true,"href":"https:\/\/supportarmsystem.com\/pl\/wp-json\/wp\/v2\/product_brand?post=2309"},{"taxonomy":"product_cat","embeddable":true,"href":"https:\/\/supportarmsystem.com\/pl\/wp-json\/wp\/v2\/product_cat?post=2309"},{"taxonomy":"product_tag","embeddable":true,"href":"https:\/\/supportarmsystem.com\/pl\/wp-json\/wp\/v2\/product_tag?post=2309"}],"curies":[{"name":"wp","href":"https:\/\/api.w.org\/{rel}","templated":true}]}}