{"id":2303,"date":"2024-12-09T18:03:37","date_gmt":"2024-12-09T18:03:37","guid":{"rendered":"https:\/\/supportarmsystem.com\/urun\/ss-700\/"},"modified":"2024-12-11T18:16:09","modified_gmt":"2024-12-11T18:16:09","slug":"ss-700","status":"publish","type":"product","link":"https:\/\/supportarmsystem.com\/pl\/urun\/ss-700\/","title":{"rendered":"SS.700"},"content":{"rendered":"\t\t<div data-elementor-type=\"product-post\" data-elementor-id=\"2303\" class=\"elementor elementor-2303 elementor-1996\" data-elementor-post-type=\"product\">\n\t\t\t\t<div class=\"elementor-element elementor-element-5e15fbb5 e-con-full e-flex e-con e-parent\" data-id=\"5e15fbb5\" data-element_type=\"container\">\n\t\t\t\t<div class=\"elementor-element elementor-element-5ef10759 elementor-widget elementor-widget-heading\" data-id=\"5ef10759\" data-element_type=\"widget\" data-widget_type=\"heading.default\">\n\t\t\t\t<div class=\"elementor-widget-container\">\n\t\t\t\t\t<h4 class=\"elementor-heading-title elementor-size-default\">Zawias po\u015bredni<\/h4>\t\t\t\t<\/div>\n\t\t\t\t<\/div>\n\t\t\t\t<div class=\"elementor-element elementor-element-784f13ba elementor-widget elementor-widget-text-editor\" data-id=\"784f13ba\" data-element_type=\"widget\" data-widget_type=\"text-editor.default\">\n\t\t\t\t<div class=\"elementor-widget-container\">\n\t\t\t\t\t\t\t\t\t<p>SS.700 Zawias po\u015bredni jest wyposa\u017cony w modu\u0142 interkoneksji. Ten ruch jest u\u0142atwiony przez punkty przeci\u0119cia dw\u00f3ch profili umieszczonych wzd\u0142u\u017c osi poziomej. Ten produkt, znany jako z\u0142\u0105cze, jest istotnym elementem ze wzgl\u0119du na swoj\u0105 sztywn\u0105 konstrukcj\u0119. Sta\u0142 si\u0119 niezb\u0119dnym modu\u0142em w naszej nowoczesnej linii produktowej.<\/p>\n\t\t\t\t\t\t\t\t<\/div>\n\t\t\t\t<\/div>\n\t\t<div class=\"elementor-element elementor-element-2df19670 e-flex e-con-boxed e-con e-child\" data-id=\"2df19670\" data-element_type=\"container\">\n\t\t\t\t\t<div class=\"e-con-inner\">\n\t\t<div class=\"elementor-element elementor-element-6d8df33d e-con-full e-flex e-con e-child\" data-id=\"6d8df33d\" data-element_type=\"container\">\n\t\t<div class=\"elementor-element elementor-element-6e066b5b e-con-full e-flex e-con e-child\" data-id=\"6e066b5b\" data-element_type=\"container\" data-settings=\"{&quot;background_background&quot;:&quot;classic&quot;}\">\n\t\t<div class=\"elementor-element elementor-element-3d0193f8 e-con-full e-flex e-con e-child\" data-id=\"3d0193f8\" data-element_type=\"container\">\n\t\t\t\t<div class=\"elementor-element elementor-element-1b6d52d3 elementor-widget elementor-widget-heading\" data-id=\"1b6d52d3\" data-element_type=\"widget\" data-widget_type=\"heading.default\">\n\t\t\t\t<div class=\"elementor-widget-container\">\n\t\t\t\t\t<p class=\"elementor-heading-title elementor-size-default\">Kod Produktu<\/p>\t\t\t\t<\/div>\n\t\t\t\t<\/div>\n\t\t\t\t<\/div>\n\t\t<div class=\"elementor-element elementor-element-34465cc6 e-con-full e-flex e-con e-child\" data-id=\"34465cc6\" data-element_type=\"container\">\n\t\t\t\t<div class=\"elementor-element elementor-element-23f5923f elementor-widget elementor-widget-heading\" data-id=\"23f5923f\" data-element_type=\"widget\" data-widget_type=\"heading.default\">\n\t\t\t\t<div class=\"elementor-widget-container\">\n\t\t\t\t\t<p class=\"elementor-heading-title elementor-size-default\">Opis<\/p>\t\t\t\t<\/div>\n\t\t\t\t<\/div>\n\t\t\t\t<\/div>\n\t\t<div class=\"elementor-element elementor-element-295e5437 e-con-full e-flex e-con e-child\" data-id=\"295e5437\" data-element_type=\"container\">\n\t\t\t\t<div class=\"elementor-element elementor-element-13f8a55b elementor-widget elementor-widget-heading\" data-id=\"13f8a55b\" data-element_type=\"widget\" data-widget_type=\"heading.default\">\n\t\t\t\t<div class=\"elementor-widget-container\">\n\t\t\t\t\t<p class=\"elementor-heading-title elementor-size-default\">Waga(gr)<\/p>\t\t\t\t<\/div>\n\t\t\t\t<\/div>\n\t\t\t\t<\/div>\n\t\t<div class=\"elementor-element elementor-element-13e39bd7 e-con-full e-flex e-con e-child\" data-id=\"13e39bd7\" data-element_type=\"container\">\n\t\t\t\t<div class=\"elementor-element elementor-element-453099af elementor-widget elementor-widget-heading\" data-id=\"453099af\" data-element_type=\"widget\" data-widget_type=\"heading.default\">\n\t\t\t\t<div class=\"elementor-widget-container\">\n\t\t\t\t\t<p class=\"elementor-heading-title elementor-size-default\">Wymiary Opakowania(mm)<\/p>\t\t\t\t<\/div>\n\t\t\t\t<\/div>\n\t\t\t\t<\/div>\n\t\t\t\t<\/div>\n\t\t<div class=\"elementor-element elementor-element-4368631b e-con-full e-flex e-con e-child\" data-id=\"4368631b\" data-element_type=\"container\" data-settings=\"{&quot;background_background&quot;:&quot;classic&quot;}\">\n\t\t<div class=\"elementor-element elementor-element-326717df e-con-full e-flex e-con e-child\" data-id=\"326717df\" data-element_type=\"container\" data-settings=\"{&quot;background_background&quot;:&quot;classic&quot;}\">\n\t\t\t\t<div class=\"elementor-element elementor-element-575fea53 elementor-widget elementor-widget-heading\" data-id=\"575fea53\" data-element_type=\"widget\" data-widget_type=\"heading.default\">\n\t\t\t\t<div class=\"elementor-widget-container\">\n\t\t\t\t\t<p class=\"elementor-heading-title elementor-size-default\">SS.700<\/p>\t\t\t\t<\/div>\n\t\t\t\t<\/div>\n\t\t\t\t<\/div>\n\t\t<div class=\"elementor-element elementor-element-71d85269 e-con-full e-flex e-con e-child\" data-id=\"71d85269\" data-element_type=\"container\" data-settings=\"{&quot;background_background&quot;:&quot;classic&quot;}\">\n\t\t\t\t<div class=\"elementor-element elementor-element-7052496c elementor-widget elementor-widget-heading\" data-id=\"7052496c\" data-element_type=\"widget\" data-widget_type=\"heading.default\">\n\t\t\t\t<div class=\"elementor-widget-container\">\n\t\t\t\t\t<p class=\"elementor-heading-title elementor-size-default\">Zawias po\u015bredni<\/p>\t\t\t\t<\/div>\n\t\t\t\t<\/div>\n\t\t\t\t<\/div>\n\t\t<div class=\"elementor-element elementor-element-281e8740 e-con-full e-flex e-con e-child\" data-id=\"281e8740\" data-element_type=\"container\" data-settings=\"{&quot;background_background&quot;:&quot;classic&quot;}\">\n\t\t\t\t<div class=\"elementor-element elementor-element-4df7d9b9 elementor-widget elementor-widget-heading\" data-id=\"4df7d9b9\" data-element_type=\"widget\" data-widget_type=\"heading.default\">\n\t\t\t\t<div class=\"elementor-widget-container\">\n\t\t\t\t\t<p class=\"elementor-heading-title elementor-size-default\">3200<\/p>\t\t\t\t<\/div>\n\t\t\t\t<\/div>\n\t\t\t\t<\/div>\n\t\t<div class=\"elementor-element elementor-element-8d3d4cc e-con-full e-flex e-con e-child\" data-id=\"8d3d4cc\" data-element_type=\"container\">\n\t\t\t\t<div class=\"elementor-element elementor-element-703393e2 elementor-widget elementor-widget-heading\" data-id=\"703393e2\" data-element_type=\"widget\" data-widget_type=\"heading.default\">\n\t\t\t\t<div class=\"elementor-widget-container\">\n\t\t\t\t\t<p class=\"elementor-heading-title elementor-size-default\">220x90x200<\/p>\t\t\t\t<\/div>\n\t\t\t\t<\/div>\n\t\t\t\t<\/div>\n\t\t\t\t<\/div>\n\t\t\t\t<\/div>\n\t\t\t\t\t<\/div>\n\t\t\t\t<\/div>\n\t\t\t\t<\/div>\n\t\t\t\t<\/div>\n\t\t","protected":false},"excerpt":{"rendered":"<p>Zawias po\u015bredni SS.700 Zawias po\u015bredni jest wyposa\u017cony w modu\u0142 interkoneksji. Ten ruch jest u\u0142atwiony przez punkty przeci\u0119cia dw\u00f3ch profili umieszczonych wzd\u0142u\u017c osi poziomej. Ten produkt, znany jako z\u0142\u0105cze, jest istotnym elementem ze wzgl\u0119du na swoj\u0105 sztywn\u0105 konstrukcj\u0119. Sta\u0142 si\u0119 niezb\u0119dnym modu\u0142em w naszej nowoczesnej linii produktowej. Kod Produktu Opis Waga(gr) Wymiary Opakowania(mm) SS.700 Zawias po\u015bredni [&hellip;]<\/p>\n","protected":false},"featured_media":2002,"template":"","meta":[],"product_brand":[],"product_cat":[76],"product_tag":[],"class_list":{"0":"post-2303","1":"product","2":"type-product","3":"status-publish","4":"has-post-thumbnail","6":"product_cat-system-bracci-wspierajacych-ze-stali-nierdzewnej","8":"first","9":"instock","10":"shipping-taxable","11":"product-type-simple"},"_links":{"self":[{"href":"https:\/\/supportarmsystem.com\/pl\/wp-json\/wp\/v2\/product\/2303","targetHints":{"allow":["GET"]}}],"collection":[{"href":"https:\/\/supportarmsystem.com\/pl\/wp-json\/wp\/v2\/product"}],"about":[{"href":"https:\/\/supportarmsystem.com\/pl\/wp-json\/wp\/v2\/types\/product"}],"version-history":[{"count":1,"href":"https:\/\/supportarmsystem.com\/pl\/wp-json\/wp\/v2\/product\/2303\/revisions"}],"predecessor-version":[{"id":2304,"href":"https:\/\/supportarmsystem.com\/pl\/wp-json\/wp\/v2\/product\/2303\/revisions\/2304"}],"wp:featuredmedia":[{"embeddable":true,"href":"https:\/\/supportarmsystem.com\/pl\/wp-json\/wp\/v2\/media\/2002"}],"wp:attachment":[{"href":"https:\/\/supportarmsystem.com\/pl\/wp-json\/wp\/v2\/media?parent=2303"}],"wp:term":[{"taxonomy":"product_brand","embeddable":true,"href":"https:\/\/supportarmsystem.com\/pl\/wp-json\/wp\/v2\/product_brand?post=2303"},{"taxonomy":"product_cat","embeddable":true,"href":"https:\/\/supportarmsystem.com\/pl\/wp-json\/wp\/v2\/product_cat?post=2303"},{"taxonomy":"product_tag","embeddable":true,"href":"https:\/\/supportarmsystem.com\/pl\/wp-json\/wp\/v2\/product_tag?post=2303"}],"curies":[{"name":"wp","href":"https:\/\/api.w.org\/{rel}","templated":true}]}}