{"id":2643,"date":"2024-12-09T15:50:12","date_gmt":"2024-12-09T15:50:12","guid":{"rendered":"https:\/\/supportarmsystem.com\/urun\/sas-130-901\/"},"modified":"2024-12-11T18:18:05","modified_gmt":"2024-12-11T18:18:05","slug":"sas-130-901","status":"publish","type":"product","link":"https:\/\/supportarmsystem.com\/it\/urun\/sas-130-901\/","title":{"rendered":"SAS.130.901"},"content":{"rendered":"\t\t<div data-elementor-type=\"product-post\" data-elementor-id=\"2643\" class=\"elementor elementor-2643 elementor-1864\" data-elementor-post-type=\"product\">\n\t\t\t\t<div class=\"elementor-element elementor-element-329d2d4a e-con-full e-flex e-con e-parent\" data-id=\"329d2d4a\" data-element_type=\"container\">\n\t\t\t\t<div class=\"elementor-element elementor-element-4942221 elementor-widget elementor-widget-heading\" data-id=\"4942221\" data-element_type=\"widget\" data-widget_type=\"heading.default\">\n\t\t\t\t<div class=\"elementor-widget-container\">\n\t\t\t\t\t<h4 class=\"elementor-heading-title elementor-size-default\">Giunto ad Angolo Rotante 315\u00b0<\/h4>\t\t\t\t<\/div>\n\t\t\t\t<\/div>\n\t\t\t\t<div class=\"elementor-element elementor-element-6871ae8 elementor-widget elementor-widget-text-editor\" data-id=\"6871ae8\" data-element_type=\"widget\" data-widget_type=\"text-editor.default\">\n\t\t\t\t<div class=\"elementor-widget-container\">\n\t\t\t\t\t\t\t\t\t<p>Il gomito rotante SAS130.900 a 315\u00b0 \u00e8 un modulo per angoli progettato per integrare profili orizzontali con profili verticali, risultando in un componente strutturalmente fisso. Questo prodotto offre una compatibilit\u00e0 perfetta con configurazioni che prevedono distanze significative e pannelli a carico pesante. Garantisce funzionalit\u00e0 ottimali e affidabilit\u00e0 in tali applicazioni senza incontrare alcun problema.<\/p>\n\t\t\t\t\t\t\t\t<\/div>\n\t\t\t\t<\/div>\n\t\t<div class=\"elementor-element elementor-element-4d0ca212 e-flex e-con-boxed e-con e-child\" data-id=\"4d0ca212\" data-element_type=\"container\">\n\t\t\t\t\t<div class=\"e-con-inner\">\n\t\t<div class=\"elementor-element elementor-element-1814ff15 e-con-full e-flex e-con e-child\" data-id=\"1814ff15\" data-element_type=\"container\">\n\t\t<div class=\"elementor-element elementor-element-16b8d393 e-con-full e-flex e-con e-child\" data-id=\"16b8d393\" data-element_type=\"container\" data-settings=\"{&quot;background_background&quot;:&quot;classic&quot;}\">\n\t\t<div class=\"elementor-element elementor-element-1634ee24 e-con-full e-flex e-con e-child\" data-id=\"1634ee24\" data-element_type=\"container\">\n\t\t\t\t<div class=\"elementor-element elementor-element-4ae8e720 elementor-widget elementor-widget-heading\" data-id=\"4ae8e720\" data-element_type=\"widget\" data-widget_type=\"heading.default\">\n\t\t\t\t<div class=\"elementor-widget-container\">\n\t\t\t\t\t<p class=\"elementor-heading-title elementor-size-default\">Codice Prodotto<\/p>\t\t\t\t<\/div>\n\t\t\t\t<\/div>\n\t\t\t\t<\/div>\n\t\t<div class=\"elementor-element elementor-element-60d72c7b e-con-full e-flex e-con e-child\" data-id=\"60d72c7b\" data-element_type=\"container\">\n\t\t\t\t<div class=\"elementor-element elementor-element-604325f2 elementor-widget elementor-widget-heading\" data-id=\"604325f2\" data-element_type=\"widget\" data-widget_type=\"heading.default\">\n\t\t\t\t<div class=\"elementor-widget-container\">\n\t\t\t\t\t<p class=\"elementor-heading-title elementor-size-default\">Descrizione<\/p>\t\t\t\t<\/div>\n\t\t\t\t<\/div>\n\t\t\t\t<\/div>\n\t\t<div class=\"elementor-element elementor-element-5302e74e e-con-full e-flex e-con e-child\" data-id=\"5302e74e\" data-element_type=\"container\">\n\t\t\t\t<\/div>\n\t\t\t\t<\/div>\n\t\t<div class=\"elementor-element elementor-element-74227fdc e-con-full e-flex e-con e-child\" data-id=\"74227fdc\" data-element_type=\"container\" data-settings=\"{&quot;background_background&quot;:&quot;classic&quot;}\">\n\t\t<div class=\"elementor-element elementor-element-1e2d691c e-con-full e-flex e-con e-child\" data-id=\"1e2d691c\" data-element_type=\"container\" data-settings=\"{&quot;background_background&quot;:&quot;classic&quot;}\">\n\t\t\t\t<div class=\"elementor-element elementor-element-326adc79 elementor-widget elementor-widget-heading\" data-id=\"326adc79\" data-element_type=\"widget\" data-widget_type=\"heading.default\">\n\t\t\t\t<div class=\"elementor-widget-container\">\n\t\t\t\t\t<p class=\"elementor-heading-title elementor-size-default\">SAS.130.901<\/p>\t\t\t\t<\/div>\n\t\t\t\t<\/div>\n\t\t\t\t<\/div>\n\t\t<div class=\"elementor-element elementor-element-682c1197 e-con-full e-flex e-con e-child\" data-id=\"682c1197\" data-element_type=\"container\" data-settings=\"{&quot;background_background&quot;:&quot;classic&quot;}\">\n\t\t\t\t<div class=\"elementor-element elementor-element-205a40c9 elementor-widget elementor-widget-heading\" data-id=\"205a40c9\" data-element_type=\"widget\" data-widget_type=\"heading.default\">\n\t\t\t\t<div class=\"elementor-widget-container\">\n\t\t\t\t\t<p class=\"elementor-heading-title elementor-size-default\">Giunto ad Angolo Rotante 315\u00b0<\/p>\t\t\t\t<\/div>\n\t\t\t\t<\/div>\n\t\t\t\t<\/div>\n\t\t<div class=\"elementor-element elementor-element-20ac4565 e-con-full e-flex e-con e-child\" data-id=\"20ac4565\" data-element_type=\"container\">\n\t\t\t\t<\/div>\n\t\t\t\t<\/div>\n\t\t\t\t<\/div>\n\t\t<div class=\"elementor-element elementor-element-3e2dca80 e-con-full e-flex e-con e-child\" data-id=\"3e2dca80\" data-element_type=\"container\">\n\t\t<div class=\"elementor-element elementor-element-2befbe9e e-con-full e-flex e-con e-child\" data-id=\"2befbe9e\" data-element_type=\"container\" data-settings=\"{&quot;background_background&quot;:&quot;classic&quot;}\">\n\t\t<div class=\"elementor-element elementor-element-4b0e1828 e-con-full e-flex e-con e-child\" data-id=\"4b0e1828\" data-element_type=\"container\">\n\t\t\t\t<div class=\"elementor-element elementor-element-25e85e68 elementor-widget elementor-widget-heading\" data-id=\"25e85e68\" data-element_type=\"widget\" data-widget_type=\"heading.default\">\n\t\t\t\t<div class=\"elementor-widget-container\">\n\t\t\t\t\t<p class=\"elementor-heading-title elementor-size-default\">Peso(gr)<\/p>\t\t\t\t<\/div>\n\t\t\t\t<\/div>\n\t\t\t\t<\/div>\n\t\t<div class=\"elementor-element elementor-element-177b62bf e-con-full e-flex e-con e-child\" data-id=\"177b62bf\" data-element_type=\"container\">\n\t\t\t\t<div class=\"elementor-element elementor-element-5e8ed617 elementor-widget elementor-widget-heading\" data-id=\"5e8ed617\" data-element_type=\"widget\" data-widget_type=\"heading.default\">\n\t\t\t\t<div class=\"elementor-widget-container\">\n\t\t\t\t\t<p class=\"elementor-heading-title elementor-size-default\">Codice RAL<\/p>\t\t\t\t<\/div>\n\t\t\t\t<\/div>\n\t\t\t\t<\/div>\n\t\t<div class=\"elementor-element elementor-element-7363ae6 e-con-full e-flex e-con e-child\" data-id=\"7363ae6\" data-element_type=\"container\">\n\t\t\t\t<div class=\"elementor-element elementor-element-1bf630d5 elementor-widget elementor-widget-heading\" data-id=\"1bf630d5\" data-element_type=\"widget\" data-widget_type=\"heading.default\">\n\t\t\t\t<div class=\"elementor-widget-container\">\n\t\t\t\t\t<p class=\"elementor-heading-title elementor-size-default\">Dimensioni del Pacco.<\/p>\t\t\t\t<\/div>\n\t\t\t\t<\/div>\n\t\t\t\t<\/div>\n\t\t\t\t<\/div>\n\t\t<div class=\"elementor-element elementor-element-66359b5a e-con-full e-flex e-con e-child\" data-id=\"66359b5a\" data-element_type=\"container\" data-settings=\"{&quot;background_background&quot;:&quot;classic&quot;}\">\n\t\t<div class=\"elementor-element elementor-element-c89d786 e-con-full e-flex e-con e-child\" data-id=\"c89d786\" data-element_type=\"container\" data-settings=\"{&quot;background_background&quot;:&quot;classic&quot;}\">\n\t\t\t\t<div class=\"elementor-element elementor-element-4c2259b2 elementor-widget elementor-widget-heading\" data-id=\"4c2259b2\" data-element_type=\"widget\" data-widget_type=\"heading.default\">\n\t\t\t\t<div class=\"elementor-widget-container\">\n\t\t\t\t\t<p class=\"elementor-heading-title elementor-size-default\">1900<\/p>\t\t\t\t<\/div>\n\t\t\t\t<\/div>\n\t\t\t\t<\/div>\n\t\t<div class=\"elementor-element elementor-element-7e2c6954 e-con-full e-flex e-con e-child\" data-id=\"7e2c6954\" data-element_type=\"container\" data-settings=\"{&quot;background_background&quot;:&quot;classic&quot;}\">\n\t\t\t\t<div class=\"elementor-element elementor-element-5a4f923a elementor-widget elementor-widget-heading\" data-id=\"5a4f923a\" data-element_type=\"widget\" data-widget_type=\"heading.default\">\n\t\t\t\t<div class=\"elementor-widget-container\">\n\t\t\t\t\t<p class=\"elementor-heading-title elementor-size-default\">7035<\/p>\t\t\t\t<\/div>\n\t\t\t\t<\/div>\n\t\t\t\t<\/div>\n\t\t<div class=\"elementor-element elementor-element-4f772326 e-con-full e-flex e-con e-child\" data-id=\"4f772326\" data-element_type=\"container\">\n\t\t\t\t<div class=\"elementor-element elementor-element-1824c9bb elementor-widget elementor-widget-heading\" data-id=\"1824c9bb\" data-element_type=\"widget\" data-widget_type=\"heading.default\">\n\t\t\t\t<div class=\"elementor-widget-container\">\n\t\t\t\t\t<p class=\"elementor-heading-title elementor-size-default\">250x180x180<\/p>\t\t\t\t<\/div>\n\t\t\t\t<\/div>\n\t\t\t\t<\/div>\n\t\t\t\t<\/div>\n\t\t\t\t<\/div>\n\t\t\t\t\t<\/div>\n\t\t\t\t<\/div>\n\t\t\t\t<\/div>\n\t\t\t\t<\/div>\n\t\t","protected":false},"excerpt":{"rendered":"<p>Giunto ad Angolo Rotante 315\u00b0 Il gomito rotante SAS130.900 a 315\u00b0 \u00e8 un modulo per angoli progettato per integrare profili orizzontali con profili verticali, risultando in un componente strutturalmente fisso. Questo prodotto offre una compatibilit\u00e0 perfetta con configurazioni che prevedono distanze significative e pannelli a carico pesante. Garantisce funzionalit\u00e0 ottimali e affidabilit\u00e0 in tali applicazioni [&hellip;]<\/p>\n","protected":false},"featured_media":1868,"template":"","meta":[],"product_brand":[],"product_cat":[73,94],"product_tag":[],"class_list":{"0":"post-2643","1":"product","2":"type-product","3":"status-publish","4":"has-post-thumbnail","6":"product_cat-sas-130-it","7":"product_cat-sas-130-sistema-di-bracci-di-supporto","9":"first","10":"instock","11":"shipping-taxable","12":"product-type-simple"},"_links":{"self":[{"href":"https:\/\/supportarmsystem.com\/it\/wp-json\/wp\/v2\/product\/2643","targetHints":{"allow":["GET"]}}],"collection":[{"href":"https:\/\/supportarmsystem.com\/it\/wp-json\/wp\/v2\/product"}],"about":[{"href":"https:\/\/supportarmsystem.com\/it\/wp-json\/wp\/v2\/types\/product"}],"version-history":[{"count":1,"href":"https:\/\/supportarmsystem.com\/it\/wp-json\/wp\/v2\/product\/2643\/revisions"}],"predecessor-version":[{"id":2644,"href":"https:\/\/supportarmsystem.com\/it\/wp-json\/wp\/v2\/product\/2643\/revisions\/2644"}],"wp:featuredmedia":[{"embeddable":true,"href":"https:\/\/supportarmsystem.com\/it\/wp-json\/wp\/v2\/media\/1868"}],"wp:attachment":[{"href":"https:\/\/supportarmsystem.com\/it\/wp-json\/wp\/v2\/media?parent=2643"}],"wp:term":[{"taxonomy":"product_brand","embeddable":true,"href":"https:\/\/supportarmsystem.com\/it\/wp-json\/wp\/v2\/product_brand?post=2643"},{"taxonomy":"product_cat","embeddable":true,"href":"https:\/\/supportarmsystem.com\/it\/wp-json\/wp\/v2\/product_cat?post=2643"},{"taxonomy":"product_tag","embeddable":true,"href":"https:\/\/supportarmsystem.com\/it\/wp-json\/wp\/v2\/product_tag?post=2643"}],"curies":[{"name":"wp","href":"https:\/\/api.w.org\/{rel}","templated":true}]}}