{"id":2623,"date":"2024-12-09T15:20:49","date_gmt":"2024-12-09T15:20:49","guid":{"rendered":"https:\/\/supportarmsystem.com\/urun\/sas-130-400\/"},"modified":"2024-12-11T18:20:03","modified_gmt":"2024-12-11T18:20:03","slug":"sas-130-400","status":"publish","type":"product","link":"https:\/\/supportarmsystem.com\/it\/urun\/sas-130-400\/","title":{"rendered":"SAS.130.400"},"content":{"rendered":"\t\t<div data-elementor-type=\"product-post\" data-elementor-id=\"2623\" class=\"elementor elementor-2623 elementor-1728\" data-elementor-post-type=\"product\">\n\t\t\t\t<div class=\"elementor-element elementor-element-4e8066a4 e-con-full e-flex e-con e-parent\" data-id=\"4e8066a4\" data-element_type=\"container\">\n\t\t\t\t<div class=\"elementor-element elementor-element-45fa2a5a elementor-widget elementor-widget-heading\" data-id=\"45fa2a5a\" data-element_type=\"widget\" data-widget_type=\"heading.default\">\n\t\t\t\t<div class=\"elementor-widget-container\">\n\t\t\t\t\t<h4 class=\"elementor-heading-title elementor-size-default\">Modulo Montato a Parete con Uscita Orizzontale a 315\u00b0<\/h4>\t\t\t\t<\/div>\n\t\t\t\t<\/div>\n\t\t\t\t<div class=\"elementor-element elementor-element-1604f5b7 elementor-widget elementor-widget-text-editor\" data-id=\"1604f5b7\" data-element_type=\"widget\" data-widget_type=\"text-editor.default\">\n\t\t\t\t<div class=\"elementor-widget-container\">\n\t\t\t\t\t\t\t\t\t<p>Il modulo montato a parete SAS130.400 con uscita orizzontale a 315\u00b0 \u00e8 stato progettato meticolosamente per scenari in cui non \u00e8 possibile stabilire una connessione a pavimento. \u00c8 ideale per situazioni in cui \u00e8 preferibile un punto di connessione elevato su una parete o una macchina. Questo modulo consente il posizionamento del braccio di supporto in un\u2019orientazione orizzontale. Progettato specificamente per configurazioni a carico pesante, offre un angolo di rotazione di 310\u00b0, permettendo un movimento fluido da sinistra a destra.<\/p>\n\t\t\t\t\t\t\t\t<\/div>\n\t\t\t\t<\/div>\n\t\t<div class=\"elementor-element elementor-element-7be93240 e-flex e-con-boxed e-con e-child\" data-id=\"7be93240\" data-element_type=\"container\">\n\t\t\t\t\t<div class=\"e-con-inner\">\n\t\t<div class=\"elementor-element elementor-element-579c2d48 e-con-full e-flex e-con e-child\" data-id=\"579c2d48\" data-element_type=\"container\">\n\t\t<div class=\"elementor-element elementor-element-16bbc8e1 e-con-full e-flex e-con e-child\" data-id=\"16bbc8e1\" data-element_type=\"container\" data-settings=\"{&quot;background_background&quot;:&quot;classic&quot;}\">\n\t\t<div class=\"elementor-element elementor-element-688d8bc4 e-con-full e-flex e-con e-child\" data-id=\"688d8bc4\" data-element_type=\"container\">\n\t\t\t\t<div class=\"elementor-element elementor-element-67515b59 elementor-widget elementor-widget-heading\" data-id=\"67515b59\" data-element_type=\"widget\" data-widget_type=\"heading.default\">\n\t\t\t\t<div class=\"elementor-widget-container\">\n\t\t\t\t\t<p class=\"elementor-heading-title elementor-size-default\">Codice Prodotto<\/p>\t\t\t\t<\/div>\n\t\t\t\t<\/div>\n\t\t\t\t<\/div>\n\t\t<div class=\"elementor-element elementor-element-2d9db960 e-con-full e-flex e-con e-child\" data-id=\"2d9db960\" data-element_type=\"container\">\n\t\t\t\t<div class=\"elementor-element elementor-element-301372c7 elementor-widget elementor-widget-heading\" data-id=\"301372c7\" data-element_type=\"widget\" data-widget_type=\"heading.default\">\n\t\t\t\t<div class=\"elementor-widget-container\">\n\t\t\t\t\t<p class=\"elementor-heading-title elementor-size-default\">Descrizione<\/p>\t\t\t\t<\/div>\n\t\t\t\t<\/div>\n\t\t\t\t<\/div>\n\t\t<div class=\"elementor-element elementor-element-6ad7861b e-con-full e-flex e-con e-child\" data-id=\"6ad7861b\" data-element_type=\"container\">\n\t\t\t\t<\/div>\n\t\t\t\t<\/div>\n\t\t<div class=\"elementor-element elementor-element-26c8e2aa e-con-full e-flex e-con e-child\" data-id=\"26c8e2aa\" data-element_type=\"container\" data-settings=\"{&quot;background_background&quot;:&quot;classic&quot;}\">\n\t\t<div class=\"elementor-element elementor-element-564462f9 e-con-full e-flex e-con e-child\" data-id=\"564462f9\" data-element_type=\"container\" data-settings=\"{&quot;background_background&quot;:&quot;classic&quot;}\">\n\t\t\t\t<div class=\"elementor-element elementor-element-631772f elementor-widget elementor-widget-heading\" data-id=\"631772f\" data-element_type=\"widget\" data-widget_type=\"heading.default\">\n\t\t\t\t<div class=\"elementor-widget-container\">\n\t\t\t\t\t<p class=\"elementor-heading-title elementor-size-default\">SAS.130.400<\/p>\t\t\t\t<\/div>\n\t\t\t\t<\/div>\n\t\t\t\t<\/div>\n\t\t<div class=\"elementor-element elementor-element-2c9e52e0 e-con-full e-flex e-con e-child\" data-id=\"2c9e52e0\" data-element_type=\"container\" data-settings=\"{&quot;background_background&quot;:&quot;classic&quot;}\">\n\t\t\t\t<div class=\"elementor-element elementor-element-1d184124 elementor-widget elementor-widget-heading\" data-id=\"1d184124\" data-element_type=\"widget\" data-widget_type=\"heading.default\">\n\t\t\t\t<div class=\"elementor-widget-container\">\n\t\t\t\t\t<p class=\"elementor-heading-title elementor-size-default\">Modulo Montato a Parete con Uscita Orizzontale a 315\u00b0<\/p>\t\t\t\t<\/div>\n\t\t\t\t<\/div>\n\t\t\t\t<\/div>\n\t\t<div class=\"elementor-element elementor-element-65c372fc e-con-full e-flex e-con e-child\" data-id=\"65c372fc\" data-element_type=\"container\">\n\t\t\t\t<\/div>\n\t\t\t\t<\/div>\n\t\t\t\t<\/div>\n\t\t<div class=\"elementor-element elementor-element-58994b51 e-con-full e-flex e-con e-child\" data-id=\"58994b51\" data-element_type=\"container\">\n\t\t<div class=\"elementor-element elementor-element-7a66df61 e-con-full e-flex e-con e-child\" data-id=\"7a66df61\" data-element_type=\"container\" data-settings=\"{&quot;background_background&quot;:&quot;classic&quot;}\">\n\t\t<div class=\"elementor-element elementor-element-6552b24f e-con-full e-flex e-con e-child\" data-id=\"6552b24f\" data-element_type=\"container\">\n\t\t\t\t<div class=\"elementor-element elementor-element-4ccc0174 elementor-widget elementor-widget-heading\" data-id=\"4ccc0174\" data-element_type=\"widget\" data-widget_type=\"heading.default\">\n\t\t\t\t<div class=\"elementor-widget-container\">\n\t\t\t\t\t<p class=\"elementor-heading-title elementor-size-default\">Peso(gr)<\/p>\t\t\t\t<\/div>\n\t\t\t\t<\/div>\n\t\t\t\t<\/div>\n\t\t<div class=\"elementor-element elementor-element-6ddc7ee8 e-con-full e-flex e-con e-child\" data-id=\"6ddc7ee8\" data-element_type=\"container\">\n\t\t\t\t<div class=\"elementor-element elementor-element-31915cf1 elementor-widget elementor-widget-heading\" data-id=\"31915cf1\" data-element_type=\"widget\" data-widget_type=\"heading.default\">\n\t\t\t\t<div class=\"elementor-widget-container\">\n\t\t\t\t\t<p class=\"elementor-heading-title elementor-size-default\">Codice RAL<\/p>\t\t\t\t<\/div>\n\t\t\t\t<\/div>\n\t\t\t\t<\/div>\n\t\t<div class=\"elementor-element elementor-element-7edf5fcb e-con-full e-flex e-con e-child\" data-id=\"7edf5fcb\" data-element_type=\"container\">\n\t\t\t\t<div class=\"elementor-element elementor-element-7e51e791 elementor-widget elementor-widget-heading\" data-id=\"7e51e791\" data-element_type=\"widget\" data-widget_type=\"heading.default\">\n\t\t\t\t<div class=\"elementor-widget-container\">\n\t\t\t\t\t<p class=\"elementor-heading-title elementor-size-default\">Dimensioni del Pacco.<\/p>\t\t\t\t<\/div>\n\t\t\t\t<\/div>\n\t\t\t\t<\/div>\n\t\t\t\t<\/div>\n\t\t<div class=\"elementor-element elementor-element-26e790b7 e-con-full e-flex e-con e-child\" data-id=\"26e790b7\" data-element_type=\"container\" data-settings=\"{&quot;background_background&quot;:&quot;classic&quot;}\">\n\t\t<div class=\"elementor-element elementor-element-7792103a e-con-full e-flex e-con e-child\" data-id=\"7792103a\" data-element_type=\"container\" data-settings=\"{&quot;background_background&quot;:&quot;classic&quot;}\">\n\t\t\t\t<div class=\"elementor-element elementor-element-4a6283d4 elementor-widget elementor-widget-heading\" data-id=\"4a6283d4\" data-element_type=\"widget\" data-widget_type=\"heading.default\">\n\t\t\t\t<div class=\"elementor-widget-container\">\n\t\t\t\t\t<p class=\"elementor-heading-title elementor-size-default\">6720<\/p>\t\t\t\t<\/div>\n\t\t\t\t<\/div>\n\t\t\t\t<\/div>\n\t\t<div class=\"elementor-element elementor-element-26b4359f e-con-full e-flex e-con e-child\" data-id=\"26b4359f\" data-element_type=\"container\" data-settings=\"{&quot;background_background&quot;:&quot;classic&quot;}\">\n\t\t\t\t<div class=\"elementor-element elementor-element-428bcc5d elementor-widget elementor-widget-heading\" data-id=\"428bcc5d\" data-element_type=\"widget\" data-widget_type=\"heading.default\">\n\t\t\t\t<div class=\"elementor-widget-container\">\n\t\t\t\t\t<p class=\"elementor-heading-title elementor-size-default\">7035<\/p>\t\t\t\t<\/div>\n\t\t\t\t<\/div>\n\t\t\t\t<\/div>\n\t\t<div class=\"elementor-element elementor-element-59d33d72 e-con-full e-flex e-con e-child\" data-id=\"59d33d72\" data-element_type=\"container\">\n\t\t\t\t<div class=\"elementor-element elementor-element-5a9a47aa elementor-widget elementor-widget-heading\" data-id=\"5a9a47aa\" data-element_type=\"widget\" data-widget_type=\"heading.default\">\n\t\t\t\t<div class=\"elementor-widget-container\">\n\t\t\t\t\t<p class=\"elementor-heading-title elementor-size-default\">210x200x390<\/p>\t\t\t\t<\/div>\n\t\t\t\t<\/div>\n\t\t\t\t<\/div>\n\t\t\t\t<\/div>\n\t\t\t\t<\/div>\n\t\t\t\t\t<\/div>\n\t\t\t\t<\/div>\n\t\t\t\t<\/div>\n\t\t\t\t<\/div>\n\t\t","protected":false},"excerpt":{"rendered":"<p>Modulo Montato a Parete con Uscita Orizzontale a 315\u00b0 Il modulo montato a parete SAS130.400 con uscita orizzontale a 315\u00b0 \u00e8 stato progettato meticolosamente per scenari in cui non \u00e8 possibile stabilire una connessione a pavimento. \u00c8 ideale per situazioni in cui \u00e8 preferibile un punto di connessione elevato su una parete o una macchina. [&hellip;]<\/p>\n","protected":false},"featured_media":1732,"template":"","meta":[],"product_brand":[],"product_cat":[73,94],"product_tag":[],"class_list":{"0":"post-2623","1":"product","2":"type-product","3":"status-publish","4":"has-post-thumbnail","6":"product_cat-sas-130-it","7":"product_cat-sas-130-sistema-di-bracci-di-supporto","9":"first","10":"instock","11":"shipping-taxable","12":"product-type-simple"},"_links":{"self":[{"href":"https:\/\/supportarmsystem.com\/it\/wp-json\/wp\/v2\/product\/2623","targetHints":{"allow":["GET"]}}],"collection":[{"href":"https:\/\/supportarmsystem.com\/it\/wp-json\/wp\/v2\/product"}],"about":[{"href":"https:\/\/supportarmsystem.com\/it\/wp-json\/wp\/v2\/types\/product"}],"version-history":[{"count":1,"href":"https:\/\/supportarmsystem.com\/it\/wp-json\/wp\/v2\/product\/2623\/revisions"}],"predecessor-version":[{"id":2624,"href":"https:\/\/supportarmsystem.com\/it\/wp-json\/wp\/v2\/product\/2623\/revisions\/2624"}],"wp:featuredmedia":[{"embeddable":true,"href":"https:\/\/supportarmsystem.com\/it\/wp-json\/wp\/v2\/media\/1732"}],"wp:attachment":[{"href":"https:\/\/supportarmsystem.com\/it\/wp-json\/wp\/v2\/media?parent=2623"}],"wp:term":[{"taxonomy":"product_brand","embeddable":true,"href":"https:\/\/supportarmsystem.com\/it\/wp-json\/wp\/v2\/product_brand?post=2623"},{"taxonomy":"product_cat","embeddable":true,"href":"https:\/\/supportarmsystem.com\/it\/wp-json\/wp\/v2\/product_cat?post=2623"},{"taxonomy":"product_tag","embeddable":true,"href":"https:\/\/supportarmsystem.com\/it\/wp-json\/wp\/v2\/product_tag?post=2623"}],"curies":[{"name":"wp","href":"https:\/\/api.w.org\/{rel}","templated":true}]}}