{"id":2525,"date":"2024-12-08T22:18:23","date_gmt":"2024-12-08T22:18:23","guid":{"rendered":"https:\/\/supportarmsystem.com\/urun\/sas-090-150\/"},"modified":"2024-12-11T18:31:28","modified_gmt":"2024-12-11T18:31:28","slug":"sas-090-150","status":"publish","type":"product","link":"https:\/\/supportarmsystem.com\/it\/urun\/sas-090-150\/","title":{"rendered":"SAS-090.150"},"content":{"rendered":"\t\t<div data-elementor-type=\"product-post\" data-elementor-id=\"2525\" class=\"elementor elementor-2525 elementor-1110\" data-elementor-post-type=\"product\">\n\t\t\t\t<div class=\"elementor-element elementor-element-6ee61d e-con-full e-flex e-con e-parent\" data-id=\"6ee61d\" data-element_type=\"container\">\n\t\t\t\t<div class=\"elementor-element elementor-element-6e939d64 elementor-widget elementor-widget-heading\" data-id=\"6e939d64\" data-element_type=\"widget\" data-widget_type=\"heading.default\">\n\t\t\t\t<div class=\"elementor-widget-container\">\n\t\t\t\t\t<h4 class=\"elementor-heading-title elementor-size-default\">SAS090 PROFILO-1500 MM<\/h4>\t\t\t\t<\/div>\n\t\t\t\t<\/div>\n\t\t\t\t<div class=\"elementor-element elementor-element-11b42621 elementor-widget elementor-widget-text-editor\" data-id=\"11b42621\" data-element_type=\"widget\" data-widget_type=\"text-editor.default\">\n\t\t\t\t<div class=\"elementor-widget-container\">\n\t\t\t\t\t\t\t\t\t<p>Il sistema di bracci di supporto SAS90 gioca un ruolo fondamentale nella definizione dello spazio operativo e di manovra della serie SAS. Questi sistemi sono progettati specificamente per pannelli di controllo di dimensioni medie. Oltre al loro design contemporaneo, sono ingegnerizzati con requisiti tecnologici all\u2019avanguardia, consentendo un\u2019integrazione senza soluzione di continuit\u00e0 con altri moduli e garantendo prestazioni ottimali del braccio operativo. Il braccio operativo pu\u00f2 essere personalizzato nelle lunghezze desiderate per soddisfare requisiti specifici. \u00c8 importante notare che un braccio operativo lungo 1 metro ha una capacit\u00e0 di carico impressionante fino a 90 kg. Per mantenere un\u2019estetica coerente, questo modulo \u00e8 rivestito con vernice grigio chiaro RAL 7035 e possiede anche capacit\u00e0 di tenuta.<\/p>\n\t\t\t\t\t\t\t\t<\/div>\n\t\t\t\t<\/div>\n\t\t<div class=\"elementor-element elementor-element-72a7cc6d e-flex e-con-boxed e-con e-child\" data-id=\"72a7cc6d\" data-element_type=\"container\">\n\t\t\t\t\t<div class=\"e-con-inner\">\n\t\t<div class=\"elementor-element elementor-element-66e6ea0a e-con-full e-flex e-con e-child\" data-id=\"66e6ea0a\" data-element_type=\"container\">\n\t\t<div class=\"elementor-element elementor-element-76c32f3c e-con-full e-flex e-con e-child\" data-id=\"76c32f3c\" data-element_type=\"container\" data-settings=\"{&quot;background_background&quot;:&quot;classic&quot;}\">\n\t\t<div class=\"elementor-element elementor-element-405e5c e-con-full e-flex e-con e-child\" data-id=\"405e5c\" data-element_type=\"container\">\n\t\t\t\t<div class=\"elementor-element elementor-element-38b2745f elementor-widget elementor-widget-heading\" data-id=\"38b2745f\" data-element_type=\"widget\" data-widget_type=\"heading.default\">\n\t\t\t\t<div class=\"elementor-widget-container\">\n\t\t\t\t\t<p class=\"elementor-heading-title elementor-size-default\">Codice Prodotto<\/p>\t\t\t\t<\/div>\n\t\t\t\t<\/div>\n\t\t\t\t<\/div>\n\t\t<div class=\"elementor-element elementor-element-381a389d e-con-full e-flex e-con e-child\" data-id=\"381a389d\" data-element_type=\"container\">\n\t\t\t\t<div class=\"elementor-element elementor-element-5e0c5d51 elementor-widget elementor-widget-heading\" data-id=\"5e0c5d51\" data-element_type=\"widget\" data-widget_type=\"heading.default\">\n\t\t\t\t<div class=\"elementor-widget-container\">\n\t\t\t\t\t<p class=\"elementor-heading-title elementor-size-default\">Descrizione<\/p>\t\t\t\t<\/div>\n\t\t\t\t<\/div>\n\t\t\t\t<\/div>\n\t\t<div class=\"elementor-element elementor-element-77b214e7 e-con-full e-flex e-con e-child\" data-id=\"77b214e7\" data-element_type=\"container\">\n\t\t\t\t<div class=\"elementor-element elementor-element-4516b30e elementor-widget elementor-widget-heading\" data-id=\"4516b30e\" data-element_type=\"widget\" data-widget_type=\"heading.default\">\n\t\t\t\t<div class=\"elementor-widget-container\">\n\t\t\t\t\t<p class=\"elementor-heading-title elementor-size-default\">Peso (mm)\t<\/p>\t\t\t\t<\/div>\n\t\t\t\t<\/div>\n\t\t\t\t<\/div>\n\t\t\t\t<\/div>\n\t\t<div class=\"elementor-element elementor-element-3957ab56 e-con-full e-flex e-con e-child\" data-id=\"3957ab56\" data-element_type=\"container\" data-settings=\"{&quot;background_background&quot;:&quot;classic&quot;}\">\n\t\t<div class=\"elementor-element elementor-element-2ac1c949 e-con-full e-flex e-con e-child\" data-id=\"2ac1c949\" data-element_type=\"container\" data-settings=\"{&quot;background_background&quot;:&quot;classic&quot;}\">\n\t\t\t\t<div class=\"elementor-element elementor-element-75e2e9c1 elementor-widget elementor-widget-heading\" data-id=\"75e2e9c1\" data-element_type=\"widget\" data-widget_type=\"heading.default\">\n\t\t\t\t<div class=\"elementor-widget-container\">\n\t\t\t\t\t<p class=\"elementor-heading-title elementor-size-default\">SAS090.150<\/p>\t\t\t\t<\/div>\n\t\t\t\t<\/div>\n\t\t\t\t<\/div>\n\t\t<div class=\"elementor-element elementor-element-7252b99c e-con-full e-flex e-con e-child\" data-id=\"7252b99c\" data-element_type=\"container\" data-settings=\"{&quot;background_background&quot;:&quot;classic&quot;}\">\n\t\t\t\t<div class=\"elementor-element elementor-element-609f84b elementor-widget elementor-widget-heading\" data-id=\"609f84b\" data-element_type=\"widget\" data-widget_type=\"heading.default\">\n\t\t\t\t<div class=\"elementor-widget-container\">\n\t\t\t\t\t<p class=\"elementor-heading-title elementor-size-default\">SAS090 PROFILO-1500 MM<\/p>\t\t\t\t<\/div>\n\t\t\t\t<\/div>\n\t\t\t\t<\/div>\n\t\t<div class=\"elementor-element elementor-element-712b8555 e-con-full e-flex e-con e-child\" data-id=\"712b8555\" data-element_type=\"container\">\n\t\t\t\t<div class=\"elementor-element elementor-element-323f32e7 elementor-widget elementor-widget-heading\" data-id=\"323f32e7\" data-element_type=\"widget\" data-widget_type=\"heading.default\">\n\t\t\t\t<div class=\"elementor-widget-container\">\n\t\t\t\t\t<p class=\"elementor-heading-title elementor-size-default\">1500<\/p>\t\t\t\t<\/div>\n\t\t\t\t<\/div>\n\t\t\t\t<\/div>\n\t\t\t\t<\/div>\n\t\t\t\t<\/div>\n\t\t<div class=\"elementor-element elementor-element-58c90d6f e-con-full e-flex e-con e-child\" data-id=\"58c90d6f\" data-element_type=\"container\">\n\t\t<div class=\"elementor-element elementor-element-63bb6ee2 e-con-full e-flex e-con e-child\" data-id=\"63bb6ee2\" data-element_type=\"container\" data-settings=\"{&quot;background_background&quot;:&quot;classic&quot;}\">\n\t\t<div class=\"elementor-element elementor-element-5315381c e-con-full e-flex e-con e-child\" data-id=\"5315381c\" data-element_type=\"container\">\n\t\t\t\t<div class=\"elementor-element elementor-element-801e0e9 elementor-widget elementor-widget-heading\" data-id=\"801e0e9\" data-element_type=\"widget\" data-widget_type=\"heading.default\">\n\t\t\t\t<div class=\"elementor-widget-container\">\n\t\t\t\t\t<p class=\"elementor-heading-title elementor-size-default\">Peso(gr)<\/p>\t\t\t\t<\/div>\n\t\t\t\t<\/div>\n\t\t\t\t<\/div>\n\t\t<div class=\"elementor-element elementor-element-4ac35ce3 e-con-full e-flex e-con e-child\" data-id=\"4ac35ce3\" data-element_type=\"container\">\n\t\t\t\t<div class=\"elementor-element elementor-element-22d318a3 elementor-widget elementor-widget-heading\" data-id=\"22d318a3\" data-element_type=\"widget\" data-widget_type=\"heading.default\">\n\t\t\t\t<div class=\"elementor-widget-container\">\n\t\t\t\t\t<p class=\"elementor-heading-title elementor-size-default\">Codice RAL<\/p>\t\t\t\t<\/div>\n\t\t\t\t<\/div>\n\t\t\t\t<\/div>\n\t\t<div class=\"elementor-element elementor-element-5c4295b7 e-con-full e-flex e-con e-child\" data-id=\"5c4295b7\" data-element_type=\"container\">\n\t\t\t\t<div class=\"elementor-element elementor-element-6c89c973 elementor-widget elementor-widget-heading\" data-id=\"6c89c973\" data-element_type=\"widget\" data-widget_type=\"heading.default\">\n\t\t\t\t<div class=\"elementor-widget-container\">\n\t\t\t\t\t<p class=\"elementor-heading-title elementor-size-default\">Dimensioni del Pacco.<\/p>\t\t\t\t<\/div>\n\t\t\t\t<\/div>\n\t\t\t\t<\/div>\n\t\t\t\t<\/div>\n\t\t<div class=\"elementor-element elementor-element-35903cc6 e-con-full e-flex e-con e-child\" data-id=\"35903cc6\" data-element_type=\"container\" data-settings=\"{&quot;background_background&quot;:&quot;classic&quot;}\">\n\t\t<div class=\"elementor-element elementor-element-78649780 e-con-full e-flex e-con e-child\" data-id=\"78649780\" data-element_type=\"container\" data-settings=\"{&quot;background_background&quot;:&quot;classic&quot;}\">\n\t\t\t\t<div class=\"elementor-element elementor-element-1a48573 elementor-widget elementor-widget-heading\" data-id=\"1a48573\" data-element_type=\"widget\" data-widget_type=\"heading.default\">\n\t\t\t\t<div class=\"elementor-widget-container\">\n\t\t\t\t\t<p class=\"elementor-heading-title elementor-size-default\">5400\t<\/p>\t\t\t\t<\/div>\n\t\t\t\t<\/div>\n\t\t\t\t<\/div>\n\t\t<div class=\"elementor-element elementor-element-3df640f6 e-con-full e-flex e-con e-child\" data-id=\"3df640f6\" data-element_type=\"container\" data-settings=\"{&quot;background_background&quot;:&quot;classic&quot;}\">\n\t\t\t\t<div class=\"elementor-element elementor-element-517cd744 elementor-widget elementor-widget-heading\" data-id=\"517cd744\" data-element_type=\"widget\" data-widget_type=\"heading.default\">\n\t\t\t\t<div class=\"elementor-widget-container\">\n\t\t\t\t\t<p class=\"elementor-heading-title elementor-size-default\">7035<\/p>\t\t\t\t<\/div>\n\t\t\t\t<\/div>\n\t\t\t\t<\/div>\n\t\t<div class=\"elementor-element elementor-element-f58d36c e-con-full e-flex e-con e-child\" data-id=\"f58d36c\" data-element_type=\"container\">\n\t\t\t\t<div class=\"elementor-element elementor-element-48aa1e68 elementor-widget elementor-widget-heading\" data-id=\"48aa1e68\" data-element_type=\"widget\" data-widget_type=\"heading.default\">\n\t\t\t\t<div class=\"elementor-widget-container\">\n\t\t\t\t\t<p class=\"elementor-heading-title elementor-size-default\">65x100x1520<\/p>\t\t\t\t<\/div>\n\t\t\t\t<\/div>\n\t\t\t\t<\/div>\n\t\t\t\t<\/div>\n\t\t\t\t<\/div>\n\t\t\t\t\t<\/div>\n\t\t\t\t<\/div>\n\t\t\t\t<\/div>\n\t\t\t\t<\/div>\n\t\t","protected":false},"excerpt":{"rendered":"<p>SAS090 PROFILO-1500 MM Il sistema di bracci di supporto SAS90 gioca un ruolo fondamentale nella definizione dello spazio operativo e di manovra della serie SAS. Questi sistemi sono progettati specificamente per pannelli di controllo di dimensioni medie. Oltre al loro design contemporaneo, sono ingegnerizzati con requisiti tecnologici all\u2019avanguardia, consentendo un\u2019integrazione senza soluzione di continuit\u00e0 con [&hellip;]<\/p>\n","protected":false},"featured_media":1059,"template":"","meta":[],"product_brand":[],"product_cat":[98,94],"product_tag":[],"class_list":{"0":"post-2525","1":"product","2":"type-product","3":"status-publish","4":"has-post-thumbnail","6":"product_cat-sas-090-it","7":"product_cat-sas-130-sistema-di-bracci-di-supporto","9":"first","10":"instock","11":"shipping-taxable","12":"product-type-simple"},"_links":{"self":[{"href":"https:\/\/supportarmsystem.com\/it\/wp-json\/wp\/v2\/product\/2525","targetHints":{"allow":["GET"]}}],"collection":[{"href":"https:\/\/supportarmsystem.com\/it\/wp-json\/wp\/v2\/product"}],"about":[{"href":"https:\/\/supportarmsystem.com\/it\/wp-json\/wp\/v2\/types\/product"}],"version-history":[{"count":1,"href":"https:\/\/supportarmsystem.com\/it\/wp-json\/wp\/v2\/product\/2525\/revisions"}],"predecessor-version":[{"id":2526,"href":"https:\/\/supportarmsystem.com\/it\/wp-json\/wp\/v2\/product\/2525\/revisions\/2526"}],"wp:featuredmedia":[{"embeddable":true,"href":"https:\/\/supportarmsystem.com\/it\/wp-json\/wp\/v2\/media\/1059"}],"wp:attachment":[{"href":"https:\/\/supportarmsystem.com\/it\/wp-json\/wp\/v2\/media?parent=2525"}],"wp:term":[{"taxonomy":"product_brand","embeddable":true,"href":"https:\/\/supportarmsystem.com\/it\/wp-json\/wp\/v2\/product_brand?post=2525"},{"taxonomy":"product_cat","embeddable":true,"href":"https:\/\/supportarmsystem.com\/it\/wp-json\/wp\/v2\/product_cat?post=2525"},{"taxonomy":"product_tag","embeddable":true,"href":"https:\/\/supportarmsystem.com\/it\/wp-json\/wp\/v2\/product_tag?post=2525"}],"curies":[{"name":"wp","href":"https:\/\/api.w.org\/{rel}","templated":true}]}}