{"id":2452,"date":"2024-12-08T22:12:51","date_gmt":"2024-12-08T22:12:51","guid":{"rendered":"https:\/\/supportarmsystem.com\/urun\/sas-090-100\/"},"modified":"2024-12-11T18:31:50","modified_gmt":"2024-12-11T18:31:50","slug":"sas-090-100","status":"publish","type":"product","link":"https:\/\/supportarmsystem.com\/it\/urun\/sas-090-100\/","title":{"rendered":"SAS-090.100"},"content":{"rendered":"\t\t<div data-elementor-type=\"product-post\" data-elementor-id=\"2452\" class=\"elementor elementor-2452 elementor-1095\" data-elementor-post-type=\"product\">\n\t\t\t\t<div class=\"elementor-element elementor-element-5899cb41 e-con-full e-flex e-con e-parent\" data-id=\"5899cb41\" data-element_type=\"container\">\n\t\t\t\t<div class=\"elementor-element elementor-element-7f314178 elementor-widget elementor-widget-heading\" data-id=\"7f314178\" data-element_type=\"widget\" data-widget_type=\"heading.default\">\n\t\t\t\t<div class=\"elementor-widget-container\">\n\t\t\t\t\t<h4 class=\"elementor-heading-title elementor-size-default\">SAS090 PROF\u0130L-1000 MM<\/h4>\t\t\t\t<\/div>\n\t\t\t\t<\/div>\n\t\t\t\t<div class=\"elementor-element elementor-element-508815c3 elementor-widget elementor-widget-text-editor\" data-id=\"508815c3\" data-element_type=\"widget\" data-widget_type=\"text-editor.default\">\n\t\t\t\t<div class=\"elementor-widget-container\">\n\t\t\t\t\t\t\t\t\t<p>Il sistema di bracci di supporto SAS90 gioca un ruolo fondamentale nella definizione dello spazio operativo e di manovra della serie SAS. Questi sistemi sono progettati specificamente per pannelli di controllo di dimensioni medie. Oltre al loro design contemporaneo, sono ingegnerizzati con requisiti tecnologici all\u2019avanguardia, consentendo un\u2019integrazione senza soluzione di continuit\u00e0 con altri moduli e garantendo prestazioni ottimali del braccio operativo. Il braccio operativo pu\u00f2 essere personalizzato nelle lunghezze desiderate per soddisfare requisiti specifici. \u00c8 importante notare che un braccio operativo lungo 1 metro ha una capacit\u00e0 di carico impressionante fino a 90 kg. Per mantenere un\u2019estetica coerente, questo modulo \u00e8 rivestito con vernice grigio chiaro RAL 7035 e possiede anche capacit\u00e0 di tenuta.<\/p>\n\t\t\t\t\t\t\t\t<\/div>\n\t\t\t\t<\/div>\n\t\t<div class=\"elementor-element elementor-element-247918e8 e-flex e-con-boxed e-con e-child\" data-id=\"247918e8\" data-element_type=\"container\">\n\t\t\t\t\t<div class=\"e-con-inner\">\n\t\t<div class=\"elementor-element elementor-element-585a1dac e-con-full e-flex e-con e-child\" data-id=\"585a1dac\" data-element_type=\"container\">\n\t\t<div class=\"elementor-element elementor-element-521cf989 e-con-full e-flex e-con e-child\" data-id=\"521cf989\" data-element_type=\"container\" data-settings=\"{&quot;background_background&quot;:&quot;classic&quot;}\">\n\t\t<div class=\"elementor-element elementor-element-5d1cf2fa e-con-full e-flex e-con e-child\" data-id=\"5d1cf2fa\" data-element_type=\"container\">\n\t\t\t\t<div class=\"elementor-element elementor-element-5478efbf elementor-widget elementor-widget-heading\" data-id=\"5478efbf\" data-element_type=\"widget\" data-widget_type=\"heading.default\">\n\t\t\t\t<div class=\"elementor-widget-container\">\n\t\t\t\t\t<p class=\"elementor-heading-title elementor-size-default\">Codice Prodotto<\/p>\t\t\t\t<\/div>\n\t\t\t\t<\/div>\n\t\t\t\t<\/div>\n\t\t<div class=\"elementor-element elementor-element-52ea43c1 e-con-full e-flex e-con e-child\" data-id=\"52ea43c1\" data-element_type=\"container\">\n\t\t\t\t<div class=\"elementor-element elementor-element-549516f0 elementor-widget elementor-widget-heading\" data-id=\"549516f0\" data-element_type=\"widget\" data-widget_type=\"heading.default\">\n\t\t\t\t<div class=\"elementor-widget-container\">\n\t\t\t\t\t<p class=\"elementor-heading-title elementor-size-default\">Descrizione<\/p>\t\t\t\t<\/div>\n\t\t\t\t<\/div>\n\t\t\t\t<\/div>\n\t\t<div class=\"elementor-element elementor-element-78b0580a e-con-full e-flex e-con e-child\" data-id=\"78b0580a\" data-element_type=\"container\">\n\t\t\t\t<div class=\"elementor-element elementor-element-59deff7 elementor-widget elementor-widget-heading\" data-id=\"59deff7\" data-element_type=\"widget\" data-widget_type=\"heading.default\">\n\t\t\t\t<div class=\"elementor-widget-container\">\n\t\t\t\t\t<p class=\"elementor-heading-title elementor-size-default\">Peso (mm)\t<\/p>\t\t\t\t<\/div>\n\t\t\t\t<\/div>\n\t\t\t\t<\/div>\n\t\t\t\t<\/div>\n\t\t<div class=\"elementor-element elementor-element-67b9e703 e-con-full e-flex e-con e-child\" data-id=\"67b9e703\" data-element_type=\"container\" data-settings=\"{&quot;background_background&quot;:&quot;classic&quot;}\">\n\t\t<div class=\"elementor-element elementor-element-72f82c17 e-con-full e-flex e-con e-child\" data-id=\"72f82c17\" data-element_type=\"container\" data-settings=\"{&quot;background_background&quot;:&quot;classic&quot;}\">\n\t\t\t\t<div class=\"elementor-element elementor-element-21230530 elementor-widget elementor-widget-heading\" data-id=\"21230530\" data-element_type=\"widget\" data-widget_type=\"heading.default\">\n\t\t\t\t<div class=\"elementor-widget-container\">\n\t\t\t\t\t<p class=\"elementor-heading-title elementor-size-default\">SAS090.100<\/p>\t\t\t\t<\/div>\n\t\t\t\t<\/div>\n\t\t\t\t<\/div>\n\t\t<div class=\"elementor-element elementor-element-27d7a3ab e-con-full e-flex e-con e-child\" data-id=\"27d7a3ab\" data-element_type=\"container\" data-settings=\"{&quot;background_background&quot;:&quot;classic&quot;}\">\n\t\t\t\t<div class=\"elementor-element elementor-element-325dd49 elementor-widget elementor-widget-heading\" data-id=\"325dd49\" data-element_type=\"widget\" data-widget_type=\"heading.default\">\n\t\t\t\t<div class=\"elementor-widget-container\">\n\t\t\t\t\t<p class=\"elementor-heading-title elementor-size-default\">090 Profilo del braccio di supporto 1000 mm<\/p>\t\t\t\t<\/div>\n\t\t\t\t<\/div>\n\t\t\t\t<\/div>\n\t\t<div class=\"elementor-element elementor-element-63fc9d9c e-con-full e-flex e-con e-child\" data-id=\"63fc9d9c\" data-element_type=\"container\">\n\t\t\t\t<div class=\"elementor-element elementor-element-44974032 elementor-widget elementor-widget-heading\" data-id=\"44974032\" data-element_type=\"widget\" data-widget_type=\"heading.default\">\n\t\t\t\t<div class=\"elementor-widget-container\">\n\t\t\t\t\t<p class=\"elementor-heading-title elementor-size-default\">1000<\/p>\t\t\t\t<\/div>\n\t\t\t\t<\/div>\n\t\t\t\t<\/div>\n\t\t\t\t<\/div>\n\t\t\t\t<\/div>\n\t\t<div class=\"elementor-element elementor-element-132c7d13 e-con-full e-flex e-con e-child\" data-id=\"132c7d13\" data-element_type=\"container\">\n\t\t<div class=\"elementor-element elementor-element-4ed646fb e-con-full e-flex e-con e-child\" data-id=\"4ed646fb\" data-element_type=\"container\" data-settings=\"{&quot;background_background&quot;:&quot;classic&quot;}\">\n\t\t<div class=\"elementor-element elementor-element-38bfd924 e-con-full e-flex e-con e-child\" data-id=\"38bfd924\" data-element_type=\"container\">\n\t\t\t\t<div class=\"elementor-element elementor-element-3dd9046 elementor-widget elementor-widget-heading\" data-id=\"3dd9046\" data-element_type=\"widget\" data-widget_type=\"heading.default\">\n\t\t\t\t<div class=\"elementor-widget-container\">\n\t\t\t\t\t<p class=\"elementor-heading-title elementor-size-default\">Peso(gr)<\/p>\t\t\t\t<\/div>\n\t\t\t\t<\/div>\n\t\t\t\t<\/div>\n\t\t<div class=\"elementor-element elementor-element-46baa55c e-con-full e-flex e-con e-child\" data-id=\"46baa55c\" data-element_type=\"container\">\n\t\t\t\t<div class=\"elementor-element elementor-element-4593fc0c elementor-widget elementor-widget-heading\" data-id=\"4593fc0c\" data-element_type=\"widget\" data-widget_type=\"heading.default\">\n\t\t\t\t<div class=\"elementor-widget-container\">\n\t\t\t\t\t<p class=\"elementor-heading-title elementor-size-default\">Codice RAL<\/p>\t\t\t\t<\/div>\n\t\t\t\t<\/div>\n\t\t\t\t<\/div>\n\t\t<div class=\"elementor-element elementor-element-413aa94c e-con-full e-flex e-con e-child\" data-id=\"413aa94c\" data-element_type=\"container\">\n\t\t\t\t<div class=\"elementor-element elementor-element-20f942aa elementor-widget elementor-widget-heading\" data-id=\"20f942aa\" data-element_type=\"widget\" data-widget_type=\"heading.default\">\n\t\t\t\t<div class=\"elementor-widget-container\">\n\t\t\t\t\t<p class=\"elementor-heading-title elementor-size-default\">Dimensioni del Pacco.<\/p>\t\t\t\t<\/div>\n\t\t\t\t<\/div>\n\t\t\t\t<\/div>\n\t\t\t\t<\/div>\n\t\t<div class=\"elementor-element elementor-element-42867e04 e-con-full e-flex e-con e-child\" data-id=\"42867e04\" data-element_type=\"container\" data-settings=\"{&quot;background_background&quot;:&quot;classic&quot;}\">\n\t\t<div class=\"elementor-element elementor-element-7aa7a703 e-con-full e-flex e-con e-child\" data-id=\"7aa7a703\" data-element_type=\"container\" data-settings=\"{&quot;background_background&quot;:&quot;classic&quot;}\">\n\t\t\t\t<div class=\"elementor-element elementor-element-22edf88a elementor-widget elementor-widget-heading\" data-id=\"22edf88a\" data-element_type=\"widget\" data-widget_type=\"heading.default\">\n\t\t\t\t<div class=\"elementor-widget-container\">\n\t\t\t\t\t<p class=\"elementor-heading-title elementor-size-default\">3600<\/p>\t\t\t\t<\/div>\n\t\t\t\t<\/div>\n\t\t\t\t<\/div>\n\t\t<div class=\"elementor-element elementor-element-6c07c85d e-con-full e-flex e-con e-child\" data-id=\"6c07c85d\" data-element_type=\"container\" data-settings=\"{&quot;background_background&quot;:&quot;classic&quot;}\">\n\t\t\t\t<div class=\"elementor-element elementor-element-5df331c4 elementor-widget elementor-widget-heading\" data-id=\"5df331c4\" data-element_type=\"widget\" data-widget_type=\"heading.default\">\n\t\t\t\t<div class=\"elementor-widget-container\">\n\t\t\t\t\t<p class=\"elementor-heading-title elementor-size-default\">7035<\/p>\t\t\t\t<\/div>\n\t\t\t\t<\/div>\n\t\t\t\t<\/div>\n\t\t<div class=\"elementor-element elementor-element-32e565a e-con-full e-flex e-con e-child\" data-id=\"32e565a\" data-element_type=\"container\">\n\t\t\t\t<div class=\"elementor-element elementor-element-4a817bd0 elementor-widget elementor-widget-heading\" data-id=\"4a817bd0\" data-element_type=\"widget\" data-widget_type=\"heading.default\">\n\t\t\t\t<div class=\"elementor-widget-container\">\n\t\t\t\t\t<p class=\"elementor-heading-title elementor-size-default\">65x100x1020<\/p>\t\t\t\t<\/div>\n\t\t\t\t<\/div>\n\t\t\t\t<\/div>\n\t\t\t\t<\/div>\n\t\t\t\t<\/div>\n\t\t\t\t\t<\/div>\n\t\t\t\t<\/div>\n\t\t\t\t<\/div>\n\t\t\t\t<\/div>\n\t\t","protected":false},"excerpt":{"rendered":"<p>SAS090 PROF\u0130L-1000 MM Il sistema di bracci di supporto SAS90 gioca un ruolo fondamentale nella definizione dello spazio operativo e di manovra della serie SAS. Questi sistemi sono progettati specificamente per pannelli di controllo di dimensioni medie. Oltre al loro design contemporaneo, sono ingegnerizzati con requisiti tecnologici all\u2019avanguardia, consentendo un\u2019integrazione senza soluzione di continuit\u00e0 con [&hellip;]<\/p>\n","protected":false},"featured_media":1059,"template":"","meta":[],"product_brand":[],"product_cat":[98,94],"product_tag":[],"class_list":{"0":"post-2452","1":"product","2":"type-product","3":"status-publish","4":"has-post-thumbnail","6":"product_cat-sas-090-it","7":"product_cat-sas-130-sistema-di-bracci-di-supporto","9":"first","10":"instock","11":"shipping-taxable","12":"product-type-simple"},"_links":{"self":[{"href":"https:\/\/supportarmsystem.com\/it\/wp-json\/wp\/v2\/product\/2452","targetHints":{"allow":["GET"]}}],"collection":[{"href":"https:\/\/supportarmsystem.com\/it\/wp-json\/wp\/v2\/product"}],"about":[{"href":"https:\/\/supportarmsystem.com\/it\/wp-json\/wp\/v2\/types\/product"}],"version-history":[{"count":1,"href":"https:\/\/supportarmsystem.com\/it\/wp-json\/wp\/v2\/product\/2452\/revisions"}],"predecessor-version":[{"id":2453,"href":"https:\/\/supportarmsystem.com\/it\/wp-json\/wp\/v2\/product\/2452\/revisions\/2453"}],"wp:featuredmedia":[{"embeddable":true,"href":"https:\/\/supportarmsystem.com\/it\/wp-json\/wp\/v2\/media\/1059"}],"wp:attachment":[{"href":"https:\/\/supportarmsystem.com\/it\/wp-json\/wp\/v2\/media?parent=2452"}],"wp:term":[{"taxonomy":"product_brand","embeddable":true,"href":"https:\/\/supportarmsystem.com\/it\/wp-json\/wp\/v2\/product_brand?post=2452"},{"taxonomy":"product_cat","embeddable":true,"href":"https:\/\/supportarmsystem.com\/it\/wp-json\/wp\/v2\/product_cat?post=2452"},{"taxonomy":"product_tag","embeddable":true,"href":"https:\/\/supportarmsystem.com\/it\/wp-json\/wp\/v2\/product_tag?post=2452"}],"curies":[{"name":"wp","href":"https:\/\/api.w.org\/{rel}","templated":true}]}}