{"id":2254,"date":"2024-12-09T18:05:39","date_gmt":"2024-12-09T18:05:39","guid":{"rendered":"https:\/\/supportarmsystem.com\/urun\/ss-900\/"},"modified":"2024-12-11T18:16:01","modified_gmt":"2024-12-11T18:16:01","slug":"ss-900","status":"publish","type":"product","link":"https:\/\/supportarmsystem.com\/it\/urun\/ss-900\/","title":{"rendered":"SS.900"},"content":{"rendered":"\t\t<div data-elementor-type=\"product-post\" data-elementor-id=\"2254\" class=\"elementor elementor-2254 elementor-2009\" data-elementor-post-type=\"product\">\n\t\t\t\t<div class=\"elementor-element elementor-element-2af267c1 e-con-full e-flex e-con e-parent\" data-id=\"2af267c1\" data-element_type=\"container\">\n\t\t\t\t<div class=\"elementor-element elementor-element-2b5bc51a elementor-widget elementor-widget-heading\" data-id=\"2b5bc51a\" data-element_type=\"widget\" data-widget_type=\"heading.default\">\n\t\t\t\t<div class=\"elementor-widget-container\">\n\t\t\t\t\t<h4 class=\"elementor-heading-title elementor-size-default\">Giunto ad Angolo 90\u00b0<\/h4>\t\t\t\t<\/div>\n\t\t\t\t<\/div>\n\t\t\t\t<div class=\"elementor-element elementor-element-4243c6ed elementor-widget elementor-widget-text-editor\" data-id=\"4243c6ed\" data-element_type=\"widget\" data-widget_type=\"text-editor.default\">\n\t\t\t\t<div class=\"elementor-widget-container\">\n\t\t\t\t\t\t\t\t\t<p>SS.900 Angolo a 90\u00b0 \u00e8 un modulo di angolo progettato per integrare profili orizzontali con profili verticali, risultando in un componente strutturalmente fisso. Questo prodotto offre compatibilit\u00e0 senza soluzione di continuit\u00e0 con configurazioni che coinvolgono distanze significative e pannelli leggeri. Garantisce funzionalit\u00e0 ottimale e affidabilit\u00e0 in tali applicazioni senza incontrare alcun problema.<\/p>\n\t\t\t\t\t\t\t\t<\/div>\n\t\t\t\t<\/div>\n\t\t<div class=\"elementor-element elementor-element-51f418c e-flex e-con-boxed e-con e-child\" data-id=\"51f418c\" data-element_type=\"container\">\n\t\t\t\t\t<div class=\"e-con-inner\">\n\t\t<div class=\"elementor-element elementor-element-c8b7be0 e-con-full e-flex e-con e-child\" data-id=\"c8b7be0\" data-element_type=\"container\">\n\t\t<div class=\"elementor-element elementor-element-2cd7006a e-con-full e-flex e-con e-child\" data-id=\"2cd7006a\" data-element_type=\"container\" data-settings=\"{&quot;background_background&quot;:&quot;classic&quot;}\">\n\t\t<div class=\"elementor-element elementor-element-478e1c1a e-con-full e-flex e-con e-child\" data-id=\"478e1c1a\" data-element_type=\"container\">\n\t\t\t\t<div class=\"elementor-element elementor-element-56dc7438 elementor-widget elementor-widget-heading\" data-id=\"56dc7438\" data-element_type=\"widget\" data-widget_type=\"heading.default\">\n\t\t\t\t<div class=\"elementor-widget-container\">\n\t\t\t\t\t<p class=\"elementor-heading-title elementor-size-default\">Codice Prodotto<\/p>\t\t\t\t<\/div>\n\t\t\t\t<\/div>\n\t\t\t\t<\/div>\n\t\t<div class=\"elementor-element elementor-element-72eb4553 e-con-full e-flex e-con e-child\" data-id=\"72eb4553\" data-element_type=\"container\">\n\t\t\t\t<div class=\"elementor-element elementor-element-106f117 elementor-widget elementor-widget-heading\" data-id=\"106f117\" data-element_type=\"widget\" data-widget_type=\"heading.default\">\n\t\t\t\t<div class=\"elementor-widget-container\">\n\t\t\t\t\t<p class=\"elementor-heading-title elementor-size-default\">Descrizione<\/p>\t\t\t\t<\/div>\n\t\t\t\t<\/div>\n\t\t\t\t<\/div>\n\t\t<div class=\"elementor-element elementor-element-57e15c4e e-con-full e-flex e-con e-child\" data-id=\"57e15c4e\" data-element_type=\"container\">\n\t\t\t\t<div class=\"elementor-element elementor-element-36cb433f elementor-widget elementor-widget-heading\" data-id=\"36cb433f\" data-element_type=\"widget\" data-widget_type=\"heading.default\">\n\t\t\t\t<div class=\"elementor-widget-container\">\n\t\t\t\t\t<p class=\"elementor-heading-title elementor-size-default\">Peso(gr)<\/p>\t\t\t\t<\/div>\n\t\t\t\t<\/div>\n\t\t\t\t<\/div>\n\t\t<div class=\"elementor-element elementor-element-343d96f7 e-con-full e-flex e-con e-child\" data-id=\"343d96f7\" data-element_type=\"container\">\n\t\t\t\t<div class=\"elementor-element elementor-element-5b5be03f elementor-widget elementor-widget-heading\" data-id=\"5b5be03f\" data-element_type=\"widget\" data-widget_type=\"heading.default\">\n\t\t\t\t<div class=\"elementor-widget-container\">\n\t\t\t\t\t<p class=\"elementor-heading-title elementor-size-default\">Dimensioni del Pacco(mm)<\/p>\t\t\t\t<\/div>\n\t\t\t\t<\/div>\n\t\t\t\t<\/div>\n\t\t\t\t<\/div>\n\t\t<div class=\"elementor-element elementor-element-52b530db e-con-full e-flex e-con e-child\" data-id=\"52b530db\" data-element_type=\"container\" data-settings=\"{&quot;background_background&quot;:&quot;classic&quot;}\">\n\t\t<div class=\"elementor-element elementor-element-487ce03c e-con-full e-flex e-con e-child\" data-id=\"487ce03c\" data-element_type=\"container\" data-settings=\"{&quot;background_background&quot;:&quot;classic&quot;}\">\n\t\t\t\t<div class=\"elementor-element elementor-element-31656701 elementor-widget elementor-widget-heading\" data-id=\"31656701\" data-element_type=\"widget\" data-widget_type=\"heading.default\">\n\t\t\t\t<div class=\"elementor-widget-container\">\n\t\t\t\t\t<p class=\"elementor-heading-title elementor-size-default\">SS.900<\/p>\t\t\t\t<\/div>\n\t\t\t\t<\/div>\n\t\t\t\t<\/div>\n\t\t<div class=\"elementor-element elementor-element-6452527c e-con-full e-flex e-con e-child\" data-id=\"6452527c\" data-element_type=\"container\" data-settings=\"{&quot;background_background&quot;:&quot;classic&quot;}\">\n\t\t\t\t<div class=\"elementor-element elementor-element-769bedcb elementor-widget elementor-widget-heading\" data-id=\"769bedcb\" data-element_type=\"widget\" data-widget_type=\"heading.default\">\n\t\t\t\t<div class=\"elementor-widget-container\">\n\t\t\t\t\t<p class=\"elementor-heading-title elementor-size-default\">Giunto ad Angolo 90\u00b0<\/p>\t\t\t\t<\/div>\n\t\t\t\t<\/div>\n\t\t\t\t<\/div>\n\t\t<div class=\"elementor-element elementor-element-448290e7 e-con-full e-flex e-con e-child\" data-id=\"448290e7\" data-element_type=\"container\" data-settings=\"{&quot;background_background&quot;:&quot;classic&quot;}\">\n\t\t\t\t<div class=\"elementor-element elementor-element-34438c55 elementor-widget elementor-widget-heading\" data-id=\"34438c55\" data-element_type=\"widget\" data-widget_type=\"heading.default\">\n\t\t\t\t<div class=\"elementor-widget-container\">\n\t\t\t\t\t<p class=\"elementor-heading-title elementor-size-default\">1700<\/p>\t\t\t\t<\/div>\n\t\t\t\t<\/div>\n\t\t\t\t<\/div>\n\t\t<div class=\"elementor-element elementor-element-2e39d043 e-con-full e-flex e-con e-child\" data-id=\"2e39d043\" data-element_type=\"container\">\n\t\t\t\t<div class=\"elementor-element elementor-element-3164b610 elementor-widget elementor-widget-heading\" data-id=\"3164b610\" data-element_type=\"widget\" data-widget_type=\"heading.default\">\n\t\t\t\t<div class=\"elementor-widget-container\">\n\t\t\t\t\t<p class=\"elementor-heading-title elementor-size-default\">150x70x150<\/p>\t\t\t\t<\/div>\n\t\t\t\t<\/div>\n\t\t\t\t<\/div>\n\t\t\t\t<\/div>\n\t\t\t\t<\/div>\n\t\t\t\t\t<\/div>\n\t\t\t\t<\/div>\n\t\t\t\t<\/div>\n\t\t\t\t<\/div>\n\t\t","protected":false},"excerpt":{"rendered":"<p>Giunto ad Angolo 90\u00b0 SS.900 Angolo a 90\u00b0 \u00e8 un modulo di angolo progettato per integrare profili orizzontali con profili verticali, risultando in un componente strutturalmente fisso. Questo prodotto offre compatibilit\u00e0 senza soluzione di continuit\u00e0 con configurazioni che coinvolgono distanze significative e pannelli leggeri. Garantisce funzionalit\u00e0 ottimale e affidabilit\u00e0 in tali applicazioni senza incontrare alcun [&hellip;]<\/p>\n","protected":false},"featured_media":2013,"template":"","meta":[],"product_brand":[],"product_cat":[72],"product_tag":[],"class_list":{"0":"post-2254","1":"product","2":"type-product","3":"status-publish","4":"has-post-thumbnail","6":"product_cat-sistema-di-bracci-di-supporto-in-acciaio-inossidabile","8":"first","9":"instock","10":"shipping-taxable","11":"product-type-simple"},"_links":{"self":[{"href":"https:\/\/supportarmsystem.com\/it\/wp-json\/wp\/v2\/product\/2254","targetHints":{"allow":["GET"]}}],"collection":[{"href":"https:\/\/supportarmsystem.com\/it\/wp-json\/wp\/v2\/product"}],"about":[{"href":"https:\/\/supportarmsystem.com\/it\/wp-json\/wp\/v2\/types\/product"}],"version-history":[{"count":1,"href":"https:\/\/supportarmsystem.com\/it\/wp-json\/wp\/v2\/product\/2254\/revisions"}],"predecessor-version":[{"id":2255,"href":"https:\/\/supportarmsystem.com\/it\/wp-json\/wp\/v2\/product\/2254\/revisions\/2255"}],"wp:featuredmedia":[{"embeddable":true,"href":"https:\/\/supportarmsystem.com\/it\/wp-json\/wp\/v2\/media\/2013"}],"wp:attachment":[{"href":"https:\/\/supportarmsystem.com\/it\/wp-json\/wp\/v2\/media?parent=2254"}],"wp:term":[{"taxonomy":"product_brand","embeddable":true,"href":"https:\/\/supportarmsystem.com\/it\/wp-json\/wp\/v2\/product_brand?post=2254"},{"taxonomy":"product_cat","embeddable":true,"href":"https:\/\/supportarmsystem.com\/it\/wp-json\/wp\/v2\/product_cat?post=2254"},{"taxonomy":"product_tag","embeddable":true,"href":"https:\/\/supportarmsystem.com\/it\/wp-json\/wp\/v2\/product_tag?post=2254"}],"curies":[{"name":"wp","href":"https:\/\/api.w.org\/{rel}","templated":true}]}}