{"id":3260,"date":"2024-12-09T11:41:32","date_gmt":"2024-12-09T11:41:32","guid":{"rendered":"https:\/\/supportarmsystem.com\/urun\/sas-050-310\/"},"modified":"2024-12-11T18:25:19","modified_gmt":"2024-12-11T18:25:19","slug":"sas-050-310","status":"publish","type":"product","link":"https:\/\/supportarmsystem.com\/es\/urun\/sas-050-310\/","title":{"rendered":"SAS.050.310"},"content":{"rendered":"\t\t<div data-elementor-type=\"product-post\" data-elementor-id=\"3260\" class=\"elementor elementor-3260 elementor-1439\" data-elementor-post-type=\"product\">\n\t\t\t\t<div class=\"elementor-element elementor-element-11bac6c4 e-con-full e-flex e-con e-parent\" data-id=\"11bac6c4\" data-element_type=\"container\">\n\t\t\t\t<div class=\"elementor-element elementor-element-156946ed elementor-widget elementor-widget-heading\" data-id=\"156946ed\" data-element_type=\"widget\" data-widget_type=\"heading.default\">\n\t\t\t\t<div class=\"elementor-widget-container\">\n\t\t\t\t\t<h4 class=\"elementor-heading-title elementor-size-default\">Articulaci\u00f3n Superior Montada Rotativa Salida Vertical 315\u00b0<\/h4>\t\t\t\t<\/div>\n\t\t\t\t<\/div>\n\t\t\t\t<div class=\"elementor-element elementor-element-7f028e27 elementor-widget elementor-widget-text-editor\" data-id=\"7f028e27\" data-element_type=\"widget\" data-widget_type=\"text-editor.default\">\n\t\t\t\t<div class=\"elementor-widget-container\">\n\t\t\t\t\t\t\t\t\t<p>El SAS050.310 Articulaci\u00f3n Superior Montada Rotativa Salida Vertical 315\u00b0 facilita la colocaci\u00f3n vertical del brazo de soporte. Este m\u00f3dulo ha sido dise\u00f1ado espec\u00edficamente para configuraciones con cargas peque\u00f1as y ofrece una capacidad de rotaci\u00f3n de 315\u00b0. Adem\u00e1s, puede utilizarse como un quiosco fijo al montarlo de manera segura en el suelo.<\/p>\n\t\t\t\t\t\t\t\t<\/div>\n\t\t\t\t<\/div>\n\t\t<div class=\"elementor-element elementor-element-3f6b98b6 e-flex e-con-boxed e-con e-child\" data-id=\"3f6b98b6\" data-element_type=\"container\">\n\t\t\t\t\t<div class=\"e-con-inner\">\n\t\t<div class=\"elementor-element elementor-element-337cd956 e-con-full e-flex e-con e-child\" data-id=\"337cd956\" data-element_type=\"container\">\n\t\t<div class=\"elementor-element elementor-element-b0499ac e-con-full e-flex e-con e-child\" data-id=\"b0499ac\" data-element_type=\"container\" data-settings=\"{&quot;background_background&quot;:&quot;classic&quot;}\">\n\t\t<div class=\"elementor-element elementor-element-69273905 e-con-full e-flex e-con e-child\" data-id=\"69273905\" data-element_type=\"container\">\n\t\t\t\t<div class=\"elementor-element elementor-element-99a9260 elementor-widget elementor-widget-heading\" data-id=\"99a9260\" data-element_type=\"widget\" data-widget_type=\"heading.default\">\n\t\t\t\t<div class=\"elementor-widget-container\">\n\t\t\t\t\t<p class=\"elementor-heading-title elementor-size-default\">C\u00f3digo de Producto<\/p>\t\t\t\t<\/div>\n\t\t\t\t<\/div>\n\t\t\t\t<\/div>\n\t\t<div class=\"elementor-element elementor-element-783e71d8 e-con-full e-flex e-con e-child\" data-id=\"783e71d8\" data-element_type=\"container\">\n\t\t\t\t<div class=\"elementor-element elementor-element-251f883a elementor-widget elementor-widget-heading\" data-id=\"251f883a\" data-element_type=\"widget\" data-widget_type=\"heading.default\">\n\t\t\t\t<div class=\"elementor-widget-container\">\n\t\t\t\t\t<p class=\"elementor-heading-title elementor-size-default\">Descripci\u00f3n<\/p>\t\t\t\t<\/div>\n\t\t\t\t<\/div>\n\t\t\t\t<\/div>\n\t\t<div class=\"elementor-element elementor-element-71f91e7 e-con-full e-flex e-con e-child\" data-id=\"71f91e7\" data-element_type=\"container\">\n\t\t\t\t<\/div>\n\t\t\t\t<\/div>\n\t\t<div class=\"elementor-element elementor-element-70cbf034 e-con-full e-flex e-con e-child\" data-id=\"70cbf034\" data-element_type=\"container\" data-settings=\"{&quot;background_background&quot;:&quot;classic&quot;}\">\n\t\t<div class=\"elementor-element elementor-element-6596fe73 e-con-full e-flex e-con e-child\" data-id=\"6596fe73\" data-element_type=\"container\" data-settings=\"{&quot;background_background&quot;:&quot;classic&quot;}\">\n\t\t\t\t<div class=\"elementor-element elementor-element-1f530d4b elementor-widget elementor-widget-heading\" data-id=\"1f530d4b\" data-element_type=\"widget\" data-widget_type=\"heading.default\">\n\t\t\t\t<div class=\"elementor-widget-container\">\n\t\t\t\t\t<p class=\"elementor-heading-title elementor-size-default\">SAS.050.310<\/p>\t\t\t\t<\/div>\n\t\t\t\t<\/div>\n\t\t\t\t<\/div>\n\t\t<div class=\"elementor-element elementor-element-1b0c4ed5 e-con-full e-flex e-con e-child\" data-id=\"1b0c4ed5\" data-element_type=\"container\" data-settings=\"{&quot;background_background&quot;:&quot;classic&quot;}\">\n\t\t\t\t<div class=\"elementor-element elementor-element-6801424a elementor-widget elementor-widget-heading\" data-id=\"6801424a\" data-element_type=\"widget\" data-widget_type=\"heading.default\">\n\t\t\t\t<div class=\"elementor-widget-container\">\n\t\t\t\t\t<p class=\"elementor-heading-title elementor-size-default\">Articulaci\u00f3n Superior Montada Rotativa Salida Vertical 315\u00b0<\/p>\t\t\t\t<\/div>\n\t\t\t\t<\/div>\n\t\t\t\t<\/div>\n\t\t<div class=\"elementor-element elementor-element-44edaf5f e-con-full e-flex e-con e-child\" data-id=\"44edaf5f\" data-element_type=\"container\">\n\t\t\t\t<\/div>\n\t\t\t\t<\/div>\n\t\t\t\t<\/div>\n\t\t<div class=\"elementor-element elementor-element-2d5ec282 e-con-full e-flex e-con e-child\" data-id=\"2d5ec282\" data-element_type=\"container\">\n\t\t<div class=\"elementor-element elementor-element-3a572a51 e-con-full e-flex e-con e-child\" data-id=\"3a572a51\" data-element_type=\"container\" data-settings=\"{&quot;background_background&quot;:&quot;classic&quot;}\">\n\t\t<div class=\"elementor-element elementor-element-73bbe819 e-con-full e-flex e-con e-child\" data-id=\"73bbe819\" data-element_type=\"container\">\n\t\t\t\t<div class=\"elementor-element elementor-element-4f33fd00 elementor-widget elementor-widget-heading\" data-id=\"4f33fd00\" data-element_type=\"widget\" data-widget_type=\"heading.default\">\n\t\t\t\t<div class=\"elementor-widget-container\">\n\t\t\t\t\t<p class=\"elementor-heading-title elementor-size-default\">Peso(gr)<\/p>\t\t\t\t<\/div>\n\t\t\t\t<\/div>\n\t\t\t\t<\/div>\n\t\t<div class=\"elementor-element elementor-element-2e655868 e-con-full e-flex e-con e-child\" data-id=\"2e655868\" data-element_type=\"container\">\n\t\t\t\t<div class=\"elementor-element elementor-element-58750ab3 elementor-widget elementor-widget-heading\" data-id=\"58750ab3\" data-element_type=\"widget\" data-widget_type=\"heading.default\">\n\t\t\t\t<div class=\"elementor-widget-container\">\n\t\t\t\t\t<p class=\"elementor-heading-title elementor-size-default\">C\u00f3digo RAL\t<\/p>\t\t\t\t<\/div>\n\t\t\t\t<\/div>\n\t\t\t\t<\/div>\n\t\t<div class=\"elementor-element elementor-element-5b03dc99 e-con-full e-flex e-con e-child\" data-id=\"5b03dc99\" data-element_type=\"container\">\n\t\t\t\t<div class=\"elementor-element elementor-element-3f1d9119 elementor-widget elementor-widget-heading\" data-id=\"3f1d9119\" data-element_type=\"widget\" data-widget_type=\"heading.default\">\n\t\t\t\t<div class=\"elementor-widget-container\">\n\t\t\t\t\t<p class=\"elementor-heading-title elementor-size-default\">Dimensiones del paquete<\/p>\t\t\t\t<\/div>\n\t\t\t\t<\/div>\n\t\t\t\t<\/div>\n\t\t\t\t<\/div>\n\t\t<div class=\"elementor-element elementor-element-76b33ad0 e-con-full e-flex e-con e-child\" data-id=\"76b33ad0\" data-element_type=\"container\" data-settings=\"{&quot;background_background&quot;:&quot;classic&quot;}\">\n\t\t<div class=\"elementor-element elementor-element-6f03e4db e-con-full e-flex e-con e-child\" data-id=\"6f03e4db\" data-element_type=\"container\" data-settings=\"{&quot;background_background&quot;:&quot;classic&quot;}\">\n\t\t\t\t<div class=\"elementor-element elementor-element-3f0192cf elementor-widget elementor-widget-heading\" data-id=\"3f0192cf\" data-element_type=\"widget\" data-widget_type=\"heading.default\">\n\t\t\t\t<div class=\"elementor-widget-container\">\n\t\t\t\t\t<p class=\"elementor-heading-title elementor-size-default\">1680\t<\/p>\t\t\t\t<\/div>\n\t\t\t\t<\/div>\n\t\t\t\t<\/div>\n\t\t<div class=\"elementor-element elementor-element-4bdd7f7e e-con-full e-flex e-con e-child\" data-id=\"4bdd7f7e\" data-element_type=\"container\" data-settings=\"{&quot;background_background&quot;:&quot;classic&quot;}\">\n\t\t\t\t<div class=\"elementor-element elementor-element-441853b9 elementor-widget elementor-widget-heading\" data-id=\"441853b9\" data-element_type=\"widget\" data-widget_type=\"heading.default\">\n\t\t\t\t<div class=\"elementor-widget-container\">\n\t\t\t\t\t<p class=\"elementor-heading-title elementor-size-default\">7035<\/p>\t\t\t\t<\/div>\n\t\t\t\t<\/div>\n\t\t\t\t<\/div>\n\t\t<div class=\"elementor-element elementor-element-505b0f10 e-con-full e-flex e-con e-child\" data-id=\"505b0f10\" data-element_type=\"container\">\n\t\t\t\t<div class=\"elementor-element elementor-element-2f32a56f elementor-widget elementor-widget-heading\" data-id=\"2f32a56f\" data-element_type=\"widget\" data-widget_type=\"heading.default\">\n\t\t\t\t<div class=\"elementor-widget-container\">\n\t\t\t\t\t<p class=\"elementor-heading-title elementor-size-default\">120x120x100<\/p>\t\t\t\t<\/div>\n\t\t\t\t<\/div>\n\t\t\t\t<\/div>\n\t\t\t\t<\/div>\n\t\t\t\t<\/div>\n\t\t\t\t\t<\/div>\n\t\t\t\t<\/div>\n\t\t\t\t<\/div>\n\t\t\t\t<\/div>\n\t\t","protected":false},"excerpt":{"rendered":"<p>Articulaci\u00f3n Superior Montada Rotativa Salida Vertical 315\u00b0 El SAS050.310 Articulaci\u00f3n Superior Montada Rotativa Salida Vertical 315\u00b0 facilita la colocaci\u00f3n vertical del brazo de soporte. Este m\u00f3dulo ha sido dise\u00f1ado espec\u00edficamente para configuraciones con cargas peque\u00f1as y ofrece una capacidad de rotaci\u00f3n de 315\u00b0. Adem\u00e1s, puede utilizarse como un quiosco fijo al montarlo de manera segura [&hellip;]<\/p>\n","protected":false},"featured_media":1438,"template":"","meta":[],"product_brand":[],"product_cat":[109,102],"product_tag":[],"class_list":{"0":"post-3260","1":"product","2":"type-product","3":"status-publish","4":"has-post-thumbnail","6":"product_cat-sas-050-sistemas-de-brazo-soporte","7":"product_cat-sistemas-de-brazo-soporte","9":"first","10":"instock","11":"shipping-taxable","12":"product-type-simple"},"_links":{"self":[{"href":"https:\/\/supportarmsystem.com\/es\/wp-json\/wp\/v2\/product\/3260","targetHints":{"allow":["GET"]}}],"collection":[{"href":"https:\/\/supportarmsystem.com\/es\/wp-json\/wp\/v2\/product"}],"about":[{"href":"https:\/\/supportarmsystem.com\/es\/wp-json\/wp\/v2\/types\/product"}],"version-history":[{"count":1,"href":"https:\/\/supportarmsystem.com\/es\/wp-json\/wp\/v2\/product\/3260\/revisions"}],"predecessor-version":[{"id":3261,"href":"https:\/\/supportarmsystem.com\/es\/wp-json\/wp\/v2\/product\/3260\/revisions\/3261"}],"wp:featuredmedia":[{"embeddable":true,"href":"https:\/\/supportarmsystem.com\/es\/wp-json\/wp\/v2\/media\/1438"}],"wp:attachment":[{"href":"https:\/\/supportarmsystem.com\/es\/wp-json\/wp\/v2\/media?parent=3260"}],"wp:term":[{"taxonomy":"product_brand","embeddable":true,"href":"https:\/\/supportarmsystem.com\/es\/wp-json\/wp\/v2\/product_brand?post=3260"},{"taxonomy":"product_cat","embeddable":true,"href":"https:\/\/supportarmsystem.com\/es\/wp-json\/wp\/v2\/product_cat?post=3260"},{"taxonomy":"product_tag","embeddable":true,"href":"https:\/\/supportarmsystem.com\/es\/wp-json\/wp\/v2\/product_tag?post=3260"}],"curies":[{"name":"wp","href":"https:\/\/api.w.org\/{rel}","templated":true}]}}