{"id":3258,"date":"2024-12-09T11:44:09","date_gmt":"2024-12-09T11:44:09","guid":{"rendered":"https:\/\/supportarmsystem.com\/urun\/sas-050-400\/"},"modified":"2024-12-11T18:25:08","modified_gmt":"2024-12-11T18:25:08","slug":"sas-050-400","status":"publish","type":"product","link":"https:\/\/supportarmsystem.com\/es\/urun\/sas-050-400\/","title":{"rendered":"SAS.050.400"},"content":{"rendered":"\t\t<div data-elementor-type=\"product-post\" data-elementor-id=\"3258\" class=\"elementor elementor-3258 elementor-1448\" data-elementor-post-type=\"product\">\n\t\t\t\t<div class=\"elementor-element elementor-element-2c160838 e-con-full e-flex e-con e-parent\" data-id=\"2c160838\" data-element_type=\"container\">\n\t\t\t\t<div class=\"elementor-element elementor-element-2c3347df elementor-widget elementor-widget-heading\" data-id=\"2c3347df\" data-element_type=\"widget\" data-widget_type=\"heading.default\">\n\t\t\t\t<div class=\"elementor-widget-container\">\n\t\t\t\t\t<h4 class=\"elementor-heading-title elementor-size-default\">Torretta articolata da parete SAS050 Punto di partenza orizzontale<\/h4>\t\t\t\t<\/div>\n\t\t\t\t<\/div>\n\t\t\t\t<div class=\"elementor-element elementor-element-7fa2ea48 elementor-widget elementor-widget-text-editor\" data-id=\"7fa2ea48\" data-element_type=\"widget\" data-widget_type=\"text-editor.default\">\n\t\t\t\t<div class=\"elementor-widget-container\">\n\t\t\t\t\t\t\t\t\t<p>El SAS050.400 M\u00f3dulo Montado en Pared Salida Horizontal 315\u00b0 ha sido dise\u00f1ado meticulosamente para escenarios en los que no es factible establecer una conexi\u00f3n al suelo. Se adapta a situaciones en las que se desea un punto de conexi\u00f3n alto en una pared o m\u00e1quina. Este m\u00f3dulo permite la colocaci\u00f3n del brazo de soporte en una orientaci\u00f3n horizontal. Dise\u00f1ado espec\u00edficamente para configuraciones de carga baja, ofrece un rango de rotaci\u00f3n de 310\u00b0, permitiendo un movimiento suave de izquierda a derecha.<\/p>\n\t\t\t\t\t\t\t\t<\/div>\n\t\t\t\t<\/div>\n\t\t<div class=\"elementor-element elementor-element-411adf5a e-flex e-con-boxed e-con e-child\" data-id=\"411adf5a\" data-element_type=\"container\">\n\t\t\t\t\t<div class=\"e-con-inner\">\n\t\t<div class=\"elementor-element elementor-element-7e3d427e e-con-full e-flex e-con e-child\" data-id=\"7e3d427e\" data-element_type=\"container\">\n\t\t<div class=\"elementor-element elementor-element-62a0b76 e-con-full e-flex e-con e-child\" data-id=\"62a0b76\" data-element_type=\"container\" data-settings=\"{&quot;background_background&quot;:&quot;classic&quot;}\">\n\t\t<div class=\"elementor-element elementor-element-4c5ad222 e-con-full e-flex e-con e-child\" data-id=\"4c5ad222\" data-element_type=\"container\">\n\t\t\t\t<div class=\"elementor-element elementor-element-63ff20ae elementor-widget elementor-widget-heading\" data-id=\"63ff20ae\" data-element_type=\"widget\" data-widget_type=\"heading.default\">\n\t\t\t\t<div class=\"elementor-widget-container\">\n\t\t\t\t\t<p class=\"elementor-heading-title elementor-size-default\">C\u00f3digo de Producto<\/p>\t\t\t\t<\/div>\n\t\t\t\t<\/div>\n\t\t\t\t<\/div>\n\t\t<div class=\"elementor-element elementor-element-245fe01b e-con-full e-flex e-con e-child\" data-id=\"245fe01b\" data-element_type=\"container\">\n\t\t\t\t<div class=\"elementor-element elementor-element-7ec7f75d elementor-widget elementor-widget-heading\" data-id=\"7ec7f75d\" data-element_type=\"widget\" data-widget_type=\"heading.default\">\n\t\t\t\t<div class=\"elementor-widget-container\">\n\t\t\t\t\t<p class=\"elementor-heading-title elementor-size-default\">Descripci\u00f3n<\/p>\t\t\t\t<\/div>\n\t\t\t\t<\/div>\n\t\t\t\t<\/div>\n\t\t<div class=\"elementor-element elementor-element-7b716236 e-con-full e-flex e-con e-child\" data-id=\"7b716236\" data-element_type=\"container\">\n\t\t\t\t<\/div>\n\t\t\t\t<\/div>\n\t\t<div class=\"elementor-element elementor-element-31e5acce e-con-full e-flex e-con e-child\" data-id=\"31e5acce\" data-element_type=\"container\" data-settings=\"{&quot;background_background&quot;:&quot;classic&quot;}\">\n\t\t<div class=\"elementor-element elementor-element-d199818 e-con-full e-flex e-con e-child\" data-id=\"d199818\" data-element_type=\"container\" data-settings=\"{&quot;background_background&quot;:&quot;classic&quot;}\">\n\t\t\t\t<div class=\"elementor-element elementor-element-34392621 elementor-widget elementor-widget-heading\" data-id=\"34392621\" data-element_type=\"widget\" data-widget_type=\"heading.default\">\n\t\t\t\t<div class=\"elementor-widget-container\">\n\t\t\t\t\t<p class=\"elementor-heading-title elementor-size-default\">SAS050.400<\/p>\t\t\t\t<\/div>\n\t\t\t\t<\/div>\n\t\t\t\t<\/div>\n\t\t<div class=\"elementor-element elementor-element-6d69597c e-con-full e-flex e-con e-child\" data-id=\"6d69597c\" data-element_type=\"container\" data-settings=\"{&quot;background_background&quot;:&quot;classic&quot;}\">\n\t\t\t\t<div class=\"elementor-element elementor-element-2c712805 elementor-widget elementor-widget-heading\" data-id=\"2c712805\" data-element_type=\"widget\" data-widget_type=\"heading.default\">\n\t\t\t\t<div class=\"elementor-widget-container\">\n\t\t\t\t\t<p class=\"elementor-heading-title elementor-size-default\">Torretta articolata da parete SAS130 Punto di partenza orizzontale<\/p>\t\t\t\t<\/div>\n\t\t\t\t<\/div>\n\t\t\t\t<\/div>\n\t\t<div class=\"elementor-element elementor-element-8a338b5 e-con-full e-flex e-con e-child\" data-id=\"8a338b5\" data-element_type=\"container\">\n\t\t\t\t<\/div>\n\t\t\t\t<\/div>\n\t\t\t\t<\/div>\n\t\t<div class=\"elementor-element elementor-element-5a091477 e-con-full e-flex e-con e-child\" data-id=\"5a091477\" data-element_type=\"container\">\n\t\t<div class=\"elementor-element elementor-element-6c96beca e-con-full e-flex e-con e-child\" data-id=\"6c96beca\" data-element_type=\"container\" data-settings=\"{&quot;background_background&quot;:&quot;classic&quot;}\">\n\t\t<div class=\"elementor-element elementor-element-37790df9 e-con-full e-flex e-con e-child\" data-id=\"37790df9\" data-element_type=\"container\">\n\t\t\t\t<div class=\"elementor-element elementor-element-797a1358 elementor-widget elementor-widget-heading\" data-id=\"797a1358\" data-element_type=\"widget\" data-widget_type=\"heading.default\">\n\t\t\t\t<div class=\"elementor-widget-container\">\n\t\t\t\t\t<p class=\"elementor-heading-title elementor-size-default\">Peso(gr)<\/p>\t\t\t\t<\/div>\n\t\t\t\t<\/div>\n\t\t\t\t<\/div>\n\t\t<div class=\"elementor-element elementor-element-70862bbb e-con-full e-flex e-con e-child\" data-id=\"70862bbb\" data-element_type=\"container\">\n\t\t\t\t<div class=\"elementor-element elementor-element-6512e53f elementor-widget elementor-widget-heading\" data-id=\"6512e53f\" data-element_type=\"widget\" data-widget_type=\"heading.default\">\n\t\t\t\t<div class=\"elementor-widget-container\">\n\t\t\t\t\t<p class=\"elementor-heading-title elementor-size-default\">C\u00f3digo RAL\t<\/p>\t\t\t\t<\/div>\n\t\t\t\t<\/div>\n\t\t\t\t<\/div>\n\t\t<div class=\"elementor-element elementor-element-59824afa e-con-full e-flex e-con e-child\" data-id=\"59824afa\" data-element_type=\"container\">\n\t\t\t\t<div class=\"elementor-element elementor-element-30a2f2a4 elementor-widget elementor-widget-heading\" data-id=\"30a2f2a4\" data-element_type=\"widget\" data-widget_type=\"heading.default\">\n\t\t\t\t<div class=\"elementor-widget-container\">\n\t\t\t\t\t<p class=\"elementor-heading-title elementor-size-default\">Dimensiones del paquete<\/p>\t\t\t\t<\/div>\n\t\t\t\t<\/div>\n\t\t\t\t<\/div>\n\t\t\t\t<\/div>\n\t\t<div class=\"elementor-element elementor-element-2085d924 e-con-full e-flex e-con e-child\" data-id=\"2085d924\" data-element_type=\"container\" data-settings=\"{&quot;background_background&quot;:&quot;classic&quot;}\">\n\t\t<div class=\"elementor-element elementor-element-db29bb7 e-con-full e-flex e-con e-child\" data-id=\"db29bb7\" data-element_type=\"container\" data-settings=\"{&quot;background_background&quot;:&quot;classic&quot;}\">\n\t\t\t\t<div class=\"elementor-element elementor-element-16661339 elementor-widget elementor-widget-heading\" data-id=\"16661339\" data-element_type=\"widget\" data-widget_type=\"heading.default\">\n\t\t\t\t<div class=\"elementor-widget-container\">\n\t\t\t\t\t<p class=\"elementor-heading-title elementor-size-default\">1680<\/p>\t\t\t\t<\/div>\n\t\t\t\t<\/div>\n\t\t\t\t<\/div>\n\t\t<div class=\"elementor-element elementor-element-498bfdbe e-con-full e-flex e-con e-child\" data-id=\"498bfdbe\" data-element_type=\"container\" data-settings=\"{&quot;background_background&quot;:&quot;classic&quot;}\">\n\t\t\t\t<div class=\"elementor-element elementor-element-76ebf809 elementor-widget elementor-widget-heading\" data-id=\"76ebf809\" data-element_type=\"widget\" data-widget_type=\"heading.default\">\n\t\t\t\t<div class=\"elementor-widget-container\">\n\t\t\t\t\t<p class=\"elementor-heading-title elementor-size-default\">7035<\/p>\t\t\t\t<\/div>\n\t\t\t\t<\/div>\n\t\t\t\t<\/div>\n\t\t<div class=\"elementor-element elementor-element-415b020c e-con-full e-flex e-con e-child\" data-id=\"415b020c\" data-element_type=\"container\">\n\t\t\t\t<div class=\"elementor-element elementor-element-4c464d9b elementor-widget elementor-widget-heading\" data-id=\"4c464d9b\" data-element_type=\"widget\" data-widget_type=\"heading.default\">\n\t\t\t\t<div class=\"elementor-widget-container\">\n\t\t\t\t\t<p class=\"elementor-heading-title elementor-size-default\">130x140x225<\/p>\t\t\t\t<\/div>\n\t\t\t\t<\/div>\n\t\t\t\t<\/div>\n\t\t\t\t<\/div>\n\t\t\t\t<\/div>\n\t\t\t\t\t<\/div>\n\t\t\t\t<\/div>\n\t\t\t\t<\/div>\n\t\t\t\t<\/div>\n\t\t","protected":false},"excerpt":{"rendered":"<p>Torretta articolata da parete SAS050 Punto di partenza orizzontale El SAS050.400 M\u00f3dulo Montado en Pared Salida Horizontal 315\u00b0 ha sido dise\u00f1ado meticulosamente para escenarios en los que no es factible establecer una conexi\u00f3n al suelo. Se adapta a situaciones en las que se desea un punto de conexi\u00f3n alto en una pared o m\u00e1quina. Este [&hellip;]<\/p>\n","protected":false},"featured_media":1455,"template":"","meta":[],"product_brand":[],"product_cat":[109,102],"product_tag":[],"class_list":{"0":"post-3258","1":"product","2":"type-product","3":"status-publish","4":"has-post-thumbnail","6":"product_cat-sas-050-sistemas-de-brazo-soporte","7":"product_cat-sistemas-de-brazo-soporte","9":"first","10":"instock","11":"shipping-taxable","12":"product-type-simple"},"_links":{"self":[{"href":"https:\/\/supportarmsystem.com\/es\/wp-json\/wp\/v2\/product\/3258","targetHints":{"allow":["GET"]}}],"collection":[{"href":"https:\/\/supportarmsystem.com\/es\/wp-json\/wp\/v2\/product"}],"about":[{"href":"https:\/\/supportarmsystem.com\/es\/wp-json\/wp\/v2\/types\/product"}],"version-history":[{"count":1,"href":"https:\/\/supportarmsystem.com\/es\/wp-json\/wp\/v2\/product\/3258\/revisions"}],"predecessor-version":[{"id":3259,"href":"https:\/\/supportarmsystem.com\/es\/wp-json\/wp\/v2\/product\/3258\/revisions\/3259"}],"wp:featuredmedia":[{"embeddable":true,"href":"https:\/\/supportarmsystem.com\/es\/wp-json\/wp\/v2\/media\/1455"}],"wp:attachment":[{"href":"https:\/\/supportarmsystem.com\/es\/wp-json\/wp\/v2\/media?parent=3258"}],"wp:term":[{"taxonomy":"product_brand","embeddable":true,"href":"https:\/\/supportarmsystem.com\/es\/wp-json\/wp\/v2\/product_brand?post=3258"},{"taxonomy":"product_cat","embeddable":true,"href":"https:\/\/supportarmsystem.com\/es\/wp-json\/wp\/v2\/product_cat?post=3258"},{"taxonomy":"product_tag","embeddable":true,"href":"https:\/\/supportarmsystem.com\/es\/wp-json\/wp\/v2\/product_tag?post=3258"}],"curies":[{"name":"wp","href":"https:\/\/api.w.org\/{rel}","templated":true}]}}