{"id":3250,"date":"2024-12-09T12:10:40","date_gmt":"2024-12-09T12:10:40","guid":{"rendered":"https:\/\/supportarmsystem.com\/urun\/sas-050-630\/"},"modified":"2024-12-11T18:23:47","modified_gmt":"2024-12-11T18:23:47","slug":"sas-050-630","status":"publish","type":"product","link":"https:\/\/supportarmsystem.com\/es\/urun\/sas-050-630\/","title":{"rendered":"SAS.050.630"},"content":{"rendered":"\t\t<div data-elementor-type=\"product-post\" data-elementor-id=\"3250\" class=\"elementor elementor-3250 elementor-1500\" data-elementor-post-type=\"product\">\n\t\t\t\t<div class=\"elementor-element elementor-element-c4ac174 e-con-full e-flex e-con e-parent\" data-id=\"c4ac174\" data-element_type=\"container\">\n\t\t\t\t<div class=\"elementor-element elementor-element-1b3cbc96 elementor-widget elementor-widget-heading\" data-id=\"1b3cbc96\" data-element_type=\"widget\" data-widget_type=\"heading.default\">\n\t\t\t\t<div class=\"elementor-widget-container\">\n\t\t\t\t\t<h4 class=\"elementor-heading-title elementor-size-default\">Acoplamiento<\/h4>\t\t\t\t<\/div>\n\t\t\t\t<\/div>\n\t\t\t\t<div class=\"elementor-element elementor-element-54f5a0c5 elementor-widget elementor-widget-text-editor\" data-id=\"54f5a0c5\" data-element_type=\"widget\" data-widget_type=\"text-editor.default\">\n\t\t\t\t<div class=\"elementor-widget-container\">\n\t\t\t\t\t\t\t\t\t<p>El adaptador de panel rotativo vertical SAS.050.630 sirve como enlace entre el panel de operador y el brazo de soporte, permitiendo una rotaci\u00f3n suave de 315\u00b0 hacia la izquierda y la derecha. Este producto est\u00e1 dise\u00f1ado espec\u00edficamente para cargas ligeras y se caracteriza por una proporci\u00f3n de profundidad adecuada.<\/p>\n\t\t\t\t\t\t\t\t<\/div>\n\t\t\t\t<\/div>\n\t\t<div class=\"elementor-element elementor-element-3a46598d e-flex e-con-boxed e-con e-child\" data-id=\"3a46598d\" data-element_type=\"container\">\n\t\t\t\t\t<div class=\"e-con-inner\">\n\t\t<div class=\"elementor-element elementor-element-44654ea2 e-con-full e-flex e-con e-child\" data-id=\"44654ea2\" data-element_type=\"container\">\n\t\t<div class=\"elementor-element elementor-element-7b385ad9 e-con-full e-flex e-con e-child\" data-id=\"7b385ad9\" data-element_type=\"container\" data-settings=\"{&quot;background_background&quot;:&quot;classic&quot;}\">\n\t\t<div class=\"elementor-element elementor-element-286f2a28 e-con-full e-flex e-con e-child\" data-id=\"286f2a28\" data-element_type=\"container\">\n\t\t\t\t<div class=\"elementor-element elementor-element-6ab9b061 elementor-widget elementor-widget-heading\" data-id=\"6ab9b061\" data-element_type=\"widget\" data-widget_type=\"heading.default\">\n\t\t\t\t<div class=\"elementor-widget-container\">\n\t\t\t\t\t<p class=\"elementor-heading-title elementor-size-default\">C\u00f3digo de Producto<\/p>\t\t\t\t<\/div>\n\t\t\t\t<\/div>\n\t\t\t\t<\/div>\n\t\t<div class=\"elementor-element elementor-element-2324562e e-con-full e-flex e-con e-child\" data-id=\"2324562e\" data-element_type=\"container\">\n\t\t\t\t<div class=\"elementor-element elementor-element-3995c866 elementor-widget elementor-widget-heading\" data-id=\"3995c866\" data-element_type=\"widget\" data-widget_type=\"heading.default\">\n\t\t\t\t<div class=\"elementor-widget-container\">\n\t\t\t\t\t<p class=\"elementor-heading-title elementor-size-default\">Descripci\u00f3n<\/p>\t\t\t\t<\/div>\n\t\t\t\t<\/div>\n\t\t\t\t<\/div>\n\t\t<div class=\"elementor-element elementor-element-59054023 e-con-full e-flex e-con e-child\" data-id=\"59054023\" data-element_type=\"container\">\n\t\t\t\t<\/div>\n\t\t\t\t<\/div>\n\t\t<div class=\"elementor-element elementor-element-5653fde5 e-con-full e-flex e-con e-child\" data-id=\"5653fde5\" data-element_type=\"container\" data-settings=\"{&quot;background_background&quot;:&quot;classic&quot;}\">\n\t\t<div class=\"elementor-element elementor-element-899ce9f e-con-full e-flex e-con e-child\" data-id=\"899ce9f\" data-element_type=\"container\" data-settings=\"{&quot;background_background&quot;:&quot;classic&quot;}\">\n\t\t\t\t<div class=\"elementor-element elementor-element-6f0eefbc elementor-widget elementor-widget-heading\" data-id=\"6f0eefbc\" data-element_type=\"widget\" data-widget_type=\"heading.default\">\n\t\t\t\t<div class=\"elementor-widget-container\">\n\t\t\t\t\t<p class=\"elementor-heading-title elementor-size-default\">SAS050.630<\/p>\t\t\t\t<\/div>\n\t\t\t\t<\/div>\n\t\t\t\t<\/div>\n\t\t<div class=\"elementor-element elementor-element-3cdf8bab e-con-full e-flex e-con e-child\" data-id=\"3cdf8bab\" data-element_type=\"container\" data-settings=\"{&quot;background_background&quot;:&quot;classic&quot;}\">\n\t\t\t\t<div class=\"elementor-element elementor-element-42f1c541 elementor-widget elementor-widget-heading\" data-id=\"42f1c541\" data-element_type=\"widget\" data-widget_type=\"heading.default\">\n\t\t\t\t<div class=\"elementor-widget-container\">\n\t\t\t\t\t<p class=\"elementor-heading-title elementor-size-default\">Acoplamiento<\/p>\t\t\t\t<\/div>\n\t\t\t\t<\/div>\n\t\t\t\t<\/div>\n\t\t<div class=\"elementor-element elementor-element-fd7772f e-con-full e-flex e-con e-child\" data-id=\"fd7772f\" data-element_type=\"container\">\n\t\t\t\t<\/div>\n\t\t\t\t<\/div>\n\t\t\t\t<\/div>\n\t\t<div class=\"elementor-element elementor-element-4d95c3cd e-con-full e-flex e-con e-child\" data-id=\"4d95c3cd\" data-element_type=\"container\">\n\t\t<div class=\"elementor-element elementor-element-67cbb727 e-con-full e-flex e-con e-child\" data-id=\"67cbb727\" data-element_type=\"container\" data-settings=\"{&quot;background_background&quot;:&quot;classic&quot;}\">\n\t\t<div class=\"elementor-element elementor-element-56a2cea3 e-con-full e-flex e-con e-child\" data-id=\"56a2cea3\" data-element_type=\"container\">\n\t\t\t\t<div class=\"elementor-element elementor-element-4728487f elementor-widget elementor-widget-heading\" data-id=\"4728487f\" data-element_type=\"widget\" data-widget_type=\"heading.default\">\n\t\t\t\t<div class=\"elementor-widget-container\">\n\t\t\t\t\t<p class=\"elementor-heading-title elementor-size-default\">Peso(gr)<\/p>\t\t\t\t<\/div>\n\t\t\t\t<\/div>\n\t\t\t\t<\/div>\n\t\t<div class=\"elementor-element elementor-element-3e34a856 e-con-full e-flex e-con e-child\" data-id=\"3e34a856\" data-element_type=\"container\">\n\t\t\t\t<div class=\"elementor-element elementor-element-58caf66c elementor-widget elementor-widget-heading\" data-id=\"58caf66c\" data-element_type=\"widget\" data-widget_type=\"heading.default\">\n\t\t\t\t<div class=\"elementor-widget-container\">\n\t\t\t\t\t<p class=\"elementor-heading-title elementor-size-default\">C\u00f3digo RAL\t<\/p>\t\t\t\t<\/div>\n\t\t\t\t<\/div>\n\t\t\t\t<\/div>\n\t\t<div class=\"elementor-element elementor-element-111eae17 e-con-full e-flex e-con e-child\" data-id=\"111eae17\" data-element_type=\"container\">\n\t\t\t\t<div class=\"elementor-element elementor-element-3d7a99db elementor-widget elementor-widget-heading\" data-id=\"3d7a99db\" data-element_type=\"widget\" data-widget_type=\"heading.default\">\n\t\t\t\t<div class=\"elementor-widget-container\">\n\t\t\t\t\t<p class=\"elementor-heading-title elementor-size-default\">Dimensiones del paquete<\/p>\t\t\t\t<\/div>\n\t\t\t\t<\/div>\n\t\t\t\t<\/div>\n\t\t\t\t<\/div>\n\t\t<div class=\"elementor-element elementor-element-deb2f3f e-con-full e-flex e-con e-child\" data-id=\"deb2f3f\" data-element_type=\"container\" data-settings=\"{&quot;background_background&quot;:&quot;classic&quot;}\">\n\t\t<div class=\"elementor-element elementor-element-50a63541 e-con-full e-flex e-con e-child\" data-id=\"50a63541\" data-element_type=\"container\" data-settings=\"{&quot;background_background&quot;:&quot;classic&quot;}\">\n\t\t\t\t<div class=\"elementor-element elementor-element-2355e9ce elementor-widget elementor-widget-heading\" data-id=\"2355e9ce\" data-element_type=\"widget\" data-widget_type=\"heading.default\">\n\t\t\t\t<div class=\"elementor-widget-container\">\n\t\t\t\t\t<p class=\"elementor-heading-title elementor-size-default\">800<\/p>\t\t\t\t<\/div>\n\t\t\t\t<\/div>\n\t\t\t\t<\/div>\n\t\t<div class=\"elementor-element elementor-element-283ec9de e-con-full e-flex e-con e-child\" data-id=\"283ec9de\" data-element_type=\"container\" data-settings=\"{&quot;background_background&quot;:&quot;classic&quot;}\">\n\t\t\t\t<div class=\"elementor-element elementor-element-2839365f elementor-widget elementor-widget-heading\" data-id=\"2839365f\" data-element_type=\"widget\" data-widget_type=\"heading.default\">\n\t\t\t\t<div class=\"elementor-widget-container\">\n\t\t\t\t\t<p class=\"elementor-heading-title elementor-size-default\">7035<\/p>\t\t\t\t<\/div>\n\t\t\t\t<\/div>\n\t\t\t\t<\/div>\n\t\t<div class=\"elementor-element elementor-element-1e472c3f e-con-full e-flex e-con e-child\" data-id=\"1e472c3f\" data-element_type=\"container\">\n\t\t\t\t<div class=\"elementor-element elementor-element-4309c6f9 elementor-widget elementor-widget-heading\" data-id=\"4309c6f9\" data-element_type=\"widget\" data-widget_type=\"heading.default\">\n\t\t\t\t<div class=\"elementor-widget-container\">\n\t\t\t\t\t<p class=\"elementor-heading-title elementor-size-default\">110x110x70<\/p>\t\t\t\t<\/div>\n\t\t\t\t<\/div>\n\t\t\t\t<\/div>\n\t\t\t\t<\/div>\n\t\t\t\t<\/div>\n\t\t\t\t\t<\/div>\n\t\t\t\t<\/div>\n\t\t\t\t<\/div>\n\t\t\t\t<\/div>\n\t\t","protected":false},"excerpt":{"rendered":"<p>Acoplamiento El adaptador de panel rotativo vertical SAS.050.630 sirve como enlace entre el panel de operador y el brazo de soporte, permitiendo una rotaci\u00f3n suave de 315\u00b0 hacia la izquierda y la derecha. Este producto est\u00e1 dise\u00f1ado espec\u00edficamente para cargas ligeras y se caracteriza por una proporci\u00f3n de profundidad adecuada. C\u00f3digo de Producto Descripci\u00f3n SAS050.630 [&hellip;]<\/p>\n","protected":false},"featured_media":1507,"template":"","meta":[],"product_brand":[],"product_cat":[109,102],"product_tag":[],"class_list":{"0":"post-3250","1":"product","2":"type-product","3":"status-publish","4":"has-post-thumbnail","6":"product_cat-sas-050-sistemas-de-brazo-soporte","7":"product_cat-sistemas-de-brazo-soporte","9":"first","10":"instock","11":"shipping-taxable","12":"product-type-simple"},"_links":{"self":[{"href":"https:\/\/supportarmsystem.com\/es\/wp-json\/wp\/v2\/product\/3250","targetHints":{"allow":["GET"]}}],"collection":[{"href":"https:\/\/supportarmsystem.com\/es\/wp-json\/wp\/v2\/product"}],"about":[{"href":"https:\/\/supportarmsystem.com\/es\/wp-json\/wp\/v2\/types\/product"}],"version-history":[{"count":1,"href":"https:\/\/supportarmsystem.com\/es\/wp-json\/wp\/v2\/product\/3250\/revisions"}],"predecessor-version":[{"id":3251,"href":"https:\/\/supportarmsystem.com\/es\/wp-json\/wp\/v2\/product\/3250\/revisions\/3251"}],"wp:featuredmedia":[{"embeddable":true,"href":"https:\/\/supportarmsystem.com\/es\/wp-json\/wp\/v2\/media\/1507"}],"wp:attachment":[{"href":"https:\/\/supportarmsystem.com\/es\/wp-json\/wp\/v2\/media?parent=3250"}],"wp:term":[{"taxonomy":"product_brand","embeddable":true,"href":"https:\/\/supportarmsystem.com\/es\/wp-json\/wp\/v2\/product_brand?post=3250"},{"taxonomy":"product_cat","embeddable":true,"href":"https:\/\/supportarmsystem.com\/es\/wp-json\/wp\/v2\/product_cat?post=3250"},{"taxonomy":"product_tag","embeddable":true,"href":"https:\/\/supportarmsystem.com\/es\/wp-json\/wp\/v2\/product_tag?post=3250"}],"curies":[{"name":"wp","href":"https:\/\/api.w.org\/{rel}","templated":true}]}}