{"id":3231,"date":"2024-12-09T12:58:41","date_gmt":"2024-12-09T12:58:41","guid":{"rendered":"https:\/\/supportarmsystem.com\/urun\/sas-130-175\/"},"modified":"2024-12-11T18:20:33","modified_gmt":"2024-12-11T18:20:33","slug":"sas-130-175","status":"publish","type":"product","link":"https:\/\/supportarmsystem.com\/es\/urun\/sas-130-175\/","title":{"rendered":"SAS.130.175"},"content":{"rendered":"\t\t<div data-elementor-type=\"product-post\" data-elementor-id=\"3231\" class=\"elementor elementor-3231 elementor-1690\" data-elementor-post-type=\"product\">\n\t\t\t\t<div class=\"elementor-element elementor-element-31b3cc4c e-con-full e-flex e-con e-parent\" data-id=\"31b3cc4c\" data-element_type=\"container\">\n\t\t\t\t<div class=\"elementor-element elementor-element-4e3dcbf6 elementor-widget elementor-widget-heading\" data-id=\"4e3dcbf6\" data-element_type=\"widget\" data-widget_type=\"heading.default\">\n\t\t\t\t<div class=\"elementor-widget-container\">\n\t\t\t\t\t<h4 class=\"elementor-heading-title elementor-size-default\">SAS130 PROF\u0130L-1750 MM<\/h4>\t\t\t\t<\/div>\n\t\t\t\t<\/div>\n\t\t\t\t<div class=\"elementor-element elementor-element-3cd2d62f elementor-widget elementor-widget-text-editor\" data-id=\"3cd2d62f\" data-element_type=\"widget\" data-widget_type=\"text-editor.default\">\n\t\t\t\t<div class=\"elementor-widget-container\">\n\t\t\t\t\t\t\t\t\t<p>El sistema de soporte de brazo SAS130 ha sido dise\u00f1ado meticulosamente para proporcionar un soporte robusto para paneles de control de considerable peso y grandes dimensiones. Su estructura duradera los hace altamente adecuados para aplicaciones de brazo a larga distancia. Adem\u00e1s, la forma externa de estos brazos encarna una est\u00e9tica elegante y contempor\u00e1nea, complementando sin esfuerzo los otros m\u00f3dulos con los que se conecta. Ofreciendo una soluci\u00f3n modular junto con un dise\u00f1o moderno, la serie SAS130 ofrece una amplia gama de opciones de configuraci\u00f3n en m\u00faltiples series. Con una longitud de perfil de 1 metro, estos brazos tienen una capacidad de carga de 130 kg. La opci\u00f3n de color est\u00e1ndar es RAL 7035 y poseen propiedades de sellado para asegurar un rendimiento \u00f3ptimo.<\/p>\n\t\t\t\t\t\t\t\t<\/div>\n\t\t\t\t<\/div>\n\t\t<div class=\"elementor-element elementor-element-2685d82a e-flex e-con-boxed e-con e-child\" data-id=\"2685d82a\" data-element_type=\"container\">\n\t\t\t\t\t<div class=\"e-con-inner\">\n\t\t<div class=\"elementor-element elementor-element-206fbd1d e-con-full e-flex e-con e-child\" data-id=\"206fbd1d\" data-element_type=\"container\">\n\t\t<div class=\"elementor-element elementor-element-7f70be1e e-con-full e-flex e-con e-child\" data-id=\"7f70be1e\" data-element_type=\"container\" data-settings=\"{&quot;background_background&quot;:&quot;classic&quot;}\">\n\t\t<div class=\"elementor-element elementor-element-67cca533 e-con-full e-flex e-con e-child\" data-id=\"67cca533\" data-element_type=\"container\">\n\t\t\t\t<div class=\"elementor-element elementor-element-51b9e167 elementor-widget elementor-widget-heading\" data-id=\"51b9e167\" data-element_type=\"widget\" data-widget_type=\"heading.default\">\n\t\t\t\t<div class=\"elementor-widget-container\">\n\t\t\t\t\t<p class=\"elementor-heading-title elementor-size-default\">C\u00f3digo de Producto<\/p>\t\t\t\t<\/div>\n\t\t\t\t<\/div>\n\t\t\t\t<\/div>\n\t\t<div class=\"elementor-element elementor-element-74151b77 e-con-full e-flex e-con e-child\" data-id=\"74151b77\" data-element_type=\"container\">\n\t\t\t\t<div class=\"elementor-element elementor-element-7b6453a0 elementor-widget elementor-widget-heading\" data-id=\"7b6453a0\" data-element_type=\"widget\" data-widget_type=\"heading.default\">\n\t\t\t\t<div class=\"elementor-widget-container\">\n\t\t\t\t\t<p class=\"elementor-heading-title elementor-size-default\">Descripci\u00f3n<\/p>\t\t\t\t<\/div>\n\t\t\t\t<\/div>\n\t\t\t\t<\/div>\n\t\t<div class=\"elementor-element elementor-element-9927f97 e-con-full e-flex e-con e-child\" data-id=\"9927f97\" data-element_type=\"container\">\n\t\t\t\t<div class=\"elementor-element elementor-element-4f02a7be elementor-widget elementor-widget-heading\" data-id=\"4f02a7be\" data-element_type=\"widget\" data-widget_type=\"heading.default\">\n\t\t\t\t<div class=\"elementor-widget-container\">\n\t\t\t\t\t<p class=\"elementor-heading-title elementor-size-default\">Longitud(mm)\t<\/p>\t\t\t\t<\/div>\n\t\t\t\t<\/div>\n\t\t\t\t<\/div>\n\t\t\t\t<\/div>\n\t\t<div class=\"elementor-element elementor-element-79a4572b e-con-full e-flex e-con e-child\" data-id=\"79a4572b\" data-element_type=\"container\" data-settings=\"{&quot;background_background&quot;:&quot;classic&quot;}\">\n\t\t<div class=\"elementor-element elementor-element-7a5bf3f6 e-con-full e-flex e-con e-child\" data-id=\"7a5bf3f6\" data-element_type=\"container\" data-settings=\"{&quot;background_background&quot;:&quot;classic&quot;}\">\n\t\t\t\t<div class=\"elementor-element elementor-element-6d48f68 elementor-widget elementor-widget-heading\" data-id=\"6d48f68\" data-element_type=\"widget\" data-widget_type=\"heading.default\">\n\t\t\t\t<div class=\"elementor-widget-container\">\n\t\t\t\t\t<p class=\"elementor-heading-title elementor-size-default\">SAS.130.175<\/p>\t\t\t\t<\/div>\n\t\t\t\t<\/div>\n\t\t\t\t<\/div>\n\t\t<div class=\"elementor-element elementor-element-2a2a3d9 e-con-full e-flex e-con e-child\" data-id=\"2a2a3d9\" data-element_type=\"container\" data-settings=\"{&quot;background_background&quot;:&quot;classic&quot;}\">\n\t\t\t\t<div class=\"elementor-element elementor-element-18d967ca elementor-widget elementor-widget-heading\" data-id=\"18d967ca\" data-element_type=\"widget\" data-widget_type=\"heading.default\">\n\t\t\t\t<div class=\"elementor-widget-container\">\n\t\t\t\t\t<p class=\"elementor-heading-title elementor-size-default\">130 Perfil del brazo de soporte 1750 mm\t<\/p>\t\t\t\t<\/div>\n\t\t\t\t<\/div>\n\t\t\t\t<\/div>\n\t\t<div class=\"elementor-element elementor-element-564926b8 e-con-full e-flex e-con e-child\" data-id=\"564926b8\" data-element_type=\"container\">\n\t\t\t\t<div class=\"elementor-element elementor-element-2306b3ba elementor-widget elementor-widget-heading\" data-id=\"2306b3ba\" data-element_type=\"widget\" data-widget_type=\"heading.default\">\n\t\t\t\t<div class=\"elementor-widget-container\">\n\t\t\t\t\t<p class=\"elementor-heading-title elementor-size-default\">1750\t<\/p>\t\t\t\t<\/div>\n\t\t\t\t<\/div>\n\t\t\t\t<\/div>\n\t\t\t\t<\/div>\n\t\t\t\t<\/div>\n\t\t<div class=\"elementor-element elementor-element-4cd1e281 e-con-full e-flex e-con e-child\" data-id=\"4cd1e281\" data-element_type=\"container\">\n\t\t<div class=\"elementor-element elementor-element-4865a402 e-con-full e-flex e-con e-child\" data-id=\"4865a402\" data-element_type=\"container\" data-settings=\"{&quot;background_background&quot;:&quot;classic&quot;}\">\n\t\t<div class=\"elementor-element elementor-element-1cfbd0e9 e-con-full e-flex e-con e-child\" data-id=\"1cfbd0e9\" data-element_type=\"container\">\n\t\t\t\t<div class=\"elementor-element elementor-element-21eb112c elementor-widget elementor-widget-heading\" data-id=\"21eb112c\" data-element_type=\"widget\" data-widget_type=\"heading.default\">\n\t\t\t\t<div class=\"elementor-widget-container\">\n\t\t\t\t\t<p class=\"elementor-heading-title elementor-size-default\">Peso(gr)<\/p>\t\t\t\t<\/div>\n\t\t\t\t<\/div>\n\t\t\t\t<\/div>\n\t\t<div class=\"elementor-element elementor-element-58c4dabf e-con-full e-flex e-con e-child\" data-id=\"58c4dabf\" data-element_type=\"container\">\n\t\t\t\t<div class=\"elementor-element elementor-element-7d92f887 elementor-widget elementor-widget-heading\" data-id=\"7d92f887\" data-element_type=\"widget\" data-widget_type=\"heading.default\">\n\t\t\t\t<div class=\"elementor-widget-container\">\n\t\t\t\t\t<p class=\"elementor-heading-title elementor-size-default\">C\u00f3digo RAL\t<\/p>\t\t\t\t<\/div>\n\t\t\t\t<\/div>\n\t\t\t\t<\/div>\n\t\t<div class=\"elementor-element elementor-element-a324bf0 e-con-full e-flex e-con e-child\" data-id=\"a324bf0\" data-element_type=\"container\">\n\t\t\t\t<div class=\"elementor-element elementor-element-22578e5a elementor-widget elementor-widget-heading\" data-id=\"22578e5a\" data-element_type=\"widget\" data-widget_type=\"heading.default\">\n\t\t\t\t<div class=\"elementor-widget-container\">\n\t\t\t\t\t<p class=\"elementor-heading-title elementor-size-default\">Dimensiones del paquete<\/p>\t\t\t\t<\/div>\n\t\t\t\t<\/div>\n\t\t\t\t<\/div>\n\t\t\t\t<\/div>\n\t\t<div class=\"elementor-element elementor-element-6769079e e-con-full e-flex e-con e-child\" data-id=\"6769079e\" data-element_type=\"container\" data-settings=\"{&quot;background_background&quot;:&quot;classic&quot;}\">\n\t\t<div class=\"elementor-element elementor-element-105b1836 e-con-full e-flex e-con e-child\" data-id=\"105b1836\" data-element_type=\"container\" data-settings=\"{&quot;background_background&quot;:&quot;classic&quot;}\">\n\t\t\t\t<div class=\"elementor-element elementor-element-6bb535e2 elementor-widget elementor-widget-heading\" data-id=\"6bb535e2\" data-element_type=\"widget\" data-widget_type=\"heading.default\">\n\t\t\t\t<div class=\"elementor-widget-container\">\n\t\t\t\t\t<p class=\"elementor-heading-title elementor-size-default\">10500<\/p>\t\t\t\t<\/div>\n\t\t\t\t<\/div>\n\t\t\t\t<\/div>\n\t\t<div class=\"elementor-element elementor-element-29b7773b e-con-full e-flex e-con e-child\" data-id=\"29b7773b\" data-element_type=\"container\" data-settings=\"{&quot;background_background&quot;:&quot;classic&quot;}\">\n\t\t\t\t<div class=\"elementor-element elementor-element-57b73f30 elementor-widget elementor-widget-heading\" data-id=\"57b73f30\" data-element_type=\"widget\" data-widget_type=\"heading.default\">\n\t\t\t\t<div class=\"elementor-widget-container\">\n\t\t\t\t\t<p class=\"elementor-heading-title elementor-size-default\">7035<\/p>\t\t\t\t<\/div>\n\t\t\t\t<\/div>\n\t\t\t\t<\/div>\n\t\t<div class=\"elementor-element elementor-element-7eeb688e e-con-full e-flex e-con e-child\" data-id=\"7eeb688e\" data-element_type=\"container\">\n\t\t\t\t<div class=\"elementor-element elementor-element-7a9cd9e4 elementor-widget elementor-widget-heading\" data-id=\"7a9cd9e4\" data-element_type=\"widget\" data-widget_type=\"heading.default\">\n\t\t\t\t<div class=\"elementor-widget-container\">\n\t\t\t\t\t<p class=\"elementor-heading-title elementor-size-default\">90x130x1770<\/p>\t\t\t\t<\/div>\n\t\t\t\t<\/div>\n\t\t\t\t<\/div>\n\t\t\t\t<\/div>\n\t\t\t\t<\/div>\n\t\t\t\t\t<\/div>\n\t\t\t\t<\/div>\n\t\t\t\t<\/div>\n\t\t\t\t<\/div>\n\t\t","protected":false},"excerpt":{"rendered":"<p>SAS130 PROF\u0130L-1750 MM El sistema de soporte de brazo SAS130 ha sido dise\u00f1ado meticulosamente para proporcionar un soporte robusto para paneles de control de considerable peso y grandes dimensiones. Su estructura duradera los hace altamente adecuados para aplicaciones de brazo a larga distancia. Adem\u00e1s, la forma externa de estos brazos encarna una est\u00e9tica elegante y [&hellip;]<\/p>\n","protected":false},"featured_media":1653,"template":"","meta":[],"product_brand":[],"product_cat":[79,102],"product_tag":[],"class_list":{"0":"post-3231","1":"product","2":"type-product","3":"status-publish","4":"has-post-thumbnail","6":"product_cat-acoplamiento-con-angulo-de-90","7":"product_cat-sistemas-de-brazo-soporte","9":"first","10":"instock","11":"shipping-taxable","12":"product-type-simple"},"_links":{"self":[{"href":"https:\/\/supportarmsystem.com\/es\/wp-json\/wp\/v2\/product\/3231","targetHints":{"allow":["GET"]}}],"collection":[{"href":"https:\/\/supportarmsystem.com\/es\/wp-json\/wp\/v2\/product"}],"about":[{"href":"https:\/\/supportarmsystem.com\/es\/wp-json\/wp\/v2\/types\/product"}],"version-history":[{"count":1,"href":"https:\/\/supportarmsystem.com\/es\/wp-json\/wp\/v2\/product\/3231\/revisions"}],"predecessor-version":[{"id":3232,"href":"https:\/\/supportarmsystem.com\/es\/wp-json\/wp\/v2\/product\/3231\/revisions\/3232"}],"wp:featuredmedia":[{"embeddable":true,"href":"https:\/\/supportarmsystem.com\/es\/wp-json\/wp\/v2\/media\/1653"}],"wp:attachment":[{"href":"https:\/\/supportarmsystem.com\/es\/wp-json\/wp\/v2\/media?parent=3231"}],"wp:term":[{"taxonomy":"product_brand","embeddable":true,"href":"https:\/\/supportarmsystem.com\/es\/wp-json\/wp\/v2\/product_brand?post=3231"},{"taxonomy":"product_cat","embeddable":true,"href":"https:\/\/supportarmsystem.com\/es\/wp-json\/wp\/v2\/product_cat?post=3231"},{"taxonomy":"product_tag","embeddable":true,"href":"https:\/\/supportarmsystem.com\/es\/wp-json\/wp\/v2\/product_tag?post=3231"}],"curies":[{"name":"wp","href":"https:\/\/api.w.org\/{rel}","templated":true}]}}