{"id":3036,"date":"2024-12-09T10:36:23","date_gmt":"2024-12-09T10:36:23","guid":{"rendered":"https:\/\/supportarmsystem.com\/urun\/sas-090-836\/"},"modified":"2024-12-11T18:28:28","modified_gmt":"2024-12-11T18:28:28","slug":"sas-090-836","status":"publish","type":"product","link":"https:\/\/supportarmsystem.com\/es\/urun\/sas-090-836\/","title":{"rendered":"SAS-090.836"},"content":{"rendered":"\t\t<div data-elementor-type=\"product-post\" data-elementor-id=\"3036\" class=\"elementor elementor-3036 elementor-1274\" data-elementor-post-type=\"product\">\n\t\t\t\t<div class=\"elementor-element elementor-element-522d5db4 e-con-full e-flex e-con e-parent\" data-id=\"522d5db4\" data-element_type=\"container\">\n\t\t\t\t<div class=\"elementor-element elementor-element-869d0b2 elementor-widget elementor-widget-heading\" data-id=\"869d0b2\" data-element_type=\"widget\" data-widget_type=\"heading.default\">\n\t\t\t\t<div class=\"elementor-widget-container\">\n\t\t\t\t\t<h4 class=\"elementor-heading-title elementor-size-default\">M\u00f3dulo VESA<\/h4>\t\t\t\t<\/div>\n\t\t\t\t<\/div>\n\t\t\t\t<div class=\"elementor-element elementor-element-2712ce20 elementor-widget elementor-widget-text-editor\" data-id=\"2712ce20\" data-element_type=\"widget\" data-widget_type=\"text-editor.default\">\n\t\t\t\t<div class=\"elementor-widget-container\">\n\t\t\t\t\t\t\t\t\t<p>SAS130.836 M\u00f3dulo VESA es para la interfaz de montaje est\u00e1ndar, t\u00edpicamente utilizada para montar pantallas planas, monitores, en un sistema de brazo de soporte<\/p>\n\t\t\t\t\t\t\t\t<\/div>\n\t\t\t\t<\/div>\n\t\t<div class=\"elementor-element elementor-element-3529ce5e e-flex e-con-boxed e-con e-child\" data-id=\"3529ce5e\" data-element_type=\"container\">\n\t\t\t\t\t<div class=\"e-con-inner\">\n\t\t<div class=\"elementor-element elementor-element-7ac999a6 e-con-full e-flex e-con e-child\" data-id=\"7ac999a6\" data-element_type=\"container\">\n\t\t<div class=\"elementor-element elementor-element-1fe7ef62 e-con-full e-flex e-con e-child\" data-id=\"1fe7ef62\" data-element_type=\"container\" data-settings=\"{&quot;background_background&quot;:&quot;classic&quot;}\">\n\t\t<div class=\"elementor-element elementor-element-2127d668 e-con-full e-flex e-con e-child\" data-id=\"2127d668\" data-element_type=\"container\">\n\t\t\t\t<div class=\"elementor-element elementor-element-7d6bedbe elementor-widget elementor-widget-heading\" data-id=\"7d6bedbe\" data-element_type=\"widget\" data-widget_type=\"heading.default\">\n\t\t\t\t<div class=\"elementor-widget-container\">\n\t\t\t\t\t<p class=\"elementor-heading-title elementor-size-default\">C\u00f3digo de Producto<\/p>\t\t\t\t<\/div>\n\t\t\t\t<\/div>\n\t\t\t\t<\/div>\n\t\t<div class=\"elementor-element elementor-element-2a4d7075 e-con-full e-flex e-con e-child\" data-id=\"2a4d7075\" data-element_type=\"container\">\n\t\t\t\t<div class=\"elementor-element elementor-element-6f625a7b elementor-widget elementor-widget-heading\" data-id=\"6f625a7b\" data-element_type=\"widget\" data-widget_type=\"heading.default\">\n\t\t\t\t<div class=\"elementor-widget-container\">\n\t\t\t\t\t<p class=\"elementor-heading-title elementor-size-default\">Descripci\u00f3n<\/p>\t\t\t\t<\/div>\n\t\t\t\t<\/div>\n\t\t\t\t<\/div>\n\t\t<div class=\"elementor-element elementor-element-691ef3ba e-con-full e-flex e-con e-child\" data-id=\"691ef3ba\" data-element_type=\"container\">\n\t\t\t\t<\/div>\n\t\t\t\t<\/div>\n\t\t<div class=\"elementor-element elementor-element-1cfa6440 e-con-full e-flex e-con e-child\" data-id=\"1cfa6440\" data-element_type=\"container\" data-settings=\"{&quot;background_background&quot;:&quot;classic&quot;}\">\n\t\t<div class=\"elementor-element elementor-element-301db783 e-con-full e-flex e-con e-child\" data-id=\"301db783\" data-element_type=\"container\" data-settings=\"{&quot;background_background&quot;:&quot;classic&quot;}\">\n\t\t\t\t<div class=\"elementor-element elementor-element-26d69084 elementor-widget elementor-widget-heading\" data-id=\"26d69084\" data-element_type=\"widget\" data-widget_type=\"heading.default\">\n\t\t\t\t<div class=\"elementor-widget-container\">\n\t\t\t\t\t<p class=\"elementor-heading-title elementor-size-default\">SAS090.836<\/p>\t\t\t\t<\/div>\n\t\t\t\t<\/div>\n\t\t\t\t<\/div>\n\t\t<div class=\"elementor-element elementor-element-3049bf2e e-con-full e-flex e-con e-child\" data-id=\"3049bf2e\" data-element_type=\"container\" data-settings=\"{&quot;background_background&quot;:&quot;classic&quot;}\">\n\t\t\t\t<div class=\"elementor-element elementor-element-bd982e2 elementor-widget elementor-widget-heading\" data-id=\"bd982e2\" data-element_type=\"widget\" data-widget_type=\"heading.default\">\n\t\t\t\t<div class=\"elementor-widget-container\">\n\t\t\t\t\t<p class=\"elementor-heading-title elementor-size-default\">M\u00f3dulo VESA<\/p>\t\t\t\t<\/div>\n\t\t\t\t<\/div>\n\t\t\t\t<\/div>\n\t\t<div class=\"elementor-element elementor-element-2a8c7cc2 e-con-full e-flex e-con e-child\" data-id=\"2a8c7cc2\" data-element_type=\"container\">\n\t\t\t\t<\/div>\n\t\t\t\t<\/div>\n\t\t\t\t<\/div>\n\t\t<div class=\"elementor-element elementor-element-506bc0c5 e-con-full e-flex e-con e-child\" data-id=\"506bc0c5\" data-element_type=\"container\">\n\t\t<div class=\"elementor-element elementor-element-4b11f3d0 e-con-full e-flex e-con e-child\" data-id=\"4b11f3d0\" data-element_type=\"container\" data-settings=\"{&quot;background_background&quot;:&quot;classic&quot;}\">\n\t\t<div class=\"elementor-element elementor-element-efa21b7 e-con-full e-flex e-con e-child\" data-id=\"efa21b7\" data-element_type=\"container\">\n\t\t\t\t<div class=\"elementor-element elementor-element-391d1997 elementor-widget elementor-widget-heading\" data-id=\"391d1997\" data-element_type=\"widget\" data-widget_type=\"heading.default\">\n\t\t\t\t<div class=\"elementor-widget-container\">\n\t\t\t\t\t<p class=\"elementor-heading-title elementor-size-default\">Peso(gr)<\/p>\t\t\t\t<\/div>\n\t\t\t\t<\/div>\n\t\t\t\t<\/div>\n\t\t<div class=\"elementor-element elementor-element-7513fa41 e-con-full e-flex e-con e-child\" data-id=\"7513fa41\" data-element_type=\"container\">\n\t\t\t\t<div class=\"elementor-element elementor-element-2fcbddd5 elementor-widget elementor-widget-heading\" data-id=\"2fcbddd5\" data-element_type=\"widget\" data-widget_type=\"heading.default\">\n\t\t\t\t<div class=\"elementor-widget-container\">\n\t\t\t\t\t<p class=\"elementor-heading-title elementor-size-default\">C\u00f3digo RAL\t<\/p>\t\t\t\t<\/div>\n\t\t\t\t<\/div>\n\t\t\t\t<\/div>\n\t\t<div class=\"elementor-element elementor-element-4f78a063 e-con-full e-flex e-con e-child\" data-id=\"4f78a063\" data-element_type=\"container\">\n\t\t\t\t<div class=\"elementor-element elementor-element-5be3a9ce elementor-widget elementor-widget-heading\" data-id=\"5be3a9ce\" data-element_type=\"widget\" data-widget_type=\"heading.default\">\n\t\t\t\t<div class=\"elementor-widget-container\">\n\t\t\t\t\t<p class=\"elementor-heading-title elementor-size-default\">Dimensiones del paquete<\/p>\t\t\t\t<\/div>\n\t\t\t\t<\/div>\n\t\t\t\t<\/div>\n\t\t\t\t<\/div>\n\t\t<div class=\"elementor-element elementor-element-3792b07f e-con-full e-flex e-con e-child\" data-id=\"3792b07f\" data-element_type=\"container\" data-settings=\"{&quot;background_background&quot;:&quot;classic&quot;}\">\n\t\t<div class=\"elementor-element elementor-element-7e9cff6b e-con-full e-flex e-con e-child\" data-id=\"7e9cff6b\" data-element_type=\"container\" data-settings=\"{&quot;background_background&quot;:&quot;classic&quot;}\">\n\t\t\t\t<div class=\"elementor-element elementor-element-4e6165e elementor-widget elementor-widget-heading\" data-id=\"4e6165e\" data-element_type=\"widget\" data-widget_type=\"heading.default\">\n\t\t\t\t<div class=\"elementor-widget-container\">\n\t\t\t\t\t<p class=\"elementor-heading-title elementor-size-default\">2500<\/p>\t\t\t\t<\/div>\n\t\t\t\t<\/div>\n\t\t\t\t<\/div>\n\t\t<div class=\"elementor-element elementor-element-3a2b42d4 e-con-full e-flex e-con e-child\" data-id=\"3a2b42d4\" data-element_type=\"container\" data-settings=\"{&quot;background_background&quot;:&quot;classic&quot;}\">\n\t\t\t\t<div class=\"elementor-element elementor-element-1d836289 elementor-widget elementor-widget-heading\" data-id=\"1d836289\" data-element_type=\"widget\" data-widget_type=\"heading.default\">\n\t\t\t\t<div class=\"elementor-widget-container\">\n\t\t\t\t\t<p class=\"elementor-heading-title elementor-size-default\">7035<\/p>\t\t\t\t<\/div>\n\t\t\t\t<\/div>\n\t\t\t\t<\/div>\n\t\t<div class=\"elementor-element elementor-element-4fa6be20 e-con-full e-flex e-con e-child\" data-id=\"4fa6be20\" data-element_type=\"container\">\n\t\t\t\t<div class=\"elementor-element elementor-element-6bf2271b elementor-widget elementor-widget-heading\" data-id=\"6bf2271b\" data-element_type=\"widget\" data-widget_type=\"heading.default\">\n\t\t\t\t<div class=\"elementor-widget-container\">\n\t\t\t\t\t<p class=\"elementor-heading-title elementor-size-default\">140x70x80<\/p>\t\t\t\t<\/div>\n\t\t\t\t<\/div>\n\t\t\t\t<\/div>\n\t\t\t\t<\/div>\n\t\t\t\t<\/div>\n\t\t\t\t\t<\/div>\n\t\t\t\t<\/div>\n\t\t\t\t<\/div>\n\t\t\t\t<\/div>\n\t\t","protected":false},"excerpt":{"rendered":"<p>M\u00f3dulo VESA SAS130.836 M\u00f3dulo VESA es para la interfaz de montaje est\u00e1ndar, t\u00edpicamente utilizada para montar pantallas planas, monitores, en un sistema de brazo de soporte C\u00f3digo de Producto Descripci\u00f3n SAS090.836 M\u00f3dulo VESA Peso(gr) C\u00f3digo RAL Dimensiones del paquete 2500 7035 140x70x80<\/p>\n","protected":false},"featured_media":1281,"template":"","meta":[],"product_brand":[],"product_cat":[103,102],"product_tag":[],"class_list":{"0":"post-3036","1":"product","2":"type-product","3":"status-publish","4":"has-post-thumbnail","6":"product_cat-sas-090-es","7":"product_cat-sistemas-de-brazo-soporte","9":"first","10":"instock","11":"shipping-taxable","12":"product-type-simple"},"_links":{"self":[{"href":"https:\/\/supportarmsystem.com\/es\/wp-json\/wp\/v2\/product\/3036","targetHints":{"allow":["GET"]}}],"collection":[{"href":"https:\/\/supportarmsystem.com\/es\/wp-json\/wp\/v2\/product"}],"about":[{"href":"https:\/\/supportarmsystem.com\/es\/wp-json\/wp\/v2\/types\/product"}],"version-history":[{"count":1,"href":"https:\/\/supportarmsystem.com\/es\/wp-json\/wp\/v2\/product\/3036\/revisions"}],"predecessor-version":[{"id":3037,"href":"https:\/\/supportarmsystem.com\/es\/wp-json\/wp\/v2\/product\/3036\/revisions\/3037"}],"wp:featuredmedia":[{"embeddable":true,"href":"https:\/\/supportarmsystem.com\/es\/wp-json\/wp\/v2\/media\/1281"}],"wp:attachment":[{"href":"https:\/\/supportarmsystem.com\/es\/wp-json\/wp\/v2\/media?parent=3036"}],"wp:term":[{"taxonomy":"product_brand","embeddable":true,"href":"https:\/\/supportarmsystem.com\/es\/wp-json\/wp\/v2\/product_brand?post=3036"},{"taxonomy":"product_cat","embeddable":true,"href":"https:\/\/supportarmsystem.com\/es\/wp-json\/wp\/v2\/product_cat?post=3036"},{"taxonomy":"product_tag","embeddable":true,"href":"https:\/\/supportarmsystem.com\/es\/wp-json\/wp\/v2\/product_tag?post=3036"}],"curies":[{"name":"wp","href":"https:\/\/api.w.org\/{rel}","templated":true}]}}