{"id":2741,"date":"2024-12-09T15:18:41","date_gmt":"2024-12-09T15:18:41","guid":{"rendered":"https:\/\/supportarmsystem.com\/urun\/sas-130-310\/"},"modified":"2024-12-11T18:20:10","modified_gmt":"2024-12-11T18:20:10","slug":"sas-130-310","status":"publish","type":"product","link":"https:\/\/supportarmsystem.com\/es\/urun\/sas-130-310\/","title":{"rendered":"SAS.130.310"},"content":{"rendered":"\t\t<div data-elementor-type=\"product-post\" data-elementor-id=\"2741\" class=\"elementor elementor-2741 elementor-1715\" data-elementor-post-type=\"product\">\n\t\t\t\t<div class=\"elementor-element elementor-element-7a5e9247 e-con-full e-flex e-con e-parent\" data-id=\"7a5e9247\" data-element_type=\"container\">\n\t\t\t\t<div class=\"elementor-element elementor-element-2e73e66b elementor-widget elementor-widget-heading\" data-id=\"2e73e66b\" data-element_type=\"widget\" data-widget_type=\"heading.default\">\n\t\t\t\t<div class=\"elementor-widget-container\">\n\t\t\t\t\t<h4 class=\"elementor-heading-title elementor-size-default\">Articulaci\u00f3n Superior Montada Rotativa Salida Vertical 315\u00b0<\/h4>\t\t\t\t<\/div>\n\t\t\t\t<\/div>\n\t\t\t\t<div class=\"elementor-element elementor-element-71cf520c elementor-widget elementor-widget-text-editor\" data-id=\"71cf520c\" data-element_type=\"widget\" data-widget_type=\"text-editor.default\">\n\t\t\t\t<div class=\"elementor-widget-container\">\n\t\t\t\t\t\t\t\t\t<p>El SAS130.310 Articulaci\u00f3n Superior Montada Rotativa Salida Vertical 315\u00b0 facilita la colocaci\u00f3n vertical del brazo de soporte. Este m\u00f3dulo ha sido dise\u00f1ado espec\u00edficamente para configuraciones con cargas de alta resistencia y ofrece una capacidad de rotaci\u00f3n de 315\u00b0. Adem\u00e1s, puede utilizarse como un quiosco fijo al montarlo de manera segura en el suelo.<\/p>\n\t\t\t\t\t\t\t\t<\/div>\n\t\t\t\t<\/div>\n\t\t<div class=\"elementor-element elementor-element-25f943a4 e-flex e-con-boxed e-con e-child\" data-id=\"25f943a4\" data-element_type=\"container\">\n\t\t\t\t\t<div class=\"e-con-inner\">\n\t\t<div class=\"elementor-element elementor-element-60dadaab e-con-full e-flex e-con e-child\" data-id=\"60dadaab\" data-element_type=\"container\">\n\t\t<div class=\"elementor-element elementor-element-3f143c5e e-con-full e-flex e-con e-child\" data-id=\"3f143c5e\" data-element_type=\"container\" data-settings=\"{&quot;background_background&quot;:&quot;classic&quot;}\">\n\t\t<div class=\"elementor-element elementor-element-cc0324f e-con-full e-flex e-con e-child\" data-id=\"cc0324f\" data-element_type=\"container\">\n\t\t\t\t<div class=\"elementor-element elementor-element-25eb7dfa elementor-widget elementor-widget-heading\" data-id=\"25eb7dfa\" data-element_type=\"widget\" data-widget_type=\"heading.default\">\n\t\t\t\t<div class=\"elementor-widget-container\">\n\t\t\t\t\t<p class=\"elementor-heading-title elementor-size-default\">C\u00f3digo de Producto<\/p>\t\t\t\t<\/div>\n\t\t\t\t<\/div>\n\t\t\t\t<\/div>\n\t\t<div class=\"elementor-element elementor-element-4a998c45 e-con-full e-flex e-con e-child\" data-id=\"4a998c45\" data-element_type=\"container\">\n\t\t\t\t<div class=\"elementor-element elementor-element-26e03fe1 elementor-widget elementor-widget-heading\" data-id=\"26e03fe1\" data-element_type=\"widget\" data-widget_type=\"heading.default\">\n\t\t\t\t<div class=\"elementor-widget-container\">\n\t\t\t\t\t<p class=\"elementor-heading-title elementor-size-default\">Descripci\u00f3n<\/p>\t\t\t\t<\/div>\n\t\t\t\t<\/div>\n\t\t\t\t<\/div>\n\t\t<div class=\"elementor-element elementor-element-53c9a349 e-con-full e-flex e-con e-child\" data-id=\"53c9a349\" data-element_type=\"container\">\n\t\t\t\t<\/div>\n\t\t\t\t<\/div>\n\t\t<div class=\"elementor-element elementor-element-1163f16d e-con-full e-flex e-con e-child\" data-id=\"1163f16d\" data-element_type=\"container\" data-settings=\"{&quot;background_background&quot;:&quot;classic&quot;}\">\n\t\t<div class=\"elementor-element elementor-element-54a02125 e-con-full e-flex e-con e-child\" data-id=\"54a02125\" data-element_type=\"container\" data-settings=\"{&quot;background_background&quot;:&quot;classic&quot;}\">\n\t\t\t\t<div class=\"elementor-element elementor-element-7638fd4f elementor-widget elementor-widget-heading\" data-id=\"7638fd4f\" data-element_type=\"widget\" data-widget_type=\"heading.default\">\n\t\t\t\t<div class=\"elementor-widget-container\">\n\t\t\t\t\t<p class=\"elementor-heading-title elementor-size-default\">SAS.130.310<\/p>\t\t\t\t<\/div>\n\t\t\t\t<\/div>\n\t\t\t\t<\/div>\n\t\t<div class=\"elementor-element elementor-element-77fc656 e-con-full e-flex e-con e-child\" data-id=\"77fc656\" data-element_type=\"container\" data-settings=\"{&quot;background_background&quot;:&quot;classic&quot;}\">\n\t\t\t\t<div class=\"elementor-element elementor-element-ef2b299 elementor-widget elementor-widget-heading\" data-id=\"ef2b299\" data-element_type=\"widget\" data-widget_type=\"heading.default\">\n\t\t\t\t<div class=\"elementor-widget-container\">\n\t\t\t\t\t<p class=\"elementor-heading-title elementor-size-default\">Articulaci\u00f3n Superior Montada Rotativa Salida Vertical 315\u00b0<\/p>\t\t\t\t<\/div>\n\t\t\t\t<\/div>\n\t\t\t\t<\/div>\n\t\t<div class=\"elementor-element elementor-element-1aabf276 e-con-full e-flex e-con e-child\" data-id=\"1aabf276\" data-element_type=\"container\">\n\t\t\t\t<\/div>\n\t\t\t\t<\/div>\n\t\t\t\t<\/div>\n\t\t<div class=\"elementor-element elementor-element-7201f876 e-con-full e-flex e-con e-child\" data-id=\"7201f876\" data-element_type=\"container\">\n\t\t<div class=\"elementor-element elementor-element-49c6884f e-con-full e-flex e-con e-child\" data-id=\"49c6884f\" data-element_type=\"container\" data-settings=\"{&quot;background_background&quot;:&quot;classic&quot;}\">\n\t\t<div class=\"elementor-element elementor-element-799b69f e-con-full e-flex e-con e-child\" data-id=\"799b69f\" data-element_type=\"container\">\n\t\t\t\t<div class=\"elementor-element elementor-element-e95b822 elementor-widget elementor-widget-heading\" data-id=\"e95b822\" data-element_type=\"widget\" data-widget_type=\"heading.default\">\n\t\t\t\t<div class=\"elementor-widget-container\">\n\t\t\t\t\t<p class=\"elementor-heading-title elementor-size-default\">Peso(gr)<\/p>\t\t\t\t<\/div>\n\t\t\t\t<\/div>\n\t\t\t\t<\/div>\n\t\t<div class=\"elementor-element elementor-element-64914d64 e-con-full e-flex e-con e-child\" data-id=\"64914d64\" data-element_type=\"container\">\n\t\t\t\t<div class=\"elementor-element elementor-element-3e3f611d elementor-widget elementor-widget-heading\" data-id=\"3e3f611d\" data-element_type=\"widget\" data-widget_type=\"heading.default\">\n\t\t\t\t<div class=\"elementor-widget-container\">\n\t\t\t\t\t<p class=\"elementor-heading-title elementor-size-default\">C\u00f3digo RAL\t<\/p>\t\t\t\t<\/div>\n\t\t\t\t<\/div>\n\t\t\t\t<\/div>\n\t\t<div class=\"elementor-element elementor-element-31f49f6 e-con-full e-flex e-con e-child\" data-id=\"31f49f6\" data-element_type=\"container\">\n\t\t\t\t<div class=\"elementor-element elementor-element-38e40b36 elementor-widget elementor-widget-heading\" data-id=\"38e40b36\" data-element_type=\"widget\" data-widget_type=\"heading.default\">\n\t\t\t\t<div class=\"elementor-widget-container\">\n\t\t\t\t\t<p class=\"elementor-heading-title elementor-size-default\">Dimensiones del paquete<\/p>\t\t\t\t<\/div>\n\t\t\t\t<\/div>\n\t\t\t\t<\/div>\n\t\t\t\t<\/div>\n\t\t<div class=\"elementor-element elementor-element-41d411ca e-con-full e-flex e-con e-child\" data-id=\"41d411ca\" data-element_type=\"container\" data-settings=\"{&quot;background_background&quot;:&quot;classic&quot;}\">\n\t\t<div class=\"elementor-element elementor-element-2801edec e-con-full e-flex e-con e-child\" data-id=\"2801edec\" data-element_type=\"container\" data-settings=\"{&quot;background_background&quot;:&quot;classic&quot;}\">\n\t\t\t\t<div class=\"elementor-element elementor-element-7c0b205b elementor-widget elementor-widget-heading\" data-id=\"7c0b205b\" data-element_type=\"widget\" data-widget_type=\"heading.default\">\n\t\t\t\t<div class=\"elementor-widget-container\">\n\t\t\t\t\t<p class=\"elementor-heading-title elementor-size-default\">4870<\/p>\t\t\t\t<\/div>\n\t\t\t\t<\/div>\n\t\t\t\t<\/div>\n\t\t<div class=\"elementor-element elementor-element-5dc9fcdb e-con-full e-flex e-con e-child\" data-id=\"5dc9fcdb\" data-element_type=\"container\" data-settings=\"{&quot;background_background&quot;:&quot;classic&quot;}\">\n\t\t\t\t<div class=\"elementor-element elementor-element-7e5038f3 elementor-widget elementor-widget-heading\" data-id=\"7e5038f3\" data-element_type=\"widget\" data-widget_type=\"heading.default\">\n\t\t\t\t<div class=\"elementor-widget-container\">\n\t\t\t\t\t<p class=\"elementor-heading-title elementor-size-default\">7035<\/p>\t\t\t\t<\/div>\n\t\t\t\t<\/div>\n\t\t\t\t<\/div>\n\t\t<div class=\"elementor-element elementor-element-61dc67ce e-con-full e-flex e-con e-child\" data-id=\"61dc67ce\" data-element_type=\"container\">\n\t\t\t\t<div class=\"elementor-element elementor-element-78d8b86a elementor-widget elementor-widget-heading\" data-id=\"78d8b86a\" data-element_type=\"widget\" data-widget_type=\"heading.default\">\n\t\t\t\t<div class=\"elementor-widget-container\">\n\t\t\t\t\t<p class=\"elementor-heading-title elementor-size-default\">210x210x110<\/p>\t\t\t\t<\/div>\n\t\t\t\t<\/div>\n\t\t\t\t<\/div>\n\t\t\t\t<\/div>\n\t\t\t\t<\/div>\n\t\t\t\t\t<\/div>\n\t\t\t\t<\/div>\n\t\t\t\t<\/div>\n\t\t\t\t<\/div>\n\t\t","protected":false},"excerpt":{"rendered":"<p>Articulaci\u00f3n Superior Montada Rotativa Salida Vertical 315\u00b0 El SAS130.310 Articulaci\u00f3n Superior Montada Rotativa Salida Vertical 315\u00b0 facilita la colocaci\u00f3n vertical del brazo de soporte. Este m\u00f3dulo ha sido dise\u00f1ado espec\u00edficamente para configuraciones con cargas de alta resistencia y ofrece una capacidad de rotaci\u00f3n de 315\u00b0. Adem\u00e1s, puede utilizarse como un quiosco fijo al montarlo de [&hellip;]<\/p>\n","protected":false},"featured_media":1722,"template":"","meta":[],"product_brand":[],"product_cat":[79,102],"product_tag":[],"class_list":{"0":"post-2741","1":"product","2":"type-product","3":"status-publish","4":"has-post-thumbnail","6":"product_cat-acoplamiento-con-angulo-de-90","7":"product_cat-sistemas-de-brazo-soporte","9":"first","10":"instock","11":"shipping-taxable","12":"product-type-simple"},"_links":{"self":[{"href":"https:\/\/supportarmsystem.com\/es\/wp-json\/wp\/v2\/product\/2741","targetHints":{"allow":["GET"]}}],"collection":[{"href":"https:\/\/supportarmsystem.com\/es\/wp-json\/wp\/v2\/product"}],"about":[{"href":"https:\/\/supportarmsystem.com\/es\/wp-json\/wp\/v2\/types\/product"}],"version-history":[{"count":1,"href":"https:\/\/supportarmsystem.com\/es\/wp-json\/wp\/v2\/product\/2741\/revisions"}],"predecessor-version":[{"id":2742,"href":"https:\/\/supportarmsystem.com\/es\/wp-json\/wp\/v2\/product\/2741\/revisions\/2742"}],"wp:featuredmedia":[{"embeddable":true,"href":"https:\/\/supportarmsystem.com\/es\/wp-json\/wp\/v2\/media\/1722"}],"wp:attachment":[{"href":"https:\/\/supportarmsystem.com\/es\/wp-json\/wp\/v2\/media?parent=2741"}],"wp:term":[{"taxonomy":"product_brand","embeddable":true,"href":"https:\/\/supportarmsystem.com\/es\/wp-json\/wp\/v2\/product_brand?post=2741"},{"taxonomy":"product_cat","embeddable":true,"href":"https:\/\/supportarmsystem.com\/es\/wp-json\/wp\/v2\/product_cat?post=2741"},{"taxonomy":"product_tag","embeddable":true,"href":"https:\/\/supportarmsystem.com\/es\/wp-json\/wp\/v2\/product_tag?post=2741"}],"curies":[{"name":"wp","href":"https:\/\/api.w.org\/{rel}","templated":true}]}}