{"id":3111,"date":"2024-12-09T12:55:22","date_gmt":"2024-12-09T12:55:22","guid":{"rendered":"https:\/\/supportarmsystem.com\/urun\/sas-130-125\/"},"modified":"2024-12-11T18:20:47","modified_gmt":"2024-12-11T18:20:47","slug":"sas-130-125","status":"publish","type":"product","link":"https:\/\/supportarmsystem.com\/de\/urun\/sas-130-125\/","title":{"rendered":"SAS.130.125"},"content":{"rendered":"\t\t<div data-elementor-type=\"product-post\" data-elementor-id=\"3111\" class=\"elementor elementor-3111 elementor-1678\" data-elementor-post-type=\"product\">\n\t\t\t\t<div class=\"elementor-element elementor-element-208b13d6 e-con-full e-flex e-con e-parent\" data-id=\"208b13d6\" data-element_type=\"container\">\n\t\t\t\t<div class=\"elementor-element elementor-element-11f80ab5 elementor-widget elementor-widget-heading\" data-id=\"11f80ab5\" data-element_type=\"widget\" data-widget_type=\"heading.default\">\n\t\t\t\t<div class=\"elementor-widget-container\">\n\t\t\t\t\t<h4 class=\"elementor-heading-title elementor-size-default\">SAS130 PROF\u0130L-1250 MM<\/h4>\t\t\t\t<\/div>\n\t\t\t\t<\/div>\n\t\t\t\t<div class=\"elementor-element elementor-element-c1fac61 elementor-widget elementor-widget-text-editor\" data-id=\"c1fac61\" data-element_type=\"widget\" data-widget_type=\"text-editor.default\">\n\t\t\t\t<div class=\"elementor-widget-container\">\n\t\t\t\t\t\t\t\t\t<p>Das SAS130 Support Arm System wurde sorgf\u00e4ltig entwickelt, um eine robuste Unterst\u00fctzung f\u00fcr Steuerpanels mit erheblichem Gewicht und gro\u00dfen Abmessungen zu bieten. Ihre langlebige Struktur macht sie besonders geeignet f\u00fcr Anwendungen mit langen Armen. Dar\u00fcber hinaus verk\u00f6rpert die \u00e4u\u00dfere Form dieser Griffe eine elegante und zeitgem\u00e4\u00dfe \u00c4sthetik, die m\u00fchelos mit den anderen Modulen harmoniert, mit denen sie verbunden sind. Das SAS130-System bietet eine modulare L\u00f6sung in Kombination mit einem modernen Design und eine umfangreiche Auswahl an Konfigurationsm\u00f6glichkeiten \u00fcber mehrere Serien hinweg. Mit einer Profilh\u00f6he von 1 Meter haben diese Griffe eine Tragf\u00e4higkeit von 130 kg. Die Standardfarbe ist RAL 7035, und sie verf\u00fcgen \u00fcber Dichtungs Eigenschaften, um eine optimale Leistung zu gew\u00e4hrleisten.<\/p>\n\t\t\t\t\t\t\t\t<\/div>\n\t\t\t\t<\/div>\n\t\t<div class=\"elementor-element elementor-element-11a24425 e-flex e-con-boxed e-con e-child\" data-id=\"11a24425\" data-element_type=\"container\">\n\t\t\t\t\t<div class=\"e-con-inner\">\n\t\t<div class=\"elementor-element elementor-element-3827325e e-con-full e-flex e-con e-child\" data-id=\"3827325e\" data-element_type=\"container\">\n\t\t<div class=\"elementor-element elementor-element-2e42afbc e-con-full e-flex e-con e-child\" data-id=\"2e42afbc\" data-element_type=\"container\" data-settings=\"{&quot;background_background&quot;:&quot;classic&quot;}\">\n\t\t<div class=\"elementor-element elementor-element-630d029d e-con-full e-flex e-con e-child\" data-id=\"630d029d\" data-element_type=\"container\">\n\t\t\t\t<div class=\"elementor-element elementor-element-20788d7e elementor-widget elementor-widget-heading\" data-id=\"20788d7e\" data-element_type=\"widget\" data-widget_type=\"heading.default\">\n\t\t\t\t<div class=\"elementor-widget-container\">\n\t\t\t\t\t<p class=\"elementor-heading-title elementor-size-default\">Produktnummer<\/p>\t\t\t\t<\/div>\n\t\t\t\t<\/div>\n\t\t\t\t<\/div>\n\t\t<div class=\"elementor-element elementor-element-3b221e1a e-con-full e-flex e-con e-child\" data-id=\"3b221e1a\" data-element_type=\"container\">\n\t\t\t\t<div class=\"elementor-element elementor-element-44f34123 elementor-widget elementor-widget-heading\" data-id=\"44f34123\" data-element_type=\"widget\" data-widget_type=\"heading.default\">\n\t\t\t\t<div class=\"elementor-widget-container\">\n\t\t\t\t\t<p class=\"elementor-heading-title elementor-size-default\">Beschreibung<\/p>\t\t\t\t<\/div>\n\t\t\t\t<\/div>\n\t\t\t\t<\/div>\n\t\t<div class=\"elementor-element elementor-element-49850da e-con-full e-flex e-con e-child\" data-id=\"49850da\" data-element_type=\"container\">\n\t\t\t\t<div class=\"elementor-element elementor-element-ee6969 elementor-widget elementor-widget-heading\" data-id=\"ee6969\" data-element_type=\"widget\" data-widget_type=\"heading.default\">\n\t\t\t\t<div class=\"elementor-widget-container\">\n\t\t\t\t\t<p class=\"elementor-heading-title elementor-size-default\">L\u00e4nge(mm)\t<\/p>\t\t\t\t<\/div>\n\t\t\t\t<\/div>\n\t\t\t\t<\/div>\n\t\t\t\t<\/div>\n\t\t<div class=\"elementor-element elementor-element-a615acc e-con-full e-flex e-con e-child\" data-id=\"a615acc\" data-element_type=\"container\" data-settings=\"{&quot;background_background&quot;:&quot;classic&quot;}\">\n\t\t<div class=\"elementor-element elementor-element-2e892b6 e-con-full e-flex e-con e-child\" data-id=\"2e892b6\" data-element_type=\"container\" data-settings=\"{&quot;background_background&quot;:&quot;classic&quot;}\">\n\t\t\t\t<div class=\"elementor-element elementor-element-715ceaf elementor-widget elementor-widget-heading\" data-id=\"715ceaf\" data-element_type=\"widget\" data-widget_type=\"heading.default\">\n\t\t\t\t<div class=\"elementor-widget-container\">\n\t\t\t\t\t<p class=\"elementor-heading-title elementor-size-default\">SAS.130.125<\/p>\t\t\t\t<\/div>\n\t\t\t\t<\/div>\n\t\t\t\t<\/div>\n\t\t<div class=\"elementor-element elementor-element-5e02b9f3 e-con-full e-flex e-con e-child\" data-id=\"5e02b9f3\" data-element_type=\"container\" data-settings=\"{&quot;background_background&quot;:&quot;classic&quot;}\">\n\t\t\t\t<div class=\"elementor-element elementor-element-71f7d6e9 elementor-widget elementor-widget-heading\" data-id=\"71f7d6e9\" data-element_type=\"widget\" data-widget_type=\"heading.default\">\n\t\t\t\t<div class=\"elementor-widget-container\">\n\t\t\t\t\t<p class=\"elementor-heading-title elementor-size-default\">130 Tragarmsprofil 1250 mm\t<\/p>\t\t\t\t<\/div>\n\t\t\t\t<\/div>\n\t\t\t\t<\/div>\n\t\t<div class=\"elementor-element elementor-element-589e7910 e-con-full e-flex e-con e-child\" data-id=\"589e7910\" data-element_type=\"container\">\n\t\t\t\t<div class=\"elementor-element elementor-element-58b766d5 elementor-widget elementor-widget-heading\" data-id=\"58b766d5\" data-element_type=\"widget\" data-widget_type=\"heading.default\">\n\t\t\t\t<div class=\"elementor-widget-container\">\n\t\t\t\t\t<p class=\"elementor-heading-title elementor-size-default\">1250<\/p>\t\t\t\t<\/div>\n\t\t\t\t<\/div>\n\t\t\t\t<\/div>\n\t\t\t\t<\/div>\n\t\t\t\t<\/div>\n\t\t<div class=\"elementor-element elementor-element-3b4da590 e-con-full e-flex e-con e-child\" data-id=\"3b4da590\" data-element_type=\"container\">\n\t\t<div class=\"elementor-element elementor-element-43932a3b e-con-full e-flex e-con e-child\" data-id=\"43932a3b\" data-element_type=\"container\" data-settings=\"{&quot;background_background&quot;:&quot;classic&quot;}\">\n\t\t<div class=\"elementor-element elementor-element-39c33770 e-con-full e-flex e-con e-child\" data-id=\"39c33770\" data-element_type=\"container\">\n\t\t\t\t<div class=\"elementor-element elementor-element-56ce4b2d elementor-widget elementor-widget-heading\" data-id=\"56ce4b2d\" data-element_type=\"widget\" data-widget_type=\"heading.default\">\n\t\t\t\t<div class=\"elementor-widget-container\">\n\t\t\t\t\t<p class=\"elementor-heading-title elementor-size-default\">Gewicht (g)<\/p>\t\t\t\t<\/div>\n\t\t\t\t<\/div>\n\t\t\t\t<\/div>\n\t\t<div class=\"elementor-element elementor-element-3ee86cd8 e-con-full e-flex e-con e-child\" data-id=\"3ee86cd8\" data-element_type=\"container\">\n\t\t\t\t<div class=\"elementor-element elementor-element-56283955 elementor-widget elementor-widget-heading\" data-id=\"56283955\" data-element_type=\"widget\" data-widget_type=\"heading.default\">\n\t\t\t\t<div class=\"elementor-widget-container\">\n\t\t\t\t\t<p class=\"elementor-heading-title elementor-size-default\">RAL-Code<\/p>\t\t\t\t<\/div>\n\t\t\t\t<\/div>\n\t\t\t\t<\/div>\n\t\t<div class=\"elementor-element elementor-element-3dafad78 e-con-full e-flex e-con e-child\" data-id=\"3dafad78\" data-element_type=\"container\">\n\t\t\t\t<div class=\"elementor-element elementor-element-3db81ca0 elementor-widget elementor-widget-heading\" data-id=\"3db81ca0\" data-element_type=\"widget\" data-widget_type=\"heading.default\">\n\t\t\t\t<div class=\"elementor-widget-container\">\n\t\t\t\t\t<p class=\"elementor-heading-title elementor-size-default\">Paketabmessungen<\/p>\t\t\t\t<\/div>\n\t\t\t\t<\/div>\n\t\t\t\t<\/div>\n\t\t\t\t<\/div>\n\t\t<div class=\"elementor-element elementor-element-69ee9b69 e-con-full e-flex e-con e-child\" data-id=\"69ee9b69\" data-element_type=\"container\" data-settings=\"{&quot;background_background&quot;:&quot;classic&quot;}\">\n\t\t<div class=\"elementor-element elementor-element-173bc0a7 e-con-full e-flex e-con e-child\" data-id=\"173bc0a7\" data-element_type=\"container\" data-settings=\"{&quot;background_background&quot;:&quot;classic&quot;}\">\n\t\t\t\t<div class=\"elementor-element elementor-element-73843b7b elementor-widget elementor-widget-heading\" data-id=\"73843b7b\" data-element_type=\"widget\" data-widget_type=\"heading.default\">\n\t\t\t\t<div class=\"elementor-widget-container\">\n\t\t\t\t\t<p class=\"elementor-heading-title elementor-size-default\">7500<\/p>\t\t\t\t<\/div>\n\t\t\t\t<\/div>\n\t\t\t\t<\/div>\n\t\t<div class=\"elementor-element elementor-element-ee9f384 e-con-full e-flex e-con e-child\" data-id=\"ee9f384\" data-element_type=\"container\" data-settings=\"{&quot;background_background&quot;:&quot;classic&quot;}\">\n\t\t\t\t<div class=\"elementor-element elementor-element-5076a8d9 elementor-widget elementor-widget-heading\" data-id=\"5076a8d9\" data-element_type=\"widget\" data-widget_type=\"heading.default\">\n\t\t\t\t<div class=\"elementor-widget-container\">\n\t\t\t\t\t<p class=\"elementor-heading-title elementor-size-default\">7035<\/p>\t\t\t\t<\/div>\n\t\t\t\t<\/div>\n\t\t\t\t<\/div>\n\t\t<div class=\"elementor-element elementor-element-6fb09cfa e-con-full e-flex e-con e-child\" data-id=\"6fb09cfa\" data-element_type=\"container\">\n\t\t\t\t<div class=\"elementor-element elementor-element-4fb4659e elementor-widget elementor-widget-heading\" data-id=\"4fb4659e\" data-element_type=\"widget\" data-widget_type=\"heading.default\">\n\t\t\t\t<div class=\"elementor-widget-container\">\n\t\t\t\t\t<p class=\"elementor-heading-title elementor-size-default\">90x130x1270<\/p>\t\t\t\t<\/div>\n\t\t\t\t<\/div>\n\t\t\t\t<\/div>\n\t\t\t\t<\/div>\n\t\t\t\t<\/div>\n\t\t\t\t\t<\/div>\n\t\t\t\t<\/div>\n\t\t\t\t<\/div>\n\t\t\t\t<\/div>\n\t\t","protected":false},"excerpt":{"rendered":"<p>SAS130 PROF\u0130L-1250 MM Das SAS130 Support Arm System wurde sorgf\u00e4ltig entwickelt, um eine robuste Unterst\u00fctzung f\u00fcr Steuerpanels mit erheblichem Gewicht und gro\u00dfen Abmessungen zu bieten. Ihre langlebige Struktur macht sie besonders geeignet f\u00fcr Anwendungen mit langen Armen. Dar\u00fcber hinaus verk\u00f6rpert die \u00e4u\u00dfere Form dieser Griffe eine elegante und zeitgem\u00e4\u00dfe \u00c4sthetik, die m\u00fchelos mit den anderen [&hellip;]<\/p>\n","protected":false},"featured_media":1649,"template":"","meta":[],"product_brand":[],"product_cat":[93,70],"product_tag":[],"class_list":{"0":"post-3111","1":"product","2":"type-product","3":"status-publish","4":"has-post-thumbnail","6":"product_cat-aluminium-tragersystem-sas-130","7":"product_cat-sas-130-de","9":"first","10":"instock","11":"shipping-taxable","12":"product-type-simple"},"_links":{"self":[{"href":"https:\/\/supportarmsystem.com\/de\/wp-json\/wp\/v2\/product\/3111","targetHints":{"allow":["GET"]}}],"collection":[{"href":"https:\/\/supportarmsystem.com\/de\/wp-json\/wp\/v2\/product"}],"about":[{"href":"https:\/\/supportarmsystem.com\/de\/wp-json\/wp\/v2\/types\/product"}],"version-history":[{"count":1,"href":"https:\/\/supportarmsystem.com\/de\/wp-json\/wp\/v2\/product\/3111\/revisions"}],"predecessor-version":[{"id":3112,"href":"https:\/\/supportarmsystem.com\/de\/wp-json\/wp\/v2\/product\/3111\/revisions\/3112"}],"wp:featuredmedia":[{"embeddable":true,"href":"https:\/\/supportarmsystem.com\/de\/wp-json\/wp\/v2\/media\/1649"}],"wp:attachment":[{"href":"https:\/\/supportarmsystem.com\/de\/wp-json\/wp\/v2\/media?parent=3111"}],"wp:term":[{"taxonomy":"product_brand","embeddable":true,"href":"https:\/\/supportarmsystem.com\/de\/wp-json\/wp\/v2\/product_brand?post=3111"},{"taxonomy":"product_cat","embeddable":true,"href":"https:\/\/supportarmsystem.com\/de\/wp-json\/wp\/v2\/product_cat?post=3111"},{"taxonomy":"product_tag","embeddable":true,"href":"https:\/\/supportarmsystem.com\/de\/wp-json\/wp\/v2\/product_tag?post=3111"}],"curies":[{"name":"wp","href":"https:\/\/api.w.org\/{rel}","templated":true}]}}