{"id":3107,"date":"2024-12-09T12:53:56","date_gmt":"2024-12-09T12:53:56","guid":{"rendered":"https:\/\/supportarmsystem.com\/urun\/sas-130-100\/"},"modified":"2024-12-11T18:20:55","modified_gmt":"2024-12-11T18:20:55","slug":"sas-130-100","status":"publish","type":"product","link":"https:\/\/supportarmsystem.com\/de\/urun\/sas-130-100\/","title":{"rendered":"SAS.130.100"},"content":{"rendered":"\t\t<div data-elementor-type=\"product-post\" data-elementor-id=\"3107\" class=\"elementor elementor-3107 elementor-1672\" data-elementor-post-type=\"product\">\n\t\t\t\t<div class=\"elementor-element elementor-element-2cbf88d7 e-con-full e-flex e-con e-parent\" data-id=\"2cbf88d7\" data-element_type=\"container\">\n\t\t\t\t<div class=\"elementor-element elementor-element-553e3d77 elementor-widget elementor-widget-heading\" data-id=\"553e3d77\" data-element_type=\"widget\" data-widget_type=\"heading.default\">\n\t\t\t\t<div class=\"elementor-widget-container\">\n\t\t\t\t\t<h4 class=\"elementor-heading-title elementor-size-default\">SAS130 PROF\u0130L-1000 MM<\/h4>\t\t\t\t<\/div>\n\t\t\t\t<\/div>\n\t\t\t\t<div class=\"elementor-element elementor-element-1bd179a9 elementor-widget elementor-widget-text-editor\" data-id=\"1bd179a9\" data-element_type=\"widget\" data-widget_type=\"text-editor.default\">\n\t\t\t\t<div class=\"elementor-widget-container\">\n\t\t\t\t\t\t\t\t\t<p>Das SAS130 Support Arm System wurde sorgf\u00e4ltig entwickelt, um eine robuste Unterst\u00fctzung f\u00fcr Steuerpanels mit erheblichem Gewicht und gro\u00dfen Abmessungen zu bieten. Ihre langlebige Struktur macht sie besonders geeignet f\u00fcr Anwendungen mit langen Armen. Dar\u00fcber hinaus verk\u00f6rpert die \u00e4u\u00dfere Form dieser Griffe eine elegante und zeitgem\u00e4\u00dfe \u00c4sthetik, die m\u00fchelos mit den anderen Modulen harmoniert, mit denen sie verbunden sind. Das SAS130-System bietet eine modulare L\u00f6sung in Kombination mit einem modernen Design und eine umfangreiche Auswahl an Konfigurationsm\u00f6glichkeiten \u00fcber mehrere Serien hinweg. Mit einer Profilh\u00f6he von 1 Meter haben diese Griffe eine Tragf\u00e4higkeit von 130 kg. Die Standardfarbe ist RAL 7035, und sie verf\u00fcgen \u00fcber Dichtungs Eigenschaften, um eine optimale Leistung zu gew\u00e4hrleisten.<\/p>\n\t\t\t\t\t\t\t\t<\/div>\n\t\t\t\t<\/div>\n\t\t<div class=\"elementor-element elementor-element-13c4de3d e-flex e-con-boxed e-con e-child\" data-id=\"13c4de3d\" data-element_type=\"container\">\n\t\t\t\t\t<div class=\"e-con-inner\">\n\t\t<div class=\"elementor-element elementor-element-4a074b4 e-con-full e-flex e-con e-child\" data-id=\"4a074b4\" data-element_type=\"container\">\n\t\t<div class=\"elementor-element elementor-element-7a5467f3 e-con-full e-flex e-con e-child\" data-id=\"7a5467f3\" data-element_type=\"container\" data-settings=\"{&quot;background_background&quot;:&quot;classic&quot;}\">\n\t\t<div class=\"elementor-element elementor-element-2d76f752 e-con-full e-flex e-con e-child\" data-id=\"2d76f752\" data-element_type=\"container\">\n\t\t\t\t<div class=\"elementor-element elementor-element-64c1ba87 elementor-widget elementor-widget-heading\" data-id=\"64c1ba87\" data-element_type=\"widget\" data-widget_type=\"heading.default\">\n\t\t\t\t<div class=\"elementor-widget-container\">\n\t\t\t\t\t<p class=\"elementor-heading-title elementor-size-default\">Produktnummer<\/p>\t\t\t\t<\/div>\n\t\t\t\t<\/div>\n\t\t\t\t<\/div>\n\t\t<div class=\"elementor-element elementor-element-2e270142 e-con-full e-flex e-con e-child\" data-id=\"2e270142\" data-element_type=\"container\">\n\t\t\t\t<div class=\"elementor-element elementor-element-63b34094 elementor-widget elementor-widget-heading\" data-id=\"63b34094\" data-element_type=\"widget\" data-widget_type=\"heading.default\">\n\t\t\t\t<div class=\"elementor-widget-container\">\n\t\t\t\t\t<p class=\"elementor-heading-title elementor-size-default\">Beschreibung<\/p>\t\t\t\t<\/div>\n\t\t\t\t<\/div>\n\t\t\t\t<\/div>\n\t\t<div class=\"elementor-element elementor-element-6cfc6d7e e-con-full e-flex e-con e-child\" data-id=\"6cfc6d7e\" data-element_type=\"container\">\n\t\t\t\t<div class=\"elementor-element elementor-element-361c1914 elementor-widget elementor-widget-heading\" data-id=\"361c1914\" data-element_type=\"widget\" data-widget_type=\"heading.default\">\n\t\t\t\t<div class=\"elementor-widget-container\">\n\t\t\t\t\t<p class=\"elementor-heading-title elementor-size-default\">L\u00e4nge(mm)\t<\/p>\t\t\t\t<\/div>\n\t\t\t\t<\/div>\n\t\t\t\t<\/div>\n\t\t\t\t<\/div>\n\t\t<div class=\"elementor-element elementor-element-104e94ca e-con-full e-flex e-con e-child\" data-id=\"104e94ca\" data-element_type=\"container\" data-settings=\"{&quot;background_background&quot;:&quot;classic&quot;}\">\n\t\t<div class=\"elementor-element elementor-element-50cb47ea e-con-full e-flex e-con e-child\" data-id=\"50cb47ea\" data-element_type=\"container\" data-settings=\"{&quot;background_background&quot;:&quot;classic&quot;}\">\n\t\t\t\t<div class=\"elementor-element elementor-element-58743bcd elementor-widget elementor-widget-heading\" data-id=\"58743bcd\" data-element_type=\"widget\" data-widget_type=\"heading.default\">\n\t\t\t\t<div class=\"elementor-widget-container\">\n\t\t\t\t\t<p class=\"elementor-heading-title elementor-size-default\">SAS.130.100<\/p>\t\t\t\t<\/div>\n\t\t\t\t<\/div>\n\t\t\t\t<\/div>\n\t\t<div class=\"elementor-element elementor-element-1a838734 e-con-full e-flex e-con e-child\" data-id=\"1a838734\" data-element_type=\"container\" data-settings=\"{&quot;background_background&quot;:&quot;classic&quot;}\">\n\t\t\t\t<div class=\"elementor-element elementor-element-ab355ee elementor-widget elementor-widget-heading\" data-id=\"ab355ee\" data-element_type=\"widget\" data-widget_type=\"heading.default\">\n\t\t\t\t<div class=\"elementor-widget-container\">\n\t\t\t\t\t<p class=\"elementor-heading-title elementor-size-default\">130 Tragarmsprofil 1000 mm\t<\/p>\t\t\t\t<\/div>\n\t\t\t\t<\/div>\n\t\t\t\t<\/div>\n\t\t<div class=\"elementor-element elementor-element-456c6f1e e-con-full e-flex e-con e-child\" data-id=\"456c6f1e\" data-element_type=\"container\">\n\t\t\t\t<div class=\"elementor-element elementor-element-242cc7f9 elementor-widget elementor-widget-heading\" data-id=\"242cc7f9\" data-element_type=\"widget\" data-widget_type=\"heading.default\">\n\t\t\t\t<div class=\"elementor-widget-container\">\n\t\t\t\t\t<p class=\"elementor-heading-title elementor-size-default\">1000<\/p>\t\t\t\t<\/div>\n\t\t\t\t<\/div>\n\t\t\t\t<\/div>\n\t\t\t\t<\/div>\n\t\t\t\t<\/div>\n\t\t<div class=\"elementor-element elementor-element-4358fcac e-con-full e-flex e-con e-child\" data-id=\"4358fcac\" data-element_type=\"container\">\n\t\t<div class=\"elementor-element elementor-element-5eac5985 e-con-full e-flex e-con e-child\" data-id=\"5eac5985\" data-element_type=\"container\" data-settings=\"{&quot;background_background&quot;:&quot;classic&quot;}\">\n\t\t<div class=\"elementor-element elementor-element-15eb7e77 e-con-full e-flex e-con e-child\" data-id=\"15eb7e77\" data-element_type=\"container\">\n\t\t\t\t<div class=\"elementor-element elementor-element-3735603e elementor-widget elementor-widget-heading\" data-id=\"3735603e\" data-element_type=\"widget\" data-widget_type=\"heading.default\">\n\t\t\t\t<div class=\"elementor-widget-container\">\n\t\t\t\t\t<p class=\"elementor-heading-title elementor-size-default\">Gewicht (g)<\/p>\t\t\t\t<\/div>\n\t\t\t\t<\/div>\n\t\t\t\t<\/div>\n\t\t<div class=\"elementor-element elementor-element-2a27098d e-con-full e-flex e-con e-child\" data-id=\"2a27098d\" data-element_type=\"container\">\n\t\t\t\t<div class=\"elementor-element elementor-element-7e52a71a elementor-widget elementor-widget-heading\" data-id=\"7e52a71a\" data-element_type=\"widget\" data-widget_type=\"heading.default\">\n\t\t\t\t<div class=\"elementor-widget-container\">\n\t\t\t\t\t<p class=\"elementor-heading-title elementor-size-default\">RAL-Code<\/p>\t\t\t\t<\/div>\n\t\t\t\t<\/div>\n\t\t\t\t<\/div>\n\t\t<div class=\"elementor-element elementor-element-63cf89a0 e-con-full e-flex e-con e-child\" data-id=\"63cf89a0\" data-element_type=\"container\">\n\t\t\t\t<div class=\"elementor-element elementor-element-6a168aac elementor-widget elementor-widget-heading\" data-id=\"6a168aac\" data-element_type=\"widget\" data-widget_type=\"heading.default\">\n\t\t\t\t<div class=\"elementor-widget-container\">\n\t\t\t\t\t<p class=\"elementor-heading-title elementor-size-default\">Paketabmessungen<\/p>\t\t\t\t<\/div>\n\t\t\t\t<\/div>\n\t\t\t\t<\/div>\n\t\t\t\t<\/div>\n\t\t<div class=\"elementor-element elementor-element-1e7d8dd2 e-con-full e-flex e-con e-child\" data-id=\"1e7d8dd2\" data-element_type=\"container\" data-settings=\"{&quot;background_background&quot;:&quot;classic&quot;}\">\n\t\t<div class=\"elementor-element elementor-element-230747c9 e-con-full e-flex e-con e-child\" data-id=\"230747c9\" data-element_type=\"container\" data-settings=\"{&quot;background_background&quot;:&quot;classic&quot;}\">\n\t\t\t\t<div class=\"elementor-element elementor-element-4f93ccbd elementor-widget elementor-widget-heading\" data-id=\"4f93ccbd\" data-element_type=\"widget\" data-widget_type=\"heading.default\">\n\t\t\t\t<div class=\"elementor-widget-container\">\n\t\t\t\t\t<p class=\"elementor-heading-title elementor-size-default\">6000<\/p>\t\t\t\t<\/div>\n\t\t\t\t<\/div>\n\t\t\t\t<\/div>\n\t\t<div class=\"elementor-element elementor-element-4c115f71 e-con-full e-flex e-con e-child\" data-id=\"4c115f71\" data-element_type=\"container\" data-settings=\"{&quot;background_background&quot;:&quot;classic&quot;}\">\n\t\t\t\t<div class=\"elementor-element elementor-element-4336ada6 elementor-widget elementor-widget-heading\" data-id=\"4336ada6\" data-element_type=\"widget\" data-widget_type=\"heading.default\">\n\t\t\t\t<div class=\"elementor-widget-container\">\n\t\t\t\t\t<p class=\"elementor-heading-title elementor-size-default\">7035<\/p>\t\t\t\t<\/div>\n\t\t\t\t<\/div>\n\t\t\t\t<\/div>\n\t\t<div class=\"elementor-element elementor-element-7e975940 e-con-full e-flex e-con e-child\" data-id=\"7e975940\" data-element_type=\"container\">\n\t\t\t\t<div class=\"elementor-element elementor-element-7c7f73cd elementor-widget elementor-widget-heading\" data-id=\"7c7f73cd\" data-element_type=\"widget\" data-widget_type=\"heading.default\">\n\t\t\t\t<div class=\"elementor-widget-container\">\n\t\t\t\t\t<p class=\"elementor-heading-title elementor-size-default\">90x130x1020<\/p>\t\t\t\t<\/div>\n\t\t\t\t<\/div>\n\t\t\t\t<\/div>\n\t\t\t\t<\/div>\n\t\t\t\t<\/div>\n\t\t\t\t\t<\/div>\n\t\t\t\t<\/div>\n\t\t\t\t<\/div>\n\t\t\t\t<\/div>\n\t\t","protected":false},"excerpt":{"rendered":"<p>SAS130 PROF\u0130L-1000 MM Das SAS130 Support Arm System wurde sorgf\u00e4ltig entwickelt, um eine robuste Unterst\u00fctzung f\u00fcr Steuerpanels mit erheblichem Gewicht und gro\u00dfen Abmessungen zu bieten. Ihre langlebige Struktur macht sie besonders geeignet f\u00fcr Anwendungen mit langen Armen. Dar\u00fcber hinaus verk\u00f6rpert die \u00e4u\u00dfere Form dieser Griffe eine elegante und zeitgem\u00e4\u00dfe \u00c4sthetik, die m\u00fchelos mit den anderen [&hellip;]<\/p>\n","protected":false},"featured_media":1649,"template":"","meta":[],"product_brand":[],"product_cat":[93,70],"product_tag":[],"class_list":{"0":"post-3107","1":"product","2":"type-product","3":"status-publish","4":"has-post-thumbnail","6":"product_cat-aluminium-tragersystem-sas-130","7":"product_cat-sas-130-de","9":"first","10":"instock","11":"shipping-taxable","12":"product-type-simple"},"_links":{"self":[{"href":"https:\/\/supportarmsystem.com\/de\/wp-json\/wp\/v2\/product\/3107","targetHints":{"allow":["GET"]}}],"collection":[{"href":"https:\/\/supportarmsystem.com\/de\/wp-json\/wp\/v2\/product"}],"about":[{"href":"https:\/\/supportarmsystem.com\/de\/wp-json\/wp\/v2\/types\/product"}],"version-history":[{"count":1,"href":"https:\/\/supportarmsystem.com\/de\/wp-json\/wp\/v2\/product\/3107\/revisions"}],"predecessor-version":[{"id":3108,"href":"https:\/\/supportarmsystem.com\/de\/wp-json\/wp\/v2\/product\/3107\/revisions\/3108"}],"wp:featuredmedia":[{"embeddable":true,"href":"https:\/\/supportarmsystem.com\/de\/wp-json\/wp\/v2\/media\/1649"}],"wp:attachment":[{"href":"https:\/\/supportarmsystem.com\/de\/wp-json\/wp\/v2\/media?parent=3107"}],"wp:term":[{"taxonomy":"product_brand","embeddable":true,"href":"https:\/\/supportarmsystem.com\/de\/wp-json\/wp\/v2\/product_brand?post=3107"},{"taxonomy":"product_cat","embeddable":true,"href":"https:\/\/supportarmsystem.com\/de\/wp-json\/wp\/v2\/product_cat?post=3107"},{"taxonomy":"product_tag","embeddable":true,"href":"https:\/\/supportarmsystem.com\/de\/wp-json\/wp\/v2\/product_tag?post=3107"}],"curies":[{"name":"wp","href":"https:\/\/api.w.org\/{rel}","templated":true}]}}