{"id":3012,"date":"2024-12-09T11:44:09","date_gmt":"2024-12-09T11:44:09","guid":{"rendered":"https:\/\/supportarmsystem.com\/urun\/sas-050-400\/"},"modified":"2024-12-11T18:25:08","modified_gmt":"2024-12-11T18:25:08","slug":"sas-050-400","status":"publish","type":"product","link":"https:\/\/supportarmsystem.com\/de\/urun\/sas-050-400\/","title":{"rendered":"SAS.050.400"},"content":{"rendered":"\t\t<div data-elementor-type=\"product-post\" data-elementor-id=\"3012\" class=\"elementor elementor-3012 elementor-1448\" data-elementor-post-type=\"product\">\n\t\t\t\t<div class=\"elementor-element elementor-element-2c160838 e-con-full e-flex e-con e-parent\" data-id=\"2c160838\" data-element_type=\"container\">\n\t\t\t\t<div class=\"elementor-element elementor-element-2c3347df elementor-widget elementor-widget-heading\" data-id=\"2c3347df\" data-element_type=\"widget\" data-widget_type=\"heading.default\">\n\t\t\t\t<div class=\"elementor-widget-container\">\n\t\t\t\t\t<h4 class=\"elementor-heading-title elementor-size-default\">Wandmontiertes Modul mit horizontalem Ausgang 315\u00b0<\/h4>\t\t\t\t<\/div>\n\t\t\t\t<\/div>\n\t\t\t\t<div class=\"elementor-element elementor-element-7fa2ea48 elementor-widget elementor-widget-text-editor\" data-id=\"7fa2ea48\" data-element_type=\"widget\" data-widget_type=\"text-editor.default\">\n\t\t\t\t<div class=\"elementor-widget-container\">\n\t\t\t\t\t\t\t\t\t<p>SAS050.400 Wandmontiertes Modul mit horizontalem Ausgang 315\u00b0 wurde sorgf\u00e4ltig f\u00fcr Szenarien entwickelt, in denen eine Verbindung zum Boden nicht m\u00f6glich ist. Es ber\u00fccksichtigt Situationen, in denen ein hoher Anschluss an einer Wand oder Maschine w\u00fcnschenswert ist. Dieses Modul erm\u00f6glicht die Platzierung des Supportarms in horizontaler Ausrichtung. Es wurde speziell f\u00fcr Konfigurationen mit geringen Lasten entwickelt und bietet einen drehbaren Bereich von 310\u00b0, der eine reibungslose Bewegung von links nach rechts erm\u00f6glicht.<\/p>\n\t\t\t\t\t\t\t\t<\/div>\n\t\t\t\t<\/div>\n\t\t<div class=\"elementor-element elementor-element-411adf5a e-flex e-con-boxed e-con e-child\" data-id=\"411adf5a\" data-element_type=\"container\">\n\t\t\t\t\t<div class=\"e-con-inner\">\n\t\t<div class=\"elementor-element elementor-element-7e3d427e e-con-full e-flex e-con e-child\" data-id=\"7e3d427e\" data-element_type=\"container\">\n\t\t<div class=\"elementor-element elementor-element-62a0b76 e-con-full e-flex e-con e-child\" data-id=\"62a0b76\" data-element_type=\"container\" data-settings=\"{&quot;background_background&quot;:&quot;classic&quot;}\">\n\t\t<div class=\"elementor-element elementor-element-4c5ad222 e-con-full e-flex e-con e-child\" data-id=\"4c5ad222\" data-element_type=\"container\">\n\t\t\t\t<div class=\"elementor-element elementor-element-63ff20ae elementor-widget elementor-widget-heading\" data-id=\"63ff20ae\" data-element_type=\"widget\" data-widget_type=\"heading.default\">\n\t\t\t\t<div class=\"elementor-widget-container\">\n\t\t\t\t\t<p class=\"elementor-heading-title elementor-size-default\">Produktnummer<\/p>\t\t\t\t<\/div>\n\t\t\t\t<\/div>\n\t\t\t\t<\/div>\n\t\t<div class=\"elementor-element elementor-element-245fe01b e-con-full e-flex e-con e-child\" data-id=\"245fe01b\" data-element_type=\"container\">\n\t\t\t\t<div class=\"elementor-element elementor-element-7ec7f75d elementor-widget elementor-widget-heading\" data-id=\"7ec7f75d\" data-element_type=\"widget\" data-widget_type=\"heading.default\">\n\t\t\t\t<div class=\"elementor-widget-container\">\n\t\t\t\t\t<p class=\"elementor-heading-title elementor-size-default\">Beschreibung<\/p>\t\t\t\t<\/div>\n\t\t\t\t<\/div>\n\t\t\t\t<\/div>\n\t\t<div class=\"elementor-element elementor-element-7b716236 e-con-full e-flex e-con e-child\" data-id=\"7b716236\" data-element_type=\"container\">\n\t\t\t\t<\/div>\n\t\t\t\t<\/div>\n\t\t<div class=\"elementor-element elementor-element-31e5acce e-con-full e-flex e-con e-child\" data-id=\"31e5acce\" data-element_type=\"container\" data-settings=\"{&quot;background_background&quot;:&quot;classic&quot;}\">\n\t\t<div class=\"elementor-element elementor-element-d199818 e-con-full e-flex e-con e-child\" data-id=\"d199818\" data-element_type=\"container\" data-settings=\"{&quot;background_background&quot;:&quot;classic&quot;}\">\n\t\t\t\t<div class=\"elementor-element elementor-element-34392621 elementor-widget elementor-widget-heading\" data-id=\"34392621\" data-element_type=\"widget\" data-widget_type=\"heading.default\">\n\t\t\t\t<div class=\"elementor-widget-container\">\n\t\t\t\t\t<p class=\"elementor-heading-title elementor-size-default\">SAS050.400<\/p>\t\t\t\t<\/div>\n\t\t\t\t<\/div>\n\t\t\t\t<\/div>\n\t\t<div class=\"elementor-element elementor-element-6d69597c e-con-full e-flex e-con e-child\" data-id=\"6d69597c\" data-element_type=\"container\" data-settings=\"{&quot;background_background&quot;:&quot;classic&quot;}\">\n\t\t\t\t<div class=\"elementor-element elementor-element-2c712805 elementor-widget elementor-widget-heading\" data-id=\"2c712805\" data-element_type=\"widget\" data-widget_type=\"heading.default\">\n\t\t\t\t<div class=\"elementor-widget-container\">\n\t\t\t\t\t<p class=\"elementor-heading-title elementor-size-default\">Wandmontiertes Modul mit horizontalem Ausgang 315\u00b0<\/p>\t\t\t\t<\/div>\n\t\t\t\t<\/div>\n\t\t\t\t<\/div>\n\t\t<div class=\"elementor-element elementor-element-8a338b5 e-con-full e-flex e-con e-child\" data-id=\"8a338b5\" data-element_type=\"container\">\n\t\t\t\t<\/div>\n\t\t\t\t<\/div>\n\t\t\t\t<\/div>\n\t\t<div class=\"elementor-element elementor-element-5a091477 e-con-full e-flex e-con e-child\" data-id=\"5a091477\" data-element_type=\"container\">\n\t\t<div class=\"elementor-element elementor-element-6c96beca e-con-full e-flex e-con e-child\" data-id=\"6c96beca\" data-element_type=\"container\" data-settings=\"{&quot;background_background&quot;:&quot;classic&quot;}\">\n\t\t<div class=\"elementor-element elementor-element-37790df9 e-con-full e-flex e-con e-child\" data-id=\"37790df9\" data-element_type=\"container\">\n\t\t\t\t<div class=\"elementor-element elementor-element-797a1358 elementor-widget elementor-widget-heading\" data-id=\"797a1358\" data-element_type=\"widget\" data-widget_type=\"heading.default\">\n\t\t\t\t<div class=\"elementor-widget-container\">\n\t\t\t\t\t<p class=\"elementor-heading-title elementor-size-default\">Gewicht (g)<\/p>\t\t\t\t<\/div>\n\t\t\t\t<\/div>\n\t\t\t\t<\/div>\n\t\t<div class=\"elementor-element elementor-element-70862bbb e-con-full e-flex e-con e-child\" data-id=\"70862bbb\" data-element_type=\"container\">\n\t\t\t\t<div class=\"elementor-element elementor-element-6512e53f elementor-widget elementor-widget-heading\" data-id=\"6512e53f\" data-element_type=\"widget\" data-widget_type=\"heading.default\">\n\t\t\t\t<div class=\"elementor-widget-container\">\n\t\t\t\t\t<p class=\"elementor-heading-title elementor-size-default\">RAL-Code<\/p>\t\t\t\t<\/div>\n\t\t\t\t<\/div>\n\t\t\t\t<\/div>\n\t\t<div class=\"elementor-element elementor-element-59824afa e-con-full e-flex e-con e-child\" data-id=\"59824afa\" data-element_type=\"container\">\n\t\t\t\t<div class=\"elementor-element elementor-element-30a2f2a4 elementor-widget elementor-widget-heading\" data-id=\"30a2f2a4\" data-element_type=\"widget\" data-widget_type=\"heading.default\">\n\t\t\t\t<div class=\"elementor-widget-container\">\n\t\t\t\t\t<p class=\"elementor-heading-title elementor-size-default\">Paketabmessungen<\/p>\t\t\t\t<\/div>\n\t\t\t\t<\/div>\n\t\t\t\t<\/div>\n\t\t\t\t<\/div>\n\t\t<div class=\"elementor-element elementor-element-2085d924 e-con-full e-flex e-con e-child\" data-id=\"2085d924\" data-element_type=\"container\" data-settings=\"{&quot;background_background&quot;:&quot;classic&quot;}\">\n\t\t<div class=\"elementor-element elementor-element-db29bb7 e-con-full e-flex e-con e-child\" data-id=\"db29bb7\" data-element_type=\"container\" data-settings=\"{&quot;background_background&quot;:&quot;classic&quot;}\">\n\t\t\t\t<div class=\"elementor-element elementor-element-16661339 elementor-widget elementor-widget-heading\" data-id=\"16661339\" data-element_type=\"widget\" data-widget_type=\"heading.default\">\n\t\t\t\t<div class=\"elementor-widget-container\">\n\t\t\t\t\t<p class=\"elementor-heading-title elementor-size-default\">1680<\/p>\t\t\t\t<\/div>\n\t\t\t\t<\/div>\n\t\t\t\t<\/div>\n\t\t<div class=\"elementor-element elementor-element-498bfdbe e-con-full e-flex e-con e-child\" data-id=\"498bfdbe\" data-element_type=\"container\" data-settings=\"{&quot;background_background&quot;:&quot;classic&quot;}\">\n\t\t\t\t<div class=\"elementor-element elementor-element-76ebf809 elementor-widget elementor-widget-heading\" data-id=\"76ebf809\" data-element_type=\"widget\" data-widget_type=\"heading.default\">\n\t\t\t\t<div class=\"elementor-widget-container\">\n\t\t\t\t\t<p class=\"elementor-heading-title elementor-size-default\">7035<\/p>\t\t\t\t<\/div>\n\t\t\t\t<\/div>\n\t\t\t\t<\/div>\n\t\t<div class=\"elementor-element elementor-element-415b020c e-con-full e-flex e-con e-child\" data-id=\"415b020c\" data-element_type=\"container\">\n\t\t\t\t<div class=\"elementor-element elementor-element-4c464d9b elementor-widget elementor-widget-heading\" data-id=\"4c464d9b\" data-element_type=\"widget\" data-widget_type=\"heading.default\">\n\t\t\t\t<div class=\"elementor-widget-container\">\n\t\t\t\t\t<p class=\"elementor-heading-title elementor-size-default\">130x140x225<\/p>\t\t\t\t<\/div>\n\t\t\t\t<\/div>\n\t\t\t\t<\/div>\n\t\t\t\t<\/div>\n\t\t\t\t<\/div>\n\t\t\t\t\t<\/div>\n\t\t\t\t<\/div>\n\t\t\t\t<\/div>\n\t\t\t\t<\/div>\n\t\t","protected":false},"excerpt":{"rendered":"<p>Wandmontiertes Modul mit horizontalem Ausgang 315\u00b0 SAS050.400 Wandmontiertes Modul mit horizontalem Ausgang 315\u00b0 wurde sorgf\u00e4ltig f\u00fcr Szenarien entwickelt, in denen eine Verbindung zum Boden nicht m\u00f6glich ist. Es ber\u00fccksichtigt Situationen, in denen ein hoher Anschluss an einer Wand oder Maschine w\u00fcnschenswert ist. Dieses Modul erm\u00f6glicht die Platzierung des Supportarms in horizontaler Ausrichtung. Es wurde speziell [&hellip;]<\/p>\n","protected":false},"featured_media":1451,"template":"","meta":[],"product_brand":[],"product_cat":[105,93],"product_tag":[],"class_list":{"0":"post-3012","1":"product","2":"type-product","3":"status-publish","4":"has-post-thumbnail","6":"product_cat-aluminium-tragersystem-sas-050","7":"product_cat-aluminium-tragersystem-sas-130","9":"first","10":"instock","11":"shipping-taxable","12":"product-type-simple"},"_links":{"self":[{"href":"https:\/\/supportarmsystem.com\/de\/wp-json\/wp\/v2\/product\/3012","targetHints":{"allow":["GET"]}}],"collection":[{"href":"https:\/\/supportarmsystem.com\/de\/wp-json\/wp\/v2\/product"}],"about":[{"href":"https:\/\/supportarmsystem.com\/de\/wp-json\/wp\/v2\/types\/product"}],"version-history":[{"count":1,"href":"https:\/\/supportarmsystem.com\/de\/wp-json\/wp\/v2\/product\/3012\/revisions"}],"predecessor-version":[{"id":3013,"href":"https:\/\/supportarmsystem.com\/de\/wp-json\/wp\/v2\/product\/3012\/revisions\/3013"}],"wp:featuredmedia":[{"embeddable":true,"href":"https:\/\/supportarmsystem.com\/de\/wp-json\/wp\/v2\/media\/1451"}],"wp:attachment":[{"href":"https:\/\/supportarmsystem.com\/de\/wp-json\/wp\/v2\/media?parent=3012"}],"wp:term":[{"taxonomy":"product_brand","embeddable":true,"href":"https:\/\/supportarmsystem.com\/de\/wp-json\/wp\/v2\/product_brand?post=3012"},{"taxonomy":"product_cat","embeddable":true,"href":"https:\/\/supportarmsystem.com\/de\/wp-json\/wp\/v2\/product_cat?post=3012"},{"taxonomy":"product_tag","embeddable":true,"href":"https:\/\/supportarmsystem.com\/de\/wp-json\/wp\/v2\/product_tag?post=3012"}],"curies":[{"name":"wp","href":"https:\/\/api.w.org\/{rel}","templated":true}]}}