{"id":2988,"date":"2024-12-09T12:44:03","date_gmt":"2024-12-09T12:44:03","guid":{"rendered":"https:\/\/supportarmsystem.com\/urun\/sas-050-920\/"},"modified":"2024-12-11T18:22:25","modified_gmt":"2024-12-11T18:22:25","slug":"sas-050-920","status":"publish","type":"product","link":"https:\/\/supportarmsystem.com\/de\/urun\/sas-050-920\/","title":{"rendered":"SAS.050.920"},"content":{"rendered":"\t\t<div data-elementor-type=\"product-post\" data-elementor-id=\"2988\" class=\"elementor elementor-2988 elementor-1633\" data-elementor-post-type=\"product\">\n\t\t\t\t<div class=\"elementor-element elementor-element-fe67cba e-con-full e-flex e-con e-parent\" data-id=\"fe67cba\" data-element_type=\"container\">\n\t\t\t\t<div class=\"elementor-element elementor-element-5d066af6 elementor-widget elementor-widget-heading\" data-id=\"5d066af6\" data-element_type=\"widget\" data-widget_type=\"heading.default\">\n\t\t\t\t<div class=\"elementor-widget-container\">\n\t\t\t\t\t<h4 class=\"elementor-heading-title elementor-size-default\">Kupplung<\/h4>\t\t\t\t<\/div>\n\t\t\t\t<\/div>\n\t\t\t\t<div class=\"elementor-element elementor-element-1103f94c elementor-widget elementor-widget-text-editor\" data-id=\"1103f94c\" data-element_type=\"widget\" data-widget_type=\"text-editor.default\">\n\t\t\t\t<div class=\"elementor-widget-container\">\n\t\t\t\t\t\t\t\t\t<p>SAS050.920 Kupplung dient als Verbindung zwischen dem Bedienfeld und dem Bedienarm. Sie verf\u00fcgt \u00fcber eine Oberfl\u00e4chenabmessung von 118\u00d765 mm und erm\u00f6glicht eine reibungslose 315\u00b0-Drehung nach links und rechts. Dieses Produkt ist speziell f\u00fcr leichte Lasten ausgelegt und zeichnet sich durch ein geeignetes Tiefenverh\u00e4ltnis aus.<\/p>\n\t\t\t\t\t\t\t\t<\/div>\n\t\t\t\t<\/div>\n\t\t<div class=\"elementor-element elementor-element-1c9465fb e-flex e-con-boxed e-con e-child\" data-id=\"1c9465fb\" data-element_type=\"container\">\n\t\t\t\t\t<div class=\"e-con-inner\">\n\t\t<div class=\"elementor-element elementor-element-3f679586 e-con-full e-flex e-con e-child\" data-id=\"3f679586\" data-element_type=\"container\">\n\t\t<div class=\"elementor-element elementor-element-3c7a16cc e-con-full e-flex e-con e-child\" data-id=\"3c7a16cc\" data-element_type=\"container\" data-settings=\"{&quot;background_background&quot;:&quot;classic&quot;}\">\n\t\t<div class=\"elementor-element elementor-element-6e15b955 e-con-full e-flex e-con e-child\" data-id=\"6e15b955\" data-element_type=\"container\">\n\t\t\t\t<div class=\"elementor-element elementor-element-117787fe elementor-widget elementor-widget-heading\" data-id=\"117787fe\" data-element_type=\"widget\" data-widget_type=\"heading.default\">\n\t\t\t\t<div class=\"elementor-widget-container\">\n\t\t\t\t\t<p class=\"elementor-heading-title elementor-size-default\">Produktnummer<\/p>\t\t\t\t<\/div>\n\t\t\t\t<\/div>\n\t\t\t\t<\/div>\n\t\t<div class=\"elementor-element elementor-element-11998142 e-con-full e-flex e-con e-child\" data-id=\"11998142\" data-element_type=\"container\">\n\t\t\t\t<div class=\"elementor-element elementor-element-473b339a elementor-widget elementor-widget-heading\" data-id=\"473b339a\" data-element_type=\"widget\" data-widget_type=\"heading.default\">\n\t\t\t\t<div class=\"elementor-widget-container\">\n\t\t\t\t\t<p class=\"elementor-heading-title elementor-size-default\">Beschreibung<\/p>\t\t\t\t<\/div>\n\t\t\t\t<\/div>\n\t\t\t\t<\/div>\n\t\t<div class=\"elementor-element elementor-element-19a9af70 e-con-full e-flex e-con e-child\" data-id=\"19a9af70\" data-element_type=\"container\">\n\t\t\t\t<\/div>\n\t\t\t\t<\/div>\n\t\t<div class=\"elementor-element elementor-element-7d0d4fae e-con-full e-flex e-con e-child\" data-id=\"7d0d4fae\" data-element_type=\"container\" data-settings=\"{&quot;background_background&quot;:&quot;classic&quot;}\">\n\t\t<div class=\"elementor-element elementor-element-fd662aa e-con-full e-flex e-con e-child\" data-id=\"fd662aa\" data-element_type=\"container\" data-settings=\"{&quot;background_background&quot;:&quot;classic&quot;}\">\n\t\t\t\t<div class=\"elementor-element elementor-element-430adc00 elementor-widget elementor-widget-heading\" data-id=\"430adc00\" data-element_type=\"widget\" data-widget_type=\"heading.default\">\n\t\t\t\t<div class=\"elementor-widget-container\">\n\t\t\t\t\t<p class=\"elementor-heading-title elementor-size-default\">SAS050.920<\/p>\t\t\t\t<\/div>\n\t\t\t\t<\/div>\n\t\t\t\t<\/div>\n\t\t<div class=\"elementor-element elementor-element-4a444224 e-con-full e-flex e-con e-child\" data-id=\"4a444224\" data-element_type=\"container\" data-settings=\"{&quot;background_background&quot;:&quot;classic&quot;}\">\n\t\t\t\t<div class=\"elementor-element elementor-element-74b35728 elementor-widget elementor-widget-heading\" data-id=\"74b35728\" data-element_type=\"widget\" data-widget_type=\"heading.default\">\n\t\t\t\t<div class=\"elementor-widget-container\">\n\t\t\t\t\t<p class=\"elementor-heading-title elementor-size-default\">Kupplung<\/p>\t\t\t\t<\/div>\n\t\t\t\t<\/div>\n\t\t\t\t<\/div>\n\t\t<div class=\"elementor-element elementor-element-1a66a9ba e-con-full e-flex e-con e-child\" data-id=\"1a66a9ba\" data-element_type=\"container\">\n\t\t\t\t<\/div>\n\t\t\t\t<\/div>\n\t\t\t\t<\/div>\n\t\t<div class=\"elementor-element elementor-element-2a9e5166 e-con-full e-flex e-con e-child\" data-id=\"2a9e5166\" data-element_type=\"container\">\n\t\t<div class=\"elementor-element elementor-element-7d92681c e-con-full e-flex e-con e-child\" data-id=\"7d92681c\" data-element_type=\"container\" data-settings=\"{&quot;background_background&quot;:&quot;classic&quot;}\">\n\t\t<div class=\"elementor-element elementor-element-2be9a3d e-con-full e-flex e-con e-child\" data-id=\"2be9a3d\" data-element_type=\"container\">\n\t\t\t\t<div class=\"elementor-element elementor-element-3b5d45ba elementor-widget elementor-widget-heading\" data-id=\"3b5d45ba\" data-element_type=\"widget\" data-widget_type=\"heading.default\">\n\t\t\t\t<div class=\"elementor-widget-container\">\n\t\t\t\t\t<p class=\"elementor-heading-title elementor-size-default\">Gewicht (g)<\/p>\t\t\t\t<\/div>\n\t\t\t\t<\/div>\n\t\t\t\t<\/div>\n\t\t<div class=\"elementor-element elementor-element-1600fe49 e-con-full e-flex e-con e-child\" data-id=\"1600fe49\" data-element_type=\"container\">\n\t\t\t\t<div class=\"elementor-element elementor-element-5a7e1f08 elementor-widget elementor-widget-heading\" data-id=\"5a7e1f08\" data-element_type=\"widget\" data-widget_type=\"heading.default\">\n\t\t\t\t<div class=\"elementor-widget-container\">\n\t\t\t\t\t<p class=\"elementor-heading-title elementor-size-default\">RAL-Code<\/p>\t\t\t\t<\/div>\n\t\t\t\t<\/div>\n\t\t\t\t<\/div>\n\t\t<div class=\"elementor-element elementor-element-17706613 e-con-full e-flex e-con e-child\" data-id=\"17706613\" data-element_type=\"container\">\n\t\t\t\t<div class=\"elementor-element elementor-element-53bee543 elementor-widget elementor-widget-heading\" data-id=\"53bee543\" data-element_type=\"widget\" data-widget_type=\"heading.default\">\n\t\t\t\t<div class=\"elementor-widget-container\">\n\t\t\t\t\t<p class=\"elementor-heading-title elementor-size-default\">Paketabmessungen<\/p>\t\t\t\t<\/div>\n\t\t\t\t<\/div>\n\t\t\t\t<\/div>\n\t\t\t\t<\/div>\n\t\t<div class=\"elementor-element elementor-element-12c33841 e-con-full e-flex e-con e-child\" data-id=\"12c33841\" data-element_type=\"container\" data-settings=\"{&quot;background_background&quot;:&quot;classic&quot;}\">\n\t\t<div class=\"elementor-element elementor-element-2f742fc6 e-con-full e-flex e-con e-child\" data-id=\"2f742fc6\" data-element_type=\"container\" data-settings=\"{&quot;background_background&quot;:&quot;classic&quot;}\">\n\t\t\t\t<div class=\"elementor-element elementor-element-b00267a elementor-widget elementor-widget-heading\" data-id=\"b00267a\" data-element_type=\"widget\" data-widget_type=\"heading.default\">\n\t\t\t\t<div class=\"elementor-widget-container\">\n\t\t\t\t\t<p class=\"elementor-heading-title elementor-size-default\">800<\/p>\t\t\t\t<\/div>\n\t\t\t\t<\/div>\n\t\t\t\t<\/div>\n\t\t<div class=\"elementor-element elementor-element-720aa41b e-con-full e-flex e-con e-child\" data-id=\"720aa41b\" data-element_type=\"container\" data-settings=\"{&quot;background_background&quot;:&quot;classic&quot;}\">\n\t\t\t\t<div class=\"elementor-element elementor-element-4309f16a elementor-widget elementor-widget-heading\" data-id=\"4309f16a\" data-element_type=\"widget\" data-widget_type=\"heading.default\">\n\t\t\t\t<div class=\"elementor-widget-container\">\n\t\t\t\t\t<p class=\"elementor-heading-title elementor-size-default\">7035<\/p>\t\t\t\t<\/div>\n\t\t\t\t<\/div>\n\t\t\t\t<\/div>\n\t\t<div class=\"elementor-element elementor-element-31150790 e-con-full e-flex e-con e-child\" data-id=\"31150790\" data-element_type=\"container\">\n\t\t\t\t<div class=\"elementor-element elementor-element-1eb6aee2 elementor-widget elementor-widget-heading\" data-id=\"1eb6aee2\" data-element_type=\"widget\" data-widget_type=\"heading.default\">\n\t\t\t\t<div class=\"elementor-widget-container\">\n\t\t\t\t\t<p class=\"elementor-heading-title elementor-size-default\">140x70x80<\/p>\t\t\t\t<\/div>\n\t\t\t\t<\/div>\n\t\t\t\t<\/div>\n\t\t\t\t<\/div>\n\t\t\t\t<\/div>\n\t\t\t\t\t<\/div>\n\t\t\t\t<\/div>\n\t\t\t\t<\/div>\n\t\t\t\t<\/div>\n\t\t","protected":false},"excerpt":{"rendered":"<p>Kupplung SAS050.920 Kupplung dient als Verbindung zwischen dem Bedienfeld und dem Bedienarm. Sie verf\u00fcgt \u00fcber eine Oberfl\u00e4chenabmessung von 118\u00d765 mm und erm\u00f6glicht eine reibungslose 315\u00b0-Drehung nach links und rechts. Dieses Produkt ist speziell f\u00fcr leichte Lasten ausgelegt und zeichnet sich durch ein geeignetes Tiefenverh\u00e4ltnis aus. Produktnummer Beschreibung SAS050.920 Kupplung Gewicht (g) RAL-Code Paketabmessungen 800 7035 [&hellip;]<\/p>\n","protected":false},"featured_media":1636,"template":"","meta":[],"product_brand":[],"product_cat":[105,93],"product_tag":[],"class_list":{"0":"post-2988","1":"product","2":"type-product","3":"status-publish","4":"has-post-thumbnail","6":"product_cat-aluminium-tragersystem-sas-050","7":"product_cat-aluminium-tragersystem-sas-130","9":"first","10":"instock","11":"shipping-taxable","12":"product-type-simple"},"_links":{"self":[{"href":"https:\/\/supportarmsystem.com\/de\/wp-json\/wp\/v2\/product\/2988","targetHints":{"allow":["GET"]}}],"collection":[{"href":"https:\/\/supportarmsystem.com\/de\/wp-json\/wp\/v2\/product"}],"about":[{"href":"https:\/\/supportarmsystem.com\/de\/wp-json\/wp\/v2\/types\/product"}],"version-history":[{"count":1,"href":"https:\/\/supportarmsystem.com\/de\/wp-json\/wp\/v2\/product\/2988\/revisions"}],"predecessor-version":[{"id":2989,"href":"https:\/\/supportarmsystem.com\/de\/wp-json\/wp\/v2\/product\/2988\/revisions\/2989"}],"wp:featuredmedia":[{"embeddable":true,"href":"https:\/\/supportarmsystem.com\/de\/wp-json\/wp\/v2\/media\/1636"}],"wp:attachment":[{"href":"https:\/\/supportarmsystem.com\/de\/wp-json\/wp\/v2\/media?parent=2988"}],"wp:term":[{"taxonomy":"product_brand","embeddable":true,"href":"https:\/\/supportarmsystem.com\/de\/wp-json\/wp\/v2\/product_brand?post=2988"},{"taxonomy":"product_cat","embeddable":true,"href":"https:\/\/supportarmsystem.com\/de\/wp-json\/wp\/v2\/product_cat?post=2988"},{"taxonomy":"product_tag","embeddable":true,"href":"https:\/\/supportarmsystem.com\/de\/wp-json\/wp\/v2\/product_tag?post=2988"}],"curies":[{"name":"wp","href":"https:\/\/api.w.org\/{rel}","templated":true}]}}