{"id":2855,"date":"2024-12-09T10:01:03","date_gmt":"2024-12-09T10:01:03","guid":{"rendered":"https:\/\/supportarmsystem.com\/urun\/sas-090-630\/"},"modified":"2024-12-11T18:28:58","modified_gmt":"2024-12-11T18:28:58","slug":"sas-090-630","status":"publish","type":"product","link":"https:\/\/supportarmsystem.com\/de\/urun\/sas-090-630\/","title":{"rendered":"SAS-090.630"},"content":{"rendered":"\t\t<div data-elementor-type=\"product-post\" data-elementor-id=\"2855\" class=\"elementor elementor-2855 elementor-1216\" data-elementor-post-type=\"product\">\n\t\t\t\t<div class=\"elementor-element elementor-element-1ec53160 e-con-full e-flex e-con e-parent\" data-id=\"1ec53160\" data-element_type=\"container\">\n\t\t\t\t<div class=\"elementor-element elementor-element-51c086a elementor-widget elementor-widget-heading\" data-id=\"51c086a\" data-element_type=\"widget\" data-widget_type=\"heading.default\">\n\t\t\t\t<div class=\"elementor-widget-container\">\n\t\t\t\t\t<h4 class=\"elementor-heading-title elementor-size-default\">Kupplung<\/h4>\t\t\t\t<\/div>\n\t\t\t\t<\/div>\n\t\t\t\t<div class=\"elementor-element elementor-element-787dcbaa elementor-widget elementor-widget-text-editor\" data-id=\"787dcbaa\" data-element_type=\"widget\" data-widget_type=\"text-editor.default\">\n\t\t\t\t<div class=\"elementor-widget-container\">\n\t\t\t\t\t\t\t\t\t<p>SAS090.630 Kupplung erleichtert die Verbindung zwischen Bedienarmen und Bedienpanels. Der maximale Durchmesser des Produkts betr\u00e4gt \u00d8 133 mm, und es erm\u00f6glicht einen Gesamt-Drehwinkel von 315\u00b0 um seine Achse. Mit der Drehf\u00e4higkeit des Moduls kann der Maschinenbediener die Ausrichtung des Panels durch Drehen nach rechts oder links anpassen. Dieses Produkt ist speziell f\u00fcr Panels mit erheblicher Tiefe konzipiert, wie beispielsweise die ERGO 1200-Serie oder tiefere Modelle.<\/p>\n\t\t\t\t\t\t\t\t<\/div>\n\t\t\t\t<\/div>\n\t\t<div class=\"elementor-element elementor-element-2c78b984 e-flex e-con-boxed e-con e-child\" data-id=\"2c78b984\" data-element_type=\"container\">\n\t\t\t\t\t<div class=\"e-con-inner\">\n\t\t<div class=\"elementor-element elementor-element-71faae70 e-con-full e-flex e-con e-child\" data-id=\"71faae70\" data-element_type=\"container\">\n\t\t<div class=\"elementor-element elementor-element-2864601f e-con-full e-flex e-con e-child\" data-id=\"2864601f\" data-element_type=\"container\" data-settings=\"{&quot;background_background&quot;:&quot;classic&quot;}\">\n\t\t<div class=\"elementor-element elementor-element-704bbc03 e-con-full e-flex e-con e-child\" data-id=\"704bbc03\" data-element_type=\"container\">\n\t\t\t\t<div class=\"elementor-element elementor-element-3f6b695c elementor-widget elementor-widget-heading\" data-id=\"3f6b695c\" data-element_type=\"widget\" data-widget_type=\"heading.default\">\n\t\t\t\t<div class=\"elementor-widget-container\">\n\t\t\t\t\t<p class=\"elementor-heading-title elementor-size-default\">Produktnummer<\/p>\t\t\t\t<\/div>\n\t\t\t\t<\/div>\n\t\t\t\t<\/div>\n\t\t<div class=\"elementor-element elementor-element-72be7907 e-con-full e-flex e-con e-child\" data-id=\"72be7907\" data-element_type=\"container\">\n\t\t\t\t<div class=\"elementor-element elementor-element-5066629 elementor-widget elementor-widget-heading\" data-id=\"5066629\" data-element_type=\"widget\" data-widget_type=\"heading.default\">\n\t\t\t\t<div class=\"elementor-widget-container\">\n\t\t\t\t\t<p class=\"elementor-heading-title elementor-size-default\">Beschreibung<\/p>\t\t\t\t<\/div>\n\t\t\t\t<\/div>\n\t\t\t\t<\/div>\n\t\t<div class=\"elementor-element elementor-element-47f0bdd6 e-con-full e-flex e-con e-child\" data-id=\"47f0bdd6\" data-element_type=\"container\">\n\t\t\t\t<\/div>\n\t\t\t\t<\/div>\n\t\t<div class=\"elementor-element elementor-element-677a4dac e-con-full e-flex e-con e-child\" data-id=\"677a4dac\" data-element_type=\"container\" data-settings=\"{&quot;background_background&quot;:&quot;classic&quot;}\">\n\t\t<div class=\"elementor-element elementor-element-78d485ff e-con-full e-flex e-con e-child\" data-id=\"78d485ff\" data-element_type=\"container\" data-settings=\"{&quot;background_background&quot;:&quot;classic&quot;}\">\n\t\t\t\t<div class=\"elementor-element elementor-element-17d07546 elementor-widget elementor-widget-heading\" data-id=\"17d07546\" data-element_type=\"widget\" data-widget_type=\"heading.default\">\n\t\t\t\t<div class=\"elementor-widget-container\">\n\t\t\t\t\t<p class=\"elementor-heading-title elementor-size-default\">SAS090.600<\/p>\t\t\t\t<\/div>\n\t\t\t\t<\/div>\n\t\t\t\t<\/div>\n\t\t<div class=\"elementor-element elementor-element-25536444 e-con-full e-flex e-con e-child\" data-id=\"25536444\" data-element_type=\"container\" data-settings=\"{&quot;background_background&quot;:&quot;classic&quot;}\">\n\t\t\t\t<div class=\"elementor-element elementor-element-4d05fff3 elementor-widget elementor-widget-heading\" data-id=\"4d05fff3\" data-element_type=\"widget\" data-widget_type=\"heading.default\">\n\t\t\t\t<div class=\"elementor-widget-container\">\n\t\t\t\t\t<p class=\"elementor-heading-title elementor-size-default\">Kupplung<\/p>\t\t\t\t<\/div>\n\t\t\t\t<\/div>\n\t\t\t\t<\/div>\n\t\t<div class=\"elementor-element elementor-element-43e58af6 e-con-full e-flex e-con e-child\" data-id=\"43e58af6\" data-element_type=\"container\">\n\t\t\t\t<\/div>\n\t\t\t\t<\/div>\n\t\t\t\t<\/div>\n\t\t<div class=\"elementor-element elementor-element-7c0da626 e-con-full e-flex e-con e-child\" data-id=\"7c0da626\" data-element_type=\"container\">\n\t\t<div class=\"elementor-element elementor-element-22459586 e-con-full e-flex e-con e-child\" data-id=\"22459586\" data-element_type=\"container\" data-settings=\"{&quot;background_background&quot;:&quot;classic&quot;}\">\n\t\t<div class=\"elementor-element elementor-element-73570aa e-con-full e-flex e-con e-child\" data-id=\"73570aa\" data-element_type=\"container\">\n\t\t\t\t<div class=\"elementor-element elementor-element-4ea41a09 elementor-widget elementor-widget-heading\" data-id=\"4ea41a09\" data-element_type=\"widget\" data-widget_type=\"heading.default\">\n\t\t\t\t<div class=\"elementor-widget-container\">\n\t\t\t\t\t<p class=\"elementor-heading-title elementor-size-default\">Gewicht (g)<\/p>\t\t\t\t<\/div>\n\t\t\t\t<\/div>\n\t\t\t\t<\/div>\n\t\t<div class=\"elementor-element elementor-element-5bd04d39 e-con-full e-flex e-con e-child\" data-id=\"5bd04d39\" data-element_type=\"container\">\n\t\t\t\t<div class=\"elementor-element elementor-element-20bd032d elementor-widget elementor-widget-heading\" data-id=\"20bd032d\" data-element_type=\"widget\" data-widget_type=\"heading.default\">\n\t\t\t\t<div class=\"elementor-widget-container\">\n\t\t\t\t\t<p class=\"elementor-heading-title elementor-size-default\">RAL-Code<\/p>\t\t\t\t<\/div>\n\t\t\t\t<\/div>\n\t\t\t\t<\/div>\n\t\t<div class=\"elementor-element elementor-element-2d4b7faa e-con-full e-flex e-con e-child\" data-id=\"2d4b7faa\" data-element_type=\"container\">\n\t\t\t\t<div class=\"elementor-element elementor-element-5e6125d6 elementor-widget elementor-widget-heading\" data-id=\"5e6125d6\" data-element_type=\"widget\" data-widget_type=\"heading.default\">\n\t\t\t\t<div class=\"elementor-widget-container\">\n\t\t\t\t\t<p class=\"elementor-heading-title elementor-size-default\">Paketabmessungen<\/p>\t\t\t\t<\/div>\n\t\t\t\t<\/div>\n\t\t\t\t<\/div>\n\t\t\t\t<\/div>\n\t\t<div class=\"elementor-element elementor-element-6e62f98b e-con-full e-flex e-con e-child\" data-id=\"6e62f98b\" data-element_type=\"container\" data-settings=\"{&quot;background_background&quot;:&quot;classic&quot;}\">\n\t\t<div class=\"elementor-element elementor-element-fc84ff7 e-con-full e-flex e-con e-child\" data-id=\"fc84ff7\" data-element_type=\"container\" data-settings=\"{&quot;background_background&quot;:&quot;classic&quot;}\">\n\t\t\t\t<div class=\"elementor-element elementor-element-833e11a elementor-widget elementor-widget-heading\" data-id=\"833e11a\" data-element_type=\"widget\" data-widget_type=\"heading.default\">\n\t\t\t\t<div class=\"elementor-widget-container\">\n\t\t\t\t\t<p class=\"elementor-heading-title elementor-size-default\">1350<\/p>\t\t\t\t<\/div>\n\t\t\t\t<\/div>\n\t\t\t\t<\/div>\n\t\t<div class=\"elementor-element elementor-element-6c84048 e-con-full e-flex e-con e-child\" data-id=\"6c84048\" data-element_type=\"container\" data-settings=\"{&quot;background_background&quot;:&quot;classic&quot;}\">\n\t\t\t\t<div class=\"elementor-element elementor-element-38237be9 elementor-widget elementor-widget-heading\" data-id=\"38237be9\" data-element_type=\"widget\" data-widget_type=\"heading.default\">\n\t\t\t\t<div class=\"elementor-widget-container\">\n\t\t\t\t\t<p class=\"elementor-heading-title elementor-size-default\">7035<\/p>\t\t\t\t<\/div>\n\t\t\t\t<\/div>\n\t\t\t\t<\/div>\n\t\t<div class=\"elementor-element elementor-element-33154cc8 e-con-full e-flex e-con e-child\" data-id=\"33154cc8\" data-element_type=\"container\">\n\t\t\t\t<div class=\"elementor-element elementor-element-43e2cb02 elementor-widget elementor-widget-heading\" data-id=\"43e2cb02\" data-element_type=\"widget\" data-widget_type=\"heading.default\">\n\t\t\t\t<div class=\"elementor-widget-container\">\n\t\t\t\t\t<p class=\"elementor-heading-title elementor-size-default\">130x130x65<\/p>\t\t\t\t<\/div>\n\t\t\t\t<\/div>\n\t\t\t\t<\/div>\n\t\t\t\t<\/div>\n\t\t\t\t<\/div>\n\t\t\t\t\t<\/div>\n\t\t\t\t<\/div>\n\t\t\t\t<\/div>\n\t\t\t\t<\/div>\n\t\t","protected":false},"excerpt":{"rendered":"<p>Kupplung SAS090.630 Kupplung erleichtert die Verbindung zwischen Bedienarmen und Bedienpanels. Der maximale Durchmesser des Produkts betr\u00e4gt \u00d8 133 mm, und es erm\u00f6glicht einen Gesamt-Drehwinkel von 315\u00b0 um seine Achse. Mit der Drehf\u00e4higkeit des Moduls kann der Maschinenbediener die Ausrichtung des Panels durch Drehen nach rechts oder links anpassen. Dieses Produkt ist speziell f\u00fcr Panels mit [&hellip;]<\/p>\n","protected":false},"featured_media":1219,"template":"","meta":[],"product_brand":[],"product_cat":[93,97],"product_tag":[],"class_list":{"0":"post-2855","1":"product","2":"type-product","3":"status-publish","4":"has-post-thumbnail","6":"product_cat-aluminium-tragersystem-sas-130","7":"product_cat-sas-090-de","9":"first","10":"instock","11":"shipping-taxable","12":"product-type-simple"},"_links":{"self":[{"href":"https:\/\/supportarmsystem.com\/de\/wp-json\/wp\/v2\/product\/2855","targetHints":{"allow":["GET"]}}],"collection":[{"href":"https:\/\/supportarmsystem.com\/de\/wp-json\/wp\/v2\/product"}],"about":[{"href":"https:\/\/supportarmsystem.com\/de\/wp-json\/wp\/v2\/types\/product"}],"version-history":[{"count":1,"href":"https:\/\/supportarmsystem.com\/de\/wp-json\/wp\/v2\/product\/2855\/revisions"}],"predecessor-version":[{"id":2856,"href":"https:\/\/supportarmsystem.com\/de\/wp-json\/wp\/v2\/product\/2855\/revisions\/2856"}],"wp:featuredmedia":[{"embeddable":true,"href":"https:\/\/supportarmsystem.com\/de\/wp-json\/wp\/v2\/media\/1219"}],"wp:attachment":[{"href":"https:\/\/supportarmsystem.com\/de\/wp-json\/wp\/v2\/media?parent=2855"}],"wp:term":[{"taxonomy":"product_brand","embeddable":true,"href":"https:\/\/supportarmsystem.com\/de\/wp-json\/wp\/v2\/product_brand?post=2855"},{"taxonomy":"product_cat","embeddable":true,"href":"https:\/\/supportarmsystem.com\/de\/wp-json\/wp\/v2\/product_cat?post=2855"},{"taxonomy":"product_tag","embeddable":true,"href":"https:\/\/supportarmsystem.com\/de\/wp-json\/wp\/v2\/product_tag?post=2855"}],"curies":[{"name":"wp","href":"https:\/\/api.w.org\/{rel}","templated":true}]}}