{"id":2851,"date":"2024-12-09T09:58:25","date_gmt":"2024-12-09T09:58:25","guid":{"rendered":"https:\/\/supportarmsystem.com\/urun\/sas-090-600\/"},"modified":"2024-12-11T18:29:05","modified_gmt":"2024-12-11T18:29:05","slug":"sas-090-600","status":"publish","type":"product","link":"https:\/\/supportarmsystem.com\/de\/urun\/sas-090-600\/","title":{"rendered":"SAS-090.600"},"content":{"rendered":"\t\t<div data-elementor-type=\"product-post\" data-elementor-id=\"2851\" class=\"elementor elementor-2851 elementor-1196\" data-elementor-post-type=\"product\">\n\t\t\t\t<div class=\"elementor-element elementor-element-628210ef e-con-full e-flex e-con e-parent\" data-id=\"628210ef\" data-element_type=\"container\">\n\t\t\t\t<div class=\"elementor-element elementor-element-52ce1ee5 elementor-widget elementor-widget-heading\" data-id=\"52ce1ee5\" data-element_type=\"widget\" data-widget_type=\"heading.default\">\n\t\t\t\t<div class=\"elementor-widget-container\">\n\t\t\t\t\t<h4 class=\"elementor-heading-title elementor-size-default\">Winkelkupplung 90\u00b0<\/h4>\t\t\t\t<\/div>\n\t\t\t\t<\/div>\n\t\t\t\t<div class=\"elementor-element elementor-element-142160d3 elementor-widget elementor-widget-text-editor\" data-id=\"142160d3\" data-element_type=\"widget\" data-widget_type=\"text-editor.default\">\n\t\t\t\t<div class=\"elementor-widget-container\">\n\t\t\t\t\t\t\t\t\t<p>SAS090.600 Winkelkupplung 90\u00b0 SAS 090 f\u00fcr die Verbindung von Tragarmsystemen wurde sorgf\u00e4ltig f\u00fcr Anwendungen entwickelt, bei denen Bedienpanels unmittelbar nach einer 90\u00b0-Ecke ben\u00f6tigt werden. Das Modul bietet einen Gesamt-Drehwinkel von 315\u00b0 um seine Achse. Mit der F\u00e4higkeit zu rotieren kann der Maschinenbediener das Panel in jede gew\u00fcnschte Ausrichtung bringen, indem er es nach rechts oder links dreht.<\/p>\n\t\t\t\t\t\t\t\t<\/div>\n\t\t\t\t<\/div>\n\t\t<div class=\"elementor-element elementor-element-26e7bee0 e-flex e-con-boxed e-con e-child\" data-id=\"26e7bee0\" data-element_type=\"container\">\n\t\t\t\t\t<div class=\"e-con-inner\">\n\t\t<div class=\"elementor-element elementor-element-6c40bb10 e-con-full e-flex e-con e-child\" data-id=\"6c40bb10\" data-element_type=\"container\">\n\t\t<div class=\"elementor-element elementor-element-5447e1b8 e-con-full e-flex e-con e-child\" data-id=\"5447e1b8\" data-element_type=\"container\" data-settings=\"{&quot;background_background&quot;:&quot;classic&quot;}\">\n\t\t<div class=\"elementor-element elementor-element-72ff8c11 e-con-full e-flex e-con e-child\" data-id=\"72ff8c11\" data-element_type=\"container\">\n\t\t\t\t<div class=\"elementor-element elementor-element-4ebbad79 elementor-widget elementor-widget-heading\" data-id=\"4ebbad79\" data-element_type=\"widget\" data-widget_type=\"heading.default\">\n\t\t\t\t<div class=\"elementor-widget-container\">\n\t\t\t\t\t<p class=\"elementor-heading-title elementor-size-default\">Produktnummer<\/p>\t\t\t\t<\/div>\n\t\t\t\t<\/div>\n\t\t\t\t<\/div>\n\t\t<div class=\"elementor-element elementor-element-7b452e37 e-con-full e-flex e-con e-child\" data-id=\"7b452e37\" data-element_type=\"container\">\n\t\t\t\t<div class=\"elementor-element elementor-element-70ca725a elementor-widget elementor-widget-heading\" data-id=\"70ca725a\" data-element_type=\"widget\" data-widget_type=\"heading.default\">\n\t\t\t\t<div class=\"elementor-widget-container\">\n\t\t\t\t\t<p class=\"elementor-heading-title elementor-size-default\">Beschreibung<\/p>\t\t\t\t<\/div>\n\t\t\t\t<\/div>\n\t\t\t\t<\/div>\n\t\t<div class=\"elementor-element elementor-element-4a72f558 e-con-full e-flex e-con e-child\" data-id=\"4a72f558\" data-element_type=\"container\">\n\t\t\t\t<\/div>\n\t\t\t\t<\/div>\n\t\t<div class=\"elementor-element elementor-element-128a499 e-con-full e-flex e-con e-child\" data-id=\"128a499\" data-element_type=\"container\" data-settings=\"{&quot;background_background&quot;:&quot;classic&quot;}\">\n\t\t<div class=\"elementor-element elementor-element-615389a5 e-con-full e-flex e-con e-child\" data-id=\"615389a5\" data-element_type=\"container\" data-settings=\"{&quot;background_background&quot;:&quot;classic&quot;}\">\n\t\t\t\t<div class=\"elementor-element elementor-element-359e5e69 elementor-widget elementor-widget-heading\" data-id=\"359e5e69\" data-element_type=\"widget\" data-widget_type=\"heading.default\">\n\t\t\t\t<div class=\"elementor-widget-container\">\n\t\t\t\t\t<p class=\"elementor-heading-title elementor-size-default\">SAS-090.600<\/p>\t\t\t\t<\/div>\n\t\t\t\t<\/div>\n\t\t\t\t<\/div>\n\t\t<div class=\"elementor-element elementor-element-620e448d e-con-full e-flex e-con e-child\" data-id=\"620e448d\" data-element_type=\"container\" data-settings=\"{&quot;background_background&quot;:&quot;classic&quot;}\">\n\t\t\t\t<div class=\"elementor-element elementor-element-5f56622 elementor-widget elementor-widget-heading\" data-id=\"5f56622\" data-element_type=\"widget\" data-widget_type=\"heading.default\">\n\t\t\t\t<div class=\"elementor-widget-container\">\n\t\t\t\t\t<p class=\"elementor-heading-title elementor-size-default\">Winkelkupplung 90\u00b0<\/p>\t\t\t\t<\/div>\n\t\t\t\t<\/div>\n\t\t\t\t<\/div>\n\t\t<div class=\"elementor-element elementor-element-4490e6e3 e-con-full e-flex e-con e-child\" data-id=\"4490e6e3\" data-element_type=\"container\">\n\t\t\t\t<\/div>\n\t\t\t\t<\/div>\n\t\t\t\t<\/div>\n\t\t<div class=\"elementor-element elementor-element-363cc514 e-con-full e-flex e-con e-child\" data-id=\"363cc514\" data-element_type=\"container\">\n\t\t<div class=\"elementor-element elementor-element-b20672c e-con-full e-flex e-con e-child\" data-id=\"b20672c\" data-element_type=\"container\" data-settings=\"{&quot;background_background&quot;:&quot;classic&quot;}\">\n\t\t<div class=\"elementor-element elementor-element-54b9b27b e-con-full e-flex e-con e-child\" data-id=\"54b9b27b\" data-element_type=\"container\">\n\t\t\t\t<div class=\"elementor-element elementor-element-50adef82 elementor-widget elementor-widget-heading\" data-id=\"50adef82\" data-element_type=\"widget\" data-widget_type=\"heading.default\">\n\t\t\t\t<div class=\"elementor-widget-container\">\n\t\t\t\t\t<p class=\"elementor-heading-title elementor-size-default\">Gewicht (g)<\/p>\t\t\t\t<\/div>\n\t\t\t\t<\/div>\n\t\t\t\t<\/div>\n\t\t<div class=\"elementor-element elementor-element-36d7f4de e-con-full e-flex e-con e-child\" data-id=\"36d7f4de\" data-element_type=\"container\">\n\t\t\t\t<div class=\"elementor-element elementor-element-2d2938af elementor-widget elementor-widget-heading\" data-id=\"2d2938af\" data-element_type=\"widget\" data-widget_type=\"heading.default\">\n\t\t\t\t<div class=\"elementor-widget-container\">\n\t\t\t\t\t<p class=\"elementor-heading-title elementor-size-default\">RAL-Code<\/p>\t\t\t\t<\/div>\n\t\t\t\t<\/div>\n\t\t\t\t<\/div>\n\t\t<div class=\"elementor-element elementor-element-301070a9 e-con-full e-flex e-con e-child\" data-id=\"301070a9\" data-element_type=\"container\">\n\t\t\t\t<div class=\"elementor-element elementor-element-2d924f0 elementor-widget elementor-widget-heading\" data-id=\"2d924f0\" data-element_type=\"widget\" data-widget_type=\"heading.default\">\n\t\t\t\t<div class=\"elementor-widget-container\">\n\t\t\t\t\t<p class=\"elementor-heading-title elementor-size-default\">Paketabmessungen<\/p>\t\t\t\t<\/div>\n\t\t\t\t<\/div>\n\t\t\t\t<\/div>\n\t\t\t\t<\/div>\n\t\t<div class=\"elementor-element elementor-element-6f1763be e-con-full e-flex e-con e-child\" data-id=\"6f1763be\" data-element_type=\"container\" data-settings=\"{&quot;background_background&quot;:&quot;classic&quot;}\">\n\t\t<div class=\"elementor-element elementor-element-7a926180 e-con-full e-flex e-con e-child\" data-id=\"7a926180\" data-element_type=\"container\" data-settings=\"{&quot;background_background&quot;:&quot;classic&quot;}\">\n\t\t\t\t<div class=\"elementor-element elementor-element-305ba51c elementor-widget elementor-widget-heading\" data-id=\"305ba51c\" data-element_type=\"widget\" data-widget_type=\"heading.default\">\n\t\t\t\t<div class=\"elementor-widget-container\">\n\t\t\t\t\t<p class=\"elementor-heading-title elementor-size-default\">1650<\/p>\t\t\t\t<\/div>\n\t\t\t\t<\/div>\n\t\t\t\t<\/div>\n\t\t<div class=\"elementor-element elementor-element-150b7c8e e-con-full e-flex e-con e-child\" data-id=\"150b7c8e\" data-element_type=\"container\" data-settings=\"{&quot;background_background&quot;:&quot;classic&quot;}\">\n\t\t\t\t<div class=\"elementor-element elementor-element-f834d3f elementor-widget elementor-widget-heading\" data-id=\"f834d3f\" data-element_type=\"widget\" data-widget_type=\"heading.default\">\n\t\t\t\t<div class=\"elementor-widget-container\">\n\t\t\t\t\t<p class=\"elementor-heading-title elementor-size-default\">7035<\/p>\t\t\t\t<\/div>\n\t\t\t\t<\/div>\n\t\t\t\t<\/div>\n\t\t<div class=\"elementor-element elementor-element-5b533181 e-con-full e-flex e-con e-child\" data-id=\"5b533181\" data-element_type=\"container\">\n\t\t\t\t<div class=\"elementor-element elementor-element-3a14d312 elementor-widget elementor-widget-heading\" data-id=\"3a14d312\" data-element_type=\"widget\" data-widget_type=\"heading.default\">\n\t\t\t\t<div class=\"elementor-widget-container\">\n\t\t\t\t\t<p class=\"elementor-heading-title elementor-size-default\">130X140X175<\/p>\t\t\t\t<\/div>\n\t\t\t\t<\/div>\n\t\t\t\t<\/div>\n\t\t\t\t<\/div>\n\t\t\t\t<\/div>\n\t\t\t\t\t<\/div>\n\t\t\t\t<\/div>\n\t\t\t\t<\/div>\n\t\t\t\t<\/div>\n\t\t","protected":false},"excerpt":{"rendered":"<p>Winkelkupplung 90\u00b0 SAS090.600 Winkelkupplung 90\u00b0 SAS 090 f\u00fcr die Verbindung von Tragarmsystemen wurde sorgf\u00e4ltig f\u00fcr Anwendungen entwickelt, bei denen Bedienpanels unmittelbar nach einer 90\u00b0-Ecke ben\u00f6tigt werden. Das Modul bietet einen Gesamt-Drehwinkel von 315\u00b0 um seine Achse. Mit der F\u00e4higkeit zu rotieren kann der Maschinenbediener das Panel in jede gew\u00fcnschte Ausrichtung bringen, indem er es nach [&hellip;]<\/p>\n","protected":false},"featured_media":1206,"template":"","meta":[],"product_brand":[],"product_cat":[93,97],"product_tag":[],"class_list":{"0":"post-2851","1":"product","2":"type-product","3":"status-publish","4":"has-post-thumbnail","6":"product_cat-aluminium-tragersystem-sas-130","7":"product_cat-sas-090-de","9":"first","10":"instock","11":"shipping-taxable","12":"product-type-simple"},"_links":{"self":[{"href":"https:\/\/supportarmsystem.com\/de\/wp-json\/wp\/v2\/product\/2851","targetHints":{"allow":["GET"]}}],"collection":[{"href":"https:\/\/supportarmsystem.com\/de\/wp-json\/wp\/v2\/product"}],"about":[{"href":"https:\/\/supportarmsystem.com\/de\/wp-json\/wp\/v2\/types\/product"}],"version-history":[{"count":1,"href":"https:\/\/supportarmsystem.com\/de\/wp-json\/wp\/v2\/product\/2851\/revisions"}],"predecessor-version":[{"id":2852,"href":"https:\/\/supportarmsystem.com\/de\/wp-json\/wp\/v2\/product\/2851\/revisions\/2852"}],"wp:featuredmedia":[{"embeddable":true,"href":"https:\/\/supportarmsystem.com\/de\/wp-json\/wp\/v2\/media\/1206"}],"wp:attachment":[{"href":"https:\/\/supportarmsystem.com\/de\/wp-json\/wp\/v2\/media?parent=2851"}],"wp:term":[{"taxonomy":"product_brand","embeddable":true,"href":"https:\/\/supportarmsystem.com\/de\/wp-json\/wp\/v2\/product_brand?post=2851"},{"taxonomy":"product_cat","embeddable":true,"href":"https:\/\/supportarmsystem.com\/de\/wp-json\/wp\/v2\/product_cat?post=2851"},{"taxonomy":"product_tag","embeddable":true,"href":"https:\/\/supportarmsystem.com\/de\/wp-json\/wp\/v2\/product_tag?post=2851"}],"curies":[{"name":"wp","href":"https:\/\/api.w.org\/{rel}","templated":true}]}}