{"id":2715,"date":"2024-12-09T11:25:14","date_gmt":"2024-12-09T11:25:14","guid":{"rendered":"https:\/\/supportarmsystem.com\/urun\/sas-050-075\/"},"modified":"2024-12-11T18:27:06","modified_gmt":"2024-12-11T18:27:06","slug":"sas-050-075","status":"publish","type":"product","link":"https:\/\/supportarmsystem.com\/de\/urun\/sas-050-075\/","title":{"rendered":"SAS.050.075"},"content":{"rendered":"\t\t<div data-elementor-type=\"product-post\" data-elementor-id=\"2715\" class=\"elementor elementor-2715 elementor-1379\" data-elementor-post-type=\"product\">\n\t\t\t\t<div class=\"elementor-element elementor-element-33c19101 e-con-full e-flex e-con e-parent\" data-id=\"33c19101\" data-element_type=\"container\">\n\t\t\t\t<div class=\"elementor-element elementor-element-7c8b5dc9 elementor-widget elementor-widget-heading\" data-id=\"7c8b5dc9\" data-element_type=\"widget\" data-widget_type=\"heading.default\">\n\t\t\t\t<div class=\"elementor-widget-container\">\n\t\t\t\t\t<h4 class=\"elementor-heading-title elementor-size-default\">SAS050 PROFIL-750 MM<\/h4>\t\t\t\t<\/div>\n\t\t\t\t<\/div>\n\t\t\t\t<div class=\"elementor-element elementor-element-34a3620a elementor-widget elementor-widget-text-editor\" data-id=\"34a3620a\" data-element_type=\"widget\" data-widget_type=\"text-editor.default\">\n\t\t\t\t<div class=\"elementor-widget-container\">\n\t\t\t\t\t\t\t\t\t<p>SAS50 Support Arm System ist eine Reihe von L\u00f6sungen mit kurzen Arml\u00e4ngen, die f\u00fcr Bedienpanels mit leichten Lasten konzipiert sind. Das System bietet eine breite Palette von Komponenten, die verschiedene funktionale L\u00f6sungen erm\u00f6glichen. Die lichtgraue Beschichtung (RAL 7035) sorgt f\u00fcr eine langlebige und wasserdichte Oberfl\u00e4che.<\/p>\n\t\t\t\t\t\t\t\t<\/div>\n\t\t\t\t<\/div>\n\t\t<div class=\"elementor-element elementor-element-12c6d7fa e-flex e-con-boxed e-con e-child\" data-id=\"12c6d7fa\" data-element_type=\"container\">\n\t\t\t\t\t<div class=\"e-con-inner\">\n\t\t<div class=\"elementor-element elementor-element-49223b01 e-con-full e-flex e-con e-child\" data-id=\"49223b01\" data-element_type=\"container\">\n\t\t<div class=\"elementor-element elementor-element-1c8c8f85 e-con-full e-flex e-con e-child\" data-id=\"1c8c8f85\" data-element_type=\"container\" data-settings=\"{&quot;background_background&quot;:&quot;classic&quot;}\">\n\t\t<div class=\"elementor-element elementor-element-715705c3 e-con-full e-flex e-con e-child\" data-id=\"715705c3\" data-element_type=\"container\">\n\t\t\t\t<div class=\"elementor-element elementor-element-23a358d7 elementor-widget elementor-widget-heading\" data-id=\"23a358d7\" data-element_type=\"widget\" data-widget_type=\"heading.default\">\n\t\t\t\t<div class=\"elementor-widget-container\">\n\t\t\t\t\t<p class=\"elementor-heading-title elementor-size-default\">Produktnummer<\/p>\t\t\t\t<\/div>\n\t\t\t\t<\/div>\n\t\t\t\t<\/div>\n\t\t<div class=\"elementor-element elementor-element-357b1cca e-con-full e-flex e-con e-child\" data-id=\"357b1cca\" data-element_type=\"container\">\n\t\t\t\t<div class=\"elementor-element elementor-element-7d014dfa elementor-widget elementor-widget-heading\" data-id=\"7d014dfa\" data-element_type=\"widget\" data-widget_type=\"heading.default\">\n\t\t\t\t<div class=\"elementor-widget-container\">\n\t\t\t\t\t<p class=\"elementor-heading-title elementor-size-default\">Beschreibung<\/p>\t\t\t\t<\/div>\n\t\t\t\t<\/div>\n\t\t\t\t<\/div>\n\t\t<div class=\"elementor-element elementor-element-36f57ea9 e-con-full e-flex e-con e-child\" data-id=\"36f57ea9\" data-element_type=\"container\">\n\t\t\t\t<div class=\"elementor-element elementor-element-6c10e16a elementor-widget elementor-widget-heading\" data-id=\"6c10e16a\" data-element_type=\"widget\" data-widget_type=\"heading.default\">\n\t\t\t\t<div class=\"elementor-widget-container\">\n\t\t\t\t\t<p class=\"elementor-heading-title elementor-size-default\">L\u00e4nge(mm)\t<\/p>\t\t\t\t<\/div>\n\t\t\t\t<\/div>\n\t\t\t\t<\/div>\n\t\t\t\t<\/div>\n\t\t<div class=\"elementor-element elementor-element-3f3ec246 e-con-full e-flex e-con e-child\" data-id=\"3f3ec246\" data-element_type=\"container\" data-settings=\"{&quot;background_background&quot;:&quot;classic&quot;}\">\n\t\t<div class=\"elementor-element elementor-element-153d9ead e-con-full e-flex e-con e-child\" data-id=\"153d9ead\" data-element_type=\"container\" data-settings=\"{&quot;background_background&quot;:&quot;classic&quot;}\">\n\t\t\t\t<div class=\"elementor-element elementor-element-4d28237e elementor-widget elementor-widget-heading\" data-id=\"4d28237e\" data-element_type=\"widget\" data-widget_type=\"heading.default\">\n\t\t\t\t<div class=\"elementor-widget-container\">\n\t\t\t\t\t<p class=\"elementor-heading-title elementor-size-default\">SAS050.075\t<\/p>\t\t\t\t<\/div>\n\t\t\t\t<\/div>\n\t\t\t\t<\/div>\n\t\t<div class=\"elementor-element elementor-element-22f33362 e-con-full e-flex e-con e-child\" data-id=\"22f33362\" data-element_type=\"container\" data-settings=\"{&quot;background_background&quot;:&quot;classic&quot;}\">\n\t\t\t\t<div class=\"elementor-element elementor-element-c594c59 elementor-widget elementor-widget-heading\" data-id=\"c594c59\" data-element_type=\"widget\" data-widget_type=\"heading.default\">\n\t\t\t\t<div class=\"elementor-widget-container\">\n\t\t\t\t\t<p class=\"elementor-heading-title elementor-size-default\">050 Tragarmsprofil 750 mm<\/p>\t\t\t\t<\/div>\n\t\t\t\t<\/div>\n\t\t\t\t<\/div>\n\t\t<div class=\"elementor-element elementor-element-11c0c10f e-con-full e-flex e-con e-child\" data-id=\"11c0c10f\" data-element_type=\"container\">\n\t\t\t\t<div class=\"elementor-element elementor-element-4e720bf1 elementor-widget elementor-widget-heading\" data-id=\"4e720bf1\" data-element_type=\"widget\" data-widget_type=\"heading.default\">\n\t\t\t\t<div class=\"elementor-widget-container\">\n\t\t\t\t\t<p class=\"elementor-heading-title elementor-size-default\">750<\/p>\t\t\t\t<\/div>\n\t\t\t\t<\/div>\n\t\t\t\t<\/div>\n\t\t\t\t<\/div>\n\t\t\t\t<\/div>\n\t\t<div class=\"elementor-element elementor-element-11847ee6 e-con-full e-flex e-con e-child\" data-id=\"11847ee6\" data-element_type=\"container\">\n\t\t<div class=\"elementor-element elementor-element-1ef09392 e-con-full e-flex e-con e-child\" data-id=\"1ef09392\" data-element_type=\"container\" data-settings=\"{&quot;background_background&quot;:&quot;classic&quot;}\">\n\t\t<div class=\"elementor-element elementor-element-56e13443 e-con-full e-flex e-con e-child\" data-id=\"56e13443\" data-element_type=\"container\">\n\t\t\t\t<div class=\"elementor-element elementor-element-2e97c941 elementor-widget elementor-widget-heading\" data-id=\"2e97c941\" data-element_type=\"widget\" data-widget_type=\"heading.default\">\n\t\t\t\t<div class=\"elementor-widget-container\">\n\t\t\t\t\t<p class=\"elementor-heading-title elementor-size-default\">Gewicht (g)<\/p>\t\t\t\t<\/div>\n\t\t\t\t<\/div>\n\t\t\t\t<\/div>\n\t\t<div class=\"elementor-element elementor-element-2a01630 e-con-full e-flex e-con e-child\" data-id=\"2a01630\" data-element_type=\"container\">\n\t\t\t\t<div class=\"elementor-element elementor-element-6111d0d3 elementor-widget elementor-widget-heading\" data-id=\"6111d0d3\" data-element_type=\"widget\" data-widget_type=\"heading.default\">\n\t\t\t\t<div class=\"elementor-widget-container\">\n\t\t\t\t\t<p class=\"elementor-heading-title elementor-size-default\">RAL-Code<\/p>\t\t\t\t<\/div>\n\t\t\t\t<\/div>\n\t\t\t\t<\/div>\n\t\t<div class=\"elementor-element elementor-element-11aa4e90 e-con-full e-flex e-con e-child\" data-id=\"11aa4e90\" data-element_type=\"container\">\n\t\t\t\t<div class=\"elementor-element elementor-element-4edd1a70 elementor-widget elementor-widget-heading\" data-id=\"4edd1a70\" data-element_type=\"widget\" data-widget_type=\"heading.default\">\n\t\t\t\t<div class=\"elementor-widget-container\">\n\t\t\t\t\t<p class=\"elementor-heading-title elementor-size-default\">Paketabmessungen<\/p>\t\t\t\t<\/div>\n\t\t\t\t<\/div>\n\t\t\t\t<\/div>\n\t\t\t\t<\/div>\n\t\t<div class=\"elementor-element elementor-element-c0dca6d e-con-full e-flex e-con e-child\" data-id=\"c0dca6d\" data-element_type=\"container\" data-settings=\"{&quot;background_background&quot;:&quot;classic&quot;}\">\n\t\t<div class=\"elementor-element elementor-element-3f269b90 e-con-full e-flex e-con e-child\" data-id=\"3f269b90\" data-element_type=\"container\" data-settings=\"{&quot;background_background&quot;:&quot;classic&quot;}\">\n\t\t\t\t<div class=\"elementor-element elementor-element-3b697c66 elementor-widget elementor-widget-heading\" data-id=\"3b697c66\" data-element_type=\"widget\" data-widget_type=\"heading.default\">\n\t\t\t\t<div class=\"elementor-widget-container\">\n\t\t\t\t\t<p class=\"elementor-heading-title elementor-size-default\">1875<\/p>\t\t\t\t<\/div>\n\t\t\t\t<\/div>\n\t\t\t\t<\/div>\n\t\t<div class=\"elementor-element elementor-element-5fdd179e e-con-full e-flex e-con e-child\" data-id=\"5fdd179e\" data-element_type=\"container\" data-settings=\"{&quot;background_background&quot;:&quot;classic&quot;}\">\n\t\t\t\t<div class=\"elementor-element elementor-element-6c76eb51 elementor-widget elementor-widget-heading\" data-id=\"6c76eb51\" data-element_type=\"widget\" data-widget_type=\"heading.default\">\n\t\t\t\t<div class=\"elementor-widget-container\">\n\t\t\t\t\t<p class=\"elementor-heading-title elementor-size-default\">7035<\/p>\t\t\t\t<\/div>\n\t\t\t\t<\/div>\n\t\t\t\t<\/div>\n\t\t<div class=\"elementor-element elementor-element-34a17392 e-con-full e-flex e-con e-child\" data-id=\"34a17392\" data-element_type=\"container\">\n\t\t\t\t<\/div>\n\t\t\t\t<\/div>\n\t\t\t\t<\/div>\n\t\t\t\t\t<\/div>\n\t\t\t\t<\/div>\n\t\t\t\t<\/div>\n\t\t\t\t<\/div>\n\t\t","protected":false},"excerpt":{"rendered":"<p>SAS050 PROFIL-750 MM SAS50 Support Arm System ist eine Reihe von L\u00f6sungen mit kurzen Arml\u00e4ngen, die f\u00fcr Bedienpanels mit leichten Lasten konzipiert sind. Das System bietet eine breite Palette von Komponenten, die verschiedene funktionale L\u00f6sungen erm\u00f6glichen. Die lichtgraue Beschichtung (RAL 7035) sorgt f\u00fcr eine langlebige und wasserdichte Oberfl\u00e4che. Produktnummer Beschreibung L\u00e4nge(mm) SAS050.075 050 Tragarmsprofil 750 [&hellip;]<\/p>\n","protected":false},"featured_media":1360,"template":"","meta":[],"product_brand":[],"product_cat":[105,93],"product_tag":[],"class_list":{"0":"post-2715","1":"product","2":"type-product","3":"status-publish","4":"has-post-thumbnail","6":"product_cat-aluminium-tragersystem-sas-050","7":"product_cat-aluminium-tragersystem-sas-130","9":"first","10":"instock","11":"shipping-taxable","12":"product-type-simple"},"_links":{"self":[{"href":"https:\/\/supportarmsystem.com\/de\/wp-json\/wp\/v2\/product\/2715","targetHints":{"allow":["GET"]}}],"collection":[{"href":"https:\/\/supportarmsystem.com\/de\/wp-json\/wp\/v2\/product"}],"about":[{"href":"https:\/\/supportarmsystem.com\/de\/wp-json\/wp\/v2\/types\/product"}],"version-history":[{"count":1,"href":"https:\/\/supportarmsystem.com\/de\/wp-json\/wp\/v2\/product\/2715\/revisions"}],"predecessor-version":[{"id":2716,"href":"https:\/\/supportarmsystem.com\/de\/wp-json\/wp\/v2\/product\/2715\/revisions\/2716"}],"wp:featuredmedia":[{"embeddable":true,"href":"https:\/\/supportarmsystem.com\/de\/wp-json\/wp\/v2\/media\/1360"}],"wp:attachment":[{"href":"https:\/\/supportarmsystem.com\/de\/wp-json\/wp\/v2\/media?parent=2715"}],"wp:term":[{"taxonomy":"product_brand","embeddable":true,"href":"https:\/\/supportarmsystem.com\/de\/wp-json\/wp\/v2\/product_brand?post=2715"},{"taxonomy":"product_cat","embeddable":true,"href":"https:\/\/supportarmsystem.com\/de\/wp-json\/wp\/v2\/product_cat?post=2715"},{"taxonomy":"product_tag","embeddable":true,"href":"https:\/\/supportarmsystem.com\/de\/wp-json\/wp\/v2\/product_tag?post=2715"}],"curies":[{"name":"wp","href":"https:\/\/api.w.org\/{rel}","templated":true}]}}