{"id":2705,"date":"2024-12-09T11:28:36","date_gmt":"2024-12-09T11:28:36","guid":{"rendered":"https:\/\/supportarmsystem.com\/urun\/sas-050-125\/"},"modified":"2024-12-11T18:26:51","modified_gmt":"2024-12-11T18:26:51","slug":"sas-050-125","status":"publish","type":"product","link":"https:\/\/supportarmsystem.com\/de\/urun\/sas-050-125\/","title":{"rendered":"SAS.050.125"},"content":{"rendered":"\t\t<div data-elementor-type=\"product-post\" data-elementor-id=\"2705\" class=\"elementor elementor-2705 elementor-1391\" data-elementor-post-type=\"product\">\n\t\t\t\t<div class=\"elementor-element elementor-element-19572e53 e-con-full e-flex e-con e-parent\" data-id=\"19572e53\" data-element_type=\"container\">\n\t\t\t\t<div class=\"elementor-element elementor-element-35ab57db elementor-widget elementor-widget-heading\" data-id=\"35ab57db\" data-element_type=\"widget\" data-widget_type=\"heading.default\">\n\t\t\t\t<div class=\"elementor-widget-container\">\n\t\t\t\t\t<h4 class=\"elementor-heading-title elementor-size-default\">SAS050 PROFIL-1250 MM<\/h4>\t\t\t\t<\/div>\n\t\t\t\t<\/div>\n\t\t\t\t<div class=\"elementor-element elementor-element-529aa56f elementor-widget elementor-widget-text-editor\" data-id=\"529aa56f\" data-element_type=\"widget\" data-widget_type=\"text-editor.default\">\n\t\t\t\t<div class=\"elementor-widget-container\">\n\t\t\t\t\t\t\t\t\t<p>SAS50 Support Arm System ist eine Reihe von L\u00f6sungen mit kurzen Arml\u00e4ngen, die f\u00fcr Bedienpanels mit leichten Lasten konzipiert sind. Das System bietet eine breite Palette von Komponenten, die verschiedene funktionale L\u00f6sungen erm\u00f6glichen. Die lichtgraue Beschichtung (RAL 7035) sorgt f\u00fcr eine langlebige und wasserdichte Oberfl\u00e4che<\/p>\n\t\t\t\t\t\t\t\t<\/div>\n\t\t\t\t<\/div>\n\t\t<div class=\"elementor-element elementor-element-9de1d70 e-flex e-con-boxed e-con e-child\" data-id=\"9de1d70\" data-element_type=\"container\">\n\t\t\t\t\t<div class=\"e-con-inner\">\n\t\t<div class=\"elementor-element elementor-element-3fc9f81 e-con-full e-flex e-con e-child\" data-id=\"3fc9f81\" data-element_type=\"container\">\n\t\t<div class=\"elementor-element elementor-element-1f450b10 e-con-full e-flex e-con e-child\" data-id=\"1f450b10\" data-element_type=\"container\" data-settings=\"{&quot;background_background&quot;:&quot;classic&quot;}\">\n\t\t<div class=\"elementor-element elementor-element-6e370d8c e-con-full e-flex e-con e-child\" data-id=\"6e370d8c\" data-element_type=\"container\">\n\t\t\t\t<div class=\"elementor-element elementor-element-48f26d20 elementor-widget elementor-widget-heading\" data-id=\"48f26d20\" data-element_type=\"widget\" data-widget_type=\"heading.default\">\n\t\t\t\t<div class=\"elementor-widget-container\">\n\t\t\t\t\t<p class=\"elementor-heading-title elementor-size-default\">Produktnummer<\/p>\t\t\t\t<\/div>\n\t\t\t\t<\/div>\n\t\t\t\t<\/div>\n\t\t<div class=\"elementor-element elementor-element-4fce97ea e-con-full e-flex e-con e-child\" data-id=\"4fce97ea\" data-element_type=\"container\">\n\t\t\t\t<div class=\"elementor-element elementor-element-6ffec1b elementor-widget elementor-widget-heading\" data-id=\"6ffec1b\" data-element_type=\"widget\" data-widget_type=\"heading.default\">\n\t\t\t\t<div class=\"elementor-widget-container\">\n\t\t\t\t\t<p class=\"elementor-heading-title elementor-size-default\">Beschreibung<\/p>\t\t\t\t<\/div>\n\t\t\t\t<\/div>\n\t\t\t\t<\/div>\n\t\t<div class=\"elementor-element elementor-element-6444bbea e-con-full e-flex e-con e-child\" data-id=\"6444bbea\" data-element_type=\"container\">\n\t\t\t\t<div class=\"elementor-element elementor-element-723f8c12 elementor-widget elementor-widget-heading\" data-id=\"723f8c12\" data-element_type=\"widget\" data-widget_type=\"heading.default\">\n\t\t\t\t<div class=\"elementor-widget-container\">\n\t\t\t\t\t<p class=\"elementor-heading-title elementor-size-default\">L\u00e4nge(mm)\t<\/p>\t\t\t\t<\/div>\n\t\t\t\t<\/div>\n\t\t\t\t<\/div>\n\t\t\t\t<\/div>\n\t\t<div class=\"elementor-element elementor-element-8b2cee0 e-con-full e-flex e-con e-child\" data-id=\"8b2cee0\" data-element_type=\"container\" data-settings=\"{&quot;background_background&quot;:&quot;classic&quot;}\">\n\t\t<div class=\"elementor-element elementor-element-1a326fb5 e-con-full e-flex e-con e-child\" data-id=\"1a326fb5\" data-element_type=\"container\" data-settings=\"{&quot;background_background&quot;:&quot;classic&quot;}\">\n\t\t\t\t<div class=\"elementor-element elementor-element-2013afa elementor-widget elementor-widget-heading\" data-id=\"2013afa\" data-element_type=\"widget\" data-widget_type=\"heading.default\">\n\t\t\t\t<div class=\"elementor-widget-container\">\n\t\t\t\t\t<p class=\"elementor-heading-title elementor-size-default\">SAS.050.125<\/p>\t\t\t\t<\/div>\n\t\t\t\t<\/div>\n\t\t\t\t<\/div>\n\t\t<div class=\"elementor-element elementor-element-40d71b8a e-con-full e-flex e-con e-child\" data-id=\"40d71b8a\" data-element_type=\"container\" data-settings=\"{&quot;background_background&quot;:&quot;classic&quot;}\">\n\t\t\t\t<div class=\"elementor-element elementor-element-8eaed9a elementor-widget elementor-widget-heading\" data-id=\"8eaed9a\" data-element_type=\"widget\" data-widget_type=\"heading.default\">\n\t\t\t\t<div class=\"elementor-widget-container\">\n\t\t\t\t\t<p class=\"elementor-heading-title elementor-size-default\">050 Tragarmsprofil 1250 mm<\/p>\t\t\t\t<\/div>\n\t\t\t\t<\/div>\n\t\t\t\t<\/div>\n\t\t<div class=\"elementor-element elementor-element-44178db1 e-con-full e-flex e-con e-child\" data-id=\"44178db1\" data-element_type=\"container\">\n\t\t\t\t<div class=\"elementor-element elementor-element-481eea3 elementor-widget elementor-widget-heading\" data-id=\"481eea3\" data-element_type=\"widget\" data-widget_type=\"heading.default\">\n\t\t\t\t<div class=\"elementor-widget-container\">\n\t\t\t\t\t<p class=\"elementor-heading-title elementor-size-default\">1250<\/p>\t\t\t\t<\/div>\n\t\t\t\t<\/div>\n\t\t\t\t<\/div>\n\t\t\t\t<\/div>\n\t\t\t\t<\/div>\n\t\t<div class=\"elementor-element elementor-element-257f4c29 e-con-full e-flex e-con e-child\" data-id=\"257f4c29\" data-element_type=\"container\">\n\t\t<div class=\"elementor-element elementor-element-1eb2f3b6 e-con-full e-flex e-con e-child\" data-id=\"1eb2f3b6\" data-element_type=\"container\" data-settings=\"{&quot;background_background&quot;:&quot;classic&quot;}\">\n\t\t<div class=\"elementor-element elementor-element-1aeb9fb7 e-con-full e-flex e-con e-child\" data-id=\"1aeb9fb7\" data-element_type=\"container\">\n\t\t\t\t<div class=\"elementor-element elementor-element-3ac397b2 elementor-widget elementor-widget-heading\" data-id=\"3ac397b2\" data-element_type=\"widget\" data-widget_type=\"heading.default\">\n\t\t\t\t<div class=\"elementor-widget-container\">\n\t\t\t\t\t<p class=\"elementor-heading-title elementor-size-default\">Gewicht (g)<\/p>\t\t\t\t<\/div>\n\t\t\t\t<\/div>\n\t\t\t\t<\/div>\n\t\t<div class=\"elementor-element elementor-element-1b864fae e-con-full e-flex e-con e-child\" data-id=\"1b864fae\" data-element_type=\"container\">\n\t\t\t\t<div class=\"elementor-element elementor-element-7491a904 elementor-widget elementor-widget-heading\" data-id=\"7491a904\" data-element_type=\"widget\" data-widget_type=\"heading.default\">\n\t\t\t\t<div class=\"elementor-widget-container\">\n\t\t\t\t\t<p class=\"elementor-heading-title elementor-size-default\">RAL-Code<\/p>\t\t\t\t<\/div>\n\t\t\t\t<\/div>\n\t\t\t\t<\/div>\n\t\t<div class=\"elementor-element elementor-element-3cf7632 e-con-full e-flex e-con e-child\" data-id=\"3cf7632\" data-element_type=\"container\">\n\t\t\t\t<div class=\"elementor-element elementor-element-122d0bf6 elementor-widget elementor-widget-heading\" data-id=\"122d0bf6\" data-element_type=\"widget\" data-widget_type=\"heading.default\">\n\t\t\t\t<div class=\"elementor-widget-container\">\n\t\t\t\t\t<p class=\"elementor-heading-title elementor-size-default\">Paketabmessungen<\/p>\t\t\t\t<\/div>\n\t\t\t\t<\/div>\n\t\t\t\t<\/div>\n\t\t\t\t<\/div>\n\t\t<div class=\"elementor-element elementor-element-73621f92 e-con-full e-flex e-con e-child\" data-id=\"73621f92\" data-element_type=\"container\" data-settings=\"{&quot;background_background&quot;:&quot;classic&quot;}\">\n\t\t<div class=\"elementor-element elementor-element-425bf1f2 e-con-full e-flex e-con e-child\" data-id=\"425bf1f2\" data-element_type=\"container\" data-settings=\"{&quot;background_background&quot;:&quot;classic&quot;}\">\n\t\t\t\t<div class=\"elementor-element elementor-element-c3170e6 elementor-widget elementor-widget-heading\" data-id=\"c3170e6\" data-element_type=\"widget\" data-widget_type=\"heading.default\">\n\t\t\t\t<div class=\"elementor-widget-container\">\n\t\t\t\t\t<p class=\"elementor-heading-title elementor-size-default\">3125<\/p>\t\t\t\t<\/div>\n\t\t\t\t<\/div>\n\t\t\t\t<\/div>\n\t\t<div class=\"elementor-element elementor-element-63883980 e-con-full e-flex e-con e-child\" data-id=\"63883980\" data-element_type=\"container\" data-settings=\"{&quot;background_background&quot;:&quot;classic&quot;}\">\n\t\t\t\t<div class=\"elementor-element elementor-element-c6c0f35 elementor-widget elementor-widget-heading\" data-id=\"c6c0f35\" data-element_type=\"widget\" data-widget_type=\"heading.default\">\n\t\t\t\t<div class=\"elementor-widget-container\">\n\t\t\t\t\t<p class=\"elementor-heading-title elementor-size-default\">7035<\/p>\t\t\t\t<\/div>\n\t\t\t\t<\/div>\n\t\t\t\t<\/div>\n\t\t<div class=\"elementor-element elementor-element-5568cb74 e-con-full e-flex e-con e-child\" data-id=\"5568cb74\" data-element_type=\"container\">\n\t\t\t\t<\/div>\n\t\t\t\t<\/div>\n\t\t\t\t<\/div>\n\t\t\t\t\t<\/div>\n\t\t\t\t<\/div>\n\t\t\t\t<\/div>\n\t\t\t\t<\/div>\n\t\t","protected":false},"excerpt":{"rendered":"<p>SAS050 PROFIL-1250 MM SAS50 Support Arm System ist eine Reihe von L\u00f6sungen mit kurzen Arml\u00e4ngen, die f\u00fcr Bedienpanels mit leichten Lasten konzipiert sind. Das System bietet eine breite Palette von Komponenten, die verschiedene funktionale L\u00f6sungen erm\u00f6glichen. Die lichtgraue Beschichtung (RAL 7035) sorgt f\u00fcr eine langlebige und wasserdichte Oberfl\u00e4che Produktnummer Beschreibung L\u00e4nge(mm) SAS.050.125 050 Tragarmsprofil 1250 [&hellip;]<\/p>\n","protected":false},"featured_media":1360,"template":"","meta":[],"product_brand":[],"product_cat":[105,93],"product_tag":[],"class_list":{"0":"post-2705","1":"product","2":"type-product","3":"status-publish","4":"has-post-thumbnail","6":"product_cat-aluminium-tragersystem-sas-050","7":"product_cat-aluminium-tragersystem-sas-130","9":"first","10":"instock","11":"shipping-taxable","12":"product-type-simple"},"_links":{"self":[{"href":"https:\/\/supportarmsystem.com\/de\/wp-json\/wp\/v2\/product\/2705","targetHints":{"allow":["GET"]}}],"collection":[{"href":"https:\/\/supportarmsystem.com\/de\/wp-json\/wp\/v2\/product"}],"about":[{"href":"https:\/\/supportarmsystem.com\/de\/wp-json\/wp\/v2\/types\/product"}],"version-history":[{"count":1,"href":"https:\/\/supportarmsystem.com\/de\/wp-json\/wp\/v2\/product\/2705\/revisions"}],"predecessor-version":[{"id":2706,"href":"https:\/\/supportarmsystem.com\/de\/wp-json\/wp\/v2\/product\/2705\/revisions\/2706"}],"wp:featuredmedia":[{"embeddable":true,"href":"https:\/\/supportarmsystem.com\/de\/wp-json\/wp\/v2\/media\/1360"}],"wp:attachment":[{"href":"https:\/\/supportarmsystem.com\/de\/wp-json\/wp\/v2\/media?parent=2705"}],"wp:term":[{"taxonomy":"product_brand","embeddable":true,"href":"https:\/\/supportarmsystem.com\/de\/wp-json\/wp\/v2\/product_brand?post=2705"},{"taxonomy":"product_cat","embeddable":true,"href":"https:\/\/supportarmsystem.com\/de\/wp-json\/wp\/v2\/product_cat?post=2705"},{"taxonomy":"product_tag","embeddable":true,"href":"https:\/\/supportarmsystem.com\/de\/wp-json\/wp\/v2\/product_tag?post=2705"}],"curies":[{"name":"wp","href":"https:\/\/api.w.org\/{rel}","templated":true}]}}