{"id":2695,"date":"2024-12-09T11:31:26","date_gmt":"2024-12-09T11:31:26","guid":{"rendered":"https:\/\/supportarmsystem.com\/urun\/sas-050-175\/"},"modified":"2024-12-11T18:25:53","modified_gmt":"2024-12-11T18:25:53","slug":"sas-050-175","status":"publish","type":"product","link":"https:\/\/supportarmsystem.com\/de\/urun\/sas-050-175\/","title":{"rendered":"SAS.050.175"},"content":{"rendered":"\t\t<div data-elementor-type=\"product-post\" data-elementor-id=\"2695\" class=\"elementor elementor-2695 elementor-1403\" data-elementor-post-type=\"product\">\n\t\t\t\t<div class=\"elementor-element elementor-element-43186e0e e-con-full e-flex e-con e-parent\" data-id=\"43186e0e\" data-element_type=\"container\">\n\t\t\t\t<div class=\"elementor-element elementor-element-225a2ff9 elementor-widget elementor-widget-heading\" data-id=\"225a2ff9\" data-element_type=\"widget\" data-widget_type=\"heading.default\">\n\t\t\t\t<div class=\"elementor-widget-container\">\n\t\t\t\t\t<h4 class=\"elementor-heading-title elementor-size-default\">SAS050 PROFIL-1750 MM<\/h4>\t\t\t\t<\/div>\n\t\t\t\t<\/div>\n\t\t\t\t<div class=\"elementor-element elementor-element-15647938 elementor-widget elementor-widget-text-editor\" data-id=\"15647938\" data-element_type=\"widget\" data-widget_type=\"text-editor.default\">\n\t\t\t\t<div class=\"elementor-widget-container\">\n\t\t\t\t\t\t\t\t\t<p>SAS50 Support Arm System ist eine Reihe von L\u00f6sungen mit kurzen Arml\u00e4ngen, die f\u00fcr Bedienpanels mit leichten Lasten konzipiert sind. Das System bietet eine breite Palette von Komponenten, die verschiedene funktionale L\u00f6sungen erm\u00f6glichen. Die lichtgraue Beschichtung (RAL 7035) sorgt f\u00fcr eine langlebige und wasserdichte Oberfl\u00e4che.<\/p>\n\t\t\t\t\t\t\t\t<\/div>\n\t\t\t\t<\/div>\n\t\t<div class=\"elementor-element elementor-element-6c7cb685 e-flex e-con-boxed e-con e-child\" data-id=\"6c7cb685\" data-element_type=\"container\">\n\t\t\t\t\t<div class=\"e-con-inner\">\n\t\t<div class=\"elementor-element elementor-element-542bd4a7 e-con-full e-flex e-con e-child\" data-id=\"542bd4a7\" data-element_type=\"container\">\n\t\t<div class=\"elementor-element elementor-element-236d48a8 e-con-full e-flex e-con e-child\" data-id=\"236d48a8\" data-element_type=\"container\" data-settings=\"{&quot;background_background&quot;:&quot;classic&quot;}\">\n\t\t<div class=\"elementor-element elementor-element-4253d909 e-con-full e-flex e-con e-child\" data-id=\"4253d909\" data-element_type=\"container\">\n\t\t\t\t<div class=\"elementor-element elementor-element-453c414 elementor-widget elementor-widget-heading\" data-id=\"453c414\" data-element_type=\"widget\" data-widget_type=\"heading.default\">\n\t\t\t\t<div class=\"elementor-widget-container\">\n\t\t\t\t\t<p class=\"elementor-heading-title elementor-size-default\">Produktnummer<\/p>\t\t\t\t<\/div>\n\t\t\t\t<\/div>\n\t\t\t\t<\/div>\n\t\t<div class=\"elementor-element elementor-element-746e2f e-con-full e-flex e-con e-child\" data-id=\"746e2f\" data-element_type=\"container\">\n\t\t\t\t<div class=\"elementor-element elementor-element-746b79e5 elementor-widget elementor-widget-heading\" data-id=\"746b79e5\" data-element_type=\"widget\" data-widget_type=\"heading.default\">\n\t\t\t\t<div class=\"elementor-widget-container\">\n\t\t\t\t\t<p class=\"elementor-heading-title elementor-size-default\">Beschreibung<\/p>\t\t\t\t<\/div>\n\t\t\t\t<\/div>\n\t\t\t\t<\/div>\n\t\t<div class=\"elementor-element elementor-element-5798a8dc e-con-full e-flex e-con e-child\" data-id=\"5798a8dc\" data-element_type=\"container\">\n\t\t\t\t<div class=\"elementor-element elementor-element-47f5e107 elementor-widget elementor-widget-heading\" data-id=\"47f5e107\" data-element_type=\"widget\" data-widget_type=\"heading.default\">\n\t\t\t\t<div class=\"elementor-widget-container\">\n\t\t\t\t\t<p class=\"elementor-heading-title elementor-size-default\">L\u00e4nge(mm)\t<\/p>\t\t\t\t<\/div>\n\t\t\t\t<\/div>\n\t\t\t\t<\/div>\n\t\t\t\t<\/div>\n\t\t<div class=\"elementor-element elementor-element-3cfde511 e-con-full e-flex e-con e-child\" data-id=\"3cfde511\" data-element_type=\"container\" data-settings=\"{&quot;background_background&quot;:&quot;classic&quot;}\">\n\t\t<div class=\"elementor-element elementor-element-15f507c3 e-con-full e-flex e-con e-child\" data-id=\"15f507c3\" data-element_type=\"container\" data-settings=\"{&quot;background_background&quot;:&quot;classic&quot;}\">\n\t\t\t\t<div class=\"elementor-element elementor-element-22eaf9fe elementor-widget elementor-widget-heading\" data-id=\"22eaf9fe\" data-element_type=\"widget\" data-widget_type=\"heading.default\">\n\t\t\t\t<div class=\"elementor-widget-container\">\n\t\t\t\t\t<p class=\"elementor-heading-title elementor-size-default\">SAS.050.175<\/p>\t\t\t\t<\/div>\n\t\t\t\t<\/div>\n\t\t\t\t<\/div>\n\t\t<div class=\"elementor-element elementor-element-35c321b2 e-con-full e-flex e-con e-child\" data-id=\"35c321b2\" data-element_type=\"container\" data-settings=\"{&quot;background_background&quot;:&quot;classic&quot;}\">\n\t\t\t\t<div class=\"elementor-element elementor-element-167720e6 elementor-widget elementor-widget-heading\" data-id=\"167720e6\" data-element_type=\"widget\" data-widget_type=\"heading.default\">\n\t\t\t\t<div class=\"elementor-widget-container\">\n\t\t\t\t\t<p class=\"elementor-heading-title elementor-size-default\">050 Tragarmsprofil 1750 mm<\/p>\t\t\t\t<\/div>\n\t\t\t\t<\/div>\n\t\t\t\t<\/div>\n\t\t<div class=\"elementor-element elementor-element-74f743a8 e-con-full e-flex e-con e-child\" data-id=\"74f743a8\" data-element_type=\"container\">\n\t\t\t\t<div class=\"elementor-element elementor-element-3a38ee47 elementor-widget elementor-widget-heading\" data-id=\"3a38ee47\" data-element_type=\"widget\" data-widget_type=\"heading.default\">\n\t\t\t\t<div class=\"elementor-widget-container\">\n\t\t\t\t\t<p class=\"elementor-heading-title elementor-size-default\">1750<\/p>\t\t\t\t<\/div>\n\t\t\t\t<\/div>\n\t\t\t\t<\/div>\n\t\t\t\t<\/div>\n\t\t\t\t<\/div>\n\t\t<div class=\"elementor-element elementor-element-43b6d6fe e-con-full e-flex e-con e-child\" data-id=\"43b6d6fe\" data-element_type=\"container\">\n\t\t<div class=\"elementor-element elementor-element-7c0c9a55 e-con-full e-flex e-con e-child\" data-id=\"7c0c9a55\" data-element_type=\"container\" data-settings=\"{&quot;background_background&quot;:&quot;classic&quot;}\">\n\t\t<div class=\"elementor-element elementor-element-2f4145fd e-con-full e-flex e-con e-child\" data-id=\"2f4145fd\" data-element_type=\"container\">\n\t\t\t\t<div class=\"elementor-element elementor-element-30d44a4f elementor-widget elementor-widget-heading\" data-id=\"30d44a4f\" data-element_type=\"widget\" data-widget_type=\"heading.default\">\n\t\t\t\t<div class=\"elementor-widget-container\">\n\t\t\t\t\t<p class=\"elementor-heading-title elementor-size-default\">Gewicht (g)<\/p>\t\t\t\t<\/div>\n\t\t\t\t<\/div>\n\t\t\t\t<\/div>\n\t\t<div class=\"elementor-element elementor-element-46d47546 e-con-full e-flex e-con e-child\" data-id=\"46d47546\" data-element_type=\"container\">\n\t\t\t\t<div class=\"elementor-element elementor-element-30fa4b03 elementor-widget elementor-widget-heading\" data-id=\"30fa4b03\" data-element_type=\"widget\" data-widget_type=\"heading.default\">\n\t\t\t\t<div class=\"elementor-widget-container\">\n\t\t\t\t\t<p class=\"elementor-heading-title elementor-size-default\">RAL-Code<\/p>\t\t\t\t<\/div>\n\t\t\t\t<\/div>\n\t\t\t\t<\/div>\n\t\t<div class=\"elementor-element elementor-element-3f16645c e-con-full e-flex e-con e-child\" data-id=\"3f16645c\" data-element_type=\"container\">\n\t\t\t\t<div class=\"elementor-element elementor-element-1488faca elementor-widget elementor-widget-heading\" data-id=\"1488faca\" data-element_type=\"widget\" data-widget_type=\"heading.default\">\n\t\t\t\t<div class=\"elementor-widget-container\">\n\t\t\t\t\t<p class=\"elementor-heading-title elementor-size-default\">Paketabmessungen<\/p>\t\t\t\t<\/div>\n\t\t\t\t<\/div>\n\t\t\t\t<\/div>\n\t\t\t\t<\/div>\n\t\t<div class=\"elementor-element elementor-element-6cf473d3 e-con-full e-flex e-con e-child\" data-id=\"6cf473d3\" data-element_type=\"container\" data-settings=\"{&quot;background_background&quot;:&quot;classic&quot;}\">\n\t\t<div class=\"elementor-element elementor-element-7b20bd0e e-con-full e-flex e-con e-child\" data-id=\"7b20bd0e\" data-element_type=\"container\" data-settings=\"{&quot;background_background&quot;:&quot;classic&quot;}\">\n\t\t\t\t<div class=\"elementor-element elementor-element-74373ca2 elementor-widget elementor-widget-heading\" data-id=\"74373ca2\" data-element_type=\"widget\" data-widget_type=\"heading.default\">\n\t\t\t\t<div class=\"elementor-widget-container\">\n\t\t\t\t\t<p class=\"elementor-heading-title elementor-size-default\">4375<\/p>\t\t\t\t<\/div>\n\t\t\t\t<\/div>\n\t\t\t\t<\/div>\n\t\t<div class=\"elementor-element elementor-element-409d5deb e-con-full e-flex e-con e-child\" data-id=\"409d5deb\" data-element_type=\"container\" data-settings=\"{&quot;background_background&quot;:&quot;classic&quot;}\">\n\t\t\t\t<div class=\"elementor-element elementor-element-71df28ff elementor-widget elementor-widget-heading\" data-id=\"71df28ff\" data-element_type=\"widget\" data-widget_type=\"heading.default\">\n\t\t\t\t<div class=\"elementor-widget-container\">\n\t\t\t\t\t<p class=\"elementor-heading-title elementor-size-default\">7035<\/p>\t\t\t\t<\/div>\n\t\t\t\t<\/div>\n\t\t\t\t<\/div>\n\t\t<div class=\"elementor-element elementor-element-4911c99d e-con-full e-flex e-con e-child\" data-id=\"4911c99d\" data-element_type=\"container\">\n\t\t\t\t<\/div>\n\t\t\t\t<\/div>\n\t\t\t\t<\/div>\n\t\t\t\t\t<\/div>\n\t\t\t\t<\/div>\n\t\t\t\t<\/div>\n\t\t\t\t<\/div>\n\t\t","protected":false},"excerpt":{"rendered":"<p>SAS050 PROFIL-1750 MM SAS50 Support Arm System ist eine Reihe von L\u00f6sungen mit kurzen Arml\u00e4ngen, die f\u00fcr Bedienpanels mit leichten Lasten konzipiert sind. Das System bietet eine breite Palette von Komponenten, die verschiedene funktionale L\u00f6sungen erm\u00f6glichen. Die lichtgraue Beschichtung (RAL 7035) sorgt f\u00fcr eine langlebige und wasserdichte Oberfl\u00e4che. Produktnummer Beschreibung L\u00e4nge(mm) SAS.050.175 050 Tragarmsprofil 1750 [&hellip;]<\/p>\n","protected":false},"featured_media":1360,"template":"","meta":[],"product_brand":[],"product_cat":[105,93],"product_tag":[],"class_list":{"0":"post-2695","1":"product","2":"type-product","3":"status-publish","4":"has-post-thumbnail","6":"product_cat-aluminium-tragersystem-sas-050","7":"product_cat-aluminium-tragersystem-sas-130","9":"first","10":"instock","11":"shipping-taxable","12":"product-type-simple"},"_links":{"self":[{"href":"https:\/\/supportarmsystem.com\/de\/wp-json\/wp\/v2\/product\/2695","targetHints":{"allow":["GET"]}}],"collection":[{"href":"https:\/\/supportarmsystem.com\/de\/wp-json\/wp\/v2\/product"}],"about":[{"href":"https:\/\/supportarmsystem.com\/de\/wp-json\/wp\/v2\/types\/product"}],"version-history":[{"count":1,"href":"https:\/\/supportarmsystem.com\/de\/wp-json\/wp\/v2\/product\/2695\/revisions"}],"predecessor-version":[{"id":2696,"href":"https:\/\/supportarmsystem.com\/de\/wp-json\/wp\/v2\/product\/2695\/revisions\/2696"}],"wp:featuredmedia":[{"embeddable":true,"href":"https:\/\/supportarmsystem.com\/de\/wp-json\/wp\/v2\/media\/1360"}],"wp:attachment":[{"href":"https:\/\/supportarmsystem.com\/de\/wp-json\/wp\/v2\/media?parent=2695"}],"wp:term":[{"taxonomy":"product_brand","embeddable":true,"href":"https:\/\/supportarmsystem.com\/de\/wp-json\/wp\/v2\/product_brand?post=2695"},{"taxonomy":"product_cat","embeddable":true,"href":"https:\/\/supportarmsystem.com\/de\/wp-json\/wp\/v2\/product_cat?post=2695"},{"taxonomy":"product_tag","embeddable":true,"href":"https:\/\/supportarmsystem.com\/de\/wp-json\/wp\/v2\/product_tag?post=2695"}],"curies":[{"name":"wp","href":"https:\/\/api.w.org\/{rel}","templated":true}]}}