{"id":2513,"date":"2024-12-08T22:20:33","date_gmt":"2024-12-08T22:20:33","guid":{"rendered":"https:\/\/supportarmsystem.com\/urun\/sas-090-175\/"},"modified":"2024-12-11T18:31:17","modified_gmt":"2024-12-11T18:31:17","slug":"sas-090-175","status":"publish","type":"product","link":"https:\/\/supportarmsystem.com\/de\/urun\/sas-090-175\/","title":{"rendered":"SAS-090.175"},"content":{"rendered":"\t\t<div data-elementor-type=\"product-post\" data-elementor-id=\"2513\" class=\"elementor elementor-2513 elementor-1116\" data-elementor-post-type=\"product\">\n\t\t\t\t<div class=\"elementor-element elementor-element-23e81a6b e-con-full e-flex e-con e-parent\" data-id=\"23e81a6b\" data-element_type=\"container\">\n\t\t\t\t<div class=\"elementor-element elementor-element-46c2f64b elementor-widget elementor-widget-heading\" data-id=\"46c2f64b\" data-element_type=\"widget\" data-widget_type=\"heading.default\">\n\t\t\t\t<div class=\"elementor-widget-container\">\n\t\t\t\t\t<h4 class=\"elementor-heading-title elementor-size-default\">SAS090 PROFIL-1750 MM<\/h4>\t\t\t\t<\/div>\n\t\t\t\t<\/div>\n\t\t\t\t<div class=\"elementor-element elementor-element-58aa09bf elementor-widget elementor-widget-text-editor\" data-id=\"58aa09bf\" data-element_type=\"widget\" data-widget_type=\"text-editor.default\">\n\t\t\t\t<div class=\"elementor-widget-container\">\n\t\t\t\t\t\t\t\t\t<p>Das SAS90 Tragarmsystem spielt eine entscheidende Rolle bei der Definition des Betriebs- und Man\u00f6vrierraums der SAS-Serie. Diese Systeme sind speziell f\u00fcr mittelgro\u00dfe Steuerungsanwendungen konzipiert. Neben ihrem zeitgem\u00e4\u00dfen Design sind sie mit modernsten technologischen Anforderungen ausgestattet, die eine nahtlose Integration mit anderen Modulen erm\u00f6glichen und eine optimale Leistung des Operatorarms gew\u00e4hrleisten. Der Operatorarm kann in gew\u00fcnschten L\u00e4ngen ma\u00dfgefertigt werden, um spezifische Anforderungen zu erf\u00fcllen. Besonders bemerkenswert ist, dass ein 1 Meter langer Operatorarm eine beeindruckende Tragf\u00e4higkeit von bis zu 90 kg aufweist. Um eine einheitliche \u00c4sthetik zu gew\u00e4hrleisten, ist dieses Modul mit RAL 7035 Lichtgrau lackiert und verf\u00fcgt ebenfalls \u00fcber Dichtf\u00e4higkeiten.<\/p>\n\t\t\t\t\t\t\t\t<\/div>\n\t\t\t\t<\/div>\n\t\t<div class=\"elementor-element elementor-element-29493bd1 e-flex e-con-boxed e-con e-child\" data-id=\"29493bd1\" data-element_type=\"container\">\n\t\t\t\t\t<div class=\"e-con-inner\">\n\t\t<div class=\"elementor-element elementor-element-1c5c236c e-con-full e-flex e-con e-child\" data-id=\"1c5c236c\" data-element_type=\"container\">\n\t\t<div class=\"elementor-element elementor-element-4857c1f9 e-con-full e-flex e-con e-child\" data-id=\"4857c1f9\" data-element_type=\"container\" data-settings=\"{&quot;background_background&quot;:&quot;classic&quot;}\">\n\t\t<div class=\"elementor-element elementor-element-4ad4a9ac e-con-full e-flex e-con e-child\" data-id=\"4ad4a9ac\" data-element_type=\"container\">\n\t\t\t\t<div class=\"elementor-element elementor-element-36fa8445 elementor-widget elementor-widget-heading\" data-id=\"36fa8445\" data-element_type=\"widget\" data-widget_type=\"heading.default\">\n\t\t\t\t<div class=\"elementor-widget-container\">\n\t\t\t\t\t<p class=\"elementor-heading-title elementor-size-default\">Produktnummer<\/p>\t\t\t\t<\/div>\n\t\t\t\t<\/div>\n\t\t\t\t<\/div>\n\t\t<div class=\"elementor-element elementor-element-18601e57 e-con-full e-flex e-con e-child\" data-id=\"18601e57\" data-element_type=\"container\">\n\t\t\t\t<div class=\"elementor-element elementor-element-22f40f6a elementor-widget elementor-widget-heading\" data-id=\"22f40f6a\" data-element_type=\"widget\" data-widget_type=\"heading.default\">\n\t\t\t\t<div class=\"elementor-widget-container\">\n\t\t\t\t\t<p class=\"elementor-heading-title elementor-size-default\">Beschreibung<\/p>\t\t\t\t<\/div>\n\t\t\t\t<\/div>\n\t\t\t\t<\/div>\n\t\t<div class=\"elementor-element elementor-element-4119c6e5 e-con-full e-flex e-con e-child\" data-id=\"4119c6e5\" data-element_type=\"container\">\n\t\t\t\t<div class=\"elementor-element elementor-element-36e688a7 elementor-widget elementor-widget-heading\" data-id=\"36e688a7\" data-element_type=\"widget\" data-widget_type=\"heading.default\">\n\t\t\t\t<div class=\"elementor-widget-container\">\n\t\t\t\t\t<p class=\"elementor-heading-title elementor-size-default\">L\u00e4nge(mm)\t<\/p>\t\t\t\t<\/div>\n\t\t\t\t<\/div>\n\t\t\t\t<\/div>\n\t\t\t\t<\/div>\n\t\t<div class=\"elementor-element elementor-element-3e6f2e5b e-con-full e-flex e-con e-child\" data-id=\"3e6f2e5b\" data-element_type=\"container\" data-settings=\"{&quot;background_background&quot;:&quot;classic&quot;}\">\n\t\t<div class=\"elementor-element elementor-element-6a4fe2fe e-con-full e-flex e-con e-child\" data-id=\"6a4fe2fe\" data-element_type=\"container\" data-settings=\"{&quot;background_background&quot;:&quot;classic&quot;}\">\n\t\t\t\t<div class=\"elementor-element elementor-element-dc5acf8 elementor-widget elementor-widget-heading\" data-id=\"dc5acf8\" data-element_type=\"widget\" data-widget_type=\"heading.default\">\n\t\t\t\t<div class=\"elementor-widget-container\">\n\t\t\t\t\t<p class=\"elementor-heading-title elementor-size-default\">SAS090.175<\/p>\t\t\t\t<\/div>\n\t\t\t\t<\/div>\n\t\t\t\t<\/div>\n\t\t<div class=\"elementor-element elementor-element-4a06c39a e-con-full e-flex e-con e-child\" data-id=\"4a06c39a\" data-element_type=\"container\" data-settings=\"{&quot;background_background&quot;:&quot;classic&quot;}\">\n\t\t\t\t<div class=\"elementor-element elementor-element-43dae520 elementor-widget elementor-widget-heading\" data-id=\"43dae520\" data-element_type=\"widget\" data-widget_type=\"heading.default\">\n\t\t\t\t<div class=\"elementor-widget-container\">\n\t\t\t\t\t<p class=\"elementor-heading-title elementor-size-default\">SAS090 PROFIL-1750 MM<\/p>\t\t\t\t<\/div>\n\t\t\t\t<\/div>\n\t\t\t\t<\/div>\n\t\t<div class=\"elementor-element elementor-element-29fe9b91 e-con-full e-flex e-con e-child\" data-id=\"29fe9b91\" data-element_type=\"container\">\n\t\t\t\t<div class=\"elementor-element elementor-element-a19b547 elementor-widget elementor-widget-heading\" data-id=\"a19b547\" data-element_type=\"widget\" data-widget_type=\"heading.default\">\n\t\t\t\t<div class=\"elementor-widget-container\">\n\t\t\t\t\t<p class=\"elementor-heading-title elementor-size-default\">1750<\/p>\t\t\t\t<\/div>\n\t\t\t\t<\/div>\n\t\t\t\t<\/div>\n\t\t\t\t<\/div>\n\t\t\t\t<\/div>\n\t\t<div class=\"elementor-element elementor-element-574427ed e-con-full e-flex e-con e-child\" data-id=\"574427ed\" data-element_type=\"container\">\n\t\t<div class=\"elementor-element elementor-element-33876fe8 e-con-full e-flex e-con e-child\" data-id=\"33876fe8\" data-element_type=\"container\" data-settings=\"{&quot;background_background&quot;:&quot;classic&quot;}\">\n\t\t<div class=\"elementor-element elementor-element-36384c12 e-con-full e-flex e-con e-child\" data-id=\"36384c12\" data-element_type=\"container\">\n\t\t\t\t<div class=\"elementor-element elementor-element-5ef93dd2 elementor-widget elementor-widget-heading\" data-id=\"5ef93dd2\" data-element_type=\"widget\" data-widget_type=\"heading.default\">\n\t\t\t\t<div class=\"elementor-widget-container\">\n\t\t\t\t\t<p class=\"elementor-heading-title elementor-size-default\">Gewicht (g)<\/p>\t\t\t\t<\/div>\n\t\t\t\t<\/div>\n\t\t\t\t<\/div>\n\t\t<div class=\"elementor-element elementor-element-2178a81a e-con-full e-flex e-con e-child\" data-id=\"2178a81a\" data-element_type=\"container\">\n\t\t\t\t<div class=\"elementor-element elementor-element-3ae4498b elementor-widget elementor-widget-heading\" data-id=\"3ae4498b\" data-element_type=\"widget\" data-widget_type=\"heading.default\">\n\t\t\t\t<div class=\"elementor-widget-container\">\n\t\t\t\t\t<p class=\"elementor-heading-title elementor-size-default\">RAL-Code<\/p>\t\t\t\t<\/div>\n\t\t\t\t<\/div>\n\t\t\t\t<\/div>\n\t\t<div class=\"elementor-element elementor-element-787da593 e-con-full e-flex e-con e-child\" data-id=\"787da593\" data-element_type=\"container\">\n\t\t\t\t<div class=\"elementor-element elementor-element-4f88f572 elementor-widget elementor-widget-heading\" data-id=\"4f88f572\" data-element_type=\"widget\" data-widget_type=\"heading.default\">\n\t\t\t\t<div class=\"elementor-widget-container\">\n\t\t\t\t\t<p class=\"elementor-heading-title elementor-size-default\">Paketabmessungen<\/p>\t\t\t\t<\/div>\n\t\t\t\t<\/div>\n\t\t\t\t<\/div>\n\t\t\t\t<\/div>\n\t\t<div class=\"elementor-element elementor-element-37760b6c e-con-full e-flex e-con e-child\" data-id=\"37760b6c\" data-element_type=\"container\" data-settings=\"{&quot;background_background&quot;:&quot;classic&quot;}\">\n\t\t<div class=\"elementor-element elementor-element-3755746c e-con-full e-flex e-con e-child\" data-id=\"3755746c\" data-element_type=\"container\" data-settings=\"{&quot;background_background&quot;:&quot;classic&quot;}\">\n\t\t\t\t<div class=\"elementor-element elementor-element-5061b31a elementor-widget elementor-widget-heading\" data-id=\"5061b31a\" data-element_type=\"widget\" data-widget_type=\"heading.default\">\n\t\t\t\t<div class=\"elementor-widget-container\">\n\t\t\t\t\t<p class=\"elementor-heading-title elementor-size-default\">6300<\/p>\t\t\t\t<\/div>\n\t\t\t\t<\/div>\n\t\t\t\t<\/div>\n\t\t<div class=\"elementor-element elementor-element-75e2d1b8 e-con-full e-flex e-con e-child\" data-id=\"75e2d1b8\" data-element_type=\"container\" data-settings=\"{&quot;background_background&quot;:&quot;classic&quot;}\">\n\t\t\t\t<div class=\"elementor-element elementor-element-6bcc6908 elementor-widget elementor-widget-heading\" data-id=\"6bcc6908\" data-element_type=\"widget\" data-widget_type=\"heading.default\">\n\t\t\t\t<div class=\"elementor-widget-container\">\n\t\t\t\t\t<p class=\"elementor-heading-title elementor-size-default\">7035<\/p>\t\t\t\t<\/div>\n\t\t\t\t<\/div>\n\t\t\t\t<\/div>\n\t\t<div class=\"elementor-element elementor-element-7aaa4ae9 e-con-full e-flex e-con e-child\" data-id=\"7aaa4ae9\" data-element_type=\"container\">\n\t\t\t\t<div class=\"elementor-element elementor-element-5ef1dc32 elementor-widget elementor-widget-heading\" data-id=\"5ef1dc32\" data-element_type=\"widget\" data-widget_type=\"heading.default\">\n\t\t\t\t<div class=\"elementor-widget-container\">\n\t\t\t\t\t<p class=\"elementor-heading-title elementor-size-default\">65x100x1770<\/p>\t\t\t\t<\/div>\n\t\t\t\t<\/div>\n\t\t\t\t<\/div>\n\t\t\t\t<\/div>\n\t\t\t\t<\/div>\n\t\t\t\t\t<\/div>\n\t\t\t\t<\/div>\n\t\t\t\t<\/div>\n\t\t\t\t<\/div>\n\t\t","protected":false},"excerpt":{"rendered":"<p>SAS090 PROFIL-1750 MM Das SAS90 Tragarmsystem spielt eine entscheidende Rolle bei der Definition des Betriebs- und Man\u00f6vrierraums der SAS-Serie. Diese Systeme sind speziell f\u00fcr mittelgro\u00dfe Steuerungsanwendungen konzipiert. Neben ihrem zeitgem\u00e4\u00dfen Design sind sie mit modernsten technologischen Anforderungen ausgestattet, die eine nahtlose Integration mit anderen Modulen erm\u00f6glichen und eine optimale Leistung des Operatorarms gew\u00e4hrleisten. Der Operatorarm [&hellip;]<\/p>\n","protected":false},"featured_media":1058,"template":"","meta":[],"product_brand":[],"product_cat":[93,97],"product_tag":[],"class_list":{"0":"post-2513","1":"product","2":"type-product","3":"status-publish","4":"has-post-thumbnail","6":"product_cat-aluminium-tragersystem-sas-130","7":"product_cat-sas-090-de","9":"first","10":"instock","11":"shipping-taxable","12":"product-type-simple"},"_links":{"self":[{"href":"https:\/\/supportarmsystem.com\/de\/wp-json\/wp\/v2\/product\/2513","targetHints":{"allow":["GET"]}}],"collection":[{"href":"https:\/\/supportarmsystem.com\/de\/wp-json\/wp\/v2\/product"}],"about":[{"href":"https:\/\/supportarmsystem.com\/de\/wp-json\/wp\/v2\/types\/product"}],"version-history":[{"count":1,"href":"https:\/\/supportarmsystem.com\/de\/wp-json\/wp\/v2\/product\/2513\/revisions"}],"predecessor-version":[{"id":2514,"href":"https:\/\/supportarmsystem.com\/de\/wp-json\/wp\/v2\/product\/2513\/revisions\/2514"}],"wp:featuredmedia":[{"embeddable":true,"href":"https:\/\/supportarmsystem.com\/de\/wp-json\/wp\/v2\/media\/1058"}],"wp:attachment":[{"href":"https:\/\/supportarmsystem.com\/de\/wp-json\/wp\/v2\/media?parent=2513"}],"wp:term":[{"taxonomy":"product_brand","embeddable":true,"href":"https:\/\/supportarmsystem.com\/de\/wp-json\/wp\/v2\/product_brand?post=2513"},{"taxonomy":"product_cat","embeddable":true,"href":"https:\/\/supportarmsystem.com\/de\/wp-json\/wp\/v2\/product_cat?post=2513"},{"taxonomy":"product_tag","embeddable":true,"href":"https:\/\/supportarmsystem.com\/de\/wp-json\/wp\/v2\/product_tag?post=2513"}],"curies":[{"name":"wp","href":"https:\/\/api.w.org\/{rel}","templated":true}]}}