{"id":2411,"date":"2024-12-08T21:39:05","date_gmt":"2024-12-08T21:39:05","guid":{"rendered":"https:\/\/supportarmsystem.com\/urun\/ks-050-01\/"},"modified":"2024-12-11T18:33:32","modified_gmt":"2024-12-11T18:33:32","slug":"ks-050-01","status":"publish","type":"product","link":"https:\/\/supportarmsystem.com\/de\/urun\/ks-050-01\/","title":{"rendered":"KS.050.01"},"content":{"rendered":"\t\t<div data-elementor-type=\"product-post\" data-elementor-id=\"2411\" class=\"elementor elementor-2411 elementor-968\" data-elementor-post-type=\"product\">\n\t\t\t\t<div class=\"elementor-element elementor-element-5ebcf385 e-con-full e-flex e-con e-parent\" data-id=\"5ebcf385\" data-element_type=\"container\">\n\t\t\t\t<div class=\"elementor-element elementor-element-687eb629 elementor-widget elementor-widget-heading\" data-id=\"687eb629\" data-element_type=\"widget\" data-widget_type=\"heading.default\">\n\t\t\t\t<div class=\"elementor-widget-container\">\n\t\t\t\t\t<h4 class=\"elementor-heading-title elementor-size-default\">Standsysteme Ohne Rad<\/h4>\t\t\t\t<\/div>\n\t\t\t\t<\/div>\n\t\t\t\t<div class=\"elementor-element elementor-element-4c7e6ecd elementor-widget elementor-widget-text-editor\" data-id=\"4c7e6ecd\" data-element_type=\"widget\" data-widget_type=\"text-editor.default\">\n\t\t\t\t<div class=\"elementor-widget-container\">\n\t\t\t\t\t\t\t\t\t<p>KS.050.01 Kiosktische sind f\u00fcr Situationen konzipiert, in denen Bedienarme in begrenzten R\u00e4umen unzureichend sind oder das Bedienfeld h\u00e4ufig umpositioniert werden muss. Die Kiosktische, die in zwei Modellen erh\u00e4ltlich sind \u2013 fest am Boden montiert oder mit R\u00e4dern \u2013 bieten eine geeignete Verbindungsplattform f\u00fcr Bedienarme. Dieses Produkt ist nur mit dem SAS.050.500 Modul kompatibel.<\/p>\n\t\t\t\t\t\t\t\t<\/div>\n\t\t\t\t<\/div>\n\t\t<div class=\"elementor-element elementor-element-23c1d353 e-flex e-con-boxed e-con e-child\" data-id=\"23c1d353\" data-element_type=\"container\">\n\t\t\t\t\t<div class=\"e-con-inner\">\n\t\t<div class=\"elementor-element elementor-element-648bf6cf e-con-full e-flex e-con e-child\" data-id=\"648bf6cf\" data-element_type=\"container\">\n\t\t<div class=\"elementor-element elementor-element-35e49113 e-con-full e-flex e-con e-child\" data-id=\"35e49113\" data-element_type=\"container\" data-settings=\"{&quot;background_background&quot;:&quot;classic&quot;}\">\n\t\t<div class=\"elementor-element elementor-element-2fc5f131 e-con-full e-flex e-con e-child\" data-id=\"2fc5f131\" data-element_type=\"container\">\n\t\t\t\t<div class=\"elementor-element elementor-element-60291381 elementor-widget elementor-widget-heading\" data-id=\"60291381\" data-element_type=\"widget\" data-widget_type=\"heading.default\">\n\t\t\t\t<div class=\"elementor-widget-container\">\n\t\t\t\t\t<p class=\"elementor-heading-title elementor-size-default\">Produktnummer<\/p>\t\t\t\t<\/div>\n\t\t\t\t<\/div>\n\t\t\t\t<\/div>\n\t\t<div class=\"elementor-element elementor-element-6194dd70 e-con-full e-flex e-con e-child\" data-id=\"6194dd70\" data-element_type=\"container\">\n\t\t\t\t<div class=\"elementor-element elementor-element-6d5b60ad elementor-widget elementor-widget-heading\" data-id=\"6d5b60ad\" data-element_type=\"widget\" data-widget_type=\"heading.default\">\n\t\t\t\t<div class=\"elementor-widget-container\">\n\t\t\t\t\t<p class=\"elementor-heading-title elementor-size-default\">Beschreibung<\/p>\t\t\t\t<\/div>\n\t\t\t\t<\/div>\n\t\t\t\t<\/div>\n\t\t<div class=\"elementor-element elementor-element-78e26903 e-con-full e-flex e-con e-child\" data-id=\"78e26903\" data-element_type=\"container\">\n\t\t\t\t<div class=\"elementor-element elementor-element-1daaabe elementor-widget elementor-widget-spacer\" data-id=\"1daaabe\" data-element_type=\"widget\" data-widget_type=\"spacer.default\">\n\t\t\t\t<div class=\"elementor-widget-container\">\n\t\t\t\t\t\t\t<div class=\"elementor-spacer\">\n\t\t\t<div class=\"elementor-spacer-inner\"><\/div>\n\t\t<\/div>\n\t\t\t\t\t\t<\/div>\n\t\t\t\t<\/div>\n\t\t\t\t<\/div>\n\t\t\t\t<\/div>\n\t\t<div class=\"elementor-element elementor-element-eeb9a6f e-con-full e-flex e-con e-child\" data-id=\"eeb9a6f\" data-element_type=\"container\" data-settings=\"{&quot;background_background&quot;:&quot;classic&quot;}\">\n\t\t<div class=\"elementor-element elementor-element-1d5fe61f e-con-full e-flex e-con e-child\" data-id=\"1d5fe61f\" data-element_type=\"container\" data-settings=\"{&quot;background_background&quot;:&quot;classic&quot;}\">\n\t\t\t\t<div class=\"elementor-element elementor-element-645a5565 elementor-widget elementor-widget-heading\" data-id=\"645a5565\" data-element_type=\"widget\" data-widget_type=\"heading.default\">\n\t\t\t\t<div class=\"elementor-widget-container\">\n\t\t\t\t\t<p class=\"elementor-heading-title elementor-size-default\">KS.050.01<\/p>\t\t\t\t<\/div>\n\t\t\t\t<\/div>\n\t\t\t\t<\/div>\n\t\t<div class=\"elementor-element elementor-element-66dc9719 e-con-full e-flex e-con e-child\" data-id=\"66dc9719\" data-element_type=\"container\" data-settings=\"{&quot;background_background&quot;:&quot;classic&quot;}\">\n\t\t\t\t<div class=\"elementor-element elementor-element-651f0e9f elementor-widget elementor-widget-heading\" data-id=\"651f0e9f\" data-element_type=\"widget\" data-widget_type=\"heading.default\">\n\t\t\t\t<div class=\"elementor-widget-container\">\n\t\t\t\t\t<p class=\"elementor-heading-title elementor-size-default\">Standsysteme Ohne Rad<\/p>\t\t\t\t<\/div>\n\t\t\t\t<\/div>\n\t\t\t\t<\/div>\n\t\t<div class=\"elementor-element elementor-element-2974b436 e-con-full e-flex e-con e-child\" data-id=\"2974b436\" data-element_type=\"container\">\n\t\t\t\t<div class=\"elementor-element elementor-element-10ae7e5 elementor-widget elementor-widget-spacer\" data-id=\"10ae7e5\" data-element_type=\"widget\" data-widget_type=\"spacer.default\">\n\t\t\t\t<div class=\"elementor-widget-container\">\n\t\t\t\t\t\t\t<div class=\"elementor-spacer\">\n\t\t\t<div class=\"elementor-spacer-inner\"><\/div>\n\t\t<\/div>\n\t\t\t\t\t\t<\/div>\n\t\t\t\t<\/div>\n\t\t\t\t<\/div>\n\t\t\t\t<\/div>\n\t\t\t\t<\/div>\n\t\t<div class=\"elementor-element elementor-element-a2b773d e-con-full e-flex e-con e-child\" data-id=\"a2b773d\" data-element_type=\"container\">\n\t\t<div class=\"elementor-element elementor-element-11bc24e7 e-con-full e-flex e-con e-child\" data-id=\"11bc24e7\" data-element_type=\"container\" data-settings=\"{&quot;background_background&quot;:&quot;classic&quot;}\">\n\t\t<div class=\"elementor-element elementor-element-578df822 e-con-full e-flex e-con e-child\" data-id=\"578df822\" data-element_type=\"container\">\n\t\t\t\t<div class=\"elementor-element elementor-element-ac95945 elementor-widget elementor-widget-heading\" data-id=\"ac95945\" data-element_type=\"widget\" data-widget_type=\"heading.default\">\n\t\t\t\t<div class=\"elementor-widget-container\">\n\t\t\t\t\t<p class=\"elementor-heading-title elementor-size-default\">Gewicht (g)<\/p>\t\t\t\t<\/div>\n\t\t\t\t<\/div>\n\t\t\t\t<\/div>\n\t\t<div class=\"elementor-element elementor-element-47f812eb e-con-full e-flex e-con e-child\" data-id=\"47f812eb\" data-element_type=\"container\">\n\t\t\t\t<div class=\"elementor-element elementor-element-7891369a elementor-widget elementor-widget-heading\" data-id=\"7891369a\" data-element_type=\"widget\" data-widget_type=\"heading.default\">\n\t\t\t\t<div class=\"elementor-widget-container\">\n\t\t\t\t\t<p class=\"elementor-heading-title elementor-size-default\">RAL-Code<\/p>\t\t\t\t<\/div>\n\t\t\t\t<\/div>\n\t\t\t\t<\/div>\n\t\t<div class=\"elementor-element elementor-element-39f6f364 e-con-full e-flex e-con e-child\" data-id=\"39f6f364\" data-element_type=\"container\">\n\t\t\t\t<div class=\"elementor-element elementor-element-4238d01 elementor-widget elementor-widget-heading\" data-id=\"4238d01\" data-element_type=\"widget\" data-widget_type=\"heading.default\">\n\t\t\t\t<div class=\"elementor-widget-container\">\n\t\t\t\t\t<p class=\"elementor-heading-title elementor-size-default\">Paketabmessungen<\/p>\t\t\t\t<\/div>\n\t\t\t\t<\/div>\n\t\t\t\t<\/div>\n\t\t\t\t<\/div>\n\t\t<div class=\"elementor-element elementor-element-6f110148 e-con-full e-flex e-con e-child\" data-id=\"6f110148\" data-element_type=\"container\" data-settings=\"{&quot;background_background&quot;:&quot;classic&quot;}\">\n\t\t<div class=\"elementor-element elementor-element-2113ba34 e-con-full e-flex e-con e-child\" data-id=\"2113ba34\" data-element_type=\"container\" data-settings=\"{&quot;background_background&quot;:&quot;classic&quot;}\">\n\t\t\t\t<div class=\"elementor-element elementor-element-d33dadb elementor-widget elementor-widget-heading\" data-id=\"d33dadb\" data-element_type=\"widget\" data-widget_type=\"heading.default\">\n\t\t\t\t<div class=\"elementor-widget-container\">\n\t\t\t\t\t<p class=\"elementor-heading-title elementor-size-default\">1800<\/p>\t\t\t\t<\/div>\n\t\t\t\t<\/div>\n\t\t\t\t<\/div>\n\t\t<div class=\"elementor-element elementor-element-681e3de7 e-con-full e-flex e-con e-child\" data-id=\"681e3de7\" data-element_type=\"container\" data-settings=\"{&quot;background_background&quot;:&quot;classic&quot;}\">\n\t\t\t\t<div class=\"elementor-element elementor-element-232ab85b elementor-widget elementor-widget-heading\" data-id=\"232ab85b\" data-element_type=\"widget\" data-widget_type=\"heading.default\">\n\t\t\t\t<div class=\"elementor-widget-container\">\n\t\t\t\t\t<p class=\"elementor-heading-title elementor-size-default\">7035<\/p>\t\t\t\t<\/div>\n\t\t\t\t<\/div>\n\t\t\t\t<\/div>\n\t\t<div class=\"elementor-element elementor-element-7a0aad2b e-con-full e-flex e-con e-child\" data-id=\"7a0aad2b\" data-element_type=\"container\">\n\t\t\t\t<div class=\"elementor-element elementor-element-3d32c456 elementor-widget elementor-widget-heading\" data-id=\"3d32c456\" data-element_type=\"widget\" data-widget_type=\"heading.default\">\n\t\t\t\t<div class=\"elementor-widget-container\">\n\t\t\t\t\t<p class=\"elementor-heading-title elementor-size-default\">600x180x120<\/p>\t\t\t\t<\/div>\n\t\t\t\t<\/div>\n\t\t\t\t<\/div>\n\t\t\t\t<\/div>\n\t\t\t\t<\/div>\n\t\t\t\t\t<\/div>\n\t\t\t\t<\/div>\n\t\t\t\t<\/div>\n\t\t\t\t<\/div>\n\t\t","protected":false},"excerpt":{"rendered":"<p>Standsysteme Ohne Rad KS.050.01 Kiosktische sind f\u00fcr Situationen konzipiert, in denen Bedienarme in begrenzten R\u00e4umen unzureichend sind oder das Bedienfeld h\u00e4ufig umpositioniert werden muss. Die Kiosktische, die in zwei Modellen erh\u00e4ltlich sind \u2013 fest am Boden montiert oder mit R\u00e4dern \u2013 bieten eine geeignete Verbindungsplattform f\u00fcr Bedienarme. Dieses Produkt ist nur mit dem SAS.050.500 Modul [&hellip;]<\/p>\n","protected":false},"featured_media":971,"template":"","meta":[],"product_brand":[],"product_cat":[93],"product_tag":[],"class_list":{"0":"post-2411","1":"product","2":"type-product","3":"status-publish","4":"has-post-thumbnail","6":"product_cat-aluminium-tragersystem-sas-130","8":"first","9":"instock","10":"shipping-taxable","11":"product-type-simple"},"_links":{"self":[{"href":"https:\/\/supportarmsystem.com\/de\/wp-json\/wp\/v2\/product\/2411","targetHints":{"allow":["GET"]}}],"collection":[{"href":"https:\/\/supportarmsystem.com\/de\/wp-json\/wp\/v2\/product"}],"about":[{"href":"https:\/\/supportarmsystem.com\/de\/wp-json\/wp\/v2\/types\/product"}],"version-history":[{"count":1,"href":"https:\/\/supportarmsystem.com\/de\/wp-json\/wp\/v2\/product\/2411\/revisions"}],"predecessor-version":[{"id":2412,"href":"https:\/\/supportarmsystem.com\/de\/wp-json\/wp\/v2\/product\/2411\/revisions\/2412"}],"wp:featuredmedia":[{"embeddable":true,"href":"https:\/\/supportarmsystem.com\/de\/wp-json\/wp\/v2\/media\/971"}],"wp:attachment":[{"href":"https:\/\/supportarmsystem.com\/de\/wp-json\/wp\/v2\/media?parent=2411"}],"wp:term":[{"taxonomy":"product_brand","embeddable":true,"href":"https:\/\/supportarmsystem.com\/de\/wp-json\/wp\/v2\/product_brand?post=2411"},{"taxonomy":"product_cat","embeddable":true,"href":"https:\/\/supportarmsystem.com\/de\/wp-json\/wp\/v2\/product_cat?post=2411"},{"taxonomy":"product_tag","embeddable":true,"href":"https:\/\/supportarmsystem.com\/de\/wp-json\/wp\/v2\/product_tag?post=2411"}],"curies":[{"name":"wp","href":"https:\/\/api.w.org\/{rel}","templated":true}]}}