{"id":2226,"date":"2024-12-09T16:30:11","date_gmt":"2024-12-09T16:30:11","guid":{"rendered":"https:\/\/supportarmsystem.com\/urun\/ss-300\/"},"modified":"2024-12-11T18:17:56","modified_gmt":"2024-12-11T18:17:56","slug":"ss-300","status":"publish","type":"product","link":"https:\/\/supportarmsystem.com\/de\/urun\/ss-300\/","title":{"rendered":"SS.300"},"content":{"rendered":"\t\t<div data-elementor-type=\"product-post\" data-elementor-id=\"2226\" class=\"elementor elementor-2226 elementor-1877\" data-elementor-post-type=\"product\">\n\t\t\t\t<div class=\"elementor-element elementor-element-15d79745 e-con-full e-flex e-con e-parent\" data-id=\"15d79745\" data-element_type=\"container\">\n\t\t\t\t<div class=\"elementor-element elementor-element-625cda36 elementor-widget elementor-widget-heading\" data-id=\"625cda36\" data-element_type=\"widget\" data-widget_type=\"heading.default\">\n\t\t\t\t<div class=\"elementor-widget-container\">\n\t\t\t\t\t<h4 class=\"elementor-heading-title elementor-size-default\">Aufsatzgelenk<\/h4>\t\t\t\t<\/div>\n\t\t\t\t<\/div>\n\t\t\t\t<div class=\"elementor-element elementor-element-3891e88c elementor-widget elementor-widget-text-editor\" data-id=\"3891e88c\" data-element_type=\"widget\" data-widget_type=\"text-editor.default\">\n\t\t\t\t<div class=\"elementor-widget-container\">\n\t\t\t\t\t\t\t\t\t<p>Der SS.300 Oben montierte 90\u00b0 Winkelgelenk wurde speziell f\u00fcr Szenarien entwickelt, in denen der Verbindungspunkt erh\u00f6ht ist (z. B. der obere Punkt einer Maschine). Dieses Modul erm\u00f6glicht die horizontale Platzierung des Tragarms und ist speziell f\u00fcr mittelschwere Konfigurationen ausgelegt. Es bietet eine Rotationsf\u00e4higkeit von 90\u00b0, sodass eine Bewegung von links nach rechts m\u00f6glich ist<\/p>\n\t\t\t\t\t\t\t\t<\/div>\n\t\t\t\t<\/div>\n\t\t<div class=\"elementor-element elementor-element-16e0f579 e-flex e-con-boxed e-con e-child\" data-id=\"16e0f579\" data-element_type=\"container\">\n\t\t\t\t\t<div class=\"e-con-inner\">\n\t\t<div class=\"elementor-element elementor-element-7bd39e4b e-con-full e-flex e-con e-child\" data-id=\"7bd39e4b\" data-element_type=\"container\">\n\t\t<div class=\"elementor-element elementor-element-70e19fa5 e-con-full e-flex e-con e-child\" data-id=\"70e19fa5\" data-element_type=\"container\" data-settings=\"{&quot;background_background&quot;:&quot;classic&quot;}\">\n\t\t<div class=\"elementor-element elementor-element-1dadeecf e-con-full e-flex e-con e-child\" data-id=\"1dadeecf\" data-element_type=\"container\">\n\t\t\t\t<div class=\"elementor-element elementor-element-4dbf0438 elementor-widget elementor-widget-heading\" data-id=\"4dbf0438\" data-element_type=\"widget\" data-widget_type=\"heading.default\">\n\t\t\t\t<div class=\"elementor-widget-container\">\n\t\t\t\t\t<p class=\"elementor-heading-title elementor-size-default\">Produktnummer<\/p>\t\t\t\t<\/div>\n\t\t\t\t<\/div>\n\t\t\t\t<\/div>\n\t\t<div class=\"elementor-element elementor-element-212d6497 e-con-full e-flex e-con e-child\" data-id=\"212d6497\" data-element_type=\"container\">\n\t\t\t\t<div class=\"elementor-element elementor-element-6102ff39 elementor-widget elementor-widget-heading\" data-id=\"6102ff39\" data-element_type=\"widget\" data-widget_type=\"heading.default\">\n\t\t\t\t<div class=\"elementor-widget-container\">\n\t\t\t\t\t<p class=\"elementor-heading-title elementor-size-default\">Beschreibung<\/p>\t\t\t\t<\/div>\n\t\t\t\t<\/div>\n\t\t\t\t<\/div>\n\t\t<div class=\"elementor-element elementor-element-798c49f8 e-con-full e-flex e-con e-child\" data-id=\"798c49f8\" data-element_type=\"container\">\n\t\t\t\t<div class=\"elementor-element elementor-element-2e1f839 elementor-widget elementor-widget-heading\" data-id=\"2e1f839\" data-element_type=\"widget\" data-widget_type=\"heading.default\">\n\t\t\t\t<div class=\"elementor-widget-container\">\n\t\t\t\t\t<p class=\"elementor-heading-title elementor-size-default\">Gewicht (g)<\/p>\t\t\t\t<\/div>\n\t\t\t\t<\/div>\n\t\t\t\t<\/div>\n\t\t<div class=\"elementor-element elementor-element-329ebf5 e-con-full e-flex e-con e-child\" data-id=\"329ebf5\" data-element_type=\"container\">\n\t\t\t\t<div class=\"elementor-element elementor-element-32681c3 elementor-widget elementor-widget-heading\" data-id=\"32681c3\" data-element_type=\"widget\" data-widget_type=\"heading.default\">\n\t\t\t\t<div class=\"elementor-widget-container\">\n\t\t\t\t\t<p class=\"elementor-heading-title elementor-size-default\">Paketabmessungen(mm)<\/p>\t\t\t\t<\/div>\n\t\t\t\t<\/div>\n\t\t\t\t<\/div>\n\t\t\t\t<\/div>\n\t\t<div class=\"elementor-element elementor-element-5b7d2b7d e-con-full e-flex e-con e-child\" data-id=\"5b7d2b7d\" data-element_type=\"container\" data-settings=\"{&quot;background_background&quot;:&quot;classic&quot;}\">\n\t\t<div class=\"elementor-element elementor-element-48fa33c4 e-con-full e-flex e-con e-child\" data-id=\"48fa33c4\" data-element_type=\"container\" data-settings=\"{&quot;background_background&quot;:&quot;classic&quot;}\">\n\t\t\t\t<div class=\"elementor-element elementor-element-4c843831 elementor-widget elementor-widget-heading\" data-id=\"4c843831\" data-element_type=\"widget\" data-widget_type=\"heading.default\">\n\t\t\t\t<div class=\"elementor-widget-container\">\n\t\t\t\t\t<p class=\"elementor-heading-title elementor-size-default\">SS.300<\/p>\t\t\t\t<\/div>\n\t\t\t\t<\/div>\n\t\t\t\t<\/div>\n\t\t<div class=\"elementor-element elementor-element-6f51fee4 e-con-full e-flex e-con e-child\" data-id=\"6f51fee4\" data-element_type=\"container\" data-settings=\"{&quot;background_background&quot;:&quot;classic&quot;}\">\n\t\t\t\t<div class=\"elementor-element elementor-element-435fbafd elementor-widget elementor-widget-heading\" data-id=\"435fbafd\" data-element_type=\"widget\" data-widget_type=\"heading.default\">\n\t\t\t\t<div class=\"elementor-widget-container\">\n\t\t\t\t\t<p class=\"elementor-heading-title elementor-size-default\">Aufsatzgelenk<\/p>\t\t\t\t<\/div>\n\t\t\t\t<\/div>\n\t\t\t\t<\/div>\n\t\t<div class=\"elementor-element elementor-element-d71be2 e-con-full e-flex e-con e-child\" data-id=\"d71be2\" data-element_type=\"container\" data-settings=\"{&quot;background_background&quot;:&quot;classic&quot;}\">\n\t\t\t\t<div class=\"elementor-element elementor-element-201e78f elementor-widget elementor-widget-heading\" data-id=\"201e78f\" data-element_type=\"widget\" data-widget_type=\"heading.default\">\n\t\t\t\t<div class=\"elementor-widget-container\">\n\t\t\t\t\t<p class=\"elementor-heading-title elementor-size-default\">3500<\/p>\t\t\t\t<\/div>\n\t\t\t\t<\/div>\n\t\t\t\t<\/div>\n\t\t<div class=\"elementor-element elementor-element-885532b e-con-full e-flex e-con e-child\" data-id=\"885532b\" data-element_type=\"container\">\n\t\t\t\t<div class=\"elementor-element elementor-element-ba1ebc7 elementor-widget elementor-widget-heading\" data-id=\"ba1ebc7\" data-element_type=\"widget\" data-widget_type=\"heading.default\">\n\t\t\t\t<div class=\"elementor-widget-container\">\n\t\t\t\t\t<p class=\"elementor-heading-title elementor-size-default\">180x135x180<\/p>\t\t\t\t<\/div>\n\t\t\t\t<\/div>\n\t\t\t\t<\/div>\n\t\t\t\t<\/div>\n\t\t\t\t<\/div>\n\t\t\t\t\t<\/div>\n\t\t\t\t<\/div>\n\t\t\t\t<\/div>\n\t\t\t\t<\/div>\n\t\t","protected":false},"excerpt":{"rendered":"<p>Aufsatzgelenk Der SS.300 Oben montierte 90\u00b0 Winkelgelenk wurde speziell f\u00fcr Szenarien entwickelt, in denen der Verbindungspunkt erh\u00f6ht ist (z. B. der obere Punkt einer Maschine). Dieses Modul erm\u00f6glicht die horizontale Platzierung des Tragarms und ist speziell f\u00fcr mittelschwere Konfigurationen ausgelegt. Es bietet eine Rotationsf\u00e4higkeit von 90\u00b0, sodass eine Bewegung von links nach rechts m\u00f6glich ist [&hellip;]<\/p>\n","protected":false},"featured_media":1880,"template":"","meta":[],"product_brand":[],"product_cat":[69],"product_tag":[],"class_list":{"0":"post-2226","1":"product","2":"type-product","3":"status-publish","4":"has-post-thumbnail","6":"product_cat-edelstahl-tragarmsystem","8":"first","9":"instock","10":"shipping-taxable","11":"product-type-simple"},"_links":{"self":[{"href":"https:\/\/supportarmsystem.com\/de\/wp-json\/wp\/v2\/product\/2226","targetHints":{"allow":["GET"]}}],"collection":[{"href":"https:\/\/supportarmsystem.com\/de\/wp-json\/wp\/v2\/product"}],"about":[{"href":"https:\/\/supportarmsystem.com\/de\/wp-json\/wp\/v2\/types\/product"}],"version-history":[{"count":1,"href":"https:\/\/supportarmsystem.com\/de\/wp-json\/wp\/v2\/product\/2226\/revisions"}],"predecessor-version":[{"id":2227,"href":"https:\/\/supportarmsystem.com\/de\/wp-json\/wp\/v2\/product\/2226\/revisions\/2227"}],"wp:featuredmedia":[{"embeddable":true,"href":"https:\/\/supportarmsystem.com\/de\/wp-json\/wp\/v2\/media\/1880"}],"wp:attachment":[{"href":"https:\/\/supportarmsystem.com\/de\/wp-json\/wp\/v2\/media?parent=2226"}],"wp:term":[{"taxonomy":"product_brand","embeddable":true,"href":"https:\/\/supportarmsystem.com\/de\/wp-json\/wp\/v2\/product_brand?post=2226"},{"taxonomy":"product_cat","embeddable":true,"href":"https:\/\/supportarmsystem.com\/de\/wp-json\/wp\/v2\/product_cat?post=2226"},{"taxonomy":"product_tag","embeddable":true,"href":"https:\/\/supportarmsystem.com\/de\/wp-json\/wp\/v2\/product_tag?post=2226"}],"curies":[{"name":"wp","href":"https:\/\/api.w.org\/{rel}","templated":true}]}}