{"id":2220,"date":"2024-12-09T16:47:39","date_gmt":"2024-12-09T16:47:39","guid":{"rendered":"https:\/\/supportarmsystem.com\/urun\/ss-410\/"},"modified":"2024-12-11T18:17:30","modified_gmt":"2024-12-11T18:17:30","slug":"ss-410","status":"publish","type":"product","link":"https:\/\/supportarmsystem.com\/de\/urun\/ss-410\/","title":{"rendered":"SS.410"},"content":{"rendered":"\t\t<div data-elementor-type=\"product-post\" data-elementor-id=\"2220\" class=\"elementor elementor-2220 elementor-1931\" data-elementor-post-type=\"product\">\n\t\t\t\t<div class=\"elementor-element elementor-element-7c91be0d e-con-full e-flex e-con e-parent\" data-id=\"7c91be0d\" data-element_type=\"container\">\n\t\t\t\t<div class=\"elementor-element elementor-element-5c99291b elementor-widget elementor-widget-heading\" data-id=\"5c99291b\" data-element_type=\"widget\" data-widget_type=\"heading.default\">\n\t\t\t\t<div class=\"elementor-widget-container\">\n\t\t\t\t\t<h4 class=\"elementor-heading-title elementor-size-default\">Vertikale Wandmontage<\/h4>\t\t\t\t<\/div>\n\t\t\t\t<\/div>\n\t\t\t\t<div class=\"elementor-element elementor-element-125efc6 elementor-widget elementor-widget-text-editor\" data-id=\"125efc6\" data-element_type=\"widget\" data-widget_type=\"text-editor.default\">\n\t\t\t\t<div class=\"elementor-widget-container\">\n\t\t\t\t\t\t\t\t\t<p>Die SS.410 Vertikale Wandmontage ist speziell konzipiert, um Szenarien zu adressieren, in denen eine Erdverbindung nicht m\u00f6glich ist und ein Verbindungspunkt an einer Wand oder Maschine eingerichtet werden muss. Sie erm\u00f6glicht die vertikale Platzierung eines Tragarms und ber\u00fccksichtigt dabei besondere r\u00e4umliche Gegebenheiten.<\/p>\n\t\t\t\t\t\t\t\t<\/div>\n\t\t\t\t<\/div>\n\t\t<div class=\"elementor-element elementor-element-3559ee93 e-flex e-con-boxed e-con e-child\" data-id=\"3559ee93\" data-element_type=\"container\">\n\t\t\t\t\t<div class=\"e-con-inner\">\n\t\t<div class=\"elementor-element elementor-element-2433dba5 e-con-full e-flex e-con e-child\" data-id=\"2433dba5\" data-element_type=\"container\">\n\t\t<div class=\"elementor-element elementor-element-931f2f4 e-con-full e-flex e-con e-child\" data-id=\"931f2f4\" data-element_type=\"container\" data-settings=\"{&quot;background_background&quot;:&quot;classic&quot;}\">\n\t\t<div class=\"elementor-element elementor-element-4e8c72d4 e-con-full e-flex e-con e-child\" data-id=\"4e8c72d4\" data-element_type=\"container\">\n\t\t\t\t<div class=\"elementor-element elementor-element-44a9e8d7 elementor-widget elementor-widget-heading\" data-id=\"44a9e8d7\" data-element_type=\"widget\" data-widget_type=\"heading.default\">\n\t\t\t\t<div class=\"elementor-widget-container\">\n\t\t\t\t\t<p class=\"elementor-heading-title elementor-size-default\">Produktnummer<\/p>\t\t\t\t<\/div>\n\t\t\t\t<\/div>\n\t\t\t\t<\/div>\n\t\t<div class=\"elementor-element elementor-element-35165ec4 e-con-full e-flex e-con e-child\" data-id=\"35165ec4\" data-element_type=\"container\">\n\t\t\t\t<div class=\"elementor-element elementor-element-746a4ed5 elementor-widget elementor-widget-heading\" data-id=\"746a4ed5\" data-element_type=\"widget\" data-widget_type=\"heading.default\">\n\t\t\t\t<div class=\"elementor-widget-container\">\n\t\t\t\t\t<p class=\"elementor-heading-title elementor-size-default\">Beschreibung<\/p>\t\t\t\t<\/div>\n\t\t\t\t<\/div>\n\t\t\t\t<\/div>\n\t\t<div class=\"elementor-element elementor-element-4cfca5dc e-con-full e-flex e-con e-child\" data-id=\"4cfca5dc\" data-element_type=\"container\">\n\t\t\t\t<div class=\"elementor-element elementor-element-54892da1 elementor-widget elementor-widget-heading\" data-id=\"54892da1\" data-element_type=\"widget\" data-widget_type=\"heading.default\">\n\t\t\t\t<div class=\"elementor-widget-container\">\n\t\t\t\t\t<p class=\"elementor-heading-title elementor-size-default\">Gewicht (g)<\/p>\t\t\t\t<\/div>\n\t\t\t\t<\/div>\n\t\t\t\t<\/div>\n\t\t<div class=\"elementor-element elementor-element-5b66c009 e-con-full e-flex e-con e-child\" data-id=\"5b66c009\" data-element_type=\"container\">\n\t\t\t\t<div class=\"elementor-element elementor-element-22690c55 elementor-widget elementor-widget-heading\" data-id=\"22690c55\" data-element_type=\"widget\" data-widget_type=\"heading.default\">\n\t\t\t\t<div class=\"elementor-widget-container\">\n\t\t\t\t\t<p class=\"elementor-heading-title elementor-size-default\">Paketabmessungen(mm)<\/p>\t\t\t\t<\/div>\n\t\t\t\t<\/div>\n\t\t\t\t<\/div>\n\t\t\t\t<\/div>\n\t\t<div class=\"elementor-element elementor-element-4a13b516 e-con-full e-flex e-con e-child\" data-id=\"4a13b516\" data-element_type=\"container\" data-settings=\"{&quot;background_background&quot;:&quot;classic&quot;}\">\n\t\t<div class=\"elementor-element elementor-element-4e69db0a e-con-full e-flex e-con e-child\" data-id=\"4e69db0a\" data-element_type=\"container\" data-settings=\"{&quot;background_background&quot;:&quot;classic&quot;}\">\n\t\t\t\t<div class=\"elementor-element elementor-element-7f8ba4ff elementor-widget elementor-widget-heading\" data-id=\"7f8ba4ff\" data-element_type=\"widget\" data-widget_type=\"heading.default\">\n\t\t\t\t<div class=\"elementor-widget-container\">\n\t\t\t\t\t<p class=\"elementor-heading-title elementor-size-default\">SS.410<\/p>\t\t\t\t<\/div>\n\t\t\t\t<\/div>\n\t\t\t\t<\/div>\n\t\t<div class=\"elementor-element elementor-element-1d1495e5 e-con-full e-flex e-con e-child\" data-id=\"1d1495e5\" data-element_type=\"container\" data-settings=\"{&quot;background_background&quot;:&quot;classic&quot;}\">\n\t\t\t\t<div class=\"elementor-element elementor-element-3fd91365 elementor-widget elementor-widget-heading\" data-id=\"3fd91365\" data-element_type=\"widget\" data-widget_type=\"heading.default\">\n\t\t\t\t<div class=\"elementor-widget-container\">\n\t\t\t\t\t<p class=\"elementor-heading-title elementor-size-default\">Vertikale Wandmontage<\/p>\t\t\t\t<\/div>\n\t\t\t\t<\/div>\n\t\t\t\t<\/div>\n\t\t<div class=\"elementor-element elementor-element-6613804c e-con-full e-flex e-con e-child\" data-id=\"6613804c\" data-element_type=\"container\" data-settings=\"{&quot;background_background&quot;:&quot;classic&quot;}\">\n\t\t\t\t<div class=\"elementor-element elementor-element-3f67a372 elementor-widget elementor-widget-heading\" data-id=\"3f67a372\" data-element_type=\"widget\" data-widget_type=\"heading.default\">\n\t\t\t\t<div class=\"elementor-widget-container\">\n\t\t\t\t\t<p class=\"elementor-heading-title elementor-size-default\">3000<\/p>\t\t\t\t<\/div>\n\t\t\t\t<\/div>\n\t\t\t\t<\/div>\n\t\t<div class=\"elementor-element elementor-element-2fc39c6b e-con-full e-flex e-con e-child\" data-id=\"2fc39c6b\" data-element_type=\"container\">\n\t\t\t\t<div class=\"elementor-element elementor-element-6bb8388b elementor-widget elementor-widget-heading\" data-id=\"6bb8388b\" data-element_type=\"widget\" data-widget_type=\"heading.default\">\n\t\t\t\t<div class=\"elementor-widget-container\">\n\t\t\t\t\t<p class=\"elementor-heading-title elementor-size-default\">140x150x240<\/p>\t\t\t\t<\/div>\n\t\t\t\t<\/div>\n\t\t\t\t<\/div>\n\t\t\t\t<\/div>\n\t\t\t\t<\/div>\n\t\t\t\t\t<\/div>\n\t\t\t\t<\/div>\n\t\t\t\t<\/div>\n\t\t\t\t<\/div>\n\t\t","protected":false},"excerpt":{"rendered":"<p>Vertikale Wandmontage Die SS.410 Vertikale Wandmontage ist speziell konzipiert, um Szenarien zu adressieren, in denen eine Erdverbindung nicht m\u00f6glich ist und ein Verbindungspunkt an einer Wand oder Maschine eingerichtet werden muss. Sie erm\u00f6glicht die vertikale Platzierung eines Tragarms und ber\u00fccksichtigt dabei besondere r\u00e4umliche Gegebenheiten. Produktnummer Beschreibung Gewicht (g) Paketabmessungen(mm) SS.410 Vertikale Wandmontage 3000 140x150x240<\/p>\n","protected":false},"featured_media":1934,"template":"","meta":[],"product_brand":[],"product_cat":[69],"product_tag":[],"class_list":{"0":"post-2220","1":"product","2":"type-product","3":"status-publish","4":"has-post-thumbnail","6":"product_cat-edelstahl-tragarmsystem","8":"first","9":"instock","10":"shipping-taxable","11":"product-type-simple"},"_links":{"self":[{"href":"https:\/\/supportarmsystem.com\/de\/wp-json\/wp\/v2\/product\/2220","targetHints":{"allow":["GET"]}}],"collection":[{"href":"https:\/\/supportarmsystem.com\/de\/wp-json\/wp\/v2\/product"}],"about":[{"href":"https:\/\/supportarmsystem.com\/de\/wp-json\/wp\/v2\/types\/product"}],"version-history":[{"count":1,"href":"https:\/\/supportarmsystem.com\/de\/wp-json\/wp\/v2\/product\/2220\/revisions"}],"predecessor-version":[{"id":2221,"href":"https:\/\/supportarmsystem.com\/de\/wp-json\/wp\/v2\/product\/2220\/revisions\/2221"}],"wp:featuredmedia":[{"embeddable":true,"href":"https:\/\/supportarmsystem.com\/de\/wp-json\/wp\/v2\/media\/1934"}],"wp:attachment":[{"href":"https:\/\/supportarmsystem.com\/de\/wp-json\/wp\/v2\/media?parent=2220"}],"wp:term":[{"taxonomy":"product_brand","embeddable":true,"href":"https:\/\/supportarmsystem.com\/de\/wp-json\/wp\/v2\/product_brand?post=2220"},{"taxonomy":"product_cat","embeddable":true,"href":"https:\/\/supportarmsystem.com\/de\/wp-json\/wp\/v2\/product_cat?post=2220"},{"taxonomy":"product_tag","embeddable":true,"href":"https:\/\/supportarmsystem.com\/de\/wp-json\/wp\/v2\/product_tag?post=2220"}],"curies":[{"name":"wp","href":"https:\/\/api.w.org\/{rel}","templated":true}]}}